{"id":13600,"date":"2023-12-13T18:40:04","date_gmt":"2023-12-13T07:40:04","guid":{"rendered":"https:\/\/ozponcho.com.au\/p\/women-clothing-autumn-winter-fur-collar-solid-color-knitted-cape-shawl\/"},"modified":"2024-07-26T12:28:23","modified_gmt":"2024-07-26T01:28:23","slug":"chic-knitted-women-cape","status":"publish","type":"product","link":"https:\/\/ozponcho.com.au\/fi\/p\/tyylikas-neulottu-naisten-viitta\/","title":{"rendered":"Elegantti hapsut Poncho huivi"},"content":{"rendered":"<p>K\u00e4\u00e4ri itsesi tyylikk\u00e4\u00e4sti ja l\u00e4mpim\u00e4sti syksyn ja talven naisten poncho-huivilla, joka on t\u00e4ydellinen kodikas kumppani. T\u00e4ss\u00e4 hienostuneessa kappaleessa on turkiskaulus, joka tuo ripauksen ylellisyytt\u00e4 mihin tahansa asuun, kun taas sen l\u00f6ys\u00e4 ja mukava trikoo-neule varmistaa, ett\u00e4 pysyt mukavasti viilein\u00e4 p\u00e4ivin\u00e4. Reunat tarjoavat leikkis\u00e4n twistin klassiseen siluettiin, mik\u00e4 tekee siit\u00e4 monipuolisen lis\u00e4n sek\u00e4 rentoon ett\u00e4 pukeutuvaan vaatekaappiin. Paranna tyyli\u00e4si t\u00e4ll\u00e4 kaudella poncholla, joka yhdist\u00e4\u00e4 toiminnallisuuden ja muodin.<\/p>\n<div>Tyyli: Tyylilaji: Elegantti<\/div>\n<div>Sopii: L\u00f6ys\u00e4<\/div>\n<div>Kangas: Jersey<\/div>\n<div>Kuvio: Kuviot: Solid<\/div>\n<div>Elementti: Fringe<\/div>\n<div>Top Pituus: Pitk\u00e4<\/div>\n<div>P\u00e4\u00e4ntie: Kaulakoru: Crew Neck<\/div>\n<div>Hihan tyyppi: Muut<\/div>\n<div>Hihan pituus: Hiha: Pitk\u00e4 hiha<\/div>\n<div>T\u00e4rkein koostumus: Akryyli<\/div>\n<div>Kausi: Syksy\/Talvi<\/div>\n<p><img decoding=\"async\" src=\"https:\/\/ozponcho.com.au\/wp-content\/uploads\/2024\/03\/1161319882273325056.png\" \/><img decoding=\"async\" src=\"https:\/\/ozponcho.com.au\/wp-content\/uploads\/2024\/03\/O1CN01LEIIOJ1QYY4qGxh9k_2505411988-0-cib.jpg\" \/><img decoding=\"async\" src=\"https:\/\/ozponcho.com.au\/wp-content\/uploads\/2024\/03\/O1CN012rjgHE1QYY4lUFVqJ_2505411988-0-cib.jpg\" \/><img decoding=\"async\" src=\"https:\/\/ozponcho.com.au\/wp-content\/uploads\/2024\/03\/O1CN01o56FSp1QYY4iGzh8F_2505411988-0-cib.jpg\" \/><img decoding=\"async\" src=\"https:\/\/ozponcho.com.au\/wp-content\/uploads\/2024\/03\/O1CN01bKo5vY1QYY4kuwn0A_2505411988-0-cib.jpg\" \/><img decoding=\"async\" src=\"https:\/\/ozponcho.com.au\/wp-content\/uploads\/2024\/03\/O1CN013p34xl1QYY4nmSLZs_2505411988-0-cib.jpg\" \/><img decoding=\"async\" src=\"https:\/\/ozponcho.com.au\/wp-content\/uploads\/2024\/03\/O1CN01m84G3y1QYY4qGwHtw_2505411988-0-cib.jpg\" \/><\/p>","protected":false},"excerpt":{"rendered":"<p>Wrap yourself in elegance and warmth with our Autumn Winter Women&#8217;s Poncho Shawl\u00e2\u20ac\u201dyour ultimate cozy companion. This sophisticated piece features a fur collar that adds a touch of luxe to any outfit, while its loose and comfortable jersey knit ensures you stay snug during cooler days. Fringed edges offer a playful twist to the classic [&#8230;]","protected":false},"featured_media":13572,"template":"","meta":[],"product_brand":[],"product_cat":[229,218,15,230,228,214,210],"product_tag":[],"class_list":{"0":"post-13600","1":"product","2":"type-product","3":"status-publish","4":"has-post-thumbnail","6":"product_cat-blanket-poncho","7":"product_cat-fur-poncho","8":"product_cat-main-category","9":"product_cat-poncho-dress","10":"product_cat-poncho-sweater","11":"product_cat-knitted-crochet-poncho","12":"product_cat-poncho-women","14":"first","15":"outofstock","16":"shipping-taxable","17":"purchasable","18":"product-type-variable"},"yoast_head":"<!-- This site is optimized with the Yoast SEO plugin v25.9 - https:\/\/yoast.com\/wordpress\/plugins\/seo\/ -->\n<title>Elegant Fringe Poncho Shawl | Suomi #1 Poncho Shop<\/title>\n<meta name=\"description\" content=\"Looking for a Elegant Fringe Poncho Shawl ? You&#039;ve come to the right place \ud83d\ude04 We offers a wide selection of Elegant Fringe Poncho Shawl, perfect for you.\" \/>\n<meta name=\"robots\" content=\"index, follow, max-snippet:-1, max-image-preview:large, max-video-preview:-1\" \/>\n<link rel=\"canonical\" href=\"https:\/\/ozponcho.com.au\/fi\/p\/tyylikas-neulottu-naisten-viitta\/\" \/>\n<meta property=\"og:locale\" content=\"fi_FI\" \/>\n<meta property=\"og:type\" content=\"article\" \/>\n<meta property=\"og:title\" content=\"Elegant Fringe Poncho Shawl | Suomi #1 Poncho Shop\" \/>\n<meta property=\"og:description\" content=\"Looking for a Elegant Fringe Poncho Shawl ? You&#039;ve come to the right place \ud83d\ude04 We offers a wide selection of Elegant Fringe Poncho Shawl, perfect for you.\" \/>\n<meta property=\"og:url\" content=\"https:\/\/ozponcho.com.au\/fi\/p\/tyylikas-neulottu-naisten-viitta\/\" \/>\n<meta property=\"og:site_name\" content=\"OZ Poncho\" \/>\n<meta property=\"article:modified_time\" content=\"2024-07-26T01:28:23+00:00\" \/>\n<meta property=\"og:image\" content=\"https:\/\/ozponcho.com.au\/wp-content\/uploads\/2023\/12\/O1CN015BtifO1QYY4pdtUQ8_2505411988-0-cib.jpg\" \/>\n\t<meta property=\"og:image:width\" content=\"800\" \/>\n\t<meta property=\"og:image:height\" content=\"800\" \/>\n\t<meta property=\"og:image:type\" content=\"image\/jpeg\" \/>\n<meta name=\"twitter:card\" content=\"summary_large_image\" \/>\n<meta name=\"twitter:label1\" content=\"Arvioitu lukuaika\" \/>\n\t<meta name=\"twitter:data1\" content=\"3 minuuttia\" \/>\n<script type=\"application\/ld+json\" class=\"yoast-schema-graph\">{\"@context\":\"https:\/\/schema.org\",\"@graph\":[{\"@type\":\"WebPage\",\"@id\":\"https:\/\/ozponcho.com.au\/p\/chic-knitted-women-cape\/\",\"url\":\"https:\/\/ozponcho.com.au\/p\/chic-knitted-women-cape\/\",\"name\":\"Elegant Fringe Poncho Shawl | Suomi #1 Poncho Shop\",\"isPartOf\":{\"@id\":\"https:\/\/ozponcho.com.au\/#website\"},\"primaryImageOfPage\":{\"@id\":\"https:\/\/ozponcho.com.au\/p\/chic-knitted-women-cape\/#primaryimage\"},\"image\":{\"@id\":\"https:\/\/ozponcho.com.au\/p\/chic-knitted-women-cape\/#primaryimage\"},\"thumbnailUrl\":\"https:\/\/ozponcho.com.au\/wp-content\/uploads\/2023\/12\/O1CN015BtifO1QYY4pdtUQ8_2505411988-0-cib.jpg\",\"datePublished\":\"2023-12-13T07:40:04+00:00\",\"dateModified\":\"2024-07-26T01:28:23+00:00\",\"description\":\"Looking for a Elegant Fringe Poncho Shawl ? You've come to the right place \ud83d\ude04 We offers a wide selection of Elegant Fringe Poncho Shawl, perfect for you.\",\"breadcrumb\":{\"@id\":\"https:\/\/ozponcho.com.au\/p\/chic-knitted-women-cape\/#breadcrumb\"},\"inLanguage\":\"fi\",\"potentialAction\":[{\"@type\":\"ReadAction\",\"target\":[\"https:\/\/ozponcho.com.au\/p\/chic-knitted-women-cape\/\"]}]},{\"@type\":\"ImageObject\",\"inLanguage\":\"fi\",\"@id\":\"https:\/\/ozponcho.com.au\/p\/chic-knitted-women-cape\/#primaryimage\",\"url\":\"https:\/\/ozponcho.com.au\/wp-content\/uploads\/2023\/12\/O1CN015BtifO1QYY4pdtUQ8_2505411988-0-cib.jpg\",\"contentUrl\":\"https:\/\/ozponcho.com.au\/wp-content\/uploads\/2023\/12\/O1CN015BtifO1QYY4pdtUQ8_2505411988-0-cib.jpg\",\"width\":800,\"height\":800,\"caption\":\"Elegant Fringe Poncho Shawl\"},{\"@type\":\"BreadcrumbList\",\"@id\":\"https:\/\/ozponcho.com.au\/p\/chic-knitted-women-cape\/#breadcrumb\",\"itemListElement\":[{\"@type\":\"ListItem\",\"position\":1,\"name\":\"Home\",\"item\":\"https:\/\/ozponcho.com.au\/\"},{\"@type\":\"ListItem\",\"position\":2,\"name\":\"Shop\",\"item\":\"https:\/\/ozponcho.com.au\/shop\/\"},{\"@type\":\"ListItem\",\"position\":3,\"name\":\"Elegant Fringe Poncho Shawl\"}]},{\"@type\":\"WebSite\",\"@id\":\"https:\/\/ozponcho.com.au\/#website\",\"url\":\"https:\/\/ozponcho.com.au\/\",\"name\":\"OZ Poncho\",\"description\":\"\",\"potentialAction\":[{\"@type\":\"SearchAction\",\"target\":{\"@type\":\"EntryPoint\",\"urlTemplate\":\"https:\/\/ozponcho.com.au\/?s={search_term_string}\"},\"query-input\":{\"@type\":\"PropertyValueSpecification\",\"valueRequired\":true,\"valueName\":\"search_term_string\"}}],\"inLanguage\":\"fi\"}]}<\/script>\n<!-- \/ Yoast SEO plugin. -->","yoast_head_json":{"title":"Elegantti hapsuponcho huivi | Suomi #1 Poncho Shop","description":"Etsitk\u00f6 eleganttia Fringe Poncho huivi ? Olet tullut oikeaan paikkaan \ud83d\ude04 Tarjoamme laajan valikoiman Elegantti Fringe Poncho Shawl, t\u00e4ydellinen sinulle.","robots":{"index":"index","follow":"follow","max-snippet":"max-snippet:-1","max-image-preview":"max-image-preview:large","max-video-preview":"max-video-preview:-1"},"canonical":"https:\/\/ozponcho.com.au\/fi\/p\/tyylikas-neulottu-naisten-viitta\/","og_locale":"fi_FI","og_type":"article","og_title":"Elegant Fringe Poncho Shawl | Suomi #1 Poncho Shop","og_description":"Looking for a Elegant Fringe Poncho Shawl ? You've come to the right place \ud83d\ude04 We offers a wide selection of Elegant Fringe Poncho Shawl, perfect for you.","og_url":"https:\/\/ozponcho.com.au\/fi\/p\/tyylikas-neulottu-naisten-viitta\/","og_site_name":"OZ Poncho","article_modified_time":"2024-07-26T01:28:23+00:00","og_image":[{"width":800,"height":800,"url":"https:\/\/ozponcho.com.au\/wp-content\/uploads\/2023\/12\/O1CN015BtifO1QYY4pdtUQ8_2505411988-0-cib.jpg","type":"image\/jpeg"}],"twitter_card":"summary_large_image","twitter_misc":{"Arvioitu lukuaika":"3 minuuttia"},"schema":{"@context":"https:\/\/schema.org","@graph":[{"@type":"WebPage","@id":"https:\/\/ozponcho.com.au\/p\/chic-knitted-women-cape\/","url":"https:\/\/ozponcho.com.au\/p\/chic-knitted-women-cape\/","name":"Elegantti hapsuponcho huivi | Suomi #1 Poncho Shop","isPartOf":{"@id":"https:\/\/ozponcho.com.au\/#website"},"primaryImageOfPage":{"@id":"https:\/\/ozponcho.com.au\/p\/chic-knitted-women-cape\/#primaryimage"},"image":{"@id":"https:\/\/ozponcho.com.au\/p\/chic-knitted-women-cape\/#primaryimage"},"thumbnailUrl":"https:\/\/ozponcho.com.au\/wp-content\/uploads\/2023\/12\/O1CN015BtifO1QYY4pdtUQ8_2505411988-0-cib.jpg","datePublished":"2023-12-13T07:40:04+00:00","dateModified":"2024-07-26T01:28:23+00:00","description":"Etsitk\u00f6 eleganttia Fringe Poncho huivi ? Olet tullut oikeaan paikkaan \ud83d\ude04 Tarjoamme laajan valikoiman Elegantti Fringe Poncho Shawl, t\u00e4ydellinen sinulle.","breadcrumb":{"@id":"https:\/\/ozponcho.com.au\/p\/chic-knitted-women-cape\/#breadcrumb"},"inLanguage":"fi","potentialAction":[{"@type":"ReadAction","target":["https:\/\/ozponcho.com.au\/p\/chic-knitted-women-cape\/"]}]},{"@type":"ImageObject","inLanguage":"fi","@id":"https:\/\/ozponcho.com.au\/p\/chic-knitted-women-cape\/#primaryimage","url":"https:\/\/ozponcho.com.au\/wp-content\/uploads\/2023\/12\/O1CN015BtifO1QYY4pdtUQ8_2505411988-0-cib.jpg","contentUrl":"https:\/\/ozponcho.com.au\/wp-content\/uploads\/2023\/12\/O1CN015BtifO1QYY4pdtUQ8_2505411988-0-cib.jpg","width":800,"height":800,"caption":"Elegant Fringe Poncho Shawl"},{"@type":"BreadcrumbList","@id":"https:\/\/ozponcho.com.au\/p\/chic-knitted-women-cape\/#breadcrumb","itemListElement":[{"@type":"ListItem","position":1,"name":"Home","item":"https:\/\/ozponcho.com.au\/"},{"@type":"ListItem","position":2,"name":"Shop","item":"https:\/\/ozponcho.com.au\/shop\/"},{"@type":"ListItem","position":3,"name":"Elegant Fringe Poncho Shawl"}]},{"@type":"WebSite","@id":"https:\/\/ozponcho.com.au\/#website","url":"https:\/\/ozponcho.com.au\/","name":"OZ Poncho","description":"","potentialAction":[{"@type":"SearchAction","target":{"@type":"EntryPoint","urlTemplate":"https:\/\/ozponcho.com.au\/?s={search_term_string}"},"query-input":{"@type":"PropertyValueSpecification","valueRequired":true,"valueName":"search_term_string"}}],"inLanguage":"fi"}]}},"_links":{"self":[{"href":"https:\/\/ozponcho.com.au\/fi\/wp-json\/wp\/v2\/product\/13600","targetHints":{"allow":["GET"]}}],"collection":[{"href":"https:\/\/ozponcho.com.au\/fi\/wp-json\/wp\/v2\/product"}],"about":[{"href":"https:\/\/ozponcho.com.au\/fi\/wp-json\/wp\/v2\/types\/product"}],"wp:featuredmedia":[{"embeddable":true,"href":"https:\/\/ozponcho.com.au\/fi\/wp-json\/wp\/v2\/media\/13572"}],"wp:attachment":[{"href":"https:\/\/ozponcho.com.au\/fi\/wp-json\/wp\/v2\/media?parent=13600"}],"wp:term":[{"taxonomy":"product_brand","embeddable":true,"href":"https:\/\/ozponcho.com.au\/fi\/wp-json\/wp\/v2\/product_brand?post=13600"},{"taxonomy":"product_cat","embeddable":true,"href":"https:\/\/ozponcho.com.au\/fi\/wp-json\/wp\/v2\/product_cat?post=13600"},{"taxonomy":"product_tag","embeddable":true,"href":"https:\/\/ozponcho.com.au\/fi\/wp-json\/wp\/v2\/product_tag?post=13600"}],"curies":[{"name":"wp","href":"https:\/\/api.w.org\/{rel}","templated":true}]}}