{"id":13561,"date":"2023-12-13T18:39:53","date_gmt":"2023-12-13T07:39:53","guid":{"rendered":"https:\/\/ozponcho.com.au\/p\/autumn-winter-contrast-color-striped-ethnic-tassel-pullover-cloak-shawl-women\/"},"modified":"2024-07-26T12:27:56","modified_gmt":"2024-07-26T01:27:56","slug":"chic-fringe-striped-cloak","status":"publish","type":"product","link":"https:\/\/ozponcho.com.au\/fi\/p\/tyylikas-hapsut-raidallinen-viitta\/","title":{"rendered":"Boheemi tupsullinen sininen poncho"},"content":{"rendered":"<p>Ota syksyn ja talven tyylikkyys vastaan boheemilla sinisell\u00e4 tupsuponchollamme. T\u00e4ss\u00e4 upeassa ponchossa on hieno sekoitus sinisi\u00e4, harmaita ja mustia raitoja, jotka on koristeltu beigeill\u00e4 virkatuilla reunoilla ainutlaatuisen etnisen kosketuksen aikaansaamiseksi. Hapsut tanssivat helmaa pitkin ja lis\u00e4\u00e4v\u00e4t vapaamielist\u00e4 tunnelmaa. Se on valmistettu pehme\u00e4st\u00e4 polyesterist\u00e4, ja se on t\u00e4ydellinen kerrospukeutumisasu niille, jotka haluavat mukavuutta tyylist\u00e4 tinkim\u00e4tt\u00e4. T\u00e4m\u00e4 monipuolinen poncho on vaatekaappisi ansaitsema ylellinen lis\u00e4, olitpa sitten menossa rennolle illanvietolle tai viihtyis\u00e4\u00e4n illanviettoon.<\/p>\n<div>Tyyli: Tyylilaji: Elegantti<\/div>\n<div>Sopii: L\u00f6ys\u00e4<\/div>\n<div>Kangas: Polyesteri<\/div>\n<div>Kuvio: Painettu<\/div>\n<div>Elementti: Fringe<\/div>\n<div>Top Pituus: Pitk\u00e4<\/div>\n<div>P\u00e4\u00e4ntie: V-kaula<\/div>\n<div>Hihan tyyppi: Muut<\/div>\n<div>Hihan pituus: Hiha: Pitk\u00e4 hiha<\/div>\n<div>T\u00e4rkein koostumus: Polyesteri<\/div>\n<div>Kausi: Syksy\/Talvi<\/div>\n<p><img decoding=\"async\" src=\"https:\/\/ozponcho.com.au\/wp-content\/uploads\/2024\/03\/1012416583441580032.png\" \/><img decoding=\"async\" src=\"https:\/\/ozponcho.com.au\/wp-content\/uploads\/2024\/03\/O1CN01rXgfTl1QYY9ZUwCje_2505411988-0-cib.jpg\" \/><img decoding=\"async\" src=\"https:\/\/ozponcho.com.au\/wp-content\/uploads\/2024\/03\/O1CN017qeomD1QYY9fqhqma_2505411988-0-cib.jpg\" \/><img decoding=\"async\" src=\"https:\/\/ozponcho.com.au\/wp-content\/uploads\/2024\/03\/O1CN01NN0FLs1QYY9cyoKZD_2505411988-0-cib.jpg\" \/><img decoding=\"async\" src=\"https:\/\/ozponcho.com.au\/wp-content\/uploads\/2024\/03\/O1CN01y1KNP81QYY9bCDYSt_2505411988-0-cib.jpg\" \/><img decoding=\"async\" src=\"https:\/\/ozponcho.com.au\/wp-content\/uploads\/2024\/03\/O1CN01AKnISQ1QYY9X6Repg_2505411988-0-cib.jpg\" \/><img decoding=\"async\" src=\"https:\/\/ozponcho.com.au\/wp-content\/uploads\/2024\/03\/O1CN01BTMwF41QYY9WLUZbO_2505411988-0-cib.jpg\" \/><\/p>","protected":false},"excerpt":{"rendered":"<p>Embrace the elegance of autumn and winter with our Bohemian Tassel Blue Poncho. This stunning poncho boasts an exquisite blend of blue, gray, and black stripes, adorned with beige crocheted edges for a unique ethnic touch. Fringes dance along the hem, enhancing the free-spirited vibe. Crafted from soft polyester, it&#8217;s the perfect layering piece for [&#8230;]","protected":false},"featured_media":13519,"template":"","meta":[],"product_brand":[],"product_cat":[229,223,15,230,228,214,210],"product_tag":[],"class_list":{"0":"post-13561","1":"product","2":"type-product","3":"status-publish","4":"has-post-thumbnail","6":"product_cat-blanket-poncho","7":"product_cat-blue-poncho","8":"product_cat-main-category","9":"product_cat-poncho-dress","10":"product_cat-poncho-sweater","11":"product_cat-knitted-crochet-poncho","12":"product_cat-poncho-women","14":"first","15":"outofstock","16":"shipping-taxable","17":"purchasable","18":"product-type-variable"},"yoast_head":"<!-- This site is optimized with the Yoast SEO plugin v25.9 - https:\/\/yoast.com\/wordpress\/plugins\/seo\/ -->\n<title>Bohemian Tassel Blue Poncho | Suomi #1 Poncho Shop<\/title>\n<meta name=\"description\" content=\"Looking for a Bohemian Tassel Blue Poncho ? You&#039;ve come to the right place \ud83d\ude04 We offers a wide selection of Bohemian Tassel Blue Poncho, perfect for you.\" \/>\n<meta name=\"robots\" content=\"index, follow, max-snippet:-1, max-image-preview:large, max-video-preview:-1\" \/>\n<link rel=\"canonical\" href=\"https:\/\/ozponcho.com.au\/fi\/p\/tyylikas-hapsut-raidallinen-viitta\/\" \/>\n<meta property=\"og:locale\" content=\"fi_FI\" \/>\n<meta property=\"og:type\" content=\"article\" \/>\n<meta property=\"og:title\" content=\"Bohemian Tassel Blue Poncho | Suomi #1 Poncho Shop\" \/>\n<meta property=\"og:description\" content=\"Looking for a Bohemian Tassel Blue Poncho ? You&#039;ve come to the right place \ud83d\ude04 We offers a wide selection of Bohemian Tassel Blue Poncho, perfect for you.\" \/>\n<meta property=\"og:url\" content=\"https:\/\/ozponcho.com.au\/fi\/p\/tyylikas-hapsut-raidallinen-viitta\/\" \/>\n<meta property=\"og:site_name\" content=\"OZ Poncho\" \/>\n<meta property=\"article:modified_time\" content=\"2024-07-26T01:27:56+00:00\" \/>\n<meta property=\"og:image\" content=\"https:\/\/ozponcho.com.au\/wp-content\/uploads\/2023\/12\/O1CN01lSeGTY1QYY9ZUEUzg_2505411988-0-cib.jpg\" \/>\n\t<meta property=\"og:image:width\" content=\"800\" \/>\n\t<meta property=\"og:image:height\" content=\"800\" \/>\n\t<meta property=\"og:image:type\" content=\"image\/jpeg\" \/>\n<meta name=\"twitter:card\" content=\"summary_large_image\" \/>\n<meta name=\"twitter:label1\" content=\"Arvioitu lukuaika\" \/>\n\t<meta name=\"twitter:data1\" content=\"3 minuuttia\" \/>\n<script type=\"application\/ld+json\" class=\"yoast-schema-graph\">{\"@context\":\"https:\/\/schema.org\",\"@graph\":[{\"@type\":\"WebPage\",\"@id\":\"https:\/\/ozponcho.com.au\/p\/chic-fringe-striped-cloak\/\",\"url\":\"https:\/\/ozponcho.com.au\/p\/chic-fringe-striped-cloak\/\",\"name\":\"Bohemian Tassel Blue Poncho | Suomi #1 Poncho Shop\",\"isPartOf\":{\"@id\":\"https:\/\/ozponcho.com.au\/#website\"},\"primaryImageOfPage\":{\"@id\":\"https:\/\/ozponcho.com.au\/p\/chic-fringe-striped-cloak\/#primaryimage\"},\"image\":{\"@id\":\"https:\/\/ozponcho.com.au\/p\/chic-fringe-striped-cloak\/#primaryimage\"},\"thumbnailUrl\":\"https:\/\/ozponcho.com.au\/wp-content\/uploads\/2023\/12\/O1CN01lSeGTY1QYY9ZUEUzg_2505411988-0-cib.jpg\",\"datePublished\":\"2023-12-13T07:39:53+00:00\",\"dateModified\":\"2024-07-26T01:27:56+00:00\",\"description\":\"Looking for a Bohemian Tassel Blue Poncho ? You've come to the right place \ud83d\ude04 We offers a wide selection of Bohemian Tassel Blue Poncho, perfect for you.\",\"breadcrumb\":{\"@id\":\"https:\/\/ozponcho.com.au\/p\/chic-fringe-striped-cloak\/#breadcrumb\"},\"inLanguage\":\"fi\",\"potentialAction\":[{\"@type\":\"ReadAction\",\"target\":[\"https:\/\/ozponcho.com.au\/p\/chic-fringe-striped-cloak\/\"]}]},{\"@type\":\"ImageObject\",\"inLanguage\":\"fi\",\"@id\":\"https:\/\/ozponcho.com.au\/p\/chic-fringe-striped-cloak\/#primaryimage\",\"url\":\"https:\/\/ozponcho.com.au\/wp-content\/uploads\/2023\/12\/O1CN01lSeGTY1QYY9ZUEUzg_2505411988-0-cib.jpg\",\"contentUrl\":\"https:\/\/ozponcho.com.au\/wp-content\/uploads\/2023\/12\/O1CN01lSeGTY1QYY9ZUEUzg_2505411988-0-cib.jpg\",\"width\":800,\"height\":800,\"caption\":\"Bohemian Tassel Blue Poncho\"},{\"@type\":\"BreadcrumbList\",\"@id\":\"https:\/\/ozponcho.com.au\/p\/chic-fringe-striped-cloak\/#breadcrumb\",\"itemListElement\":[{\"@type\":\"ListItem\",\"position\":1,\"name\":\"Home\",\"item\":\"https:\/\/ozponcho.com.au\/\"},{\"@type\":\"ListItem\",\"position\":2,\"name\":\"Shop\",\"item\":\"https:\/\/ozponcho.com.au\/shop\/\"},{\"@type\":\"ListItem\",\"position\":3,\"name\":\"Bohemian Tassel Blue Poncho\"}]},{\"@type\":\"WebSite\",\"@id\":\"https:\/\/ozponcho.com.au\/#website\",\"url\":\"https:\/\/ozponcho.com.au\/\",\"name\":\"OZ Poncho\",\"description\":\"\",\"potentialAction\":[{\"@type\":\"SearchAction\",\"target\":{\"@type\":\"EntryPoint\",\"urlTemplate\":\"https:\/\/ozponcho.com.au\/?s={search_term_string}\"},\"query-input\":{\"@type\":\"PropertyValueSpecification\",\"valueRequired\":true,\"valueName\":\"search_term_string\"}}],\"inLanguage\":\"fi\"}]}<\/script>\n<!-- \/ Yoast SEO plugin. -->","yoast_head_json":{"title":"Boheemi Tupsullinen sininen poncho | Suomi #1 Poncho Shop","description":"Etsitk\u00f6 boheemia tupsukoristeista sinist\u00e4 ponchoa ? Olet tullut oikeaan paikkaan \ud83d\ude04 Tarjoamme laajan valikoiman Bohemian Tassel Blue Poncho, t\u00e4ydellinen sinulle.","robots":{"index":"index","follow":"follow","max-snippet":"max-snippet:-1","max-image-preview":"max-image-preview:large","max-video-preview":"max-video-preview:-1"},"canonical":"https:\/\/ozponcho.com.au\/fi\/p\/tyylikas-hapsut-raidallinen-viitta\/","og_locale":"fi_FI","og_type":"article","og_title":"Bohemian Tassel Blue Poncho | Suomi #1 Poncho Shop","og_description":"Looking for a Bohemian Tassel Blue Poncho ? You've come to the right place \ud83d\ude04 We offers a wide selection of Bohemian Tassel Blue Poncho, perfect for you.","og_url":"https:\/\/ozponcho.com.au\/fi\/p\/tyylikas-hapsut-raidallinen-viitta\/","og_site_name":"OZ Poncho","article_modified_time":"2024-07-26T01:27:56+00:00","og_image":[{"width":800,"height":800,"url":"https:\/\/ozponcho.com.au\/wp-content\/uploads\/2023\/12\/O1CN01lSeGTY1QYY9ZUEUzg_2505411988-0-cib.jpg","type":"image\/jpeg"}],"twitter_card":"summary_large_image","twitter_misc":{"Arvioitu lukuaika":"3 minuuttia"},"schema":{"@context":"https:\/\/schema.org","@graph":[{"@type":"WebPage","@id":"https:\/\/ozponcho.com.au\/p\/chic-fringe-striped-cloak\/","url":"https:\/\/ozponcho.com.au\/p\/chic-fringe-striped-cloak\/","name":"Boheemi Tupsullinen sininen poncho | Suomi #1 Poncho Shop","isPartOf":{"@id":"https:\/\/ozponcho.com.au\/#website"},"primaryImageOfPage":{"@id":"https:\/\/ozponcho.com.au\/p\/chic-fringe-striped-cloak\/#primaryimage"},"image":{"@id":"https:\/\/ozponcho.com.au\/p\/chic-fringe-striped-cloak\/#primaryimage"},"thumbnailUrl":"https:\/\/ozponcho.com.au\/wp-content\/uploads\/2023\/12\/O1CN01lSeGTY1QYY9ZUEUzg_2505411988-0-cib.jpg","datePublished":"2023-12-13T07:39:53+00:00","dateModified":"2024-07-26T01:27:56+00:00","description":"Etsitk\u00f6 boheemia tupsukoristeista sinist\u00e4 ponchoa ? Olet tullut oikeaan paikkaan \ud83d\ude04 Tarjoamme laajan valikoiman Bohemian Tassel Blue Poncho, t\u00e4ydellinen sinulle.","breadcrumb":{"@id":"https:\/\/ozponcho.com.au\/p\/chic-fringe-striped-cloak\/#breadcrumb"},"inLanguage":"fi","potentialAction":[{"@type":"ReadAction","target":["https:\/\/ozponcho.com.au\/p\/chic-fringe-striped-cloak\/"]}]},{"@type":"ImageObject","inLanguage":"fi","@id":"https:\/\/ozponcho.com.au\/p\/chic-fringe-striped-cloak\/#primaryimage","url":"https:\/\/ozponcho.com.au\/wp-content\/uploads\/2023\/12\/O1CN01lSeGTY1QYY9ZUEUzg_2505411988-0-cib.jpg","contentUrl":"https:\/\/ozponcho.com.au\/wp-content\/uploads\/2023\/12\/O1CN01lSeGTY1QYY9ZUEUzg_2505411988-0-cib.jpg","width":800,"height":800,"caption":"Bohemian Tassel Blue Poncho"},{"@type":"BreadcrumbList","@id":"https:\/\/ozponcho.com.au\/p\/chic-fringe-striped-cloak\/#breadcrumb","itemListElement":[{"@type":"ListItem","position":1,"name":"Home","item":"https:\/\/ozponcho.com.au\/"},{"@type":"ListItem","position":2,"name":"Shop","item":"https:\/\/ozponcho.com.au\/shop\/"},{"@type":"ListItem","position":3,"name":"Bohemian Tassel Blue Poncho"}]},{"@type":"WebSite","@id":"https:\/\/ozponcho.com.au\/#website","url":"https:\/\/ozponcho.com.au\/","name":"OZ Poncho","description":"","potentialAction":[{"@type":"SearchAction","target":{"@type":"EntryPoint","urlTemplate":"https:\/\/ozponcho.com.au\/?s={search_term_string}"},"query-input":{"@type":"PropertyValueSpecification","valueRequired":true,"valueName":"search_term_string"}}],"inLanguage":"fi"}]}},"_links":{"self":[{"href":"https:\/\/ozponcho.com.au\/fi\/wp-json\/wp\/v2\/product\/13561","targetHints":{"allow":["GET"]}}],"collection":[{"href":"https:\/\/ozponcho.com.au\/fi\/wp-json\/wp\/v2\/product"}],"about":[{"href":"https:\/\/ozponcho.com.au\/fi\/wp-json\/wp\/v2\/types\/product"}],"wp:featuredmedia":[{"embeddable":true,"href":"https:\/\/ozponcho.com.au\/fi\/wp-json\/wp\/v2\/media\/13519"}],"wp:attachment":[{"href":"https:\/\/ozponcho.com.au\/fi\/wp-json\/wp\/v2\/media?parent=13561"}],"wp:term":[{"taxonomy":"product_brand","embeddable":true,"href":"https:\/\/ozponcho.com.au\/fi\/wp-json\/wp\/v2\/product_brand?post=13561"},{"taxonomy":"product_cat","embeddable":true,"href":"https:\/\/ozponcho.com.au\/fi\/wp-json\/wp\/v2\/product_cat?post=13561"},{"taxonomy":"product_tag","embeddable":true,"href":"https:\/\/ozponcho.com.au\/fi\/wp-json\/wp\/v2\/product_tag?post=13561"}],"curies":[{"name":"wp","href":"https:\/\/api.w.org\/{rel}","templated":true}]}}