{"id":13496,"date":"2023-12-13T18:39:37","date_gmt":"2023-12-13T07:39:37","guid":{"rendered":"https:\/\/ozponcho.com.au\/p\/hooded-striped-tassel-cape-shawl-women-autumn-winter-women-outer-scarf\/"},"modified":"2026-01-06T20:10:41","modified_gmt":"2026-01-06T09:10:41","slug":"hooded-tassel-cape-shawl","status":"publish","type":"product","link":"https:\/\/ozponcho.com.au\/fi\/p\/hupullinen-tupsuinen-viitta-huivi\/","title":{"rendered":"Raidallinen hupullinen hapsuponcho"},"content":{"rendered":"<p>Paranna kolean s\u00e4\u00e4n vaatekaappiasi t\u00e4ll\u00e4 tyylikk\u00e4\u00e4ll\u00e4 hupullisella raidallisella Tupsuponcholla. T\u00e4m\u00e4 viihtyis\u00e4n tyylikkyyden ruumiillistuma, t\u00e4m\u00e4 jersey-kangasviitta laskeutuu vaivattomasti ja antaa sinulle ilmeen, joka on sek\u00e4 hienostunut ett\u00e4 rento. Leikkis\u00e4t hapsut lis\u00e4\u00e4v\u00e4t liikett\u00e4, kun taas huppu antaa lis\u00e4l\u00e4mp\u00f6\u00e4, mik\u00e4 tekee siit\u00e4 t\u00e4ydellisen syksyn\/talven kerrospukeutumisen. Tyylik\u00e4s raitakuvio ja sen v\u00e4lj\u00e4 istuvuus takaavat, ettet uhraa mukavuutta muodin vuoksi. Kiedo itsesi t\u00e4h\u00e4n monipuoliseen huiviin ja astu ulos itsevarmasti!<\/p>\n<div>Tyyli: .<\/div>\n<div>Sopii: L\u00f6ys\u00e4<\/div>\n<div>Kangas: Jersey<\/div>\n<div>Kuvio: Raita<\/div>\n<div>Elementti: Fringe<\/div>\n<div>Top Pituus: Pitk\u00e4<\/div>\n<div>P\u00e4\u00e4ntie: Hupullinen<\/div>\n<div>Hihan tyyppi: Muut<\/div>\n<div>Hihan pituus: 3\/4 hiha<\/div>\n<div>T\u00e4rkein koostumus: Polyesteri<\/div>\n<div>Kausi: Syksy\/Talvi<\/div>\n<p><img decoding=\"async\" src=\"https:\/\/ozponcho.com.au\/wp-content\/uploads\/2024\/03\/1134443718221234176.png\" \/><img decoding=\"async\" src=\"https:\/\/ozponcho.com.au\/wp-content\/uploads\/2024\/03\/O1CN01qVbFc61QYYF8EREw2_2505411988-0-cib.jpg\" \/><img decoding=\"async\" src=\"https:\/\/ozponcho.com.au\/wp-content\/uploads\/2024\/03\/O1CN01vXhkOY1QYYF5zz1Uk_2505411988-0-cib.jpg\" \/><img decoding=\"async\" src=\"https:\/\/ozponcho.com.au\/wp-content\/uploads\/2024\/03\/O1CN01p4mfKi1QYYF2h2Pyc_2505411988-0-cib.jpg\" \/><img decoding=\"async\" src=\"https:\/\/ozponcho.com.au\/wp-content\/uploads\/2024\/03\/O1CN01LfbtIe1QYYF1LpKYo_2505411988-0-cib.jpg\" \/><img decoding=\"async\" src=\"https:\/\/ozponcho.com.au\/wp-content\/uploads\/2024\/03\/O1CN01MA6ZKm1QYYF2ZROry_2505411988-0-cib.jpg\" \/><\/p>","protected":false},"excerpt":{"rendered":"<p>Elevate your chilly weather wardrobe with this chic Hooded Striped Tassel Poncho. An epitome of cozy elegance, this jersey fabric cape drapes effortlessly for a look that&#8217;s both sophisticated and laid-back. The playful fringe adds movement, while the hood provides extra warmth, making it a perfect autumn\/winter layering piece. The stylish stripe pattern and its [&#8230;]","protected":false},"featured_media":13455,"template":"","meta":[],"product_brand":[],"product_cat":[226,15,230,228,210],"product_tag":[],"class_list":{"0":"post-13496","1":"product","2":"type-product","3":"status-publish","4":"has-post-thumbnail","6":"product_cat-brown-poncho","7":"product_cat-main-category","8":"product_cat-poncho-dress","9":"product_cat-poncho-sweater","10":"product_cat-poncho-women","12":"first","13":"instock","14":"shipping-taxable","15":"purchasable","16":"product-type-variable"},"yoast_head":"<!-- This site is optimized with the Yoast SEO plugin v25.9 - https:\/\/yoast.com\/wordpress\/plugins\/seo\/ -->\n<title>Striped Hooded Fringe Poncho | Suomi #1 Poncho Shop<\/title>\n<meta name=\"description\" content=\"Looking for a Striped Hooded Fringe Poncho ? You&#039;ve come to the right place \ud83d\ude04 We offers a wide selection of Striped Hooded Fringe Poncho, perfect for you.\" \/>\n<meta name=\"robots\" content=\"index, follow, max-snippet:-1, max-image-preview:large, max-video-preview:-1\" \/>\n<link rel=\"canonical\" href=\"https:\/\/ozponcho.com.au\/fi\/p\/hupullinen-tupsuinen-viitta-huivi\/\" \/>\n<meta property=\"og:locale\" content=\"fi_FI\" \/>\n<meta property=\"og:type\" content=\"article\" \/>\n<meta property=\"og:title\" content=\"Striped Hooded Fringe Poncho | Suomi #1 Poncho Shop\" \/>\n<meta property=\"og:description\" content=\"Looking for a Striped Hooded Fringe Poncho ? You&#039;ve come to the right place \ud83d\ude04 We offers a wide selection of Striped Hooded Fringe Poncho, perfect for you.\" \/>\n<meta property=\"og:url\" content=\"https:\/\/ozponcho.com.au\/fi\/p\/hupullinen-tupsuinen-viitta-huivi\/\" \/>\n<meta property=\"og:site_name\" content=\"OZ Poncho\" \/>\n<meta property=\"article:modified_time\" content=\"2026-01-06T09:10:41+00:00\" \/>\n<meta property=\"og:image\" content=\"https:\/\/ozponcho.com.au\/wp-content\/uploads\/2023\/12\/O1CN01vbkKN61QYYF1LCzka_2505411988-0-cib.jpg\" \/>\n\t<meta property=\"og:image:width\" content=\"800\" \/>\n\t<meta property=\"og:image:height\" content=\"800\" \/>\n\t<meta property=\"og:image:type\" content=\"image\/jpeg\" \/>\n<meta name=\"twitter:card\" content=\"summary_large_image\" \/>\n<meta name=\"twitter:label1\" content=\"Arvioitu lukuaika\" \/>\n\t<meta name=\"twitter:data1\" content=\"2 minuuttia\" \/>\n<script type=\"application\/ld+json\" class=\"yoast-schema-graph\">{\"@context\":\"https:\/\/schema.org\",\"@graph\":[{\"@type\":\"WebPage\",\"@id\":\"https:\/\/ozponcho.com.au\/p\/hooded-tassel-cape-shawl\/\",\"url\":\"https:\/\/ozponcho.com.au\/p\/hooded-tassel-cape-shawl\/\",\"name\":\"Striped Hooded Fringe Poncho | Suomi #1 Poncho Shop\",\"isPartOf\":{\"@id\":\"https:\/\/ozponcho.com.au\/#website\"},\"primaryImageOfPage\":{\"@id\":\"https:\/\/ozponcho.com.au\/p\/hooded-tassel-cape-shawl\/#primaryimage\"},\"image\":{\"@id\":\"https:\/\/ozponcho.com.au\/p\/hooded-tassel-cape-shawl\/#primaryimage\"},\"thumbnailUrl\":\"https:\/\/ozponcho.com.au\/wp-content\/uploads\/2023\/12\/O1CN01vbkKN61QYYF1LCzka_2505411988-0-cib.jpg\",\"datePublished\":\"2023-12-13T07:39:37+00:00\",\"dateModified\":\"2026-01-06T09:10:41+00:00\",\"description\":\"Looking for a Striped Hooded Fringe Poncho ? You've come to the right place \ud83d\ude04 We offers a wide selection of Striped Hooded Fringe Poncho, perfect for you.\",\"breadcrumb\":{\"@id\":\"https:\/\/ozponcho.com.au\/p\/hooded-tassel-cape-shawl\/#breadcrumb\"},\"inLanguage\":\"fi\",\"potentialAction\":[{\"@type\":\"ReadAction\",\"target\":[\"https:\/\/ozponcho.com.au\/p\/hooded-tassel-cape-shawl\/\"]}]},{\"@type\":\"ImageObject\",\"inLanguage\":\"fi\",\"@id\":\"https:\/\/ozponcho.com.au\/p\/hooded-tassel-cape-shawl\/#primaryimage\",\"url\":\"https:\/\/ozponcho.com.au\/wp-content\/uploads\/2023\/12\/O1CN01vbkKN61QYYF1LCzka_2505411988-0-cib.jpg\",\"contentUrl\":\"https:\/\/ozponcho.com.au\/wp-content\/uploads\/2023\/12\/O1CN01vbkKN61QYYF1LCzka_2505411988-0-cib.jpg\",\"width\":800,\"height\":800,\"caption\":\"Striped Hooded Fringe Poncho\"},{\"@type\":\"BreadcrumbList\",\"@id\":\"https:\/\/ozponcho.com.au\/p\/hooded-tassel-cape-shawl\/#breadcrumb\",\"itemListElement\":[{\"@type\":\"ListItem\",\"position\":1,\"name\":\"Home\",\"item\":\"https:\/\/ozponcho.com.au\/\"},{\"@type\":\"ListItem\",\"position\":2,\"name\":\"Shop\",\"item\":\"https:\/\/ozponcho.com.au\/shop\/\"},{\"@type\":\"ListItem\",\"position\":3,\"name\":\"Striped Hooded Fringe Poncho\"}]},{\"@type\":\"WebSite\",\"@id\":\"https:\/\/ozponcho.com.au\/#website\",\"url\":\"https:\/\/ozponcho.com.au\/\",\"name\":\"OZ Poncho\",\"description\":\"\",\"potentialAction\":[{\"@type\":\"SearchAction\",\"target\":{\"@type\":\"EntryPoint\",\"urlTemplate\":\"https:\/\/ozponcho.com.au\/?s={search_term_string}\"},\"query-input\":{\"@type\":\"PropertyValueSpecification\",\"valueRequired\":true,\"valueName\":\"search_term_string\"}}],\"inLanguage\":\"fi\"}]}<\/script>\n<!-- \/ Yoast SEO plugin. -->","yoast_head_json":{"title":"Raidallinen hupullinen hapsuponcho | Suomi #1 Poncho Shop","description":"Etsitk\u00f6 raidallinen hupullinen hapsuponcho ? Olet tullut oikeaan paikkaan \ud83d\ude04 Tarjoamme laajan valikoiman Striped Hooded Fringe Poncho, t\u00e4ydellinen sinulle.","robots":{"index":"index","follow":"follow","max-snippet":"max-snippet:-1","max-image-preview":"max-image-preview:large","max-video-preview":"max-video-preview:-1"},"canonical":"https:\/\/ozponcho.com.au\/fi\/p\/hupullinen-tupsuinen-viitta-huivi\/","og_locale":"fi_FI","og_type":"article","og_title":"Striped Hooded Fringe Poncho | Suomi #1 Poncho Shop","og_description":"Looking for a Striped Hooded Fringe Poncho ? You've come to the right place \ud83d\ude04 We offers a wide selection of Striped Hooded Fringe Poncho, perfect for you.","og_url":"https:\/\/ozponcho.com.au\/fi\/p\/hupullinen-tupsuinen-viitta-huivi\/","og_site_name":"OZ Poncho","article_modified_time":"2026-01-06T09:10:41+00:00","og_image":[{"width":800,"height":800,"url":"https:\/\/ozponcho.com.au\/wp-content\/uploads\/2023\/12\/O1CN01vbkKN61QYYF1LCzka_2505411988-0-cib.jpg","type":"image\/jpeg"}],"twitter_card":"summary_large_image","twitter_misc":{"Arvioitu lukuaika":"2 minuuttia"},"schema":{"@context":"https:\/\/schema.org","@graph":[{"@type":"WebPage","@id":"https:\/\/ozponcho.com.au\/p\/hooded-tassel-cape-shawl\/","url":"https:\/\/ozponcho.com.au\/p\/hooded-tassel-cape-shawl\/","name":"Raidallinen hupullinen hapsuponcho | Suomi #1 Poncho Shop","isPartOf":{"@id":"https:\/\/ozponcho.com.au\/#website"},"primaryImageOfPage":{"@id":"https:\/\/ozponcho.com.au\/p\/hooded-tassel-cape-shawl\/#primaryimage"},"image":{"@id":"https:\/\/ozponcho.com.au\/p\/hooded-tassel-cape-shawl\/#primaryimage"},"thumbnailUrl":"https:\/\/ozponcho.com.au\/wp-content\/uploads\/2023\/12\/O1CN01vbkKN61QYYF1LCzka_2505411988-0-cib.jpg","datePublished":"2023-12-13T07:39:37+00:00","dateModified":"2026-01-06T09:10:41+00:00","description":"Etsitk\u00f6 raidallinen hupullinen hapsuponcho ? Olet tullut oikeaan paikkaan \ud83d\ude04 Tarjoamme laajan valikoiman Striped Hooded Fringe Poncho, t\u00e4ydellinen sinulle.","breadcrumb":{"@id":"https:\/\/ozponcho.com.au\/p\/hooded-tassel-cape-shawl\/#breadcrumb"},"inLanguage":"fi","potentialAction":[{"@type":"ReadAction","target":["https:\/\/ozponcho.com.au\/p\/hooded-tassel-cape-shawl\/"]}]},{"@type":"ImageObject","inLanguage":"fi","@id":"https:\/\/ozponcho.com.au\/p\/hooded-tassel-cape-shawl\/#primaryimage","url":"https:\/\/ozponcho.com.au\/wp-content\/uploads\/2023\/12\/O1CN01vbkKN61QYYF1LCzka_2505411988-0-cib.jpg","contentUrl":"https:\/\/ozponcho.com.au\/wp-content\/uploads\/2023\/12\/O1CN01vbkKN61QYYF1LCzka_2505411988-0-cib.jpg","width":800,"height":800,"caption":"Striped Hooded Fringe Poncho"},{"@type":"BreadcrumbList","@id":"https:\/\/ozponcho.com.au\/p\/hooded-tassel-cape-shawl\/#breadcrumb","itemListElement":[{"@type":"ListItem","position":1,"name":"Home","item":"https:\/\/ozponcho.com.au\/"},{"@type":"ListItem","position":2,"name":"Shop","item":"https:\/\/ozponcho.com.au\/shop\/"},{"@type":"ListItem","position":3,"name":"Striped Hooded Fringe Poncho"}]},{"@type":"WebSite","@id":"https:\/\/ozponcho.com.au\/#website","url":"https:\/\/ozponcho.com.au\/","name":"OZ Poncho","description":"","potentialAction":[{"@type":"SearchAction","target":{"@type":"EntryPoint","urlTemplate":"https:\/\/ozponcho.com.au\/?s={search_term_string}"},"query-input":{"@type":"PropertyValueSpecification","valueRequired":true,"valueName":"search_term_string"}}],"inLanguage":"fi"}]}},"_links":{"self":[{"href":"https:\/\/ozponcho.com.au\/fi\/wp-json\/wp\/v2\/product\/13496","targetHints":{"allow":["GET"]}}],"collection":[{"href":"https:\/\/ozponcho.com.au\/fi\/wp-json\/wp\/v2\/product"}],"about":[{"href":"https:\/\/ozponcho.com.au\/fi\/wp-json\/wp\/v2\/types\/product"}],"wp:featuredmedia":[{"embeddable":true,"href":"https:\/\/ozponcho.com.au\/fi\/wp-json\/wp\/v2\/media\/13455"}],"wp:attachment":[{"href":"https:\/\/ozponcho.com.au\/fi\/wp-json\/wp\/v2\/media?parent=13496"}],"wp:term":[{"taxonomy":"product_brand","embeddable":true,"href":"https:\/\/ozponcho.com.au\/fi\/wp-json\/wp\/v2\/product_brand?post=13496"},{"taxonomy":"product_cat","embeddable":true,"href":"https:\/\/ozponcho.com.au\/fi\/wp-json\/wp\/v2\/product_cat?post=13496"},{"taxonomy":"product_tag","embeddable":true,"href":"https:\/\/ozponcho.com.au\/fi\/wp-json\/wp\/v2\/product_tag?post=13496"}],"curies":[{"name":"wp","href":"https:\/\/api.w.org\/{rel}","templated":true}]}}