{"id":13058,"date":"2023-12-13T18:37:58","date_gmt":"2023-12-13T07:37:58","guid":{"rendered":"https:\/\/ozponcho.com.au\/p\/autumn-winter-fur-collar-cape-cardigan-leopard-print-shawl-sweater-women\/"},"modified":"2026-02-02T13:42:34","modified_gmt":"2026-02-02T02:42:34","slug":"elegant-fur-trim-cape","status":"publish","type":"product","link":"https:\/\/ozponcho.com.au\/fi\/p\/elegant-fur-trim-cape\/","title":{"rendered":"Tyylik\u00e4s Leopardiponcho villapaita"},"content":{"rendered":"<p>Elevate your autumn and winter style with this luxurious faux fur collar cape cardigan, seamlessly blending elegance with comfort. Its alluring leopard print and plush fur trim exude a chic, sophisticated allure, ideal for fashion-forward women wanting to make a statement. Crafted from soft, warm polyester, this loose-fitting poncho with dolman sleeves is a versatile addition to any wardrobe. Perfect for layering, it promises to keep you cozy while ensuring you stand out in the crowd. Embrace the colder months in style\u00e2\u20ac\u201dmake this must-have poncho yours today!<\/p>\n<div>Tyyli: Tyylilaji: Elegantti<\/div>\n<div>Sopii: L\u00f6ys\u00e4<\/div>\n<div>Kangas: Polyesteri<\/div>\n<div>Kuvio: Painatus: El\u00e4inkuvio<\/div>\n<div>Elementti: Ei<\/div>\n<div>Top Pituus: Pitk\u00e4<\/div>\n<div>Hihan tyyppi: Hihan tyyppi: Dolman<\/div>\n<div>Hihan pituus: Hiha: Pitk\u00e4 hiha<\/div>\n<div>Sulkemistyyppi: Muut<\/div>\n<div>T\u00e4rkein koostumus: Polyesteri<\/div>\n<div>Kausi: Syksy\/Talvi<\/div>\n<p><img decoding=\"async\" src=\"https:\/\/ozponcho.com.au\/wp-content\/uploads\/2024\/03\/1014530194486067200.png\" \/><img decoding=\"async\" src=\"https:\/\/ozponcho.com.au\/wp-content\/uploads\/2024\/03\/1014530254175207424.jpg\" \/><img decoding=\"async\" src=\"https:\/\/ozponcho.com.au\/wp-content\/uploads\/2024\/03\/1014530254221344768.jpg\" \/><img decoding=\"async\" src=\"https:\/\/ozponcho.com.au\/wp-content\/uploads\/2024\/03\/1014530254250704896.jpg\" \/><img decoding=\"async\" src=\"https:\/\/ozponcho.com.au\/wp-content\/uploads\/2024\/03\/1014530254284259328.jpg\" \/><\/p>","protected":false},"excerpt":{"rendered":"<p>Elevate your autumn and winter style with this luxurious faux fur collar cape cardigan, seamlessly blending elegance with comfort. Its alluring leopard print and plush fur trim exude a chic, sophisticated allure, ideal for fashion-forward women wanting to make a statement. Crafted from soft, warm polyester, this loose-fitting poncho with dolman sleeves is a versatile [&#8230;]","protected":false},"featured_media":13034,"template":"","meta":[],"product_brand":[],"product_cat":[219,226,218,15,228,210],"product_tag":[],"class_list":{"0":"post-13058","1":"product","2":"type-product","3":"status-publish","4":"has-post-thumbnail","6":"product_cat-black-poncho","7":"product_cat-brown-poncho","8":"product_cat-fur-poncho","9":"product_cat-main-category","10":"product_cat-poncho-sweater","11":"product_cat-poncho-women","13":"first","14":"instock","15":"shipping-taxable","16":"purchasable","17":"product-type-variable"},"yoast_head":"<!-- This site is optimized with the Yoast SEO plugin v25.9 - https:\/\/yoast.com\/wordpress\/plugins\/seo\/ -->\n<title>Chic Leopard Poncho Sweater | Suomi #1 Poncho Shop<\/title>\n<meta name=\"description\" content=\"Looking for a Chic Leopard Poncho Sweater ? You&#039;ve come to the right place \ud83d\ude04 We offers a wide selection of Chic Leopard Poncho Sweater, perfect for you.\" \/>\n<meta name=\"robots\" content=\"index, follow, max-snippet:-1, max-image-preview:large, max-video-preview:-1\" \/>\n<link rel=\"canonical\" href=\"https:\/\/ozponcho.com.au\/fi\/p\/elegant-fur-trim-cape\/\" \/>\n<meta property=\"og:locale\" content=\"fi_FI\" \/>\n<meta property=\"og:type\" content=\"article\" \/>\n<meta property=\"og:title\" content=\"Chic Leopard Poncho Sweater | Suomi #1 Poncho Shop\" \/>\n<meta property=\"og:description\" content=\"Looking for a Chic Leopard Poncho Sweater ? You&#039;ve come to the right place \ud83d\ude04 We offers a wide selection of Chic Leopard Poncho Sweater, perfect for you.\" \/>\n<meta property=\"og:url\" content=\"https:\/\/ozponcho.com.au\/fi\/p\/elegant-fur-trim-cape\/\" \/>\n<meta property=\"og:site_name\" content=\"OZ Poncho\" \/>\n<meta property=\"article:modified_time\" content=\"2026-02-02T02:42:34+00:00\" \/>\n<meta property=\"og:image\" content=\"https:\/\/ozponcho.com.au\/wp-content\/uploads\/2023\/12\/O1CN01AvdBKz1QYY9gMIcYi_2505411988-0-cib.jpg\" \/>\n\t<meta property=\"og:image:width\" content=\"800\" \/>\n\t<meta property=\"og:image:height\" content=\"800\" \/>\n\t<meta property=\"og:image:type\" content=\"image\/jpeg\" \/>\n<meta name=\"twitter:card\" content=\"summary_large_image\" \/>\n<meta name=\"twitter:label1\" content=\"Arvioitu lukuaika\" \/>\n\t<meta name=\"twitter:data1\" content=\"1 minuutti\" \/>\n<script type=\"application\/ld+json\" class=\"yoast-schema-graph\">{\"@context\":\"https:\/\/schema.org\",\"@graph\":[{\"@type\":\"WebPage\",\"@id\":\"https:\/\/ozponcho.com.au\/p\/elegant-fur-trim-cape\/\",\"url\":\"https:\/\/ozponcho.com.au\/p\/elegant-fur-trim-cape\/\",\"name\":\"Chic Leopard Poncho Sweater | Suomi #1 Poncho Shop\",\"isPartOf\":{\"@id\":\"https:\/\/ozponcho.com.au\/#website\"},\"primaryImageOfPage\":{\"@id\":\"https:\/\/ozponcho.com.au\/p\/elegant-fur-trim-cape\/#primaryimage\"},\"image\":{\"@id\":\"https:\/\/ozponcho.com.au\/p\/elegant-fur-trim-cape\/#primaryimage\"},\"thumbnailUrl\":\"https:\/\/ozponcho.com.au\/wp-content\/uploads\/2023\/12\/O1CN01AvdBKz1QYY9gMIcYi_2505411988-0-cib.jpg\",\"datePublished\":\"2023-12-13T07:37:58+00:00\",\"dateModified\":\"2026-02-02T02:42:34+00:00\",\"description\":\"Looking for a Chic Leopard Poncho Sweater ? You've come to the right place \ud83d\ude04 We offers a wide selection of Chic Leopard Poncho Sweater, perfect for you.\",\"breadcrumb\":{\"@id\":\"https:\/\/ozponcho.com.au\/p\/elegant-fur-trim-cape\/#breadcrumb\"},\"inLanguage\":\"fi\",\"potentialAction\":[{\"@type\":\"ReadAction\",\"target\":[\"https:\/\/ozponcho.com.au\/p\/elegant-fur-trim-cape\/\"]}]},{\"@type\":\"ImageObject\",\"inLanguage\":\"fi\",\"@id\":\"https:\/\/ozponcho.com.au\/p\/elegant-fur-trim-cape\/#primaryimage\",\"url\":\"https:\/\/ozponcho.com.au\/wp-content\/uploads\/2023\/12\/O1CN01AvdBKz1QYY9gMIcYi_2505411988-0-cib.jpg\",\"contentUrl\":\"https:\/\/ozponcho.com.au\/wp-content\/uploads\/2023\/12\/O1CN01AvdBKz1QYY9gMIcYi_2505411988-0-cib.jpg\",\"width\":800,\"height\":800,\"caption\":\"Chic Leopard Poncho Sweater\"},{\"@type\":\"BreadcrumbList\",\"@id\":\"https:\/\/ozponcho.com.au\/p\/elegant-fur-trim-cape\/#breadcrumb\",\"itemListElement\":[{\"@type\":\"ListItem\",\"position\":1,\"name\":\"Home\",\"item\":\"https:\/\/ozponcho.com.au\/\"},{\"@type\":\"ListItem\",\"position\":2,\"name\":\"Shop\",\"item\":\"https:\/\/ozponcho.com.au\/shop\/\"},{\"@type\":\"ListItem\",\"position\":3,\"name\":\"Chic Leopard Poncho Sweater\"}]},{\"@type\":\"WebSite\",\"@id\":\"https:\/\/ozponcho.com.au\/#website\",\"url\":\"https:\/\/ozponcho.com.au\/\",\"name\":\"OZ Poncho\",\"description\":\"\",\"potentialAction\":[{\"@type\":\"SearchAction\",\"target\":{\"@type\":\"EntryPoint\",\"urlTemplate\":\"https:\/\/ozponcho.com.au\/?s={search_term_string}\"},\"query-input\":{\"@type\":\"PropertyValueSpecification\",\"valueRequired\":true,\"valueName\":\"search_term_string\"}}],\"inLanguage\":\"fi\"}]}<\/script>\n<!-- \/ Yoast SEO plugin. -->","yoast_head_json":{"title":"Tyylik\u00e4s Leopardiponcho villapaita | Suomi #1 Poncho Shop","description":"Etsitk\u00f6 tyylik\u00e4st\u00e4 Leopardiponcho-puseroa ? Olet tullut oikeaan paikkaan \ud83d\ude04 Tarjoamme laajan valikoiman Chic Leopardiponcho villapaita, t\u00e4ydellinen sinulle.","robots":{"index":"index","follow":"follow","max-snippet":"max-snippet:-1","max-image-preview":"max-image-preview:large","max-video-preview":"max-video-preview:-1"},"canonical":"https:\/\/ozponcho.com.au\/fi\/p\/elegant-fur-trim-cape\/","og_locale":"fi_FI","og_type":"article","og_title":"Chic Leopard Poncho Sweater | Suomi #1 Poncho Shop","og_description":"Looking for a Chic Leopard Poncho Sweater ? You've come to the right place \ud83d\ude04 We offers a wide selection of Chic Leopard Poncho Sweater, perfect for you.","og_url":"https:\/\/ozponcho.com.au\/fi\/p\/elegant-fur-trim-cape\/","og_site_name":"OZ Poncho","article_modified_time":"2026-02-02T02:42:34+00:00","og_image":[{"width":800,"height":800,"url":"https:\/\/ozponcho.com.au\/wp-content\/uploads\/2023\/12\/O1CN01AvdBKz1QYY9gMIcYi_2505411988-0-cib.jpg","type":"image\/jpeg"}],"twitter_card":"summary_large_image","twitter_misc":{"Arvioitu lukuaika":"1 minuutti"},"schema":{"@context":"https:\/\/schema.org","@graph":[{"@type":"WebPage","@id":"https:\/\/ozponcho.com.au\/p\/elegant-fur-trim-cape\/","url":"https:\/\/ozponcho.com.au\/p\/elegant-fur-trim-cape\/","name":"Tyylik\u00e4s Leopardiponcho villapaita | Suomi #1 Poncho Shop","isPartOf":{"@id":"https:\/\/ozponcho.com.au\/#website"},"primaryImageOfPage":{"@id":"https:\/\/ozponcho.com.au\/p\/elegant-fur-trim-cape\/#primaryimage"},"image":{"@id":"https:\/\/ozponcho.com.au\/p\/elegant-fur-trim-cape\/#primaryimage"},"thumbnailUrl":"https:\/\/ozponcho.com.au\/wp-content\/uploads\/2023\/12\/O1CN01AvdBKz1QYY9gMIcYi_2505411988-0-cib.jpg","datePublished":"2023-12-13T07:37:58+00:00","dateModified":"2026-02-02T02:42:34+00:00","description":"Etsitk\u00f6 tyylik\u00e4st\u00e4 Leopardiponcho-puseroa ? Olet tullut oikeaan paikkaan \ud83d\ude04 Tarjoamme laajan valikoiman Chic Leopardiponcho villapaita, t\u00e4ydellinen sinulle.","breadcrumb":{"@id":"https:\/\/ozponcho.com.au\/p\/elegant-fur-trim-cape\/#breadcrumb"},"inLanguage":"fi","potentialAction":[{"@type":"ReadAction","target":["https:\/\/ozponcho.com.au\/p\/elegant-fur-trim-cape\/"]}]},{"@type":"ImageObject","inLanguage":"fi","@id":"https:\/\/ozponcho.com.au\/p\/elegant-fur-trim-cape\/#primaryimage","url":"https:\/\/ozponcho.com.au\/wp-content\/uploads\/2023\/12\/O1CN01AvdBKz1QYY9gMIcYi_2505411988-0-cib.jpg","contentUrl":"https:\/\/ozponcho.com.au\/wp-content\/uploads\/2023\/12\/O1CN01AvdBKz1QYY9gMIcYi_2505411988-0-cib.jpg","width":800,"height":800,"caption":"Chic Leopard Poncho Sweater"},{"@type":"BreadcrumbList","@id":"https:\/\/ozponcho.com.au\/p\/elegant-fur-trim-cape\/#breadcrumb","itemListElement":[{"@type":"ListItem","position":1,"name":"Home","item":"https:\/\/ozponcho.com.au\/"},{"@type":"ListItem","position":2,"name":"Shop","item":"https:\/\/ozponcho.com.au\/shop\/"},{"@type":"ListItem","position":3,"name":"Chic Leopard Poncho Sweater"}]},{"@type":"WebSite","@id":"https:\/\/ozponcho.com.au\/#website","url":"https:\/\/ozponcho.com.au\/","name":"OZ Poncho","description":"","potentialAction":[{"@type":"SearchAction","target":{"@type":"EntryPoint","urlTemplate":"https:\/\/ozponcho.com.au\/?s={search_term_string}"},"query-input":{"@type":"PropertyValueSpecification","valueRequired":true,"valueName":"search_term_string"}}],"inLanguage":"fi"}]}},"_links":{"self":[{"href":"https:\/\/ozponcho.com.au\/fi\/wp-json\/wp\/v2\/product\/13058","targetHints":{"allow":["GET"]}}],"collection":[{"href":"https:\/\/ozponcho.com.au\/fi\/wp-json\/wp\/v2\/product"}],"about":[{"href":"https:\/\/ozponcho.com.au\/fi\/wp-json\/wp\/v2\/types\/product"}],"wp:featuredmedia":[{"embeddable":true,"href":"https:\/\/ozponcho.com.au\/fi\/wp-json\/wp\/v2\/media\/13034"}],"wp:attachment":[{"href":"https:\/\/ozponcho.com.au\/fi\/wp-json\/wp\/v2\/media?parent=13058"}],"wp:term":[{"taxonomy":"product_brand","embeddable":true,"href":"https:\/\/ozponcho.com.au\/fi\/wp-json\/wp\/v2\/product_brand?post=13058"},{"taxonomy":"product_cat","embeddable":true,"href":"https:\/\/ozponcho.com.au\/fi\/wp-json\/wp\/v2\/product_cat?post=13058"},{"taxonomy":"product_tag","embeddable":true,"href":"https:\/\/ozponcho.com.au\/fi\/wp-json\/wp\/v2\/product_tag?post=13058"}],"curies":[{"name":"wp","href":"https:\/\/api.w.org\/{rel}","templated":true}]}}