{"id":13047,"date":"2023-12-13T18:37:54","date_gmt":"2023-12-13T07:37:54","guid":{"rendered":"https:\/\/ozponcho.com.au\/p\/contrast-color-plaid-ladies-tassel-cape-scarf-autumn-winter-knitted-shawl-for-women\/"},"modified":"2024-03-08T16:27:57","modified_gmt":"2024-03-08T05:27:57","slug":"tassel-cape-scarf-shawl","status":"publish","type":"product","link":"https:\/\/ozponcho.com.au\/fi\/p\/tupsuviitta-huivi-huivi-huivi-huivi\/","title":{"rendered":"Elegantti hapsut neulottu poncho"},"content":{"rendered":"<p>Korosta syksyn ja talven vaatekaappiasi t\u00e4ll\u00e4 vaivattoman tyylikk\u00e4\u00e4ll\u00e4 poncholla, joka sopii t\u00e4ydellisesti tyylikk\u00e4\u00e4lle modernille naiselle. Viihtyis\u00e4\u00e4 trikoo-neulosta koristaa silmiinpist\u00e4v\u00e4 mustan, valkoisen ja viininpunaisen v\u00e4rinen lohkokuvio, joka antaa sinulle erottuvan ilmeen ja pit\u00e4\u00e4 sinut l\u00e4mpim\u00e4n\u00e4. Yksityiskohtaiset hapsureunat tuovat t\u00e4h\u00e4n tyylikk\u00e4\u00e4seen viittahuiviin boheemin kosketuksen, mik\u00e4 tekee siit\u00e4 monipuolisen lis\u00e4n mihin tahansa asuun. Kiedo se olkap\u00e4illesi tyylik\u00e4st\u00e4 iltayhdistelm\u00e4\u00e4 varten tai pariksi suosikkifarkkujesi kanssa hienostuneen rentoa tunnelmaa varten. Ota viile\u00e4mm\u00e4t vuodenajat vastaan mukavasti ja tyylill\u00e4 t\u00e4m\u00e4n must-have-lis\u00e4varusteen avulla.<\/p>\n<div>Tyyli: Tyylilaji: Elegantti<\/div>\n<div>Sopii: L\u00f6ys\u00e4<\/div>\n<div>Kangas: Jersey<\/div>\n<div>Kuvio: V\u00e4ri Block<\/div>\n<div>Elementti: Fringe<\/div>\n<div>Top Pituus: Pituus: Regular<\/div>\n<div>Hihan tyyppi: Muut<\/div>\n<div>Hihan pituus: 3\/4 hiha<\/div>\n<div>Sulkemistyyppi: Muut<\/div>\n<div>T\u00e4rkein koostumus: Polyesteri<\/div>\n<div>Kausi: Syksy\/Talvi<\/div>\n<p><img decoding=\"async\" src=\"https:\/\/ozponcho.com.au\/wp-content\/uploads\/2024\/03\/1015286619504115712.png\" \/><img decoding=\"async\" src=\"https:\/\/ozponcho.com.au\/wp-content\/uploads\/2024\/03\/O1CN015iIutx1QYY9jsN0Ps_2505411988-0-cib.jpg\" \/><img decoding=\"async\" src=\"https:\/\/ozponcho.com.au\/wp-content\/uploads\/2024\/03\/O1CN01t8XBHX1QYY9mjNTPW_2505411988-0-cib.jpg\" \/><img decoding=\"async\" src=\"https:\/\/ozponcho.com.au\/wp-content\/uploads\/2024\/03\/O1CN01s0pe341QYY9gKJwRt_2505411988-0-cib.jpg\" \/><img decoding=\"async\" src=\"https:\/\/ozponcho.com.au\/wp-content\/uploads\/2024\/03\/O1CN01ik9pZE1QYY9e3MaL2_2505411988-0-cib.jpg\" \/><img decoding=\"async\" src=\"https:\/\/ozponcho.com.au\/wp-content\/uploads\/2024\/03\/O1CN01fGSjdC1QYY9h6xpK2_2505411988-0-cib.jpg\" \/><\/p>","protected":false},"excerpt":{"rendered":"<p>Elevate your autumn and winter wardrobe with this effortlessly stylish poncho, perfect for the chic modern woman. The cozy jersey knit is adorned with a striking black, white, and burgundy color block pattern, giving you a standout look while keeping you warm. Detailed fringe edges add a bohemian touch to this elegant cape scarf, making [&#8230;]","protected":false},"featured_media":13026,"template":"","meta":[],"product_brand":[],"product_cat":[219,229,223,15,228,214,210,221],"product_tag":[],"class_list":{"0":"post-13047","1":"product","2":"type-product","3":"status-publish","4":"has-post-thumbnail","6":"product_cat-black-poncho","7":"product_cat-blanket-poncho","8":"product_cat-blue-poncho","9":"product_cat-main-category","10":"product_cat-poncho-sweater","11":"product_cat-knitted-crochet-poncho","12":"product_cat-poncho-women","13":"product_cat-red-poncho","15":"first","16":"outofstock","17":"shipping-taxable","18":"purchasable","19":"product-type-variable"},"yoast_head":"<!-- This site is optimized with the Yoast SEO plugin v25.9 - https:\/\/yoast.com\/wordpress\/plugins\/seo\/ -->\n<title>Elegant Fringe Knitted Poncho | Suomi #1 Poncho Shop<\/title>\n<meta name=\"description\" content=\"Looking for a Elegant Fringe Knitted Poncho ? You&#039;ve come to the right place \ud83d\ude04 We offers a wide selection of Elegant Fringe Knitted Poncho, perfect for you.\" \/>\n<meta name=\"robots\" content=\"index, follow, max-snippet:-1, max-image-preview:large, max-video-preview:-1\" \/>\n<link rel=\"canonical\" href=\"https:\/\/ozponcho.com.au\/fi\/p\/tupsuviitta-huivi-huivi-huivi-huivi\/\" \/>\n<meta property=\"og:locale\" content=\"fi_FI\" \/>\n<meta property=\"og:type\" content=\"article\" \/>\n<meta property=\"og:title\" content=\"Elegant Fringe Knitted Poncho | Suomi #1 Poncho Shop\" \/>\n<meta property=\"og:description\" content=\"Looking for a Elegant Fringe Knitted Poncho ? You&#039;ve come to the right place \ud83d\ude04 We offers a wide selection of Elegant Fringe Knitted Poncho, perfect for you.\" \/>\n<meta property=\"og:url\" content=\"https:\/\/ozponcho.com.au\/fi\/p\/tupsuviitta-huivi-huivi-huivi-huivi\/\" \/>\n<meta property=\"og:site_name\" content=\"OZ Poncho\" \/>\n<meta property=\"article:modified_time\" content=\"2024-03-08T05:27:57+00:00\" \/>\n<meta property=\"og:image\" content=\"https:\/\/ozponcho.com.au\/wp-content\/uploads\/2023\/12\/O1CN01OzK2Ey1QYY9kmxrER_2505411988-0-cib.jpg\" \/>\n\t<meta property=\"og:image:width\" content=\"800\" \/>\n\t<meta property=\"og:image:height\" content=\"800\" \/>\n\t<meta property=\"og:image:type\" content=\"image\/jpeg\" \/>\n<meta name=\"twitter:card\" content=\"summary_large_image\" \/>\n<meta name=\"twitter:label1\" content=\"Arvioitu lukuaika\" \/>\n\t<meta name=\"twitter:data1\" content=\"2 minuuttia\" \/>\n<script type=\"application\/ld+json\" class=\"yoast-schema-graph\">{\"@context\":\"https:\/\/schema.org\",\"@graph\":[{\"@type\":\"WebPage\",\"@id\":\"https:\/\/ozponcho.com.au\/p\/tassel-cape-scarf-shawl\/\",\"url\":\"https:\/\/ozponcho.com.au\/p\/tassel-cape-scarf-shawl\/\",\"name\":\"Elegant Fringe Knitted Poncho | Suomi #1 Poncho Shop\",\"isPartOf\":{\"@id\":\"https:\/\/ozponcho.com.au\/#website\"},\"primaryImageOfPage\":{\"@id\":\"https:\/\/ozponcho.com.au\/p\/tassel-cape-scarf-shawl\/#primaryimage\"},\"image\":{\"@id\":\"https:\/\/ozponcho.com.au\/p\/tassel-cape-scarf-shawl\/#primaryimage\"},\"thumbnailUrl\":\"https:\/\/ozponcho.com.au\/wp-content\/uploads\/2023\/12\/O1CN01OzK2Ey1QYY9kmxrER_2505411988-0-cib.jpg\",\"datePublished\":\"2023-12-13T07:37:54+00:00\",\"dateModified\":\"2024-03-08T05:27:57+00:00\",\"description\":\"Looking for a Elegant Fringe Knitted Poncho ? You've come to the right place \ud83d\ude04 We offers a wide selection of Elegant Fringe Knitted Poncho, perfect for you.\",\"breadcrumb\":{\"@id\":\"https:\/\/ozponcho.com.au\/p\/tassel-cape-scarf-shawl\/#breadcrumb\"},\"inLanguage\":\"fi\",\"potentialAction\":[{\"@type\":\"ReadAction\",\"target\":[\"https:\/\/ozponcho.com.au\/p\/tassel-cape-scarf-shawl\/\"]}]},{\"@type\":\"ImageObject\",\"inLanguage\":\"fi\",\"@id\":\"https:\/\/ozponcho.com.au\/p\/tassel-cape-scarf-shawl\/#primaryimage\",\"url\":\"https:\/\/ozponcho.com.au\/wp-content\/uploads\/2023\/12\/O1CN01OzK2Ey1QYY9kmxrER_2505411988-0-cib.jpg\",\"contentUrl\":\"https:\/\/ozponcho.com.au\/wp-content\/uploads\/2023\/12\/O1CN01OzK2Ey1QYY9kmxrER_2505411988-0-cib.jpg\",\"width\":800,\"height\":800,\"caption\":\"Elegant Fringe Knitted Poncho\"},{\"@type\":\"BreadcrumbList\",\"@id\":\"https:\/\/ozponcho.com.au\/p\/tassel-cape-scarf-shawl\/#breadcrumb\",\"itemListElement\":[{\"@type\":\"ListItem\",\"position\":1,\"name\":\"Home\",\"item\":\"https:\/\/ozponcho.com.au\/\"},{\"@type\":\"ListItem\",\"position\":2,\"name\":\"Shop\",\"item\":\"https:\/\/ozponcho.com.au\/shop\/\"},{\"@type\":\"ListItem\",\"position\":3,\"name\":\"Elegant Fringe Knitted Poncho\"}]},{\"@type\":\"WebSite\",\"@id\":\"https:\/\/ozponcho.com.au\/#website\",\"url\":\"https:\/\/ozponcho.com.au\/\",\"name\":\"OZ Poncho\",\"description\":\"\",\"potentialAction\":[{\"@type\":\"SearchAction\",\"target\":{\"@type\":\"EntryPoint\",\"urlTemplate\":\"https:\/\/ozponcho.com.au\/?s={search_term_string}\"},\"query-input\":{\"@type\":\"PropertyValueSpecification\",\"valueRequired\":true,\"valueName\":\"search_term_string\"}}],\"inLanguage\":\"fi\"}]}<\/script>\n<!-- \/ Yoast SEO plugin. -->","yoast_head_json":{"title":"Elegantti hapsullinen neulottu poncho | Suomi #1 Poncho Shop","description":"Etsitk\u00f6 eleganttia hapsu neulottua ponchoa ? Olet tullut oikeaan paikkaan \ud83d\ude04 Tarjoamme laajan valikoiman Elegantti Fringe Neulottu Poncho, t\u00e4ydellinen sinulle.","robots":{"index":"index","follow":"follow","max-snippet":"max-snippet:-1","max-image-preview":"max-image-preview:large","max-video-preview":"max-video-preview:-1"},"canonical":"https:\/\/ozponcho.com.au\/fi\/p\/tupsuviitta-huivi-huivi-huivi-huivi\/","og_locale":"fi_FI","og_type":"article","og_title":"Elegant Fringe Knitted Poncho | Suomi #1 Poncho Shop","og_description":"Looking for a Elegant Fringe Knitted Poncho ? You've come to the right place \ud83d\ude04 We offers a wide selection of Elegant Fringe Knitted Poncho, perfect for you.","og_url":"https:\/\/ozponcho.com.au\/fi\/p\/tupsuviitta-huivi-huivi-huivi-huivi\/","og_site_name":"OZ Poncho","article_modified_time":"2024-03-08T05:27:57+00:00","og_image":[{"width":800,"height":800,"url":"https:\/\/ozponcho.com.au\/wp-content\/uploads\/2023\/12\/O1CN01OzK2Ey1QYY9kmxrER_2505411988-0-cib.jpg","type":"image\/jpeg"}],"twitter_card":"summary_large_image","twitter_misc":{"Arvioitu lukuaika":"2 minuuttia"},"schema":{"@context":"https:\/\/schema.org","@graph":[{"@type":"WebPage","@id":"https:\/\/ozponcho.com.au\/p\/tassel-cape-scarf-shawl\/","url":"https:\/\/ozponcho.com.au\/p\/tassel-cape-scarf-shawl\/","name":"Elegantti hapsullinen neulottu poncho | Suomi #1 Poncho Shop","isPartOf":{"@id":"https:\/\/ozponcho.com.au\/#website"},"primaryImageOfPage":{"@id":"https:\/\/ozponcho.com.au\/p\/tassel-cape-scarf-shawl\/#primaryimage"},"image":{"@id":"https:\/\/ozponcho.com.au\/p\/tassel-cape-scarf-shawl\/#primaryimage"},"thumbnailUrl":"https:\/\/ozponcho.com.au\/wp-content\/uploads\/2023\/12\/O1CN01OzK2Ey1QYY9kmxrER_2505411988-0-cib.jpg","datePublished":"2023-12-13T07:37:54+00:00","dateModified":"2024-03-08T05:27:57+00:00","description":"Etsitk\u00f6 eleganttia hapsu neulottua ponchoa ? Olet tullut oikeaan paikkaan \ud83d\ude04 Tarjoamme laajan valikoiman Elegantti Fringe Neulottu Poncho, t\u00e4ydellinen sinulle.","breadcrumb":{"@id":"https:\/\/ozponcho.com.au\/p\/tassel-cape-scarf-shawl\/#breadcrumb"},"inLanguage":"fi","potentialAction":[{"@type":"ReadAction","target":["https:\/\/ozponcho.com.au\/p\/tassel-cape-scarf-shawl\/"]}]},{"@type":"ImageObject","inLanguage":"fi","@id":"https:\/\/ozponcho.com.au\/p\/tassel-cape-scarf-shawl\/#primaryimage","url":"https:\/\/ozponcho.com.au\/wp-content\/uploads\/2023\/12\/O1CN01OzK2Ey1QYY9kmxrER_2505411988-0-cib.jpg","contentUrl":"https:\/\/ozponcho.com.au\/wp-content\/uploads\/2023\/12\/O1CN01OzK2Ey1QYY9kmxrER_2505411988-0-cib.jpg","width":800,"height":800,"caption":"Elegant Fringe Knitted Poncho"},{"@type":"BreadcrumbList","@id":"https:\/\/ozponcho.com.au\/p\/tassel-cape-scarf-shawl\/#breadcrumb","itemListElement":[{"@type":"ListItem","position":1,"name":"Home","item":"https:\/\/ozponcho.com.au\/"},{"@type":"ListItem","position":2,"name":"Shop","item":"https:\/\/ozponcho.com.au\/shop\/"},{"@type":"ListItem","position":3,"name":"Elegant Fringe Knitted Poncho"}]},{"@type":"WebSite","@id":"https:\/\/ozponcho.com.au\/#website","url":"https:\/\/ozponcho.com.au\/","name":"OZ Poncho","description":"","potentialAction":[{"@type":"SearchAction","target":{"@type":"EntryPoint","urlTemplate":"https:\/\/ozponcho.com.au\/?s={search_term_string}"},"query-input":{"@type":"PropertyValueSpecification","valueRequired":true,"valueName":"search_term_string"}}],"inLanguage":"fi"}]}},"_links":{"self":[{"href":"https:\/\/ozponcho.com.au\/fi\/wp-json\/wp\/v2\/product\/13047","targetHints":{"allow":["GET"]}}],"collection":[{"href":"https:\/\/ozponcho.com.au\/fi\/wp-json\/wp\/v2\/product"}],"about":[{"href":"https:\/\/ozponcho.com.au\/fi\/wp-json\/wp\/v2\/types\/product"}],"wp:featuredmedia":[{"embeddable":true,"href":"https:\/\/ozponcho.com.au\/fi\/wp-json\/wp\/v2\/media\/13026"}],"wp:attachment":[{"href":"https:\/\/ozponcho.com.au\/fi\/wp-json\/wp\/v2\/media?parent=13047"}],"wp:term":[{"taxonomy":"product_brand","embeddable":true,"href":"https:\/\/ozponcho.com.au\/fi\/wp-json\/wp\/v2\/product_brand?post=13047"},{"taxonomy":"product_cat","embeddable":true,"href":"https:\/\/ozponcho.com.au\/fi\/wp-json\/wp\/v2\/product_cat?post=13047"},{"taxonomy":"product_tag","embeddable":true,"href":"https:\/\/ozponcho.com.au\/fi\/wp-json\/wp\/v2\/product_tag?post=13047"}],"curies":[{"name":"wp","href":"https:\/\/api.w.org\/{rel}","templated":true}]}}