{"id":12769,"date":"2023-12-13T18:36:44","date_gmt":"2023-12-13T07:36:44","guid":{"rendered":"https:\/\/ozponcho.com.au\/p\/tassel-cape-shawl-women-autumn-winter-knitted-striped-fur-collar-scarf\/"},"modified":"2025-06-28T10:14:51","modified_gmt":"2025-06-27T23:14:51","slug":"striped-fur-collar-shawl","status":"publish","type":"product","link":"https:\/\/ozponcho.com.au\/fi\/p\/raidallinen-turkiskaulus-huivi\/","title":{"rendered":"Syksyn raidallinen hapsuponcho"},"content":{"rendered":"<p>Ota syksyn viile\u00e4 vieh\u00e4tys vastaan tyylikk\u00e4\u00e4ll\u00e4 ja kodikkaalla ponchollamme. T\u00e4t\u00e4 tyylik\u00e4st\u00e4 beige-valkoraidallista huivia koristaa pehmoinen harmaa turkiskaulus ja tyylik\u00e4s hapsuhelmainen helma, ja se pit\u00e4\u00e4 sinut l\u00e4mpim\u00e4n\u00e4 ja muodikkaana l\u00e4pi kauden. Sen pehme\u00e4, trikoo neulottu rakenne antaa pois ylellinen tuntuma muistuttaa hieno villasekoitus - t\u00e4ydellinen sartorial valinta kaikille, jotka haluavat kohottaa niiden syksyn ja talven vaatekaappi. Koe mukavuus ja muoti samassa tyylikk\u00e4\u00e4ss\u00e4 paketissa t\u00e4m\u00e4n syksyn ja talven must-have-asusteen kanssa.<\/p>\n<div>Tyyli: .<\/div>\n<div>Sopii: S\u00e4\u00e4nn\u00f6llinen<\/div>\n<div>Kangas: Jersey<\/div>\n<div>Kuvio: Raita<\/div>\n<div>Elementti: Fringe<\/div>\n<div>Top Pituus: Pitk\u00e4<\/div>\n<div>Hihan tyyppi: Hihan tyyppi: Dolman<\/div>\n<div>Hihan pituus: Hiha: Pitk\u00e4 hiha<\/div>\n<div>Sulkemistyyppi: Muut<\/div>\n<div>T\u00e4rkein koostumus: Polyesteri<\/div>\n<div>Kausi: Syksy\/Talvi<\/div>\n<p><img decoding=\"async\" src=\"https:\/\/ozponcho.com.au\/wp-content\/uploads\/2024\/03\/1117774273142849536.png\" \/><\/p>","protected":false},"excerpt":{"rendered":"<p>Embrace the chilly allure of autumn with our chic and cozy poncho. Adorned with a plush grey fur collar and an elegant fringe hem, this stylish beige and white striped shawl promises to keep you warm and fashionable through the season. Its soft, jersey knit texture gives off a luxurious feel reminiscent of a fine [&#8230;]","protected":false},"featured_media":12723,"template":"","meta":[],"product_brand":[],"product_cat":[229,216,218,225,15,228,214,210,215],"product_tag":[],"class_list":{"0":"post-12769","1":"product","2":"type-product","3":"status-publish","4":"has-post-thumbnail","6":"product_cat-blanket-poncho","7":"product_cat-cashmere-poncho","8":"product_cat-fur-poncho","9":"product_cat-grey-poncho","10":"product_cat-main-category","11":"product_cat-poncho-sweater","12":"product_cat-knitted-crochet-poncho","13":"product_cat-poncho-women","14":"product_cat-wool-poncho","16":"first","17":"instock","18":"shipping-taxable","19":"purchasable","20":"product-type-variable"},"yoast_head":"<!-- This site is optimized with the Yoast SEO plugin v25.9 - https:\/\/yoast.com\/wordpress\/plugins\/seo\/ -->\n<title>Autumn Striped Fringe Poncho | Suomi #1 Poncho Shop<\/title>\n<meta name=\"description\" content=\"Looking for a Autumn Striped Fringe Poncho ? You&#039;ve come to the right place \ud83d\ude04 We offers a wide selection of Autumn Striped Fringe Poncho, perfect for you.\" \/>\n<meta name=\"robots\" content=\"index, follow, max-snippet:-1, max-image-preview:large, max-video-preview:-1\" \/>\n<link rel=\"canonical\" href=\"https:\/\/ozponcho.com.au\/fi\/p\/raidallinen-turkiskaulus-huivi\/\" \/>\n<meta property=\"og:locale\" content=\"fi_FI\" \/>\n<meta property=\"og:type\" content=\"article\" \/>\n<meta property=\"og:title\" content=\"Autumn Striped Fringe Poncho | Suomi #1 Poncho Shop\" \/>\n<meta property=\"og:description\" content=\"Looking for a Autumn Striped Fringe Poncho ? You&#039;ve come to the right place \ud83d\ude04 We offers a wide selection of Autumn Striped Fringe Poncho, perfect for you.\" \/>\n<meta property=\"og:url\" content=\"https:\/\/ozponcho.com.au\/fi\/p\/raidallinen-turkiskaulus-huivi\/\" \/>\n<meta property=\"og:site_name\" content=\"OZ Poncho\" \/>\n<meta property=\"article:modified_time\" content=\"2025-06-27T23:14:51+00:00\" \/>\n<meta property=\"og:image\" content=\"https:\/\/ozponcho.com.au\/wp-content\/uploads\/2023\/12\/O1CN01nVohDt1QYYE1l460h_2505411988-0-cib.jpg\" \/>\n\t<meta property=\"og:image:width\" content=\"800\" \/>\n\t<meta property=\"og:image:height\" content=\"800\" \/>\n\t<meta property=\"og:image:type\" content=\"image\/jpeg\" \/>\n<meta name=\"twitter:card\" content=\"summary_large_image\" \/>\n<meta name=\"twitter:label1\" content=\"Arvioitu lukuaika\" \/>\n\t<meta name=\"twitter:data1\" content=\"1 minuutti\" \/>\n<script type=\"application\/ld+json\" class=\"yoast-schema-graph\">{\"@context\":\"https:\/\/schema.org\",\"@graph\":[{\"@type\":\"WebPage\",\"@id\":\"https:\/\/ozponcho.com.au\/p\/striped-fur-collar-shawl\/\",\"url\":\"https:\/\/ozponcho.com.au\/p\/striped-fur-collar-shawl\/\",\"name\":\"Autumn Striped Fringe Poncho | Suomi #1 Poncho Shop\",\"isPartOf\":{\"@id\":\"https:\/\/ozponcho.com.au\/#website\"},\"primaryImageOfPage\":{\"@id\":\"https:\/\/ozponcho.com.au\/p\/striped-fur-collar-shawl\/#primaryimage\"},\"image\":{\"@id\":\"https:\/\/ozponcho.com.au\/p\/striped-fur-collar-shawl\/#primaryimage\"},\"thumbnailUrl\":\"https:\/\/ozponcho.com.au\/wp-content\/uploads\/2023\/12\/O1CN01nVohDt1QYYE1l460h_2505411988-0-cib.jpg\",\"datePublished\":\"2023-12-13T07:36:44+00:00\",\"dateModified\":\"2025-06-27T23:14:51+00:00\",\"description\":\"Looking for a Autumn Striped Fringe Poncho ? You've come to the right place \ud83d\ude04 We offers a wide selection of Autumn Striped Fringe Poncho, perfect for you.\",\"breadcrumb\":{\"@id\":\"https:\/\/ozponcho.com.au\/p\/striped-fur-collar-shawl\/#breadcrumb\"},\"inLanguage\":\"fi\",\"potentialAction\":[{\"@type\":\"ReadAction\",\"target\":[\"https:\/\/ozponcho.com.au\/p\/striped-fur-collar-shawl\/\"]}]},{\"@type\":\"ImageObject\",\"inLanguage\":\"fi\",\"@id\":\"https:\/\/ozponcho.com.au\/p\/striped-fur-collar-shawl\/#primaryimage\",\"url\":\"https:\/\/ozponcho.com.au\/wp-content\/uploads\/2023\/12\/O1CN01nVohDt1QYYE1l460h_2505411988-0-cib.jpg\",\"contentUrl\":\"https:\/\/ozponcho.com.au\/wp-content\/uploads\/2023\/12\/O1CN01nVohDt1QYYE1l460h_2505411988-0-cib.jpg\",\"width\":800,\"height\":800,\"caption\":\"Autumn Striped Fringe Poncho\"},{\"@type\":\"BreadcrumbList\",\"@id\":\"https:\/\/ozponcho.com.au\/p\/striped-fur-collar-shawl\/#breadcrumb\",\"itemListElement\":[{\"@type\":\"ListItem\",\"position\":1,\"name\":\"Home\",\"item\":\"https:\/\/ozponcho.com.au\/\"},{\"@type\":\"ListItem\",\"position\":2,\"name\":\"Shop\",\"item\":\"https:\/\/ozponcho.com.au\/shop\/\"},{\"@type\":\"ListItem\",\"position\":3,\"name\":\"Autumn Striped Fringe Poncho\"}]},{\"@type\":\"WebSite\",\"@id\":\"https:\/\/ozponcho.com.au\/#website\",\"url\":\"https:\/\/ozponcho.com.au\/\",\"name\":\"OZ Poncho\",\"description\":\"\",\"potentialAction\":[{\"@type\":\"SearchAction\",\"target\":{\"@type\":\"EntryPoint\",\"urlTemplate\":\"https:\/\/ozponcho.com.au\/?s={search_term_string}\"},\"query-input\":{\"@type\":\"PropertyValueSpecification\",\"valueRequired\":true,\"valueName\":\"search_term_string\"}}],\"inLanguage\":\"fi\"}]}<\/script>\n<!-- \/ Yoast SEO plugin. -->","yoast_head_json":{"title":"Syksyn raidallinen hapsuponcho | Suomi #1 Poncho Shop","description":"Etsitk\u00f6 syksyist\u00e4 raidallista hapsuponchoa ? Olet tullut oikeaan paikkaan \ud83d\ude04 Tarjoamme laajan valikoiman Syksyn raidallinen hapsuponcho, t\u00e4ydellinen sinulle.","robots":{"index":"index","follow":"follow","max-snippet":"max-snippet:-1","max-image-preview":"max-image-preview:large","max-video-preview":"max-video-preview:-1"},"canonical":"https:\/\/ozponcho.com.au\/fi\/p\/raidallinen-turkiskaulus-huivi\/","og_locale":"fi_FI","og_type":"article","og_title":"Autumn Striped Fringe Poncho | Suomi #1 Poncho Shop","og_description":"Looking for a Autumn Striped Fringe Poncho ? You've come to the right place \ud83d\ude04 We offers a wide selection of Autumn Striped Fringe Poncho, perfect for you.","og_url":"https:\/\/ozponcho.com.au\/fi\/p\/raidallinen-turkiskaulus-huivi\/","og_site_name":"OZ Poncho","article_modified_time":"2025-06-27T23:14:51+00:00","og_image":[{"width":800,"height":800,"url":"https:\/\/ozponcho.com.au\/wp-content\/uploads\/2023\/12\/O1CN01nVohDt1QYYE1l460h_2505411988-0-cib.jpg","type":"image\/jpeg"}],"twitter_card":"summary_large_image","twitter_misc":{"Arvioitu lukuaika":"1 minuutti"},"schema":{"@context":"https:\/\/schema.org","@graph":[{"@type":"WebPage","@id":"https:\/\/ozponcho.com.au\/p\/striped-fur-collar-shawl\/","url":"https:\/\/ozponcho.com.au\/p\/striped-fur-collar-shawl\/","name":"Syksyn raidallinen hapsuponcho | Suomi #1 Poncho Shop","isPartOf":{"@id":"https:\/\/ozponcho.com.au\/#website"},"primaryImageOfPage":{"@id":"https:\/\/ozponcho.com.au\/p\/striped-fur-collar-shawl\/#primaryimage"},"image":{"@id":"https:\/\/ozponcho.com.au\/p\/striped-fur-collar-shawl\/#primaryimage"},"thumbnailUrl":"https:\/\/ozponcho.com.au\/wp-content\/uploads\/2023\/12\/O1CN01nVohDt1QYYE1l460h_2505411988-0-cib.jpg","datePublished":"2023-12-13T07:36:44+00:00","dateModified":"2025-06-27T23:14:51+00:00","description":"Etsitk\u00f6 syksyist\u00e4 raidallista hapsuponchoa ? Olet tullut oikeaan paikkaan \ud83d\ude04 Tarjoamme laajan valikoiman Syksyn raidallinen hapsuponcho, t\u00e4ydellinen sinulle.","breadcrumb":{"@id":"https:\/\/ozponcho.com.au\/p\/striped-fur-collar-shawl\/#breadcrumb"},"inLanguage":"fi","potentialAction":[{"@type":"ReadAction","target":["https:\/\/ozponcho.com.au\/p\/striped-fur-collar-shawl\/"]}]},{"@type":"ImageObject","inLanguage":"fi","@id":"https:\/\/ozponcho.com.au\/p\/striped-fur-collar-shawl\/#primaryimage","url":"https:\/\/ozponcho.com.au\/wp-content\/uploads\/2023\/12\/O1CN01nVohDt1QYYE1l460h_2505411988-0-cib.jpg","contentUrl":"https:\/\/ozponcho.com.au\/wp-content\/uploads\/2023\/12\/O1CN01nVohDt1QYYE1l460h_2505411988-0-cib.jpg","width":800,"height":800,"caption":"Autumn Striped Fringe Poncho"},{"@type":"BreadcrumbList","@id":"https:\/\/ozponcho.com.au\/p\/striped-fur-collar-shawl\/#breadcrumb","itemListElement":[{"@type":"ListItem","position":1,"name":"Home","item":"https:\/\/ozponcho.com.au\/"},{"@type":"ListItem","position":2,"name":"Shop","item":"https:\/\/ozponcho.com.au\/shop\/"},{"@type":"ListItem","position":3,"name":"Autumn Striped Fringe Poncho"}]},{"@type":"WebSite","@id":"https:\/\/ozponcho.com.au\/#website","url":"https:\/\/ozponcho.com.au\/","name":"OZ Poncho","description":"","potentialAction":[{"@type":"SearchAction","target":{"@type":"EntryPoint","urlTemplate":"https:\/\/ozponcho.com.au\/?s={search_term_string}"},"query-input":{"@type":"PropertyValueSpecification","valueRequired":true,"valueName":"search_term_string"}}],"inLanguage":"fi"}]}},"_links":{"self":[{"href":"https:\/\/ozponcho.com.au\/fi\/wp-json\/wp\/v2\/product\/12769","targetHints":{"allow":["GET"]}}],"collection":[{"href":"https:\/\/ozponcho.com.au\/fi\/wp-json\/wp\/v2\/product"}],"about":[{"href":"https:\/\/ozponcho.com.au\/fi\/wp-json\/wp\/v2\/types\/product"}],"wp:featuredmedia":[{"embeddable":true,"href":"https:\/\/ozponcho.com.au\/fi\/wp-json\/wp\/v2\/media\/12723"}],"wp:attachment":[{"href":"https:\/\/ozponcho.com.au\/fi\/wp-json\/wp\/v2\/media?parent=12769"}],"wp:term":[{"taxonomy":"product_brand","embeddable":true,"href":"https:\/\/ozponcho.com.au\/fi\/wp-json\/wp\/v2\/product_brand?post=12769"},{"taxonomy":"product_cat","embeddable":true,"href":"https:\/\/ozponcho.com.au\/fi\/wp-json\/wp\/v2\/product_cat?post=12769"},{"taxonomy":"product_tag","embeddable":true,"href":"https:\/\/ozponcho.com.au\/fi\/wp-json\/wp\/v2\/product_tag?post=12769"}],"curies":[{"name":"wp","href":"https:\/\/api.w.org\/{rel}","templated":true}]}}