{"id":12743,"date":"2023-12-13T18:36:36","date_gmt":"2023-12-13T07:36:36","guid":{"rendered":"https:\/\/ozponcho.com.au\/p\/tassel-inverness-women-autumn-winter-knitted-striped-cloak-women\/"},"modified":"2026-02-03T13:10:20","modified_gmt":"2026-02-03T02:10:20","slug":"casual-striped-tassel-cloak","status":"publish","type":"product","link":"https:\/\/ozponcho.com.au\/fi\/p\/rento-raidallinen-tupsu-viitta\/","title":{"rendered":"Naisten syksyn neulottu poncho"},"content":{"rendered":"<p>Uppoudu naisten syksyisen neulotun raidallisen ponchon mukavuuteen ja tyyliin. Jerseykankaalla ja imartelevalla v\u00e4lj\u00e4ll\u00e4 istuvuudellaan t\u00e4m\u00e4 poncho sopii t\u00e4ydellisesti kerrospukeutumiseen syksyn suosikkiasujiesi p\u00e4\u00e4lle. Hapsut ja runsas, yksiv\u00e4rinen kuvio tekev\u00e4t siit\u00e4 monipuolisen kappaleen mihin tahansa rentoon tilaisuuteen. 3\/4-hihat antavat ripauksen eleganssia, kun taas pitk\u00e4t tupsut tarjoavat sek\u00e4 l\u00e4mp\u00f6\u00e4 ett\u00e4 muodinmukaista tunnelmaa. Hemmottele itsesi helposti puettavan, polyesterisekoitteisen viittamme ylellisyydell\u00e4 ja ota syys- ja talvikausi vastaan itsevarmasti ja vieh\u00e4tt\u00e4v\u00e4sti.<\/p>\n<div>Tyyli: .<\/div>\n<div>Sopii: L\u00f6ys\u00e4<\/div>\n<div>Kangas: Jersey<\/div>\n<div>Kuvio: Kuviot: Solid<\/div>\n<div>Elementti: Fringe<\/div>\n<div>Top Pituus: Pitk\u00e4<\/div>\n<div>Hihan tyyppi: Muut<\/div>\n<div>Hihan pituus: 3\/4 hiha<\/div>\n<div>Sulkemistyyppi: Muut<\/div>\n<div>T\u00e4rkein koostumus: Polyesteri<\/div>\n<div>Kausi: Syksy\/Talvi<\/div>\n<p><img decoding=\"async\" src=\"https:\/\/ozponcho.com.au\/wp-content\/uploads\/2024\/03\/1130522382625144832.png\" \/><img decoding=\"async\" src=\"https:\/\/ozponcho.com.au\/wp-content\/uploads\/2024\/03\/O1CN01GGxuvl1QYYEmGY4hn_2505411988-0-cib.jpg\" \/><img decoding=\"async\" src=\"https:\/\/ozponcho.com.au\/wp-content\/uploads\/2024\/03\/O1CN01pDEUhY1QYYEpAJbY5_2505411988-0-cib.jpg\" \/><img decoding=\"async\" src=\"https:\/\/ozponcho.com.au\/wp-content\/uploads\/2024\/03\/O1CN01cLv8I41QYYEqOCeub_2505411988-0-cib.jpg\" \/><img decoding=\"async\" src=\"https:\/\/ozponcho.com.au\/wp-content\/uploads\/2024\/03\/O1CN01T1K6Hg1QYYEpAL0qo_2505411988-0-cib.jpg\" \/><img decoding=\"async\" src=\"https:\/\/ozponcho.com.au\/wp-content\/uploads\/2024\/03\/O1CN01iLrfCq1QYYEu8wTOB_2505411988-0-cib.jpg\" \/><img decoding=\"async\" src=\"https:\/\/ozponcho.com.au\/wp-content\/uploads\/2024\/03\/O1CN01lwVXZb1QYYEsA68Mr_2505411988-0-cib.jpg\" \/><img decoding=\"async\" src=\"https:\/\/ozponcho.com.au\/wp-content\/uploads\/2024\/03\/O1CN01E65PSl1QYYEvxpdll_2505411988-0-cib.jpg\" \/><img decoding=\"async\" src=\"https:\/\/ozponcho.com.au\/wp-content\/uploads\/2024\/03\/O1CN01DTns4u1QYYEu8xTsq_2505411988-0-cib.jpg\" \/><img decoding=\"async\" src=\"https:\/\/ozponcho.com.au\/wp-content\/uploads\/2024\/03\/O1CN01bxhQfO1QYYEoy9H4B_2505411988-0-cib.jpg\" \/><img decoding=\"async\" src=\"https:\/\/ozponcho.com.au\/wp-content\/uploads\/2024\/03\/O1CN013EadvQ1QYYErVluUm_2505411988-0-cib.jpg\" \/><\/p>","protected":false},"excerpt":{"rendered":"<p>Immerse yourself in the comfort and style of our Autumn Knitted Striped Poncho for women. With its jersey fabric and flattering loose fit, this poncho is perfect for layering over your favorite autumn outfits. Accents of fringe and a rich, solid pattern make it a versatile piece for any casual occasion. The 3\/4 sleeve design [&#8230;]","protected":false},"featured_media":12699,"template":"","meta":[],"product_brand":[],"product_cat":[219,15,222,228,214,210,221],"product_tag":[],"class_list":{"0":"post-12743","1":"product","2":"type-product","3":"status-publish","4":"has-post-thumbnail","6":"product_cat-black-poncho","7":"product_cat-main-category","8":"product_cat-pink-poncho","9":"product_cat-poncho-sweater","10":"product_cat-knitted-crochet-poncho","11":"product_cat-poncho-women","12":"product_cat-red-poncho","14":"first","15":"instock","16":"shipping-taxable","17":"purchasable","18":"product-type-variable"},"yoast_head":"<!-- This site is optimized with the Yoast SEO plugin v25.9 - https:\/\/yoast.com\/wordpress\/plugins\/seo\/ -->\n<title>Women&#039;s Autumn Knitted Poncho | Suomi #1 Poncho Shop<\/title>\n<meta name=\"description\" content=\"Looking for a Women&#039;s Autumn Knitted Poncho ? You&#039;ve come to the right place \ud83d\ude04 We offers a wide selection of Women&#039;s Autumn Knitted Poncho, perfect for you.\" \/>\n<meta name=\"robots\" content=\"index, follow, max-snippet:-1, max-image-preview:large, max-video-preview:-1\" \/>\n<link rel=\"canonical\" href=\"https:\/\/ozponcho.com.au\/fi\/p\/rento-raidallinen-tupsu-viitta\/\" \/>\n<meta property=\"og:locale\" content=\"fi_FI\" \/>\n<meta property=\"og:type\" content=\"article\" \/>\n<meta property=\"og:title\" content=\"Women&#039;s Autumn Knitted Poncho | Suomi #1 Poncho Shop\" \/>\n<meta property=\"og:description\" content=\"Looking for a Women&#039;s Autumn Knitted Poncho ? You&#039;ve come to the right place \ud83d\ude04 We offers a wide selection of Women&#039;s Autumn Knitted Poncho, perfect for you.\" \/>\n<meta property=\"og:url\" content=\"https:\/\/ozponcho.com.au\/fi\/p\/rento-raidallinen-tupsu-viitta\/\" \/>\n<meta property=\"og:site_name\" content=\"OZ Poncho\" \/>\n<meta property=\"article:modified_time\" content=\"2026-02-03T02:10:20+00:00\" \/>\n<meta property=\"og:image\" content=\"https:\/\/ozponcho.com.au\/wp-content\/uploads\/2023\/12\/O1CN01TOp5aW1QYYEoxiHk4_2505411988-0-cib.jpg\" \/>\n\t<meta property=\"og:image:width\" content=\"800\" \/>\n\t<meta property=\"og:image:height\" content=\"800\" \/>\n\t<meta property=\"og:image:type\" content=\"image\/jpeg\" \/>\n<meta name=\"twitter:card\" content=\"summary_large_image\" \/>\n<meta name=\"twitter:label1\" content=\"Arvioitu lukuaika\" \/>\n\t<meta name=\"twitter:data1\" content=\"3 minuuttia\" \/>\n<script type=\"application\/ld+json\" class=\"yoast-schema-graph\">{\"@context\":\"https:\/\/schema.org\",\"@graph\":[{\"@type\":\"WebPage\",\"@id\":\"https:\/\/ozponcho.com.au\/p\/casual-striped-tassel-cloak\/\",\"url\":\"https:\/\/ozponcho.com.au\/p\/casual-striped-tassel-cloak\/\",\"name\":\"Women's Autumn Knitted Poncho | Suomi #1 Poncho Shop\",\"isPartOf\":{\"@id\":\"https:\/\/ozponcho.com.au\/#website\"},\"primaryImageOfPage\":{\"@id\":\"https:\/\/ozponcho.com.au\/p\/casual-striped-tassel-cloak\/#primaryimage\"},\"image\":{\"@id\":\"https:\/\/ozponcho.com.au\/p\/casual-striped-tassel-cloak\/#primaryimage\"},\"thumbnailUrl\":\"https:\/\/ozponcho.com.au\/wp-content\/uploads\/2023\/12\/O1CN01TOp5aW1QYYEoxiHk4_2505411988-0-cib.jpg\",\"datePublished\":\"2023-12-13T07:36:36+00:00\",\"dateModified\":\"2026-02-03T02:10:20+00:00\",\"description\":\"Looking for a Women's Autumn Knitted Poncho ? You've come to the right place \ud83d\ude04 We offers a wide selection of Women's Autumn Knitted Poncho, perfect for you.\",\"breadcrumb\":{\"@id\":\"https:\/\/ozponcho.com.au\/p\/casual-striped-tassel-cloak\/#breadcrumb\"},\"inLanguage\":\"fi\",\"potentialAction\":[{\"@type\":\"ReadAction\",\"target\":[\"https:\/\/ozponcho.com.au\/p\/casual-striped-tassel-cloak\/\"]}]},{\"@type\":\"ImageObject\",\"inLanguage\":\"fi\",\"@id\":\"https:\/\/ozponcho.com.au\/p\/casual-striped-tassel-cloak\/#primaryimage\",\"url\":\"https:\/\/ozponcho.com.au\/wp-content\/uploads\/2023\/12\/O1CN01TOp5aW1QYYEoxiHk4_2505411988-0-cib.jpg\",\"contentUrl\":\"https:\/\/ozponcho.com.au\/wp-content\/uploads\/2023\/12\/O1CN01TOp5aW1QYYEoxiHk4_2505411988-0-cib.jpg\",\"width\":800,\"height\":800,\"caption\":\"Women's Autumn Knitted Poncho\"},{\"@type\":\"BreadcrumbList\",\"@id\":\"https:\/\/ozponcho.com.au\/p\/casual-striped-tassel-cloak\/#breadcrumb\",\"itemListElement\":[{\"@type\":\"ListItem\",\"position\":1,\"name\":\"Home\",\"item\":\"https:\/\/ozponcho.com.au\/\"},{\"@type\":\"ListItem\",\"position\":2,\"name\":\"Shop\",\"item\":\"https:\/\/ozponcho.com.au\/shop\/\"},{\"@type\":\"ListItem\",\"position\":3,\"name\":\"Women&#8217;s Autumn Knitted Poncho\"}]},{\"@type\":\"WebSite\",\"@id\":\"https:\/\/ozponcho.com.au\/#website\",\"url\":\"https:\/\/ozponcho.com.au\/\",\"name\":\"OZ Poncho\",\"description\":\"\",\"potentialAction\":[{\"@type\":\"SearchAction\",\"target\":{\"@type\":\"EntryPoint\",\"urlTemplate\":\"https:\/\/ozponcho.com.au\/?s={search_term_string}\"},\"query-input\":{\"@type\":\"PropertyValueSpecification\",\"valueRequired\":true,\"valueName\":\"search_term_string\"}}],\"inLanguage\":\"fi\"}]}<\/script>\n<!-- \/ Yoast SEO plugin. -->","yoast_head_json":{"title":"Naisten syksyinen neulottu poncho | Suomi #1 Poncho Shop","description":"Etsitk\u00f6 naisten syksyist\u00e4 neulottua ponchoa ? Olet tullut oikeaan paikkaan \ud83d\ude04 Tarjoamme laajan valikoiman Naisten syksyinen neulottu poncho, t\u00e4ydellinen sinulle.","robots":{"index":"index","follow":"follow","max-snippet":"max-snippet:-1","max-image-preview":"max-image-preview:large","max-video-preview":"max-video-preview:-1"},"canonical":"https:\/\/ozponcho.com.au\/fi\/p\/rento-raidallinen-tupsu-viitta\/","og_locale":"fi_FI","og_type":"article","og_title":"Women's Autumn Knitted Poncho | Suomi #1 Poncho Shop","og_description":"Looking for a Women's Autumn Knitted Poncho ? You've come to the right place \ud83d\ude04 We offers a wide selection of Women's Autumn Knitted Poncho, perfect for you.","og_url":"https:\/\/ozponcho.com.au\/fi\/p\/rento-raidallinen-tupsu-viitta\/","og_site_name":"OZ Poncho","article_modified_time":"2026-02-03T02:10:20+00:00","og_image":[{"width":800,"height":800,"url":"https:\/\/ozponcho.com.au\/wp-content\/uploads\/2023\/12\/O1CN01TOp5aW1QYYEoxiHk4_2505411988-0-cib.jpg","type":"image\/jpeg"}],"twitter_card":"summary_large_image","twitter_misc":{"Arvioitu lukuaika":"3 minuuttia"},"schema":{"@context":"https:\/\/schema.org","@graph":[{"@type":"WebPage","@id":"https:\/\/ozponcho.com.au\/p\/casual-striped-tassel-cloak\/","url":"https:\/\/ozponcho.com.au\/p\/casual-striped-tassel-cloak\/","name":"Naisten syksyinen neulottu poncho | Suomi #1 Poncho Shop","isPartOf":{"@id":"https:\/\/ozponcho.com.au\/#website"},"primaryImageOfPage":{"@id":"https:\/\/ozponcho.com.au\/p\/casual-striped-tassel-cloak\/#primaryimage"},"image":{"@id":"https:\/\/ozponcho.com.au\/p\/casual-striped-tassel-cloak\/#primaryimage"},"thumbnailUrl":"https:\/\/ozponcho.com.au\/wp-content\/uploads\/2023\/12\/O1CN01TOp5aW1QYYEoxiHk4_2505411988-0-cib.jpg","datePublished":"2023-12-13T07:36:36+00:00","dateModified":"2026-02-03T02:10:20+00:00","description":"Etsitk\u00f6 naisten syksyist\u00e4 neulottua ponchoa ? Olet tullut oikeaan paikkaan \ud83d\ude04 Tarjoamme laajan valikoiman Naisten syksyinen neulottu poncho, t\u00e4ydellinen sinulle.","breadcrumb":{"@id":"https:\/\/ozponcho.com.au\/p\/casual-striped-tassel-cloak\/#breadcrumb"},"inLanguage":"fi","potentialAction":[{"@type":"ReadAction","target":["https:\/\/ozponcho.com.au\/p\/casual-striped-tassel-cloak\/"]}]},{"@type":"ImageObject","inLanguage":"fi","@id":"https:\/\/ozponcho.com.au\/p\/casual-striped-tassel-cloak\/#primaryimage","url":"https:\/\/ozponcho.com.au\/wp-content\/uploads\/2023\/12\/O1CN01TOp5aW1QYYEoxiHk4_2505411988-0-cib.jpg","contentUrl":"https:\/\/ozponcho.com.au\/wp-content\/uploads\/2023\/12\/O1CN01TOp5aW1QYYEoxiHk4_2505411988-0-cib.jpg","width":800,"height":800,"caption":"Women's Autumn Knitted Poncho"},{"@type":"BreadcrumbList","@id":"https:\/\/ozponcho.com.au\/p\/casual-striped-tassel-cloak\/#breadcrumb","itemListElement":[{"@type":"ListItem","position":1,"name":"Home","item":"https:\/\/ozponcho.com.au\/"},{"@type":"ListItem","position":2,"name":"Shop","item":"https:\/\/ozponcho.com.au\/shop\/"},{"@type":"ListItem","position":3,"name":"Women&#8217;s Autumn Knitted Poncho"}]},{"@type":"WebSite","@id":"https:\/\/ozponcho.com.au\/#website","url":"https:\/\/ozponcho.com.au\/","name":"OZ Poncho","description":"","potentialAction":[{"@type":"SearchAction","target":{"@type":"EntryPoint","urlTemplate":"https:\/\/ozponcho.com.au\/?s={search_term_string}"},"query-input":{"@type":"PropertyValueSpecification","valueRequired":true,"valueName":"search_term_string"}}],"inLanguage":"fi"}]}},"_links":{"self":[{"href":"https:\/\/ozponcho.com.au\/fi\/wp-json\/wp\/v2\/product\/12743","targetHints":{"allow":["GET"]}}],"collection":[{"href":"https:\/\/ozponcho.com.au\/fi\/wp-json\/wp\/v2\/product"}],"about":[{"href":"https:\/\/ozponcho.com.au\/fi\/wp-json\/wp\/v2\/types\/product"}],"wp:featuredmedia":[{"embeddable":true,"href":"https:\/\/ozponcho.com.au\/fi\/wp-json\/wp\/v2\/media\/12699"}],"wp:attachment":[{"href":"https:\/\/ozponcho.com.au\/fi\/wp-json\/wp\/v2\/media?parent=12743"}],"wp:term":[{"taxonomy":"product_brand","embeddable":true,"href":"https:\/\/ozponcho.com.au\/fi\/wp-json\/wp\/v2\/product_brand?post=12743"},{"taxonomy":"product_cat","embeddable":true,"href":"https:\/\/ozponcho.com.au\/fi\/wp-json\/wp\/v2\/product_cat?post=12743"},{"taxonomy":"product_tag","embeddable":true,"href":"https:\/\/ozponcho.com.au\/fi\/wp-json\/wp\/v2\/product_tag?post=12743"}],"curies":[{"name":"wp","href":"https:\/\/api.w.org\/{rel}","templated":true}]}}