{"id":12695,"date":"2023-12-13T18:36:21","date_gmt":"2023-12-13T07:36:21","guid":{"rendered":"https:\/\/ozponcho.com.au\/p\/autumn-winter-light-luxury-fur-collar-tassel-shawl-sweater-coat-2\/"},"modified":"2024-04-19T18:40:41","modified_gmt":"2024-04-19T07:40:41","slug":"luxurious-fur-trimmed-black-shawl","status":"publish","type":"product","link":"https:\/\/ozponcho.com.au\/fi\/p\/ylellinen-turkisverhoiltu-musta-huivi\/","title":{"rendered":"Tyylik\u00e4s musta tupsu turkis poncho"},"content":{"rendered":"<p>K\u00e4\u00e4ri itsesi syksyn ja talven tyylikkyyden ruumiillistumaan syksyn ja talven kevyell\u00e4 ylellisell\u00e4 turkiskauluksella Tupsuhuivi villatakilla. T\u00e4m\u00e4 poncho on valmistettu muhkeasta jersey-kankaasta, ja siin\u00e4 on ylellinen tekoturkiskaulus ja tyylikk\u00e4\u00e4t hapsut, jotka lis\u00e4\u00e4v\u00e4t hienostuneisuutta mihin tahansa asuun. L\u00f6ys\u00e4 istuvuus ja pitk\u00e4t hihat tarjoavat sek\u00e4 mukavuutta ett\u00e4 tyyli\u00e4, mik\u00e4 tekee siit\u00e4 v\u00e4ltt\u00e4m\u00e4tt\u00f6m\u00e4n kappaleen niille, jotka etsiv\u00e4t ylellisyytt\u00e4 ja l\u00e4mp\u00f6\u00e4. T\u00e4m\u00e4 musta poncho sopii t\u00e4ydellisesti mihin tahansa tyylikk\u00e4\u00e4seen tilaisuuteen tai rentoon retkeen, ja siit\u00e4 tulee varmasti vaatekaappisi arvokas osa.<\/p>\n<div>Tyyli: Tyylilaji: Elegantti<\/div>\n<div>Sopii: L\u00f6ys\u00e4<\/div>\n<div>Kangas: Jersey<\/div>\n<div>Kuvio: Kuviot: Solid<\/div>\n<div>Elementti: Fringe<\/div>\n<div>Top Pituus: Pitk\u00e4<\/div>\n<div>Hihan tyyppi: Hihan tyyppi: S\u00e4\u00e4nn\u00f6llinen<\/div>\n<div>Hihan pituus: Hiha: Pitk\u00e4 hiha<\/div>\n<div>Sulkemistyyppi: Muut<\/div>\n<div>T\u00e4rkein koostumus: Akryyli<\/div>\n<div>Kausi: Syksy\/Talvi<\/div>\n<p><img decoding=\"async\" src=\"https:\/\/ozponcho.com.au\/wp-content\/uploads\/2024\/03\/1007707570091065344.png\" \/><img decoding=\"async\" src=\"https:\/\/ozponcho.com.au\/wp-content\/uploads\/2024\/03\/O1CN01sHJ8vV1HIfpHbsXsC_2331630735-0-cib.jpg\" \/><img decoding=\"async\" src=\"https:\/\/ozponcho.com.au\/wp-content\/uploads\/2024\/03\/O1CN01GaiuID1HIfpInSnXR_2331630735-0-cib.jpg\" \/><img decoding=\"async\" src=\"https:\/\/ozponcho.com.au\/wp-content\/uploads\/2024\/03\/O1CN01wlnvPH1HIfpInSGFh_2331630735-0-cib.jpg\" \/><img decoding=\"async\" src=\"https:\/\/ozponcho.com.au\/wp-content\/uploads\/2024\/03\/O1CN01AQIpWA1HIfp6eVrxM_2331630735-0-cib.jpg\" \/><img decoding=\"async\" src=\"https:\/\/ozponcho.com.au\/wp-content\/uploads\/2024\/03\/O1CN01Rj9JLL1HIfpNCKcFE_2331630735-0-cib.jpg\" \/><img decoding=\"async\" src=\"https:\/\/ozponcho.com.au\/wp-content\/uploads\/2024\/03\/O1CN010i0Hnc1HIfpJnj1zM_2331630735-0-cib.jpg\" \/><\/p>","protected":false},"excerpt":{"rendered":"<p>Wrap yourself in the epitome of fall and winter elegance with our Autumn Winter Light Luxury Fur Collar Tassel Shawl Sweater Coat. Crafted with sumptuous jersey fabric, this poncho boasts a lavish faux fur collar and chic fringe detailing that adds a layer of sophistication to any outfit. The loose fit and long sleeves provide [&#8230;]","protected":false},"featured_media":12648,"template":"","meta":[],"product_brand":[],"product_cat":[219,229,218,15,228,210],"product_tag":[],"class_list":{"0":"post-12695","1":"product","2":"type-product","3":"status-publish","4":"has-post-thumbnail","6":"product_cat-black-poncho","7":"product_cat-blanket-poncho","8":"product_cat-fur-poncho","9":"product_cat-main-category","10":"product_cat-poncho-sweater","11":"product_cat-poncho-women","13":"first","14":"outofstock","15":"shipping-taxable","16":"purchasable","17":"product-type-variable"},"yoast_head":"<!-- This site is optimized with the Yoast SEO plugin v25.9 - https:\/\/yoast.com\/wordpress\/plugins\/seo\/ -->\n<title>Elegant Black Tassel Fur Poncho | Suomi #1 Poncho Shop<\/title>\n<meta name=\"description\" content=\"Looking for a Elegant Black Tassel Fur Poncho ? You&#039;ve come to the right place \ud83d\ude04 We offers a wide selection of Elegant Black Tassel Fur Poncho, perfect for you.\" \/>\n<meta name=\"robots\" content=\"index, follow, max-snippet:-1, max-image-preview:large, max-video-preview:-1\" \/>\n<link rel=\"canonical\" href=\"https:\/\/ozponcho.com.au\/fi\/p\/ylellinen-turkisverhoiltu-musta-huivi\/\" \/>\n<meta property=\"og:locale\" content=\"fi_FI\" \/>\n<meta property=\"og:type\" content=\"article\" \/>\n<meta property=\"og:title\" content=\"Elegant Black Tassel Fur Poncho | Suomi #1 Poncho Shop\" \/>\n<meta property=\"og:description\" content=\"Looking for a Elegant Black Tassel Fur Poncho ? You&#039;ve come to the right place \ud83d\ude04 We offers a wide selection of Elegant Black Tassel Fur Poncho, perfect for you.\" \/>\n<meta property=\"og:url\" content=\"https:\/\/ozponcho.com.au\/fi\/p\/ylellinen-turkisverhoiltu-musta-huivi\/\" \/>\n<meta property=\"og:site_name\" content=\"OZ Poncho\" \/>\n<meta property=\"article:modified_time\" content=\"2024-04-19T07:40:41+00:00\" \/>\n<meta property=\"og:image\" content=\"https:\/\/ozponcho.com.au\/wp-content\/uploads\/2023\/12\/O1CN01QPHRJt1HIfpDYMcNA_2331630735-0-cib.jpg\" \/>\n\t<meta property=\"og:image:width\" content=\"1340\" \/>\n\t<meta property=\"og:image:height\" content=\"1785\" \/>\n\t<meta property=\"og:image:type\" content=\"image\/jpeg\" \/>\n<meta name=\"twitter:card\" content=\"summary_large_image\" \/>\n<meta name=\"twitter:label1\" content=\"Arvioitu lukuaika\" \/>\n\t<meta name=\"twitter:data1\" content=\"1 minuutti\" \/>\n<script type=\"application\/ld+json\" class=\"yoast-schema-graph\">{\"@context\":\"https:\/\/schema.org\",\"@graph\":[{\"@type\":\"WebPage\",\"@id\":\"https:\/\/ozponcho.com.au\/p\/luxurious-fur-trimmed-black-shawl\/\",\"url\":\"https:\/\/ozponcho.com.au\/p\/luxurious-fur-trimmed-black-shawl\/\",\"name\":\"Elegant Black Tassel Fur Poncho | Suomi #1 Poncho Shop\",\"isPartOf\":{\"@id\":\"https:\/\/ozponcho.com.au\/#website\"},\"primaryImageOfPage\":{\"@id\":\"https:\/\/ozponcho.com.au\/p\/luxurious-fur-trimmed-black-shawl\/#primaryimage\"},\"image\":{\"@id\":\"https:\/\/ozponcho.com.au\/p\/luxurious-fur-trimmed-black-shawl\/#primaryimage\"},\"thumbnailUrl\":\"https:\/\/ozponcho.com.au\/wp-content\/uploads\/2023\/12\/O1CN01QPHRJt1HIfpDYMcNA_2331630735-0-cib.jpg\",\"datePublished\":\"2023-12-13T07:36:21+00:00\",\"dateModified\":\"2024-04-19T07:40:41+00:00\",\"description\":\"Looking for a Elegant Black Tassel Fur Poncho ? You've come to the right place \ud83d\ude04 We offers a wide selection of Elegant Black Tassel Fur Poncho, perfect for you.\",\"breadcrumb\":{\"@id\":\"https:\/\/ozponcho.com.au\/p\/luxurious-fur-trimmed-black-shawl\/#breadcrumb\"},\"inLanguage\":\"fi\",\"potentialAction\":[{\"@type\":\"ReadAction\",\"target\":[\"https:\/\/ozponcho.com.au\/p\/luxurious-fur-trimmed-black-shawl\/\"]}]},{\"@type\":\"ImageObject\",\"inLanguage\":\"fi\",\"@id\":\"https:\/\/ozponcho.com.au\/p\/luxurious-fur-trimmed-black-shawl\/#primaryimage\",\"url\":\"https:\/\/ozponcho.com.au\/wp-content\/uploads\/2023\/12\/O1CN01QPHRJt1HIfpDYMcNA_2331630735-0-cib.jpg\",\"contentUrl\":\"https:\/\/ozponcho.com.au\/wp-content\/uploads\/2023\/12\/O1CN01QPHRJt1HIfpDYMcNA_2331630735-0-cib.jpg\",\"width\":1340,\"height\":1785,\"caption\":\"Elegant Black Tassel Fur Poncho\"},{\"@type\":\"BreadcrumbList\",\"@id\":\"https:\/\/ozponcho.com.au\/p\/luxurious-fur-trimmed-black-shawl\/#breadcrumb\",\"itemListElement\":[{\"@type\":\"ListItem\",\"position\":1,\"name\":\"Home\",\"item\":\"https:\/\/ozponcho.com.au\/\"},{\"@type\":\"ListItem\",\"position\":2,\"name\":\"Shop\",\"item\":\"https:\/\/ozponcho.com.au\/shop\/\"},{\"@type\":\"ListItem\",\"position\":3,\"name\":\"Elegant Black Tassel Fur Poncho\"}]},{\"@type\":\"WebSite\",\"@id\":\"https:\/\/ozponcho.com.au\/#website\",\"url\":\"https:\/\/ozponcho.com.au\/\",\"name\":\"OZ Poncho\",\"description\":\"\",\"potentialAction\":[{\"@type\":\"SearchAction\",\"target\":{\"@type\":\"EntryPoint\",\"urlTemplate\":\"https:\/\/ozponcho.com.au\/?s={search_term_string}\"},\"query-input\":{\"@type\":\"PropertyValueSpecification\",\"valueRequired\":true,\"valueName\":\"search_term_string\"}}],\"inLanguage\":\"fi\"}]}<\/script>\n<!-- \/ Yoast SEO plugin. -->","yoast_head_json":{"title":"Elegantti musta tupsu-turkis poncho | Suomi #1 Poncho Shop","description":"Etsitk\u00f6 eleganttia mustaa tupsuturkista ponchoa ? Olet tullut oikeaan paikkaan \ud83d\ude04 Tarjoamme laajan valikoiman Elegantti Musta Tupsuturkki Poncho, t\u00e4ydellinen sinulle.","robots":{"index":"index","follow":"follow","max-snippet":"max-snippet:-1","max-image-preview":"max-image-preview:large","max-video-preview":"max-video-preview:-1"},"canonical":"https:\/\/ozponcho.com.au\/fi\/p\/ylellinen-turkisverhoiltu-musta-huivi\/","og_locale":"fi_FI","og_type":"article","og_title":"Elegant Black Tassel Fur Poncho | Suomi #1 Poncho Shop","og_description":"Looking for a Elegant Black Tassel Fur Poncho ? You've come to the right place \ud83d\ude04 We offers a wide selection of Elegant Black Tassel Fur Poncho, perfect for you.","og_url":"https:\/\/ozponcho.com.au\/fi\/p\/ylellinen-turkisverhoiltu-musta-huivi\/","og_site_name":"OZ Poncho","article_modified_time":"2024-04-19T07:40:41+00:00","og_image":[{"width":1340,"height":1785,"url":"https:\/\/ozponcho.com.au\/wp-content\/uploads\/2023\/12\/O1CN01QPHRJt1HIfpDYMcNA_2331630735-0-cib.jpg","type":"image\/jpeg"}],"twitter_card":"summary_large_image","twitter_misc":{"Arvioitu lukuaika":"1 minuutti"},"schema":{"@context":"https:\/\/schema.org","@graph":[{"@type":"WebPage","@id":"https:\/\/ozponcho.com.au\/p\/luxurious-fur-trimmed-black-shawl\/","url":"https:\/\/ozponcho.com.au\/p\/luxurious-fur-trimmed-black-shawl\/","name":"Elegantti musta tupsu-turkis poncho | Suomi #1 Poncho Shop","isPartOf":{"@id":"https:\/\/ozponcho.com.au\/#website"},"primaryImageOfPage":{"@id":"https:\/\/ozponcho.com.au\/p\/luxurious-fur-trimmed-black-shawl\/#primaryimage"},"image":{"@id":"https:\/\/ozponcho.com.au\/p\/luxurious-fur-trimmed-black-shawl\/#primaryimage"},"thumbnailUrl":"https:\/\/ozponcho.com.au\/wp-content\/uploads\/2023\/12\/O1CN01QPHRJt1HIfpDYMcNA_2331630735-0-cib.jpg","datePublished":"2023-12-13T07:36:21+00:00","dateModified":"2024-04-19T07:40:41+00:00","description":"Etsitk\u00f6 eleganttia mustaa tupsuturkista ponchoa ? Olet tullut oikeaan paikkaan \ud83d\ude04 Tarjoamme laajan valikoiman Elegantti Musta Tupsuturkki Poncho, t\u00e4ydellinen sinulle.","breadcrumb":{"@id":"https:\/\/ozponcho.com.au\/p\/luxurious-fur-trimmed-black-shawl\/#breadcrumb"},"inLanguage":"fi","potentialAction":[{"@type":"ReadAction","target":["https:\/\/ozponcho.com.au\/p\/luxurious-fur-trimmed-black-shawl\/"]}]},{"@type":"ImageObject","inLanguage":"fi","@id":"https:\/\/ozponcho.com.au\/p\/luxurious-fur-trimmed-black-shawl\/#primaryimage","url":"https:\/\/ozponcho.com.au\/wp-content\/uploads\/2023\/12\/O1CN01QPHRJt1HIfpDYMcNA_2331630735-0-cib.jpg","contentUrl":"https:\/\/ozponcho.com.au\/wp-content\/uploads\/2023\/12\/O1CN01QPHRJt1HIfpDYMcNA_2331630735-0-cib.jpg","width":1340,"height":1785,"caption":"Elegant Black Tassel Fur Poncho"},{"@type":"BreadcrumbList","@id":"https:\/\/ozponcho.com.au\/p\/luxurious-fur-trimmed-black-shawl\/#breadcrumb","itemListElement":[{"@type":"ListItem","position":1,"name":"Home","item":"https:\/\/ozponcho.com.au\/"},{"@type":"ListItem","position":2,"name":"Shop","item":"https:\/\/ozponcho.com.au\/shop\/"},{"@type":"ListItem","position":3,"name":"Elegant Black Tassel Fur Poncho"}]},{"@type":"WebSite","@id":"https:\/\/ozponcho.com.au\/#website","url":"https:\/\/ozponcho.com.au\/","name":"OZ Poncho","description":"","potentialAction":[{"@type":"SearchAction","target":{"@type":"EntryPoint","urlTemplate":"https:\/\/ozponcho.com.au\/?s={search_term_string}"},"query-input":{"@type":"PropertyValueSpecification","valueRequired":true,"valueName":"search_term_string"}}],"inLanguage":"fi"}]}},"_links":{"self":[{"href":"https:\/\/ozponcho.com.au\/fi\/wp-json\/wp\/v2\/product\/12695","targetHints":{"allow":["GET"]}}],"collection":[{"href":"https:\/\/ozponcho.com.au\/fi\/wp-json\/wp\/v2\/product"}],"about":[{"href":"https:\/\/ozponcho.com.au\/fi\/wp-json\/wp\/v2\/types\/product"}],"wp:featuredmedia":[{"embeddable":true,"href":"https:\/\/ozponcho.com.au\/fi\/wp-json\/wp\/v2\/media\/12648"}],"wp:attachment":[{"href":"https:\/\/ozponcho.com.au\/fi\/wp-json\/wp\/v2\/media?parent=12695"}],"wp:term":[{"taxonomy":"product_brand","embeddable":true,"href":"https:\/\/ozponcho.com.au\/fi\/wp-json\/wp\/v2\/product_brand?post=12695"},{"taxonomy":"product_cat","embeddable":true,"href":"https:\/\/ozponcho.com.au\/fi\/wp-json\/wp\/v2\/product_cat?post=12695"},{"taxonomy":"product_tag","embeddable":true,"href":"https:\/\/ozponcho.com.au\/fi\/wp-json\/wp\/v2\/product_tag?post=12695"}],"curies":[{"name":"wp","href":"https:\/\/api.w.org\/{rel}","templated":true}]}}