{"id":12361,"date":"2023-12-13T18:35:09","date_gmt":"2023-12-13T07:35:09","guid":{"rendered":"https:\/\/ozponcho.com.au\/p\/spring-autumn-women-clothing-solid-color-turtleneck-cape-shawl-waistcoat-poncho-knitted-sweater\/"},"modified":"2026-01-16T19:14:20","modified_gmt":"2026-01-16T08:14:20","slug":"sophisticated-cozy-knit-cape","status":"publish","type":"product","link":"https:\/\/ozponcho.com.au\/fi\/p\/hienostunut-kodikas-neulottu-viitta\/","title":{"rendered":"Tyylik\u00e4s turtleneck neulottu poncho"},"content":{"rendered":"<p>Korosta tyyli\u00e4si t\u00e4ll\u00e4 kaudella Chic Turtleneck Knit Poncho -neuleella. T\u00e4m\u00e4 modernille naiselle r\u00e4\u00e4t\u00e4l\u00f6ity hieno kappale tarjoaa sek\u00e4 mukavuutta ett\u00e4 eleganssia. Pehme\u00e4st\u00e4 akryylist\u00e4 valmistettu, kylkineulottu rakenne takaa l\u00e4mp\u00f6\u00e4 reippaina kev\u00e4t- ja syysp\u00e4ivin\u00e4. Korkea turtleneck-malli korostaa kaula-aukkoa ja antaa kokonaisuuteen ripauksen hienostuneisuutta. T\u00e4m\u00e4 tyylik\u00e4s, hihaton poncho raikkaan valkoisella s\u00e4vyll\u00e4 on monipuolinen lis\u00e4 mihin tahansa vaatekaappiin. Yhdist\u00e4 se vaivattomasti suosikkip\u00f6ksyjesi kanssa, niin saat tyylikk\u00e4\u00e4n ilmeen. Koe t\u00e4ydellinen sekoitus hienostuneisuutta ja viihtyisyytt\u00e4 t\u00e4m\u00e4n v\u00e4ltt\u00e4m\u00e4tt\u00f6m\u00e4n muodin perushy\u00f6dykkeen kanssa.<\/p>\n<div>Tyyli: .<\/div>\n<div>Sopii: L\u00f6ys\u00e4<\/div>\n<div>Kangas: Akryyli<\/div>\n<div>Kuvio: Kuviot: Solid<\/div>\n<div>Elementti: Ei<\/div>\n<div>Top Pituus: .<\/div>\n<div>P\u00e4\u00e4ntie: Kaula-aukko: Kilpikonna\/Korkea kaula-aukko<\/div>\n<div>Hihan tyyppi: Muut<\/div>\n<div>Hihan pituus: Hihattomat<\/div>\n<div>T\u00e4rkein koostumus: Akryyli<\/div>\n<div>Kausi: Kev\u00e4t\/syksy<\/div>\n<p><img decoding=\"async\" src=\"https:\/\/ozponcho.com.au\/wp-content\/uploads\/2024\/03\/991425895220641792.png\" \/><img decoding=\"async\" src=\"https:\/\/ozponcho.com.au\/wp-content\/uploads\/2024\/03\/O1CN01Z2NMO81QmkKxWvcSZ_2206658962019-0-cib.jpg\" \/><img decoding=\"async\" src=\"https:\/\/ozponcho.com.au\/wp-content\/uploads\/2024\/03\/O1CN012swU8n1QmkKtw1ocD_2206658962019-0-cib.jpg\" \/><img decoding=\"async\" src=\"https:\/\/ozponcho.com.au\/wp-content\/uploads\/2024\/03\/O1CN01iND4t61QmkKwu4BiQ_2206658962019-0-cib.jpg\" \/><img decoding=\"async\" src=\"https:\/\/ozponcho.com.au\/wp-content\/uploads\/2024\/03\/O1CN01gwqO861QmkKtQFYDb_2206658962019-0-cib.jpg\" \/><img decoding=\"async\" src=\"https:\/\/ozponcho.com.au\/wp-content\/uploads\/2024\/03\/O1CN01kCOfc81QmkKtRU9AN_2206658962019-0-cib.jpg\" \/><img decoding=\"async\" src=\"https:\/\/ozponcho.com.au\/wp-content\/uploads\/2024\/03\/O1CN01K9YlN31QmkKxOYphQ_2206658962019-0-cib.jpg\" \/><img decoding=\"async\" src=\"https:\/\/ozponcho.com.au\/wp-content\/uploads\/2024\/03\/O1CN01ZHQtIr1QmkKzw553e_2206658962019-0-cib.jpg\" \/><img decoding=\"async\" src=\"https:\/\/ozponcho.com.au\/wp-content\/uploads\/2024\/03\/O1CN01cZYGpM1QmkKzw1FwE_2206658962019-0-cib.jpg\" \/><img decoding=\"async\" src=\"https:\/\/ozponcho.com.au\/wp-content\/uploads\/2024\/03\/O1CN01xZ1OH51QmkKrQ98bA_2206658962019-0-cib.jpg\" \/><img decoding=\"async\" src=\"https:\/\/ozponcho.com.au\/wp-content\/uploads\/2024\/03\/O1CN01mhbJ9h1QmkKyQXKuL_2206658962019-0-cib.jpg\" \/><img decoding=\"async\" src=\"https:\/\/ozponcho.com.au\/wp-content\/uploads\/2024\/03\/O1CN01A5s9TC1QmkKkmhwS3_2206658962019-0-cib.jpg\" \/><\/p>","protected":false},"excerpt":{"rendered":"<p>Elevate your style this season with our Chic Turtleneck Knit Poncho. This exquisite piece, tailored for the modern woman, offers both comfort and elegance. Crafted from plush acrylic, its ribbed knit texture ensures warmth during brisk spring and autumn days. A high turtleneck design accentuates the neckline, providing a touch of refinement to your ensemble. [&#8230;]","protected":false},"featured_media":12314,"template":"","meta":[],"product_brand":[],"product_cat":[216,15,228,214,210],"product_tag":[],"class_list":{"0":"post-12361","1":"product","2":"type-product","3":"status-publish","4":"has-post-thumbnail","6":"product_cat-cashmere-poncho","7":"product_cat-main-category","8":"product_cat-poncho-sweater","9":"product_cat-knitted-crochet-poncho","10":"product_cat-poncho-women","12":"first","13":"instock","14":"shipping-taxable","15":"purchasable","16":"product-type-variable"},"yoast_head":"<!-- This site is optimized with the Yoast SEO plugin v25.9 - https:\/\/yoast.com\/wordpress\/plugins\/seo\/ -->\n<title>Chic Turtleneck Knit Poncho | Suomi #1 Poncho Shop<\/title>\n<meta name=\"description\" content=\"Looking for a Chic Turtleneck Knit Poncho ? You&#039;ve come to the right place \ud83d\ude04 We offers a wide selection of Chic Turtleneck Knit Poncho, perfect for you.\" \/>\n<meta name=\"robots\" content=\"index, follow, max-snippet:-1, max-image-preview:large, max-video-preview:-1\" \/>\n<link rel=\"canonical\" href=\"https:\/\/ozponcho.com.au\/fi\/p\/hienostunut-kodikas-neulottu-viitta\/\" \/>\n<meta property=\"og:locale\" content=\"fi_FI\" \/>\n<meta property=\"og:type\" content=\"article\" \/>\n<meta property=\"og:title\" content=\"Chic Turtleneck Knit Poncho | Suomi #1 Poncho Shop\" \/>\n<meta property=\"og:description\" content=\"Looking for a Chic Turtleneck Knit Poncho ? You&#039;ve come to the right place \ud83d\ude04 We offers a wide selection of Chic Turtleneck Knit Poncho, perfect for you.\" \/>\n<meta property=\"og:url\" content=\"https:\/\/ozponcho.com.au\/fi\/p\/hienostunut-kodikas-neulottu-viitta\/\" \/>\n<meta property=\"og:site_name\" content=\"OZ Poncho\" \/>\n<meta property=\"article:modified_time\" content=\"2026-01-16T08:14:20+00:00\" \/>\n<meta property=\"og:image\" content=\"https:\/\/ozponcho.com.au\/wp-content\/uploads\/2023\/12\/O1CN01gwqO861QmkKtQFYDb_2206658962019-0-cib.jpg\" \/>\n\t<meta property=\"og:image:width\" content=\"800\" \/>\n\t<meta property=\"og:image:height\" content=\"1000\" \/>\n\t<meta property=\"og:image:type\" content=\"image\/jpeg\" \/>\n<meta name=\"twitter:card\" content=\"summary_large_image\" \/>\n<meta name=\"twitter:label1\" content=\"Arvioitu lukuaika\" \/>\n\t<meta name=\"twitter:data1\" content=\"4 minuuttia\" \/>\n<script type=\"application\/ld+json\" class=\"yoast-schema-graph\">{\"@context\":\"https:\/\/schema.org\",\"@graph\":[{\"@type\":\"WebPage\",\"@id\":\"https:\/\/ozponcho.com.au\/p\/sophisticated-cozy-knit-cape\/\",\"url\":\"https:\/\/ozponcho.com.au\/p\/sophisticated-cozy-knit-cape\/\",\"name\":\"Chic Turtleneck Knit Poncho | Suomi #1 Poncho Shop\",\"isPartOf\":{\"@id\":\"https:\/\/ozponcho.com.au\/#website\"},\"primaryImageOfPage\":{\"@id\":\"https:\/\/ozponcho.com.au\/p\/sophisticated-cozy-knit-cape\/#primaryimage\"},\"image\":{\"@id\":\"https:\/\/ozponcho.com.au\/p\/sophisticated-cozy-knit-cape\/#primaryimage\"},\"thumbnailUrl\":\"https:\/\/ozponcho.com.au\/wp-content\/uploads\/2023\/12\/O1CN01gwqO861QmkKtQFYDb_2206658962019-0-cib.jpg\",\"datePublished\":\"2023-12-13T07:35:09+00:00\",\"dateModified\":\"2026-01-16T08:14:20+00:00\",\"description\":\"Looking for a Chic Turtleneck Knit Poncho ? You've come to the right place \ud83d\ude04 We offers a wide selection of Chic Turtleneck Knit Poncho, perfect for you.\",\"breadcrumb\":{\"@id\":\"https:\/\/ozponcho.com.au\/p\/sophisticated-cozy-knit-cape\/#breadcrumb\"},\"inLanguage\":\"fi\",\"potentialAction\":[{\"@type\":\"ReadAction\",\"target\":[\"https:\/\/ozponcho.com.au\/p\/sophisticated-cozy-knit-cape\/\"]}]},{\"@type\":\"ImageObject\",\"inLanguage\":\"fi\",\"@id\":\"https:\/\/ozponcho.com.au\/p\/sophisticated-cozy-knit-cape\/#primaryimage\",\"url\":\"https:\/\/ozponcho.com.au\/wp-content\/uploads\/2023\/12\/O1CN01gwqO861QmkKtQFYDb_2206658962019-0-cib.jpg\",\"contentUrl\":\"https:\/\/ozponcho.com.au\/wp-content\/uploads\/2023\/12\/O1CN01gwqO861QmkKtQFYDb_2206658962019-0-cib.jpg\",\"width\":800,\"height\":1000,\"caption\":\"Chic Turtleneck Knit Poncho\"},{\"@type\":\"BreadcrumbList\",\"@id\":\"https:\/\/ozponcho.com.au\/p\/sophisticated-cozy-knit-cape\/#breadcrumb\",\"itemListElement\":[{\"@type\":\"ListItem\",\"position\":1,\"name\":\"Home\",\"item\":\"https:\/\/ozponcho.com.au\/\"},{\"@type\":\"ListItem\",\"position\":2,\"name\":\"Shop\",\"item\":\"https:\/\/ozponcho.com.au\/shop\/\"},{\"@type\":\"ListItem\",\"position\":3,\"name\":\"Chic Turtleneck Knit Poncho\"}]},{\"@type\":\"WebSite\",\"@id\":\"https:\/\/ozponcho.com.au\/#website\",\"url\":\"https:\/\/ozponcho.com.au\/\",\"name\":\"OZ Poncho\",\"description\":\"\",\"potentialAction\":[{\"@type\":\"SearchAction\",\"target\":{\"@type\":\"EntryPoint\",\"urlTemplate\":\"https:\/\/ozponcho.com.au\/?s={search_term_string}\"},\"query-input\":{\"@type\":\"PropertyValueSpecification\",\"valueRequired\":true,\"valueName\":\"search_term_string\"}}],\"inLanguage\":\"fi\"}]}<\/script>\n<!-- \/ Yoast SEO plugin. -->","yoast_head_json":{"title":"Tyylik\u00e4s turtleneck neuleponcho | Suomi #1 Poncho Shop","description":"Etsitk\u00f6 tyylik\u00e4st\u00e4 turtleneck-neuleponchoa ? Olet tullut oikeaan paikkaan \ud83d\ude04 Tarjoamme laajan valikoiman Chic Turtleneck Knit Poncho, t\u00e4ydellinen sinulle.","robots":{"index":"index","follow":"follow","max-snippet":"max-snippet:-1","max-image-preview":"max-image-preview:large","max-video-preview":"max-video-preview:-1"},"canonical":"https:\/\/ozponcho.com.au\/fi\/p\/hienostunut-kodikas-neulottu-viitta\/","og_locale":"fi_FI","og_type":"article","og_title":"Chic Turtleneck Knit Poncho | Suomi #1 Poncho Shop","og_description":"Looking for a Chic Turtleneck Knit Poncho ? You've come to the right place \ud83d\ude04 We offers a wide selection of Chic Turtleneck Knit Poncho, perfect for you.","og_url":"https:\/\/ozponcho.com.au\/fi\/p\/hienostunut-kodikas-neulottu-viitta\/","og_site_name":"OZ Poncho","article_modified_time":"2026-01-16T08:14:20+00:00","og_image":[{"width":800,"height":1000,"url":"https:\/\/ozponcho.com.au\/wp-content\/uploads\/2023\/12\/O1CN01gwqO861QmkKtQFYDb_2206658962019-0-cib.jpg","type":"image\/jpeg"}],"twitter_card":"summary_large_image","twitter_misc":{"Arvioitu lukuaika":"4 minuuttia"},"schema":{"@context":"https:\/\/schema.org","@graph":[{"@type":"WebPage","@id":"https:\/\/ozponcho.com.au\/p\/sophisticated-cozy-knit-cape\/","url":"https:\/\/ozponcho.com.au\/p\/sophisticated-cozy-knit-cape\/","name":"Tyylik\u00e4s turtleneck neuleponcho | Suomi #1 Poncho Shop","isPartOf":{"@id":"https:\/\/ozponcho.com.au\/#website"},"primaryImageOfPage":{"@id":"https:\/\/ozponcho.com.au\/p\/sophisticated-cozy-knit-cape\/#primaryimage"},"image":{"@id":"https:\/\/ozponcho.com.au\/p\/sophisticated-cozy-knit-cape\/#primaryimage"},"thumbnailUrl":"https:\/\/ozponcho.com.au\/wp-content\/uploads\/2023\/12\/O1CN01gwqO861QmkKtQFYDb_2206658962019-0-cib.jpg","datePublished":"2023-12-13T07:35:09+00:00","dateModified":"2026-01-16T08:14:20+00:00","description":"Etsitk\u00f6 tyylik\u00e4st\u00e4 turtleneck-neuleponchoa ? Olet tullut oikeaan paikkaan \ud83d\ude04 Tarjoamme laajan valikoiman Chic Turtleneck Knit Poncho, t\u00e4ydellinen sinulle.","breadcrumb":{"@id":"https:\/\/ozponcho.com.au\/p\/sophisticated-cozy-knit-cape\/#breadcrumb"},"inLanguage":"fi","potentialAction":[{"@type":"ReadAction","target":["https:\/\/ozponcho.com.au\/p\/sophisticated-cozy-knit-cape\/"]}]},{"@type":"ImageObject","inLanguage":"fi","@id":"https:\/\/ozponcho.com.au\/p\/sophisticated-cozy-knit-cape\/#primaryimage","url":"https:\/\/ozponcho.com.au\/wp-content\/uploads\/2023\/12\/O1CN01gwqO861QmkKtQFYDb_2206658962019-0-cib.jpg","contentUrl":"https:\/\/ozponcho.com.au\/wp-content\/uploads\/2023\/12\/O1CN01gwqO861QmkKtQFYDb_2206658962019-0-cib.jpg","width":800,"height":1000,"caption":"Chic Turtleneck Knit Poncho"},{"@type":"BreadcrumbList","@id":"https:\/\/ozponcho.com.au\/p\/sophisticated-cozy-knit-cape\/#breadcrumb","itemListElement":[{"@type":"ListItem","position":1,"name":"Home","item":"https:\/\/ozponcho.com.au\/"},{"@type":"ListItem","position":2,"name":"Shop","item":"https:\/\/ozponcho.com.au\/shop\/"},{"@type":"ListItem","position":3,"name":"Chic Turtleneck Knit Poncho"}]},{"@type":"WebSite","@id":"https:\/\/ozponcho.com.au\/#website","url":"https:\/\/ozponcho.com.au\/","name":"OZ Poncho","description":"","potentialAction":[{"@type":"SearchAction","target":{"@type":"EntryPoint","urlTemplate":"https:\/\/ozponcho.com.au\/?s={search_term_string}"},"query-input":{"@type":"PropertyValueSpecification","valueRequired":true,"valueName":"search_term_string"}}],"inLanguage":"fi"}]}},"_links":{"self":[{"href":"https:\/\/ozponcho.com.au\/fi\/wp-json\/wp\/v2\/product\/12361","targetHints":{"allow":["GET"]}}],"collection":[{"href":"https:\/\/ozponcho.com.au\/fi\/wp-json\/wp\/v2\/product"}],"about":[{"href":"https:\/\/ozponcho.com.au\/fi\/wp-json\/wp\/v2\/types\/product"}],"wp:featuredmedia":[{"embeddable":true,"href":"https:\/\/ozponcho.com.au\/fi\/wp-json\/wp\/v2\/media\/12314"}],"wp:attachment":[{"href":"https:\/\/ozponcho.com.au\/fi\/wp-json\/wp\/v2\/media?parent=12361"}],"wp:term":[{"taxonomy":"product_brand","embeddable":true,"href":"https:\/\/ozponcho.com.au\/fi\/wp-json\/wp\/v2\/product_brand?post=12361"},{"taxonomy":"product_cat","embeddable":true,"href":"https:\/\/ozponcho.com.au\/fi\/wp-json\/wp\/v2\/product_cat?post=12361"},{"taxonomy":"product_tag","embeddable":true,"href":"https:\/\/ozponcho.com.au\/fi\/wp-json\/wp\/v2\/product_tag?post=12361"}],"curies":[{"name":"wp","href":"https:\/\/api.w.org\/{rel}","templated":true}]}}