{"id":12355,"date":"2023-12-13T18:35:07","date_gmt":"2023-12-13T07:35:07","guid":{"rendered":"https:\/\/ozponcho.com.au\/p\/autumn-winter-light-luxury-fur-collar-tassel-shawl-sweater-coat\/"},"modified":"2024-04-19T18:39:14","modified_gmt":"2024-04-19T07:39:14","slug":"luxury-tassel-pink-shawl-coat","status":"publish","type":"product","link":"https:\/\/ozponcho.com.au\/fi\/p\/ylellisyytta-tupsu-vaaleanpunainen-huivi-takki\/","title":{"rendered":"Vaaleanpunainen turkiskauluksinen hapsuponcho"},"content":{"rendered":"<p>K\u00e4\u00e4ri itsesi tyylikk\u00e4\u00e4sti t\u00e4h\u00e4n syksyn ja talven kevyeen luksusponchoon, joka on hieno lis\u00e4 vaatekaappiisi ja jossa rento mukavuus yhdistyy tyylikk\u00e4\u00e4seen tyyliin. Pastellinvaaleanpunainen s\u00e4vy huokuu naisellisuutta, kun taas runsas tekoturkiskaulus tuo ripauksen glamouria. Viihtyis\u00e4st\u00e4 trikookankaasta valmistettu takki on v\u00e4lj\u00e4n mallinen ja sopii t\u00e4ydellisesti kerrospukeutumiseen kev\u00e4\u00e4n ja syksyn siirtym\u00e4kausien aikana. Tyylik\u00e4s hapsuelementti antaa boho-tunnelmaa, joten se on ihanteellinen valinta muotitietoisille henkil\u00f6ille, jotka etsiv\u00e4t ylellisyytt\u00e4 ja rentoa charmia. Hemmottele itse\u00e4si t\u00e4ll\u00e4 pitk\u00e4hihaisella villatakilla ja muuta kylm\u00e4n s\u00e4\u00e4n ilmeesi sen kiistattoman vieh\u00e4tt\u00e4vyyden ansiosta.<\/p>\n<div>Tyyli: .<\/div>\n<div>Sopii: L\u00f6ys\u00e4<\/div>\n<div>Kangas: Jersey<\/div>\n<div>Kuvio: Kuviot: Solid<\/div>\n<div>Elementti: Fringe<\/div>\n<div>Top Pituus: Pitk\u00e4<\/div>\n<div>Hihan tyyppi: Hihan tyyppi: S\u00e4\u00e4nn\u00f6llinen<\/div>\n<div>Hihan pituus: Hiha: Pitk\u00e4 hiha<\/div>\n<div>Sulkemistyyppi: Muut<\/div>\n<div>T\u00e4rkein koostumus: Akryyli<\/div>\n<div>Kausi: Kev\u00e4t\/syksy<\/div>\n<p><img decoding=\"async\" src=\"https:\/\/ozponcho.com.au\/wp-content\/uploads\/2024\/03\/978391699053084672.png\" \/><img decoding=\"async\" src=\"https:\/\/ozponcho.com.au\/wp-content\/uploads\/2024\/03\/O1CN01nfF4zf1HIfpFgcYHj_2331630735-0-cib.jpg\" \/><img decoding=\"async\" src=\"https:\/\/ozponcho.com.au\/wp-content\/uploads\/2024\/03\/O1CN014lrPfP1HIfpNCa7eX_2331630735-0-cib.jpg\" \/><img decoding=\"async\" src=\"https:\/\/ozponcho.com.au\/wp-content\/uploads\/2024\/03\/O1CN010QZ2AU1HIfpHIYjBK_2331630735-0-cib.jpg\" \/><img decoding=\"async\" src=\"https:\/\/ozponcho.com.au\/wp-content\/uploads\/2024\/03\/O1CN01hGNPNw1HIfpJo11NO_2331630735-0-cib.jpg\" \/><img decoding=\"async\" src=\"https:\/\/ozponcho.com.au\/wp-content\/uploads\/2024\/03\/O1CN01bhgF9x1HIfpFge1iz_2331630735-0-cib.jpg\" \/><img decoding=\"async\" src=\"https:\/\/ozponcho.com.au\/wp-content\/uploads\/2024\/03\/O1CN01Rcdcn91HIfpNCbC8h_2331630735-0-cib.jpg\" \/><\/p>","protected":false},"excerpt":{"rendered":"<p>Wrap yourself in elegance with this Autumn Winter Light Luxury Poncho, an exquisite addition to your wardrobe that marries casual comfort with chic style. The pastel pink hue exudes femininity, while the sumptuous faux fur collar adds a touch of glamour. Crafted from cozy jersey fabric, it offers a generous loose fit, perfect for layering [&#8230;]","protected":false},"featured_media":12292,"template":"","meta":[],"product_brand":[],"product_cat":[218,15,222,228,214,210],"product_tag":[],"class_list":{"0":"post-12355","1":"product","2":"type-product","3":"status-publish","4":"has-post-thumbnail","6":"product_cat-fur-poncho","7":"product_cat-main-category","8":"product_cat-pink-poncho","9":"product_cat-poncho-sweater","10":"product_cat-knitted-crochet-poncho","11":"product_cat-poncho-women","13":"first","14":"outofstock","15":"shipping-taxable","16":"purchasable","17":"product-type-variable"},"yoast_head":"<!-- This site is optimized with the Yoast SEO plugin v25.9 - https:\/\/yoast.com\/wordpress\/plugins\/seo\/ -->\n<title>Pink Fur-Collar Fringe Poncho | Suomi #1 Poncho Shop<\/title>\n<meta name=\"description\" content=\"Looking for a Pink Fur-Collar Fringe Poncho ? You&#039;ve come to the right place \ud83d\ude04 We offers a wide selection of Pink Fur-Collar Fringe Poncho, perfect for you.\" \/>\n<meta name=\"robots\" content=\"index, follow, max-snippet:-1, max-image-preview:large, max-video-preview:-1\" \/>\n<link rel=\"canonical\" href=\"https:\/\/ozponcho.com.au\/fi\/p\/ylellisyytta-tupsu-vaaleanpunainen-huivi-takki\/\" \/>\n<meta property=\"og:locale\" content=\"fi_FI\" \/>\n<meta property=\"og:type\" content=\"article\" \/>\n<meta property=\"og:title\" content=\"Pink Fur-Collar Fringe Poncho | Suomi #1 Poncho Shop\" \/>\n<meta property=\"og:description\" content=\"Looking for a Pink Fur-Collar Fringe Poncho ? You&#039;ve come to the right place \ud83d\ude04 We offers a wide selection of Pink Fur-Collar Fringe Poncho, perfect for you.\" \/>\n<meta property=\"og:url\" content=\"https:\/\/ozponcho.com.au\/fi\/p\/ylellisyytta-tupsu-vaaleanpunainen-huivi-takki\/\" \/>\n<meta property=\"og:site_name\" content=\"OZ Poncho\" \/>\n<meta property=\"article:modified_time\" content=\"2024-04-19T07:39:14+00:00\" \/>\n<meta property=\"og:image\" content=\"https:\/\/ozponcho.com.au\/wp-content\/uploads\/2023\/12\/O1CN01SE2Eg01HIfpNCanHU_2331630735-0-cib.jpg\" \/>\n\t<meta property=\"og:image:width\" content=\"1340\" \/>\n\t<meta property=\"og:image:height\" content=\"1785\" \/>\n\t<meta property=\"og:image:type\" content=\"image\/jpeg\" \/>\n<meta name=\"twitter:card\" content=\"summary_large_image\" \/>\n<meta name=\"twitter:label1\" content=\"Arvioitu lukuaika\" \/>\n\t<meta name=\"twitter:data1\" content=\"3 minuuttia\" \/>\n<script type=\"application\/ld+json\" class=\"yoast-schema-graph\">{\"@context\":\"https:\/\/schema.org\",\"@graph\":[{\"@type\":\"WebPage\",\"@id\":\"https:\/\/ozponcho.com.au\/p\/luxury-tassel-pink-shawl-coat\/\",\"url\":\"https:\/\/ozponcho.com.au\/p\/luxury-tassel-pink-shawl-coat\/\",\"name\":\"Pink Fur-Collar Fringe Poncho | Suomi #1 Poncho Shop\",\"isPartOf\":{\"@id\":\"https:\/\/ozponcho.com.au\/#website\"},\"primaryImageOfPage\":{\"@id\":\"https:\/\/ozponcho.com.au\/p\/luxury-tassel-pink-shawl-coat\/#primaryimage\"},\"image\":{\"@id\":\"https:\/\/ozponcho.com.au\/p\/luxury-tassel-pink-shawl-coat\/#primaryimage\"},\"thumbnailUrl\":\"https:\/\/ozponcho.com.au\/wp-content\/uploads\/2023\/12\/O1CN01SE2Eg01HIfpNCanHU_2331630735-0-cib.jpg\",\"datePublished\":\"2023-12-13T07:35:07+00:00\",\"dateModified\":\"2024-04-19T07:39:14+00:00\",\"description\":\"Looking for a Pink Fur-Collar Fringe Poncho ? You've come to the right place \ud83d\ude04 We offers a wide selection of Pink Fur-Collar Fringe Poncho, perfect for you.\",\"breadcrumb\":{\"@id\":\"https:\/\/ozponcho.com.au\/p\/luxury-tassel-pink-shawl-coat\/#breadcrumb\"},\"inLanguage\":\"fi\",\"potentialAction\":[{\"@type\":\"ReadAction\",\"target\":[\"https:\/\/ozponcho.com.au\/p\/luxury-tassel-pink-shawl-coat\/\"]}]},{\"@type\":\"ImageObject\",\"inLanguage\":\"fi\",\"@id\":\"https:\/\/ozponcho.com.au\/p\/luxury-tassel-pink-shawl-coat\/#primaryimage\",\"url\":\"https:\/\/ozponcho.com.au\/wp-content\/uploads\/2023\/12\/O1CN01SE2Eg01HIfpNCanHU_2331630735-0-cib.jpg\",\"contentUrl\":\"https:\/\/ozponcho.com.au\/wp-content\/uploads\/2023\/12\/O1CN01SE2Eg01HIfpNCanHU_2331630735-0-cib.jpg\",\"width\":1340,\"height\":1785,\"caption\":\"Pink Fur-Collar Fringe Poncho\"},{\"@type\":\"BreadcrumbList\",\"@id\":\"https:\/\/ozponcho.com.au\/p\/luxury-tassel-pink-shawl-coat\/#breadcrumb\",\"itemListElement\":[{\"@type\":\"ListItem\",\"position\":1,\"name\":\"Home\",\"item\":\"https:\/\/ozponcho.com.au\/\"},{\"@type\":\"ListItem\",\"position\":2,\"name\":\"Shop\",\"item\":\"https:\/\/ozponcho.com.au\/shop\/\"},{\"@type\":\"ListItem\",\"position\":3,\"name\":\"Pink Fur-Collar Fringe Poncho\"}]},{\"@type\":\"WebSite\",\"@id\":\"https:\/\/ozponcho.com.au\/#website\",\"url\":\"https:\/\/ozponcho.com.au\/\",\"name\":\"OZ Poncho\",\"description\":\"\",\"potentialAction\":[{\"@type\":\"SearchAction\",\"target\":{\"@type\":\"EntryPoint\",\"urlTemplate\":\"https:\/\/ozponcho.com.au\/?s={search_term_string}\"},\"query-input\":{\"@type\":\"PropertyValueSpecification\",\"valueRequired\":true,\"valueName\":\"search_term_string\"}}],\"inLanguage\":\"fi\"}]}<\/script>\n<!-- \/ Yoast SEO plugin. -->","yoast_head_json":{"title":"Vaaleanpunainen turkiskauluksinen hapsuponcho | Suomi #1 Poncho Shop","description":"Etsitk\u00f6 vaaleanpunaista turkiskauluksista hapsuponchoa ? Olet tullut oikeaan paikkaan \ud83d\ude04 Tarjoamme laajan valikoiman vaaleanpunaista Fur-Collar Fringe Ponchoa, joka sopii juuri sinulle.","robots":{"index":"index","follow":"follow","max-snippet":"max-snippet:-1","max-image-preview":"max-image-preview:large","max-video-preview":"max-video-preview:-1"},"canonical":"https:\/\/ozponcho.com.au\/fi\/p\/ylellisyytta-tupsu-vaaleanpunainen-huivi-takki\/","og_locale":"fi_FI","og_type":"article","og_title":"Pink Fur-Collar Fringe Poncho | Suomi #1 Poncho Shop","og_description":"Looking for a Pink Fur-Collar Fringe Poncho ? You've come to the right place \ud83d\ude04 We offers a wide selection of Pink Fur-Collar Fringe Poncho, perfect for you.","og_url":"https:\/\/ozponcho.com.au\/fi\/p\/ylellisyytta-tupsu-vaaleanpunainen-huivi-takki\/","og_site_name":"OZ Poncho","article_modified_time":"2024-04-19T07:39:14+00:00","og_image":[{"width":1340,"height":1785,"url":"https:\/\/ozponcho.com.au\/wp-content\/uploads\/2023\/12\/O1CN01SE2Eg01HIfpNCanHU_2331630735-0-cib.jpg","type":"image\/jpeg"}],"twitter_card":"summary_large_image","twitter_misc":{"Arvioitu lukuaika":"3 minuuttia"},"schema":{"@context":"https:\/\/schema.org","@graph":[{"@type":"WebPage","@id":"https:\/\/ozponcho.com.au\/p\/luxury-tassel-pink-shawl-coat\/","url":"https:\/\/ozponcho.com.au\/p\/luxury-tassel-pink-shawl-coat\/","name":"Vaaleanpunainen turkiskauluksinen hapsuponcho | Suomi #1 Poncho Shop","isPartOf":{"@id":"https:\/\/ozponcho.com.au\/#website"},"primaryImageOfPage":{"@id":"https:\/\/ozponcho.com.au\/p\/luxury-tassel-pink-shawl-coat\/#primaryimage"},"image":{"@id":"https:\/\/ozponcho.com.au\/p\/luxury-tassel-pink-shawl-coat\/#primaryimage"},"thumbnailUrl":"https:\/\/ozponcho.com.au\/wp-content\/uploads\/2023\/12\/O1CN01SE2Eg01HIfpNCanHU_2331630735-0-cib.jpg","datePublished":"2023-12-13T07:35:07+00:00","dateModified":"2024-04-19T07:39:14+00:00","description":"Etsitk\u00f6 vaaleanpunaista turkiskauluksista hapsuponchoa ? Olet tullut oikeaan paikkaan \ud83d\ude04 Tarjoamme laajan valikoiman vaaleanpunaista Fur-Collar Fringe Ponchoa, joka sopii juuri sinulle.","breadcrumb":{"@id":"https:\/\/ozponcho.com.au\/p\/luxury-tassel-pink-shawl-coat\/#breadcrumb"},"inLanguage":"fi","potentialAction":[{"@type":"ReadAction","target":["https:\/\/ozponcho.com.au\/p\/luxury-tassel-pink-shawl-coat\/"]}]},{"@type":"ImageObject","inLanguage":"fi","@id":"https:\/\/ozponcho.com.au\/p\/luxury-tassel-pink-shawl-coat\/#primaryimage","url":"https:\/\/ozponcho.com.au\/wp-content\/uploads\/2023\/12\/O1CN01SE2Eg01HIfpNCanHU_2331630735-0-cib.jpg","contentUrl":"https:\/\/ozponcho.com.au\/wp-content\/uploads\/2023\/12\/O1CN01SE2Eg01HIfpNCanHU_2331630735-0-cib.jpg","width":1340,"height":1785,"caption":"Pink Fur-Collar Fringe Poncho"},{"@type":"BreadcrumbList","@id":"https:\/\/ozponcho.com.au\/p\/luxury-tassel-pink-shawl-coat\/#breadcrumb","itemListElement":[{"@type":"ListItem","position":1,"name":"Home","item":"https:\/\/ozponcho.com.au\/"},{"@type":"ListItem","position":2,"name":"Shop","item":"https:\/\/ozponcho.com.au\/shop\/"},{"@type":"ListItem","position":3,"name":"Pink Fur-Collar Fringe Poncho"}]},{"@type":"WebSite","@id":"https:\/\/ozponcho.com.au\/#website","url":"https:\/\/ozponcho.com.au\/","name":"OZ Poncho","description":"","potentialAction":[{"@type":"SearchAction","target":{"@type":"EntryPoint","urlTemplate":"https:\/\/ozponcho.com.au\/?s={search_term_string}"},"query-input":{"@type":"PropertyValueSpecification","valueRequired":true,"valueName":"search_term_string"}}],"inLanguage":"fi"}]}},"_links":{"self":[{"href":"https:\/\/ozponcho.com.au\/fi\/wp-json\/wp\/v2\/product\/12355","targetHints":{"allow":["GET"]}}],"collection":[{"href":"https:\/\/ozponcho.com.au\/fi\/wp-json\/wp\/v2\/product"}],"about":[{"href":"https:\/\/ozponcho.com.au\/fi\/wp-json\/wp\/v2\/types\/product"}],"wp:featuredmedia":[{"embeddable":true,"href":"https:\/\/ozponcho.com.au\/fi\/wp-json\/wp\/v2\/media\/12292"}],"wp:attachment":[{"href":"https:\/\/ozponcho.com.au\/fi\/wp-json\/wp\/v2\/media?parent=12355"}],"wp:term":[{"taxonomy":"product_brand","embeddable":true,"href":"https:\/\/ozponcho.com.au\/fi\/wp-json\/wp\/v2\/product_brand?post=12355"},{"taxonomy":"product_cat","embeddable":true,"href":"https:\/\/ozponcho.com.au\/fi\/wp-json\/wp\/v2\/product_cat?post=12355"},{"taxonomy":"product_tag","embeddable":true,"href":"https:\/\/ozponcho.com.au\/fi\/wp-json\/wp\/v2\/product_tag?post=12355"}],"curies":[{"name":"wp","href":"https:\/\/api.w.org\/{rel}","templated":true}]}}