{"id":12274,"date":"2023-12-13T18:34:27","date_gmt":"2023-12-13T07:34:27","guid":{"rendered":"https:\/\/ozponcho.com.au\/p\/autumn-winter-light-luxury-fur-collar-patchwork-slit-sweater-inverness\/"},"modified":"2024-04-19T18:40:25","modified_gmt":"2024-04-19T07:40:25","slug":"luxury-winter-fur-collar-poncho","status":"publish","type":"product","link":"https:\/\/ozponcho.com.au\/fi\/p\/ylellinen-talvi-turkis-kaulus-poncho\/","title":{"rendered":"Tyylik\u00e4s harmaa turkis poncho"},"content":{"rendered":"<p>Ota kylmyys vastaan tyylill\u00e4 t\u00e4m\u00e4n Elegant Grey Ponchon kanssa, joka on saumaton sekoitus ylellisyytt\u00e4 ja mukavuutta. Pehme\u00e4 tekoturkiskaulus korostaa sen hienostuneisuutta ja tekee siit\u00e4 syksyn ja talven vaatekaapin must-have. Se on valmistettu viihtyis\u00e4st\u00e4 akryylikankaasta, ja siin\u00e4 on l\u00f6ys\u00e4 istuvuus ja pitk\u00e4t hihat, jotka takaavat parhaan mahdollisen l\u00e4mm\u00f6n. Sen vankka jersey-rakenne takaa kest\u00e4vyyden, ja pitk\u00e4 siluetti pit\u00e4\u00e4 sinut tyylikk\u00e4\u00e4n\u00e4 ja l\u00e4mpim\u00e4n\u00e4. Paranna muotipeli\u00e4si ja pysy mukavasti t\u00e4m\u00e4n monipuolisen ja n\u00e4ytt\u00e4v\u00e4n ponchon kanssa. T\u00e4ydellinen niille, jotka haluavat lis\u00e4t\u00e4 ripauksen eleganssia kylm\u00e4n s\u00e4\u00e4n pukeutumiseensa.<\/p>\n<div>Tyyli: Tyylilaji: Elegantti<\/div>\n<div>Sopii: L\u00f6ys\u00e4<\/div>\n<div>Kangas: Jersey<\/div>\n<div>Kuvio: Kuviot: Solid<\/div>\n<div>Elementti: Ei<\/div>\n<div>Top Pituus: Pitk\u00e4<\/div>\n<div>Hihan tyyppi: Muut<\/div>\n<div>Hihan pituus: Hiha: Pitk\u00e4 hiha<\/div>\n<div>Sulkemistyyppi: Muut<\/div>\n<div>T\u00e4rkein koostumus: Akryyli<\/div>\n<div>Kausi: Syksy\/Talvi<\/div>\n<p><img decoding=\"async\" src=\"https:\/\/ozponcho.com.au\/wp-content\/uploads\/2024\/03\/1021412457437986816.png\" \/><\/p>","protected":false},"excerpt":{"rendered":"<p>Embrace the cold in style with this Elegant Grey Poncho, a seamless blend of luxury and comfort. The plush faux fur collar accentuates its sophistication, making it a must-have for your autumn-winter wardrobe. Crafted from cozy acrylic fabric, it offers a loose fit and long sleeves for supreme warmth. Its solid jersey construction ensures durability, [&#8230;]","protected":false},"featured_media":12256,"template":"","meta":[],"product_brand":[],"product_cat":[218,225,15,228,210],"product_tag":[],"class_list":{"0":"post-12274","1":"product","2":"type-product","3":"status-publish","4":"has-post-thumbnail","6":"product_cat-fur-poncho","7":"product_cat-grey-poncho","8":"product_cat-main-category","9":"product_cat-poncho-sweater","10":"product_cat-poncho-women","12":"first","13":"outofstock","14":"shipping-taxable","15":"purchasable","16":"product-type-variable"},"yoast_head":"<!-- This site is optimized with the Yoast SEO plugin v25.9 - https:\/\/yoast.com\/wordpress\/plugins\/seo\/ -->\n<title>Elegant Grey Fur Poncho | Suomi #1 Poncho Shop<\/title>\n<meta name=\"description\" content=\"Looking for a Elegant Grey Fur Poncho ? You&#039;ve come to the right place \ud83d\ude04 We offers a wide selection of Elegant Grey Fur Poncho, perfect for you.\" \/>\n<meta name=\"robots\" content=\"index, follow, max-snippet:-1, max-image-preview:large, max-video-preview:-1\" \/>\n<link rel=\"canonical\" href=\"https:\/\/ozponcho.com.au\/fi\/p\/ylellinen-talvi-turkis-kaulus-poncho\/\" \/>\n<meta property=\"og:locale\" content=\"fi_FI\" \/>\n<meta property=\"og:type\" content=\"article\" \/>\n<meta property=\"og:title\" content=\"Elegant Grey Fur Poncho | Suomi #1 Poncho Shop\" \/>\n<meta property=\"og:description\" content=\"Looking for a Elegant Grey Fur Poncho ? You&#039;ve come to the right place \ud83d\ude04 We offers a wide selection of Elegant Grey Fur Poncho, perfect for you.\" \/>\n<meta property=\"og:url\" content=\"https:\/\/ozponcho.com.au\/fi\/p\/ylellinen-talvi-turkis-kaulus-poncho\/\" \/>\n<meta property=\"og:site_name\" content=\"OZ Poncho\" \/>\n<meta property=\"article:modified_time\" content=\"2024-04-19T07:40:25+00:00\" \/>\n<meta property=\"og:image\" content=\"https:\/\/ozponcho.com.au\/wp-content\/uploads\/2023\/12\/O1CN01o0GIlo1HIfsmgSzZe_2331630735-0-cib.jpg\" \/>\n\t<meta property=\"og:image:width\" content=\"1200\" \/>\n\t<meta property=\"og:image:height\" content=\"1200\" \/>\n\t<meta property=\"og:image:type\" content=\"image\/jpeg\" \/>\n<meta name=\"twitter:card\" content=\"summary_large_image\" \/>\n<meta name=\"twitter:label1\" content=\"Arvioitu lukuaika\" \/>\n\t<meta name=\"twitter:data1\" content=\"1 minuutti\" \/>\n<script type=\"application\/ld+json\" class=\"yoast-schema-graph\">{\"@context\":\"https:\/\/schema.org\",\"@graph\":[{\"@type\":\"WebPage\",\"@id\":\"https:\/\/ozponcho.com.au\/p\/luxury-winter-fur-collar-poncho\/\",\"url\":\"https:\/\/ozponcho.com.au\/p\/luxury-winter-fur-collar-poncho\/\",\"name\":\"Elegant Grey Fur Poncho | Suomi #1 Poncho Shop\",\"isPartOf\":{\"@id\":\"https:\/\/ozponcho.com.au\/#website\"},\"primaryImageOfPage\":{\"@id\":\"https:\/\/ozponcho.com.au\/p\/luxury-winter-fur-collar-poncho\/#primaryimage\"},\"image\":{\"@id\":\"https:\/\/ozponcho.com.au\/p\/luxury-winter-fur-collar-poncho\/#primaryimage\"},\"thumbnailUrl\":\"https:\/\/ozponcho.com.au\/wp-content\/uploads\/2023\/12\/O1CN01o0GIlo1HIfsmgSzZe_2331630735-0-cib.jpg\",\"datePublished\":\"2023-12-13T07:34:27+00:00\",\"dateModified\":\"2024-04-19T07:40:25+00:00\",\"description\":\"Looking for a Elegant Grey Fur Poncho ? You've come to the right place \ud83d\ude04 We offers a wide selection of Elegant Grey Fur Poncho, perfect for you.\",\"breadcrumb\":{\"@id\":\"https:\/\/ozponcho.com.au\/p\/luxury-winter-fur-collar-poncho\/#breadcrumb\"},\"inLanguage\":\"fi\",\"potentialAction\":[{\"@type\":\"ReadAction\",\"target\":[\"https:\/\/ozponcho.com.au\/p\/luxury-winter-fur-collar-poncho\/\"]}]},{\"@type\":\"ImageObject\",\"inLanguage\":\"fi\",\"@id\":\"https:\/\/ozponcho.com.au\/p\/luxury-winter-fur-collar-poncho\/#primaryimage\",\"url\":\"https:\/\/ozponcho.com.au\/wp-content\/uploads\/2023\/12\/O1CN01o0GIlo1HIfsmgSzZe_2331630735-0-cib.jpg\",\"contentUrl\":\"https:\/\/ozponcho.com.au\/wp-content\/uploads\/2023\/12\/O1CN01o0GIlo1HIfsmgSzZe_2331630735-0-cib.jpg\",\"width\":1200,\"height\":1200,\"caption\":\"Elegant Grey Fur Poncho\"},{\"@type\":\"BreadcrumbList\",\"@id\":\"https:\/\/ozponcho.com.au\/p\/luxury-winter-fur-collar-poncho\/#breadcrumb\",\"itemListElement\":[{\"@type\":\"ListItem\",\"position\":1,\"name\":\"Home\",\"item\":\"https:\/\/ozponcho.com.au\/\"},{\"@type\":\"ListItem\",\"position\":2,\"name\":\"Shop\",\"item\":\"https:\/\/ozponcho.com.au\/shop\/\"},{\"@type\":\"ListItem\",\"position\":3,\"name\":\"Elegant Grey Fur Poncho\"}]},{\"@type\":\"WebSite\",\"@id\":\"https:\/\/ozponcho.com.au\/#website\",\"url\":\"https:\/\/ozponcho.com.au\/\",\"name\":\"OZ Poncho\",\"description\":\"\",\"potentialAction\":[{\"@type\":\"SearchAction\",\"target\":{\"@type\":\"EntryPoint\",\"urlTemplate\":\"https:\/\/ozponcho.com.au\/?s={search_term_string}\"},\"query-input\":{\"@type\":\"PropertyValueSpecification\",\"valueRequired\":true,\"valueName\":\"search_term_string\"}}],\"inLanguage\":\"fi\"}]}<\/script>\n<!-- \/ Yoast SEO plugin. -->","yoast_head_json":{"title":"Tyylik\u00e4s harmaa turkis poncho | Suomi #1 Poncho Shop","description":"Etsitk\u00f6 eleganttia harmaa turkis ponchoa ? Olet tullut oikeaan paikkaan \ud83d\ude04 Tarjoamme laajan valikoiman Elegantti harmaa turkis poncho, t\u00e4ydellinen sinulle.","robots":{"index":"index","follow":"follow","max-snippet":"max-snippet:-1","max-image-preview":"max-image-preview:large","max-video-preview":"max-video-preview:-1"},"canonical":"https:\/\/ozponcho.com.au\/fi\/p\/ylellinen-talvi-turkis-kaulus-poncho\/","og_locale":"fi_FI","og_type":"article","og_title":"Elegant Grey Fur Poncho | Suomi #1 Poncho Shop","og_description":"Looking for a Elegant Grey Fur Poncho ? You've come to the right place \ud83d\ude04 We offers a wide selection of Elegant Grey Fur Poncho, perfect for you.","og_url":"https:\/\/ozponcho.com.au\/fi\/p\/ylellinen-talvi-turkis-kaulus-poncho\/","og_site_name":"OZ Poncho","article_modified_time":"2024-04-19T07:40:25+00:00","og_image":[{"width":1200,"height":1200,"url":"https:\/\/ozponcho.com.au\/wp-content\/uploads\/2023\/12\/O1CN01o0GIlo1HIfsmgSzZe_2331630735-0-cib.jpg","type":"image\/jpeg"}],"twitter_card":"summary_large_image","twitter_misc":{"Arvioitu lukuaika":"1 minuutti"},"schema":{"@context":"https:\/\/schema.org","@graph":[{"@type":"WebPage","@id":"https:\/\/ozponcho.com.au\/p\/luxury-winter-fur-collar-poncho\/","url":"https:\/\/ozponcho.com.au\/p\/luxury-winter-fur-collar-poncho\/","name":"Tyylik\u00e4s harmaa turkis poncho | Suomi #1 Poncho Shop","isPartOf":{"@id":"https:\/\/ozponcho.com.au\/#website"},"primaryImageOfPage":{"@id":"https:\/\/ozponcho.com.au\/p\/luxury-winter-fur-collar-poncho\/#primaryimage"},"image":{"@id":"https:\/\/ozponcho.com.au\/p\/luxury-winter-fur-collar-poncho\/#primaryimage"},"thumbnailUrl":"https:\/\/ozponcho.com.au\/wp-content\/uploads\/2023\/12\/O1CN01o0GIlo1HIfsmgSzZe_2331630735-0-cib.jpg","datePublished":"2023-12-13T07:34:27+00:00","dateModified":"2024-04-19T07:40:25+00:00","description":"Etsitk\u00f6 eleganttia harmaa turkis ponchoa ? Olet tullut oikeaan paikkaan \ud83d\ude04 Tarjoamme laajan valikoiman Elegantti harmaa turkis poncho, t\u00e4ydellinen sinulle.","breadcrumb":{"@id":"https:\/\/ozponcho.com.au\/p\/luxury-winter-fur-collar-poncho\/#breadcrumb"},"inLanguage":"fi","potentialAction":[{"@type":"ReadAction","target":["https:\/\/ozponcho.com.au\/p\/luxury-winter-fur-collar-poncho\/"]}]},{"@type":"ImageObject","inLanguage":"fi","@id":"https:\/\/ozponcho.com.au\/p\/luxury-winter-fur-collar-poncho\/#primaryimage","url":"https:\/\/ozponcho.com.au\/wp-content\/uploads\/2023\/12\/O1CN01o0GIlo1HIfsmgSzZe_2331630735-0-cib.jpg","contentUrl":"https:\/\/ozponcho.com.au\/wp-content\/uploads\/2023\/12\/O1CN01o0GIlo1HIfsmgSzZe_2331630735-0-cib.jpg","width":1200,"height":1200,"caption":"Elegant Grey Fur Poncho"},{"@type":"BreadcrumbList","@id":"https:\/\/ozponcho.com.au\/p\/luxury-winter-fur-collar-poncho\/#breadcrumb","itemListElement":[{"@type":"ListItem","position":1,"name":"Home","item":"https:\/\/ozponcho.com.au\/"},{"@type":"ListItem","position":2,"name":"Shop","item":"https:\/\/ozponcho.com.au\/shop\/"},{"@type":"ListItem","position":3,"name":"Elegant Grey Fur Poncho"}]},{"@type":"WebSite","@id":"https:\/\/ozponcho.com.au\/#website","url":"https:\/\/ozponcho.com.au\/","name":"OZ Poncho","description":"","potentialAction":[{"@type":"SearchAction","target":{"@type":"EntryPoint","urlTemplate":"https:\/\/ozponcho.com.au\/?s={search_term_string}"},"query-input":{"@type":"PropertyValueSpecification","valueRequired":true,"valueName":"search_term_string"}}],"inLanguage":"fi"}]}},"_links":{"self":[{"href":"https:\/\/ozponcho.com.au\/fi\/wp-json\/wp\/v2\/product\/12274","targetHints":{"allow":["GET"]}}],"collection":[{"href":"https:\/\/ozponcho.com.au\/fi\/wp-json\/wp\/v2\/product"}],"about":[{"href":"https:\/\/ozponcho.com.au\/fi\/wp-json\/wp\/v2\/types\/product"}],"wp:featuredmedia":[{"embeddable":true,"href":"https:\/\/ozponcho.com.au\/fi\/wp-json\/wp\/v2\/media\/12256"}],"wp:attachment":[{"href":"https:\/\/ozponcho.com.au\/fi\/wp-json\/wp\/v2\/media?parent=12274"}],"wp:term":[{"taxonomy":"product_brand","embeddable":true,"href":"https:\/\/ozponcho.com.au\/fi\/wp-json\/wp\/v2\/product_brand?post=12274"},{"taxonomy":"product_cat","embeddable":true,"href":"https:\/\/ozponcho.com.au\/fi\/wp-json\/wp\/v2\/product_cat?post=12274"},{"taxonomy":"product_tag","embeddable":true,"href":"https:\/\/ozponcho.com.au\/fi\/wp-json\/wp\/v2\/product_tag?post=12274"}],"curies":[{"name":"wp","href":"https:\/\/api.w.org\/{rel}","templated":true}]}}