{"id":12259,"date":"2023-12-13T18:34:17","date_gmt":"2023-12-13T07:34:17","guid":{"rendered":"https:\/\/ozponcho.com.au\/p\/autumn-winter-fur-collar-advanced-color-matching-half-sleeve-cardigan-coat-fur\/"},"modified":"2024-04-19T19:21:59","modified_gmt":"2024-04-19T08:21:59","slug":"boho-fringe-poncho-wrap","status":"publish","type":"product","link":"https:\/\/ozponcho.com.au\/fi\/p\/boho-hapsut-poncho-wrap\/","title":{"rendered":"Boheemi tyylik\u00e4s hapsuinen poncho"},"content":{"rendered":"<p>Syleile ripausta boheemia tyylikkyytt\u00e4 syksyn ja talven hapsuisella ponchollamme, joka on muotoiltu lis\u00e4\u00e4m\u00e4\u00e4n hienostuneisuutta syksyn ja talven vaatekaappiisi. Sen ylellinen turkiskaulus ja tyylik\u00e4s v\u00e4ris\u00e4vyinen malli, jossa on korallinpunainen s\u00e4vy, jota korostaa sinisen ja valkoisen v\u00e4ris\u00e4vyinen kuvioitu s\u00e4vy, tekev\u00e4t siit\u00e4 poikkeuksellisen n\u00e4ytt\u00e4v\u00e4n kappaleen. L\u00f6ys\u00e4, 3\/4-hihainen leikkaus takaa mukavan istuvuuden mille tahansa vartalotyypille, kun taas hapsut lis\u00e4\u00e4v\u00e4t leikkis\u00e4\u00e4, avantgardistista s\u00e4rm\u00e4\u00e4. Ihanteellinen niille, jotka etsiv\u00e4t muodikasta tyyli\u00e4 ja kodikasta l\u00e4mp\u00f6\u00e4. K\u00e4\u00e4nn\u00e4 katseet ja pysy mukavasti t\u00e4m\u00e4n must-have ponchon kanssa!<\/p>\n<div>Tyyli: .<\/div>\n<div>Sopii: L\u00f6ys\u00e4<\/div>\n<div>Kangas: Jersey<\/div>\n<div>Kuvio: V\u00e4ri Block<\/div>","protected":false},"excerpt":{"rendered":"<p>Embrace a touch of bohemian elegance with our Autumn Winter Fringed Poncho, crafted to add sophistication to your fall and winter wardrobe. Its luxurious fur collar and chic color-block design, featuring a coral red hue accented by a textured gradient of blues and whites, make it an exceptional statement piece. The loose, 3\/4 sleeve cut [&#8230;]","protected":false},"featured_media":12225,"template":"","meta":[],"product_brand":[],"product_cat":[229,15,209,228,214,210,221],"product_tag":[],"class_list":{"0":"post-12259","1":"product","2":"type-product","3":"status-publish","4":"has-post-thumbnail","6":"product_cat-blanket-poncho","7":"product_cat-main-category","8":"product_cat-mexican-poncho","9":"product_cat-poncho-sweater","10":"product_cat-knitted-crochet-poncho","11":"product_cat-poncho-women","12":"product_cat-red-poncho","14":"first","15":"outofstock","16":"shipping-taxable","17":"purchasable","18":"product-type-variable"},"yoast_head":"<!-- This site is optimized with the Yoast SEO plugin v25.9 - https:\/\/yoast.com\/wordpress\/plugins\/seo\/ -->\n<title>Bohemian Chic Fringed Poncho | Suomi #1 Poncho Shop<\/title>\n<meta name=\"description\" content=\"Looking for a Bohemian Chic Fringed Poncho ? You&#039;ve come to the right place \ud83d\ude04 We offers a wide selection of Bohemian Chic Fringed Poncho, perfect for you.\" \/>\n<meta name=\"robots\" content=\"index, follow, max-snippet:-1, max-image-preview:large, max-video-preview:-1\" \/>\n<link rel=\"canonical\" href=\"https:\/\/ozponcho.com.au\/fi\/p\/boho-hapsut-poncho-wrap\/\" \/>\n<meta property=\"og:locale\" content=\"fi_FI\" \/>\n<meta property=\"og:type\" content=\"article\" \/>\n<meta property=\"og:title\" content=\"Bohemian Chic Fringed Poncho | Suomi #1 Poncho Shop\" \/>\n<meta property=\"og:description\" content=\"Looking for a Bohemian Chic Fringed Poncho ? You&#039;ve come to the right place \ud83d\ude04 We offers a wide selection of Bohemian Chic Fringed Poncho, perfect for you.\" \/>\n<meta property=\"og:url\" content=\"https:\/\/ozponcho.com.au\/fi\/p\/boho-hapsut-poncho-wrap\/\" \/>\n<meta property=\"og:site_name\" content=\"OZ Poncho\" \/>\n<meta property=\"article:modified_time\" content=\"2024-04-19T08:21:59+00:00\" \/>\n<meta property=\"og:image\" content=\"https:\/\/ozponcho.com.au\/wp-content\/uploads\/2023\/12\/O1CN018Avm8h1HIfyqrL7gC_2331630735-0-cib.jpg\" \/>\n\t<meta property=\"og:image:width\" content=\"1340\" \/>\n\t<meta property=\"og:image:height\" content=\"1785\" \/>\n\t<meta property=\"og:image:type\" content=\"image\/jpeg\" \/>\n<meta name=\"twitter:card\" content=\"summary_large_image\" \/>\n<meta name=\"twitter:label1\" content=\"Arvioitu lukuaika\" \/>\n\t<meta name=\"twitter:data1\" content=\"1 minuutti\" \/>\n<script type=\"application\/ld+json\" class=\"yoast-schema-graph\">{\"@context\":\"https:\/\/schema.org\",\"@graph\":[{\"@type\":\"WebPage\",\"@id\":\"https:\/\/ozponcho.com.au\/p\/boho-fringe-poncho-wrap\/\",\"url\":\"https:\/\/ozponcho.com.au\/p\/boho-fringe-poncho-wrap\/\",\"name\":\"Bohemian Chic Fringed Poncho | Suomi #1 Poncho Shop\",\"isPartOf\":{\"@id\":\"https:\/\/ozponcho.com.au\/#website\"},\"primaryImageOfPage\":{\"@id\":\"https:\/\/ozponcho.com.au\/p\/boho-fringe-poncho-wrap\/#primaryimage\"},\"image\":{\"@id\":\"https:\/\/ozponcho.com.au\/p\/boho-fringe-poncho-wrap\/#primaryimage\"},\"thumbnailUrl\":\"https:\/\/ozponcho.com.au\/wp-content\/uploads\/2023\/12\/O1CN018Avm8h1HIfyqrL7gC_2331630735-0-cib.jpg\",\"datePublished\":\"2023-12-13T07:34:17+00:00\",\"dateModified\":\"2024-04-19T08:21:59+00:00\",\"description\":\"Looking for a Bohemian Chic Fringed Poncho ? You've come to the right place \ud83d\ude04 We offers a wide selection of Bohemian Chic Fringed Poncho, perfect for you.\",\"breadcrumb\":{\"@id\":\"https:\/\/ozponcho.com.au\/p\/boho-fringe-poncho-wrap\/#breadcrumb\"},\"inLanguage\":\"fi\",\"potentialAction\":[{\"@type\":\"ReadAction\",\"target\":[\"https:\/\/ozponcho.com.au\/p\/boho-fringe-poncho-wrap\/\"]}]},{\"@type\":\"ImageObject\",\"inLanguage\":\"fi\",\"@id\":\"https:\/\/ozponcho.com.au\/p\/boho-fringe-poncho-wrap\/#primaryimage\",\"url\":\"https:\/\/ozponcho.com.au\/wp-content\/uploads\/2023\/12\/O1CN018Avm8h1HIfyqrL7gC_2331630735-0-cib.jpg\",\"contentUrl\":\"https:\/\/ozponcho.com.au\/wp-content\/uploads\/2023\/12\/O1CN018Avm8h1HIfyqrL7gC_2331630735-0-cib.jpg\",\"width\":1340,\"height\":1785,\"caption\":\"Bohemian Chic Fringed Poncho\"},{\"@type\":\"BreadcrumbList\",\"@id\":\"https:\/\/ozponcho.com.au\/p\/boho-fringe-poncho-wrap\/#breadcrumb\",\"itemListElement\":[{\"@type\":\"ListItem\",\"position\":1,\"name\":\"Home\",\"item\":\"https:\/\/ozponcho.com.au\/\"},{\"@type\":\"ListItem\",\"position\":2,\"name\":\"Shop\",\"item\":\"https:\/\/ozponcho.com.au\/shop\/\"},{\"@type\":\"ListItem\",\"position\":3,\"name\":\"Bohemian Chic Fringed Poncho\"}]},{\"@type\":\"WebSite\",\"@id\":\"https:\/\/ozponcho.com.au\/#website\",\"url\":\"https:\/\/ozponcho.com.au\/\",\"name\":\"OZ Poncho\",\"description\":\"\",\"potentialAction\":[{\"@type\":\"SearchAction\",\"target\":{\"@type\":\"EntryPoint\",\"urlTemplate\":\"https:\/\/ozponcho.com.au\/?s={search_term_string}\"},\"query-input\":{\"@type\":\"PropertyValueSpecification\",\"valueRequired\":true,\"valueName\":\"search_term_string\"}}],\"inLanguage\":\"fi\"}]}<\/script>\n<!-- \/ Yoast SEO plugin. -->","yoast_head_json":{"title":"Boheemimaisen tyylik\u00e4s hapsuponcho | Suomi #1 Poncho Shop","description":"Etsitk\u00f6 boheemin tyylik\u00e4st\u00e4 hapsuponchoa ? Olet tullut oikeaan paikkaan \ud83d\ude04 Tarjoamme laajan valikoiman Bohemian Chic Fringed Poncho, t\u00e4ydellinen sinulle.","robots":{"index":"index","follow":"follow","max-snippet":"max-snippet:-1","max-image-preview":"max-image-preview:large","max-video-preview":"max-video-preview:-1"},"canonical":"https:\/\/ozponcho.com.au\/fi\/p\/boho-hapsut-poncho-wrap\/","og_locale":"fi_FI","og_type":"article","og_title":"Bohemian Chic Fringed Poncho | Suomi #1 Poncho Shop","og_description":"Looking for a Bohemian Chic Fringed Poncho ? You've come to the right place \ud83d\ude04 We offers a wide selection of Bohemian Chic Fringed Poncho, perfect for you.","og_url":"https:\/\/ozponcho.com.au\/fi\/p\/boho-hapsut-poncho-wrap\/","og_site_name":"OZ Poncho","article_modified_time":"2024-04-19T08:21:59+00:00","og_image":[{"width":1340,"height":1785,"url":"https:\/\/ozponcho.com.au\/wp-content\/uploads\/2023\/12\/O1CN018Avm8h1HIfyqrL7gC_2331630735-0-cib.jpg","type":"image\/jpeg"}],"twitter_card":"summary_large_image","twitter_misc":{"Arvioitu lukuaika":"1 minuutti"},"schema":{"@context":"https:\/\/schema.org","@graph":[{"@type":"WebPage","@id":"https:\/\/ozponcho.com.au\/p\/boho-fringe-poncho-wrap\/","url":"https:\/\/ozponcho.com.au\/p\/boho-fringe-poncho-wrap\/","name":"Boheemimaisen tyylik\u00e4s hapsuponcho | Suomi #1 Poncho Shop","isPartOf":{"@id":"https:\/\/ozponcho.com.au\/#website"},"primaryImageOfPage":{"@id":"https:\/\/ozponcho.com.au\/p\/boho-fringe-poncho-wrap\/#primaryimage"},"image":{"@id":"https:\/\/ozponcho.com.au\/p\/boho-fringe-poncho-wrap\/#primaryimage"},"thumbnailUrl":"https:\/\/ozponcho.com.au\/wp-content\/uploads\/2023\/12\/O1CN018Avm8h1HIfyqrL7gC_2331630735-0-cib.jpg","datePublished":"2023-12-13T07:34:17+00:00","dateModified":"2024-04-19T08:21:59+00:00","description":"Etsitk\u00f6 boheemin tyylik\u00e4st\u00e4 hapsuponchoa ? Olet tullut oikeaan paikkaan \ud83d\ude04 Tarjoamme laajan valikoiman Bohemian Chic Fringed Poncho, t\u00e4ydellinen sinulle.","breadcrumb":{"@id":"https:\/\/ozponcho.com.au\/p\/boho-fringe-poncho-wrap\/#breadcrumb"},"inLanguage":"fi","potentialAction":[{"@type":"ReadAction","target":["https:\/\/ozponcho.com.au\/p\/boho-fringe-poncho-wrap\/"]}]},{"@type":"ImageObject","inLanguage":"fi","@id":"https:\/\/ozponcho.com.au\/p\/boho-fringe-poncho-wrap\/#primaryimage","url":"https:\/\/ozponcho.com.au\/wp-content\/uploads\/2023\/12\/O1CN018Avm8h1HIfyqrL7gC_2331630735-0-cib.jpg","contentUrl":"https:\/\/ozponcho.com.au\/wp-content\/uploads\/2023\/12\/O1CN018Avm8h1HIfyqrL7gC_2331630735-0-cib.jpg","width":1340,"height":1785,"caption":"Bohemian Chic Fringed Poncho"},{"@type":"BreadcrumbList","@id":"https:\/\/ozponcho.com.au\/p\/boho-fringe-poncho-wrap\/#breadcrumb","itemListElement":[{"@type":"ListItem","position":1,"name":"Home","item":"https:\/\/ozponcho.com.au\/"},{"@type":"ListItem","position":2,"name":"Shop","item":"https:\/\/ozponcho.com.au\/shop\/"},{"@type":"ListItem","position":3,"name":"Bohemian Chic Fringed Poncho"}]},{"@type":"WebSite","@id":"https:\/\/ozponcho.com.au\/#website","url":"https:\/\/ozponcho.com.au\/","name":"OZ Poncho","description":"","potentialAction":[{"@type":"SearchAction","target":{"@type":"EntryPoint","urlTemplate":"https:\/\/ozponcho.com.au\/?s={search_term_string}"},"query-input":{"@type":"PropertyValueSpecification","valueRequired":true,"valueName":"search_term_string"}}],"inLanguage":"fi"}]}},"_links":{"self":[{"href":"https:\/\/ozponcho.com.au\/fi\/wp-json\/wp\/v2\/product\/12259","targetHints":{"allow":["GET"]}}],"collection":[{"href":"https:\/\/ozponcho.com.au\/fi\/wp-json\/wp\/v2\/product"}],"about":[{"href":"https:\/\/ozponcho.com.au\/fi\/wp-json\/wp\/v2\/types\/product"}],"wp:featuredmedia":[{"embeddable":true,"href":"https:\/\/ozponcho.com.au\/fi\/wp-json\/wp\/v2\/media\/12225"}],"wp:attachment":[{"href":"https:\/\/ozponcho.com.au\/fi\/wp-json\/wp\/v2\/media?parent=12259"}],"wp:term":[{"taxonomy":"product_brand","embeddable":true,"href":"https:\/\/ozponcho.com.au\/fi\/wp-json\/wp\/v2\/product_brand?post=12259"},{"taxonomy":"product_cat","embeddable":true,"href":"https:\/\/ozponcho.com.au\/fi\/wp-json\/wp\/v2\/product_cat?post=12259"},{"taxonomy":"product_tag","embeddable":true,"href":"https:\/\/ozponcho.com.au\/fi\/wp-json\/wp\/v2\/product_tag?post=12259"}],"curies":[{"name":"wp","href":"https:\/\/api.w.org\/{rel}","templated":true}]}}