{"id":12252,"date":"2023-12-13T18:34:15","date_gmt":"2023-12-13T07:34:15","guid":{"rendered":"https:\/\/ozponcho.com.au\/p\/autumn-winter-knitwear-fur-collar-solid-color-batwing-sleeve-tassel-cape\/"},"modified":"2024-04-19T19:22:25","modified_gmt":"2024-04-19T08:22:25","slug":"chic-autumn-winter-cape","status":"publish","type":"product","link":"https:\/\/ozponcho.com.au\/fi\/p\/tyylikas-syksy-talvi-viitta\/","title":{"rendered":"Norsunluun turkiskauluksinen poncho"},"content":{"rendered":"<p>Korosta viile\u00e4n s\u00e4\u00e4n vaatekaappiasi t\u00e4ll\u00e4 norsunluunv\u00e4risell\u00e4 turkiskauluksisella poncholla, joka on t\u00e4ydellinen sekoitus l\u00e4mp\u00f6\u00e4 ja tyyli\u00e4. Pehme\u00e4st\u00e4 trikoo-neuleesta valmistettu ja upealla tekoturkisverhoilulla koristeltu poncho tarjoaa rennon, mutta tyylikk\u00e4\u00e4n siluetin batwing- ja dolman-hihoillaan sek\u00e4 houkuttelevilla tupsukuvioisilla yksityiskohdilla. Se sopii erinomaisesti syksyyn ja talveen, ja se pit\u00e4\u00e4 sinut l\u00e4mpim\u00e4n\u00e4 tyylist\u00e4 tinkim\u00e4tt\u00e4. T\u00e4m\u00e4 monipuolinen poncho on ehdoton valinta niille, jotka arvostavat ripausta ylellisyytt\u00e4 jokap\u00e4iv\u00e4isiss\u00e4 asuissaan.<\/p>\n<p>Tyyli: .<\/p>\n<p>Sopii: L\u00f6ys\u00e4<\/p>\n<p>Kangas: Jersey<\/p>\n<p>Kuvio: Kuviot: Solid<\/p>\n<p>Elementti: Ei<\/p>\n<p>Top Pituus: Pitk\u00e4<\/p>\n<p>Hihan tyyppi: Hihan tyyppi: Dolman<\/p>\n<p>Hihan pituus: Hiha: Pitk\u00e4 hiha<\/p>\n<p>Sulkemistyyppi: Muut<\/p>\n<p>T\u00e4rkein koostumus: Akryyli<\/p>\n<p>Kausi: Syksy\/Talvi<\/p>\n<p><img decoding=\"async\" src=\"https:\/\/ozponcho.com.au\/wp-content\/uploads\/2024\/03\/1166434260739948544.png\" \/><\/p>","protected":false},"excerpt":{"rendered":"<p>Elevate your cool-weather wardrobe with this Ivory Fur-Collar Poncho, a perfect blend of warmth and style. Crafted from soft jersey knit and adorned with a sumptuous faux fur trim, this poncho offers a casual, yet elegant silhouette with its batwing, dolman sleeves and inviting tassel details. Ideal for autumn and winter, it promises to keep [&#8230;]","protected":false},"featured_media":12218,"template":"","meta":[],"product_brand":[],"product_cat":[218,15,228,214,210],"product_tag":[],"class_list":{"0":"post-12252","1":"product","2":"type-product","3":"status-publish","4":"has-post-thumbnail","6":"product_cat-fur-poncho","7":"product_cat-main-category","8":"product_cat-poncho-sweater","9":"product_cat-knitted-crochet-poncho","10":"product_cat-poncho-women","12":"first","13":"outofstock","14":"shipping-taxable","15":"purchasable","16":"product-type-variable"},"yoast_head":"<!-- This site is optimized with the Yoast SEO plugin v25.9 - https:\/\/yoast.com\/wordpress\/plugins\/seo\/ -->\n<title>Ivory Fur-Collar Poncho | Suomi #1 Poncho Shop<\/title>\n<meta name=\"description\" content=\"Looking for a Ivory Fur-Collar Poncho ? You&#039;ve come to the right place \ud83d\ude04 We offers a wide selection of Ivory Fur-Collar Poncho, perfect for you.\" \/>\n<meta name=\"robots\" content=\"index, follow, max-snippet:-1, max-image-preview:large, max-video-preview:-1\" \/>\n<link rel=\"canonical\" href=\"https:\/\/ozponcho.com.au\/fi\/p\/tyylikas-syksy-talvi-viitta\/\" \/>\n<meta property=\"og:locale\" content=\"fi_FI\" \/>\n<meta property=\"og:type\" content=\"article\" \/>\n<meta property=\"og:title\" content=\"Ivory Fur-Collar Poncho | Suomi #1 Poncho Shop\" \/>\n<meta property=\"og:description\" content=\"Looking for a Ivory Fur-Collar Poncho ? You&#039;ve come to the right place \ud83d\ude04 We offers a wide selection of Ivory Fur-Collar Poncho, perfect for you.\" \/>\n<meta property=\"og:url\" content=\"https:\/\/ozponcho.com.au\/fi\/p\/tyylikas-syksy-talvi-viitta\/\" \/>\n<meta property=\"og:site_name\" content=\"OZ Poncho\" \/>\n<meta property=\"article:modified_time\" content=\"2024-04-19T08:22:25+00:00\" \/>\n<meta property=\"og:image\" content=\"https:\/\/ozponcho.com.au\/wp-content\/uploads\/2023\/12\/O1CN013IeZG51HIfyASF5kY_2331630735-0-cib.jpg\" \/>\n\t<meta property=\"og:image:width\" content=\"1200\" \/>\n\t<meta property=\"og:image:height\" content=\"1200\" \/>\n\t<meta property=\"og:image:type\" content=\"image\/jpeg\" \/>\n<meta name=\"twitter:card\" content=\"summary_large_image\" \/>\n<meta name=\"twitter:label1\" content=\"Arvioitu lukuaika\" \/>\n\t<meta name=\"twitter:data1\" content=\"1 minuutti\" \/>\n<script type=\"application\/ld+json\" class=\"yoast-schema-graph\">{\"@context\":\"https:\/\/schema.org\",\"@graph\":[{\"@type\":\"WebPage\",\"@id\":\"https:\/\/ozponcho.com.au\/p\/chic-autumn-winter-cape\/\",\"url\":\"https:\/\/ozponcho.com.au\/p\/chic-autumn-winter-cape\/\",\"name\":\"Ivory Fur-Collar Poncho | Suomi #1 Poncho Shop\",\"isPartOf\":{\"@id\":\"https:\/\/ozponcho.com.au\/#website\"},\"primaryImageOfPage\":{\"@id\":\"https:\/\/ozponcho.com.au\/p\/chic-autumn-winter-cape\/#primaryimage\"},\"image\":{\"@id\":\"https:\/\/ozponcho.com.au\/p\/chic-autumn-winter-cape\/#primaryimage\"},\"thumbnailUrl\":\"https:\/\/ozponcho.com.au\/wp-content\/uploads\/2023\/12\/O1CN013IeZG51HIfyASF5kY_2331630735-0-cib.jpg\",\"datePublished\":\"2023-12-13T07:34:15+00:00\",\"dateModified\":\"2024-04-19T08:22:25+00:00\",\"description\":\"Looking for a Ivory Fur-Collar Poncho ? You've come to the right place \ud83d\ude04 We offers a wide selection of Ivory Fur-Collar Poncho, perfect for you.\",\"breadcrumb\":{\"@id\":\"https:\/\/ozponcho.com.au\/p\/chic-autumn-winter-cape\/#breadcrumb\"},\"inLanguage\":\"fi\",\"potentialAction\":[{\"@type\":\"ReadAction\",\"target\":[\"https:\/\/ozponcho.com.au\/p\/chic-autumn-winter-cape\/\"]}]},{\"@type\":\"ImageObject\",\"inLanguage\":\"fi\",\"@id\":\"https:\/\/ozponcho.com.au\/p\/chic-autumn-winter-cape\/#primaryimage\",\"url\":\"https:\/\/ozponcho.com.au\/wp-content\/uploads\/2023\/12\/O1CN013IeZG51HIfyASF5kY_2331630735-0-cib.jpg\",\"contentUrl\":\"https:\/\/ozponcho.com.au\/wp-content\/uploads\/2023\/12\/O1CN013IeZG51HIfyASF5kY_2331630735-0-cib.jpg\",\"width\":1200,\"height\":1200,\"caption\":\"Ivory Fur-Collar Poncho\"},{\"@type\":\"BreadcrumbList\",\"@id\":\"https:\/\/ozponcho.com.au\/p\/chic-autumn-winter-cape\/#breadcrumb\",\"itemListElement\":[{\"@type\":\"ListItem\",\"position\":1,\"name\":\"Home\",\"item\":\"https:\/\/ozponcho.com.au\/\"},{\"@type\":\"ListItem\",\"position\":2,\"name\":\"Shop\",\"item\":\"https:\/\/ozponcho.com.au\/shop\/\"},{\"@type\":\"ListItem\",\"position\":3,\"name\":\"Ivory Fur-Collar Poncho\"}]},{\"@type\":\"WebSite\",\"@id\":\"https:\/\/ozponcho.com.au\/#website\",\"url\":\"https:\/\/ozponcho.com.au\/\",\"name\":\"OZ Poncho\",\"description\":\"\",\"potentialAction\":[{\"@type\":\"SearchAction\",\"target\":{\"@type\":\"EntryPoint\",\"urlTemplate\":\"https:\/\/ozponcho.com.au\/?s={search_term_string}\"},\"query-input\":{\"@type\":\"PropertyValueSpecification\",\"valueRequired\":true,\"valueName\":\"search_term_string\"}}],\"inLanguage\":\"fi\"}]}<\/script>\n<!-- \/ Yoast SEO plugin. -->","yoast_head_json":{"title":"Norsunluun v\u00e4rinen turkiskauluksinen poncho | Suomi #1 Poncho Shop","description":"Etsitk\u00f6 norsunluun turkiskauluksinen poncho ? Olet tullut oikeaan paikkaan \ud83d\ude04 Tarjoamme laajan valikoiman Ivory Fur-Collar Poncho, t\u00e4ydellinen sinulle.","robots":{"index":"index","follow":"follow","max-snippet":"max-snippet:-1","max-image-preview":"max-image-preview:large","max-video-preview":"max-video-preview:-1"},"canonical":"https:\/\/ozponcho.com.au\/fi\/p\/tyylikas-syksy-talvi-viitta\/","og_locale":"fi_FI","og_type":"article","og_title":"Ivory Fur-Collar Poncho | Suomi #1 Poncho Shop","og_description":"Looking for a Ivory Fur-Collar Poncho ? You've come to the right place \ud83d\ude04 We offers a wide selection of Ivory Fur-Collar Poncho, perfect for you.","og_url":"https:\/\/ozponcho.com.au\/fi\/p\/tyylikas-syksy-talvi-viitta\/","og_site_name":"OZ Poncho","article_modified_time":"2024-04-19T08:22:25+00:00","og_image":[{"width":1200,"height":1200,"url":"https:\/\/ozponcho.com.au\/wp-content\/uploads\/2023\/12\/O1CN013IeZG51HIfyASF5kY_2331630735-0-cib.jpg","type":"image\/jpeg"}],"twitter_card":"summary_large_image","twitter_misc":{"Arvioitu lukuaika":"1 minuutti"},"schema":{"@context":"https:\/\/schema.org","@graph":[{"@type":"WebPage","@id":"https:\/\/ozponcho.com.au\/p\/chic-autumn-winter-cape\/","url":"https:\/\/ozponcho.com.au\/p\/chic-autumn-winter-cape\/","name":"Norsunluun v\u00e4rinen turkiskauluksinen poncho | Suomi #1 Poncho Shop","isPartOf":{"@id":"https:\/\/ozponcho.com.au\/#website"},"primaryImageOfPage":{"@id":"https:\/\/ozponcho.com.au\/p\/chic-autumn-winter-cape\/#primaryimage"},"image":{"@id":"https:\/\/ozponcho.com.au\/p\/chic-autumn-winter-cape\/#primaryimage"},"thumbnailUrl":"https:\/\/ozponcho.com.au\/wp-content\/uploads\/2023\/12\/O1CN013IeZG51HIfyASF5kY_2331630735-0-cib.jpg","datePublished":"2023-12-13T07:34:15+00:00","dateModified":"2024-04-19T08:22:25+00:00","description":"Etsitk\u00f6 norsunluun turkiskauluksinen poncho ? Olet tullut oikeaan paikkaan \ud83d\ude04 Tarjoamme laajan valikoiman Ivory Fur-Collar Poncho, t\u00e4ydellinen sinulle.","breadcrumb":{"@id":"https:\/\/ozponcho.com.au\/p\/chic-autumn-winter-cape\/#breadcrumb"},"inLanguage":"fi","potentialAction":[{"@type":"ReadAction","target":["https:\/\/ozponcho.com.au\/p\/chic-autumn-winter-cape\/"]}]},{"@type":"ImageObject","inLanguage":"fi","@id":"https:\/\/ozponcho.com.au\/p\/chic-autumn-winter-cape\/#primaryimage","url":"https:\/\/ozponcho.com.au\/wp-content\/uploads\/2023\/12\/O1CN013IeZG51HIfyASF5kY_2331630735-0-cib.jpg","contentUrl":"https:\/\/ozponcho.com.au\/wp-content\/uploads\/2023\/12\/O1CN013IeZG51HIfyASF5kY_2331630735-0-cib.jpg","width":1200,"height":1200,"caption":"Ivory Fur-Collar Poncho"},{"@type":"BreadcrumbList","@id":"https:\/\/ozponcho.com.au\/p\/chic-autumn-winter-cape\/#breadcrumb","itemListElement":[{"@type":"ListItem","position":1,"name":"Home","item":"https:\/\/ozponcho.com.au\/"},{"@type":"ListItem","position":2,"name":"Shop","item":"https:\/\/ozponcho.com.au\/shop\/"},{"@type":"ListItem","position":3,"name":"Ivory Fur-Collar Poncho"}]},{"@type":"WebSite","@id":"https:\/\/ozponcho.com.au\/#website","url":"https:\/\/ozponcho.com.au\/","name":"OZ Poncho","description":"","potentialAction":[{"@type":"SearchAction","target":{"@type":"EntryPoint","urlTemplate":"https:\/\/ozponcho.com.au\/?s={search_term_string}"},"query-input":{"@type":"PropertyValueSpecification","valueRequired":true,"valueName":"search_term_string"}}],"inLanguage":"fi"}]}},"_links":{"self":[{"href":"https:\/\/ozponcho.com.au\/fi\/wp-json\/wp\/v2\/product\/12252","targetHints":{"allow":["GET"]}}],"collection":[{"href":"https:\/\/ozponcho.com.au\/fi\/wp-json\/wp\/v2\/product"}],"about":[{"href":"https:\/\/ozponcho.com.au\/fi\/wp-json\/wp\/v2\/types\/product"}],"wp:featuredmedia":[{"embeddable":true,"href":"https:\/\/ozponcho.com.au\/fi\/wp-json\/wp\/v2\/media\/12218"}],"wp:attachment":[{"href":"https:\/\/ozponcho.com.au\/fi\/wp-json\/wp\/v2\/media?parent=12252"}],"wp:term":[{"taxonomy":"product_brand","embeddable":true,"href":"https:\/\/ozponcho.com.au\/fi\/wp-json\/wp\/v2\/product_brand?post=12252"},{"taxonomy":"product_cat","embeddable":true,"href":"https:\/\/ozponcho.com.au\/fi\/wp-json\/wp\/v2\/product_cat?post=12252"},{"taxonomy":"product_tag","embeddable":true,"href":"https:\/\/ozponcho.com.au\/fi\/wp-json\/wp\/v2\/product_tag?post=12252"}],"curies":[{"name":"wp","href":"https:\/\/api.w.org\/{rel}","templated":true}]}}