{"id":12248,"date":"2023-12-13T18:34:13","date_gmt":"2023-12-13T07:34:13","guid":{"rendered":"https:\/\/ozponcho.com.au\/p\/autumn-winter-positioning-geometric-abstract-knitted-hand-crochet-tassel-coat-cardigan-cape\/"},"modified":"2026-04-21T12:49:05","modified_gmt":"2026-04-21T01:49:05","slug":"abstract-pattern-fringe-cape","status":"publish","type":"product","link":"https:\/\/ozponcho.com.au\/fi\/p\/abstrakti-kuvio-hapsut-viitta\/","title":{"rendered":"Geometrinen Tupsuponcho-takki Cardigan"},"content":{"rendered":"<p>Korosta syksyn ja talven tyyli\u00e4si t\u00e4ll\u00e4 huomiota her\u00e4tt\u00e4v\u00e4ll\u00e4 geometrisella tupsuponcho-takilla. Sen v\u00e4rikk\u00e4\u00e4t Chevron-raidat ja leikkis\u00e4t hapsut tekev\u00e4t siit\u00e4 erottuvan kappaleen, joka sopii t\u00e4ydellisesti kerrospukeutumiseen. Pehme\u00e4st\u00e4, viihtyis\u00e4st\u00e4 polyesterist\u00e4 valmistettu pitk\u00e4hihainen neuletakki tarjoaa sek\u00e4 l\u00e4mp\u00f6\u00e4 ett\u00e4 rentoa istuvuutta. Se sopii erinomaisesti v\u00e4ril\u00e4iskien tuomiseen rentoon vaatekaappiin, ja sen monipuolinen muotoilu siirtyy vaivattomasti reippaasta syysp\u00e4iv\u00e4st\u00e4 viile\u00e4\u00e4n iltaan. \u00c4l\u00e4 missaa tilaisuutta k\u00e4\u00e4riyty\u00e4 mukavuuteen ja tyylikk\u00e4\u00e4seen, abstraktiin designiin!<\/p>\n<p>Tyyli: .<\/p>\n<p>Sopii: L\u00f6ys\u00e4<\/p>\n<p>Kangas: Polyesteri<\/p>\n<p>Kuvio: Chevron<\/p>\n<p>Elementti: Fringe<\/p>\n<p>Top Pituus: Pitk\u00e4<\/p>\n<p>Hihan tyyppi: Muut<\/p>\n<p>Hihan pituus: Hiha: Pitk\u00e4 hiha<\/p>\n<p>Sulkemistyyppi: Muut<\/p>\n<p>T\u00e4rkein koostumus: Polyesteri<\/p>\n<p>Kausi: Kev\u00e4t\/syksy<\/p>\n<p><img decoding=\"async\" src=\"https:\/\/ozponcho.com.au\/wp-content\/uploads\/2024\/03\/1171409690685341696.png\" \/><img decoding=\"async\" src=\"https:\/\/ozponcho.com.au\/wp-content\/uploads\/2024\/03\/O1CN01RtsxBx21K1UAXYB4f_2599976965-0-cib.jpg\" \/><img decoding=\"async\" src=\"https:\/\/ozponcho.com.au\/wp-content\/uploads\/2024\/03\/O1CN014szQfg21K1U3l5Oi2_2599976965-0-cib.jpg\" \/><img decoding=\"async\" src=\"https:\/\/ozponcho.com.au\/wp-content\/uploads\/2024\/03\/O1CN01vLmihf21K1U2i5eBL_2599976965-0-cib.jpg\" \/><img decoding=\"async\" src=\"https:\/\/ozponcho.com.au\/wp-content\/uploads\/2024\/03\/O1CN016guFsv21K1U2njPMc_2599976965-0-cib.jpg\" \/><img decoding=\"async\" src=\"https:\/\/ozponcho.com.au\/wp-content\/uploads\/2024\/03\/O1CN01ZIWyhK21K1Tz4nBFs_2599976965-0-cib.jpg\" \/><img decoding=\"async\" src=\"https:\/\/ozponcho.com.au\/wp-content\/uploads\/2024\/03\/O1CN01LHs18121K1U8IESSM_2599976965-0-cib.jpg\" \/><img decoding=\"async\" src=\"https:\/\/ozponcho.com.au\/wp-content\/uploads\/2024\/03\/O1CN011P1Fia21K1U3tBcrO_2599976965-0-cib.jpg\" \/><img decoding=\"async\" src=\"https:\/\/ozponcho.com.au\/wp-content\/uploads\/2024\/03\/O1CN01Pw8tSx21K1U2sFV9Q_2599976965-0-cib.jpg\" \/><img decoding=\"async\" src=\"https:\/\/ozponcho.com.au\/wp-content\/uploads\/2024\/03\/O1CN01mutXsh21K1U3vGnVG_2599976965-0-cib.jpg\" \/><img decoding=\"async\" src=\"https:\/\/ozponcho.com.au\/wp-content\/uploads\/2024\/03\/O1CN013L2BHP21K1U3tChOM_2599976965-0-cib.jpg\" \/><img decoding=\"async\" src=\"https:\/\/ozponcho.com.au\/wp-content\/uploads\/2024\/03\/O1CN014YeLOB21K1U5eaYmz_2599976965-0-cib.jpg\" \/><img decoding=\"async\" src=\"https:\/\/ozponcho.com.au\/wp-content\/uploads\/2024\/03\/O1CN01wxNl4G21K1U72cf31_2599976965-0-cib.jpg\" \/><img decoding=\"async\" src=\"https:\/\/ozponcho.com.au\/wp-content\/uploads\/2024\/03\/O1CN0150tkRV21K1U5eb61z_2599976965-0-cib.jpg\" \/><img decoding=\"async\" src=\"https:\/\/ozponcho.com.au\/wp-content\/uploads\/2024\/03\/O1CN01ZutDWe21K1Tz4sx9W_2599976965-0-cib.jpg\" \/><img decoding=\"async\" src=\"https:\/\/ozponcho.com.au\/wp-content\/uploads\/2024\/03\/O1CN01Ic8VIJ21K1U5ebprE_2599976965-0-cib.jpg\" \/><\/p>","protected":false},"excerpt":{"rendered":"<p>Elevate your autumn and winter style with this eye-catching Geometric Tassel Poncho Cardigan. Its colorful chevron stripes and playful fringe details make it a standout piece that&#8217;s perfect for layering. Crafted from soft, cozy polyester, this long-sleeve cardigan offers both warmth and a relaxed fit. It&#8217;s ideal for adding a splash of color to your [&#8230;]","protected":false},"featured_media":12220,"template":"","meta":[],"product_brand":[],"product_cat":[15,228,210],"product_tag":[],"class_list":{"0":"post-12248","1":"product","2":"type-product","3":"status-publish","4":"has-post-thumbnail","6":"product_cat-main-category","7":"product_cat-poncho-sweater","8":"product_cat-poncho-women","10":"first","11":"outofstock","12":"shipping-taxable","13":"purchasable","14":"product-type-variable"},"yoast_head":"<!-- This site is optimized with the Yoast SEO plugin v25.9 - https:\/\/yoast.com\/wordpress\/plugins\/seo\/ -->\n<title>Geometric Tassel Poncho Cardigan | Suomi #1 Poncho Shop<\/title>\n<meta name=\"description\" content=\"Looking for a Geometric Tassel Poncho Cardigan ? You&#039;ve come to the right place \ud83d\ude04 We offers a wide selection of Geometric Tassel Poncho Cardigan, perfect for you.\" \/>\n<meta name=\"robots\" content=\"index, follow, max-snippet:-1, max-image-preview:large, max-video-preview:-1\" \/>\n<link rel=\"canonical\" href=\"https:\/\/ozponcho.com.au\/fi\/p\/abstrakti-kuvio-hapsut-viitta\/\" \/>\n<meta property=\"og:locale\" content=\"fi_FI\" \/>\n<meta property=\"og:type\" content=\"article\" \/>\n<meta property=\"og:title\" content=\"Geometric Tassel Poncho Cardigan | Suomi #1 Poncho Shop\" \/>\n<meta property=\"og:description\" content=\"Looking for a Geometric Tassel Poncho Cardigan ? You&#039;ve come to the right place \ud83d\ude04 We offers a wide selection of Geometric Tassel Poncho Cardigan, perfect for you.\" \/>\n<meta property=\"og:url\" content=\"https:\/\/ozponcho.com.au\/fi\/p\/abstrakti-kuvio-hapsut-viitta\/\" \/>\n<meta property=\"og:site_name\" content=\"OZ Poncho\" \/>\n<meta property=\"article:modified_time\" content=\"2026-04-21T01:49:05+00:00\" \/>\n<meta property=\"og:image\" content=\"https:\/\/ozponcho.com.au\/wp-content\/uploads\/2023\/12\/1171410055266828288.jpg\" \/>\n\t<meta property=\"og:image:width\" content=\"1361\" \/>\n\t<meta property=\"og:image:height\" content=\"1920\" \/>\n\t<meta property=\"og:image:type\" content=\"image\/jpeg\" \/>\n<meta name=\"twitter:card\" content=\"summary_large_image\" \/>\n<meta name=\"twitter:label1\" content=\"Arvioitu lukuaika\" \/>\n\t<meta name=\"twitter:data1\" content=\"4 minuuttia\" \/>\n<script type=\"application\/ld+json\" class=\"yoast-schema-graph\">{\"@context\":\"https:\/\/schema.org\",\"@graph\":[{\"@type\":\"WebPage\",\"@id\":\"https:\/\/ozponcho.com.au\/p\/abstract-pattern-fringe-cape\/\",\"url\":\"https:\/\/ozponcho.com.au\/p\/abstract-pattern-fringe-cape\/\",\"name\":\"Geometric Tassel Poncho Cardigan | Suomi #1 Poncho Shop\",\"isPartOf\":{\"@id\":\"https:\/\/ozponcho.com.au\/#website\"},\"primaryImageOfPage\":{\"@id\":\"https:\/\/ozponcho.com.au\/p\/abstract-pattern-fringe-cape\/#primaryimage\"},\"image\":{\"@id\":\"https:\/\/ozponcho.com.au\/p\/abstract-pattern-fringe-cape\/#primaryimage\"},\"thumbnailUrl\":\"https:\/\/ozponcho.com.au\/wp-content\/uploads\/2023\/12\/1171410055266828288.jpg\",\"datePublished\":\"2023-12-13T07:34:13+00:00\",\"dateModified\":\"2026-04-21T01:49:05+00:00\",\"description\":\"Looking for a Geometric Tassel Poncho Cardigan ? You've come to the right place \ud83d\ude04 We offers a wide selection of Geometric Tassel Poncho Cardigan, perfect for you.\",\"breadcrumb\":{\"@id\":\"https:\/\/ozponcho.com.au\/p\/abstract-pattern-fringe-cape\/#breadcrumb\"},\"inLanguage\":\"fi\",\"potentialAction\":[{\"@type\":\"ReadAction\",\"target\":[\"https:\/\/ozponcho.com.au\/p\/abstract-pattern-fringe-cape\/\"]}]},{\"@type\":\"ImageObject\",\"inLanguage\":\"fi\",\"@id\":\"https:\/\/ozponcho.com.au\/p\/abstract-pattern-fringe-cape\/#primaryimage\",\"url\":\"https:\/\/ozponcho.com.au\/wp-content\/uploads\/2023\/12\/1171410055266828288.jpg\",\"contentUrl\":\"https:\/\/ozponcho.com.au\/wp-content\/uploads\/2023\/12\/1171410055266828288.jpg\",\"width\":1361,\"height\":1920,\"caption\":\"Geometric Tassel Poncho Cardigan\"},{\"@type\":\"BreadcrumbList\",\"@id\":\"https:\/\/ozponcho.com.au\/p\/abstract-pattern-fringe-cape\/#breadcrumb\",\"itemListElement\":[{\"@type\":\"ListItem\",\"position\":1,\"name\":\"Home\",\"item\":\"https:\/\/ozponcho.com.au\/\"},{\"@type\":\"ListItem\",\"position\":2,\"name\":\"Shop\",\"item\":\"https:\/\/ozponcho.com.au\/shop\/\"},{\"@type\":\"ListItem\",\"position\":3,\"name\":\"Geometric Tassel Poncho Cardigan\"}]},{\"@type\":\"WebSite\",\"@id\":\"https:\/\/ozponcho.com.au\/#website\",\"url\":\"https:\/\/ozponcho.com.au\/\",\"name\":\"OZ Poncho\",\"description\":\"\",\"potentialAction\":[{\"@type\":\"SearchAction\",\"target\":{\"@type\":\"EntryPoint\",\"urlTemplate\":\"https:\/\/ozponcho.com.au\/?s={search_term_string}\"},\"query-input\":{\"@type\":\"PropertyValueSpecification\",\"valueRequired\":true,\"valueName\":\"search_term_string\"}}],\"inLanguage\":\"fi\"}]}<\/script>\n<!-- \/ Yoast SEO plugin. -->","yoast_head_json":{"title":"Geometrinen Tupsuponcho Cardigan | Suomi #1 Poncho Shop","description":"Etsitk\u00f6 geometrinen Tupsuponcho Cardigan ? Olet tullut oikeaan paikkaan \ud83d\ude04 Tarjoamme laajan valikoiman Geometrinen Tupsullinen Poncho Cardigan, t\u00e4ydellinen sinulle.","robots":{"index":"index","follow":"follow","max-snippet":"max-snippet:-1","max-image-preview":"max-image-preview:large","max-video-preview":"max-video-preview:-1"},"canonical":"https:\/\/ozponcho.com.au\/fi\/p\/abstrakti-kuvio-hapsut-viitta\/","og_locale":"fi_FI","og_type":"article","og_title":"Geometric Tassel Poncho Cardigan | Suomi #1 Poncho Shop","og_description":"Looking for a Geometric Tassel Poncho Cardigan ? You've come to the right place \ud83d\ude04 We offers a wide selection of Geometric Tassel Poncho Cardigan, perfect for you.","og_url":"https:\/\/ozponcho.com.au\/fi\/p\/abstrakti-kuvio-hapsut-viitta\/","og_site_name":"OZ Poncho","article_modified_time":"2026-04-21T01:49:05+00:00","og_image":[{"width":1361,"height":1920,"url":"https:\/\/ozponcho.com.au\/wp-content\/uploads\/2023\/12\/1171410055266828288.jpg","type":"image\/jpeg"}],"twitter_card":"summary_large_image","twitter_misc":{"Arvioitu lukuaika":"4 minuuttia"},"schema":{"@context":"https:\/\/schema.org","@graph":[{"@type":"WebPage","@id":"https:\/\/ozponcho.com.au\/p\/abstract-pattern-fringe-cape\/","url":"https:\/\/ozponcho.com.au\/p\/abstract-pattern-fringe-cape\/","name":"Geometrinen Tupsuponcho Cardigan | Suomi #1 Poncho Shop","isPartOf":{"@id":"https:\/\/ozponcho.com.au\/#website"},"primaryImageOfPage":{"@id":"https:\/\/ozponcho.com.au\/p\/abstract-pattern-fringe-cape\/#primaryimage"},"image":{"@id":"https:\/\/ozponcho.com.au\/p\/abstract-pattern-fringe-cape\/#primaryimage"},"thumbnailUrl":"https:\/\/ozponcho.com.au\/wp-content\/uploads\/2023\/12\/1171410055266828288.jpg","datePublished":"2023-12-13T07:34:13+00:00","dateModified":"2026-04-21T01:49:05+00:00","description":"Etsitk\u00f6 geometrinen Tupsuponcho Cardigan ? Olet tullut oikeaan paikkaan \ud83d\ude04 Tarjoamme laajan valikoiman Geometrinen Tupsullinen Poncho Cardigan, t\u00e4ydellinen sinulle.","breadcrumb":{"@id":"https:\/\/ozponcho.com.au\/p\/abstract-pattern-fringe-cape\/#breadcrumb"},"inLanguage":"fi","potentialAction":[{"@type":"ReadAction","target":["https:\/\/ozponcho.com.au\/p\/abstract-pattern-fringe-cape\/"]}]},{"@type":"ImageObject","inLanguage":"fi","@id":"https:\/\/ozponcho.com.au\/p\/abstract-pattern-fringe-cape\/#primaryimage","url":"https:\/\/ozponcho.com.au\/wp-content\/uploads\/2023\/12\/1171410055266828288.jpg","contentUrl":"https:\/\/ozponcho.com.au\/wp-content\/uploads\/2023\/12\/1171410055266828288.jpg","width":1361,"height":1920,"caption":"Geometric Tassel Poncho Cardigan"},{"@type":"BreadcrumbList","@id":"https:\/\/ozponcho.com.au\/p\/abstract-pattern-fringe-cape\/#breadcrumb","itemListElement":[{"@type":"ListItem","position":1,"name":"Home","item":"https:\/\/ozponcho.com.au\/"},{"@type":"ListItem","position":2,"name":"Shop","item":"https:\/\/ozponcho.com.au\/shop\/"},{"@type":"ListItem","position":3,"name":"Geometric Tassel Poncho Cardigan"}]},{"@type":"WebSite","@id":"https:\/\/ozponcho.com.au\/#website","url":"https:\/\/ozponcho.com.au\/","name":"OZ Poncho","description":"","potentialAction":[{"@type":"SearchAction","target":{"@type":"EntryPoint","urlTemplate":"https:\/\/ozponcho.com.au\/?s={search_term_string}"},"query-input":{"@type":"PropertyValueSpecification","valueRequired":true,"valueName":"search_term_string"}}],"inLanguage":"fi"}]}},"_links":{"self":[{"href":"https:\/\/ozponcho.com.au\/fi\/wp-json\/wp\/v2\/product\/12248","targetHints":{"allow":["GET"]}}],"collection":[{"href":"https:\/\/ozponcho.com.au\/fi\/wp-json\/wp\/v2\/product"}],"about":[{"href":"https:\/\/ozponcho.com.au\/fi\/wp-json\/wp\/v2\/types\/product"}],"wp:featuredmedia":[{"embeddable":true,"href":"https:\/\/ozponcho.com.au\/fi\/wp-json\/wp\/v2\/media\/12220"}],"wp:attachment":[{"href":"https:\/\/ozponcho.com.au\/fi\/wp-json\/wp\/v2\/media?parent=12248"}],"wp:term":[{"taxonomy":"product_brand","embeddable":true,"href":"https:\/\/ozponcho.com.au\/fi\/wp-json\/wp\/v2\/product_brand?post=12248"},{"taxonomy":"product_cat","embeddable":true,"href":"https:\/\/ozponcho.com.au\/fi\/wp-json\/wp\/v2\/product_cat?post=12248"},{"taxonomy":"product_tag","embeddable":true,"href":"https:\/\/ozponcho.com.au\/fi\/wp-json\/wp\/v2\/product_tag?post=12248"}],"curies":[{"name":"wp","href":"https:\/\/api.w.org\/{rel}","templated":true}]}}