{"id":39,"date":"2022-11-26T15:59:02","date_gmt":"2022-11-26T04:59:02","guid":{"rendered":"https:\/\/ozponcho.com.au\/?page_id=39"},"modified":"2024-04-19T11:35:20","modified_gmt":"2024-04-19T00:35:20","slug":"contact-us","status":"publish","type":"page","link":"https:\/\/ozponcho.com.au\/fi\/ota-yhteytta\/","title":{"rendered":"Ota yhteytt\u00e4"},"content":{"rendered":"<h2>Tapoja ottaa meihin yhteytt\u00e4<\/h2>\n<p><strong>S\u00e4hk\u00f6postitse<\/strong><\/p>\n<p>contact@ozponcho.com.au<\/p>\n<p><strong>Postitse:<\/strong><\/p>\n<p>Vanhan koulukunnan yst\u00e4ville (me olemme faneja!), voit ottaa meihin yhteytt\u00e4 alla olevaan osoitteeseen. Haluaisimme kuulla sinusta!<\/p>\n<p>OZ Poncho<br \/>\n36 Hurtle Square<br \/>\nAdelaide SA 5000<br \/>\nAustralia<\/p>\n<h2>Sitoutumisemme erinomaiseen asiakaspalveluun<\/h2>\n<p>OZ Poncholla olemme ylpeit\u00e4 siit\u00e4, ett\u00e4 voimme tarjota sinulle parasta mahdollista palvelua. Kaikki tuotteemme tarkistetaan ennen niiden l\u00e4ht\u00f6\u00e4 varastostamme, ja jos et jostain syyst\u00e4 ole t\u00e4ysin tyytyv\u00e4inen ostoosi, ota meihin yhteytt\u00e4 ja j\u00e4rjest\u00e4 palautus tai vaihto. Teemme kaikkemme varmistaaksemme, ett\u00e4 ostosten tekeminen OZ Poncholla on helppoa ja miellytt\u00e4v\u00e4\u00e4!<\/p>\n<h2>Yksityisyys<\/h2>\n<p>Suhtaudumme yksityisyyteesi vakavasti ja k\u00e4yt\u00e4mme antamiasi tietoja vain vastataksemme tuotteitamme koskeviin kysymyksiin tai kyselyihin. Tietojasi ei luovuteta kolmansille osapuolille, ellei se ole v\u00e4ltt\u00e4m\u00e4t\u00f6nt\u00e4 maksujen k\u00e4sittely\u00e4, tavaroiden toimittamista, asiakaspalvelun tarjoamista jne. varten. Saatamme my\u00f6s l\u00e4hett\u00e4\u00e4 satunnaisia kampanjoita s\u00e4hk\u00f6postitse, mutta n\u00e4m\u00e4 voit helposti peruuttaa milloin tahansa!<\/p>","protected":false},"excerpt":{"rendered":"<p>Ways to contact us By email contact@ozponcho.com.au By post mail: For those old schoolers out there (we&#8217;re fans!), you can get in touch with us at the address below. We&#8217;d love to hear from your! OZ Poncho 36 Hurtle Square Adelaide SA 5000 Australia Our commitment to great customer service At OZ Poncho, we take [&#8230;]","protected":false},"author":1,"featured_media":0,"parent":0,"menu_order":0,"comment_status":"closed","ping_status":"closed","template":"page-blank-title-center.php","meta":{"footnotes":""},"class_list":["post-39","page","type-page","status-publish","hentry"],"yoast_head":"<!-- This site is optimized with the Yoast SEO plugin v25.9 - https:\/\/yoast.com\/wordpress\/plugins\/seo\/ -->\n<title>Contact Us | OZ Poncho<\/title>\n<meta name=\"description\" content=\"Contact us here by email or phone. 24\/7. response in 48h max.\" \/>\n<meta name=\"robots\" content=\"index, follow, max-snippet:-1, max-image-preview:large, max-video-preview:-1\" \/>\n<link rel=\"canonical\" href=\"https:\/\/ozponcho.com.au\/fi\/ota-yhteytta\/\" \/>\n<meta property=\"og:locale\" content=\"fi_FI\" \/>\n<meta property=\"og:type\" content=\"article\" \/>\n<meta property=\"og:title\" content=\"Contact Us | OZ Poncho\" \/>\n<meta property=\"og:description\" content=\"Contact us here by email or phone. 24\/7. response in 48h max.\" \/>\n<meta property=\"og:url\" content=\"https:\/\/ozponcho.com.au\/fi\/ota-yhteytta\/\" \/>\n<meta property=\"og:site_name\" content=\"OZ Poncho\" \/>\n<meta property=\"article:modified_time\" content=\"2024-04-19T00:35:20+00:00\" \/>\n<meta name=\"twitter:card\" content=\"summary_large_image\" \/>\n<meta name=\"twitter:label1\" content=\"Arvioitu lukuaika\" \/>\n\t<meta name=\"twitter:data1\" content=\"1 minuutti\" \/>\n<script type=\"application\/ld+json\" class=\"yoast-schema-graph\">{\"@context\":\"https:\/\/schema.org\",\"@graph\":[{\"@type\":\"WebPage\",\"@id\":\"https:\/\/ozponcho.com.au\/contact-us\/\",\"url\":\"https:\/\/ozponcho.com.au\/contact-us\/\",\"name\":\"Contact Us | OZ Poncho\",\"isPartOf\":{\"@id\":\"https:\/\/ozponcho.com.au\/#website\"},\"datePublished\":\"2022-11-26T04:59:02+00:00\",\"dateModified\":\"2024-04-19T00:35:20+00:00\",\"description\":\"Contact us here by email or phone. 24\/7. response in 48h max.\",\"breadcrumb\":{\"@id\":\"https:\/\/ozponcho.com.au\/contact-us\/#breadcrumb\"},\"inLanguage\":\"fi\",\"potentialAction\":[{\"@type\":\"ReadAction\",\"target\":[\"https:\/\/ozponcho.com.au\/contact-us\/\"]}]},{\"@type\":\"BreadcrumbList\",\"@id\":\"https:\/\/ozponcho.com.au\/contact-us\/#breadcrumb\",\"itemListElement\":[{\"@type\":\"ListItem\",\"position\":1,\"name\":\"Home\",\"item\":\"https:\/\/ozponcho.com.au\/\"},{\"@type\":\"ListItem\",\"position\":2,\"name\":\"Contact us\"}]},{\"@type\":\"WebSite\",\"@id\":\"https:\/\/ozponcho.com.au\/#website\",\"url\":\"https:\/\/ozponcho.com.au\/\",\"name\":\"OZ Poncho\",\"description\":\"\",\"potentialAction\":[{\"@type\":\"SearchAction\",\"target\":{\"@type\":\"EntryPoint\",\"urlTemplate\":\"https:\/\/ozponcho.com.au\/?s={search_term_string}\"},\"query-input\":{\"@type\":\"PropertyValueSpecification\",\"valueRequired\":true,\"valueName\":\"search_term_string\"}}],\"inLanguage\":\"fi\"}]}<\/script>\n<!-- \/ Yoast SEO plugin. -->","yoast_head_json":{"title":"Ota yhteytt\u00e4 | OZ Poncho","description":"Ota meihin yhteytt\u00e4 s\u00e4hk\u00f6postitse tai puhelimitse. 24\/7. Vastaus enint\u00e4\u00e4n 48h.","robots":{"index":"index","follow":"follow","max-snippet":"max-snippet:-1","max-image-preview":"max-image-preview:large","max-video-preview":"max-video-preview:-1"},"canonical":"https:\/\/ozponcho.com.au\/fi\/ota-yhteytta\/","og_locale":"fi_FI","og_type":"article","og_title":"Contact Us | OZ Poncho","og_description":"Contact us here by email or phone. 24\/7. response in 48h max.","og_url":"https:\/\/ozponcho.com.au\/fi\/ota-yhteytta\/","og_site_name":"OZ Poncho","article_modified_time":"2024-04-19T00:35:20+00:00","twitter_card":"summary_large_image","twitter_misc":{"Arvioitu lukuaika":"1 minuutti"},"schema":{"@context":"https:\/\/schema.org","@graph":[{"@type":"WebPage","@id":"https:\/\/ozponcho.com.au\/contact-us\/","url":"https:\/\/ozponcho.com.au\/contact-us\/","name":"Ota yhteytt\u00e4 | OZ Poncho","isPartOf":{"@id":"https:\/\/ozponcho.com.au\/#website"},"datePublished":"2022-11-26T04:59:02+00:00","dateModified":"2024-04-19T00:35:20+00:00","description":"Ota meihin yhteytt\u00e4 s\u00e4hk\u00f6postitse tai puhelimitse. 24\/7. Vastaus enint\u00e4\u00e4n 48h.","breadcrumb":{"@id":"https:\/\/ozponcho.com.au\/contact-us\/#breadcrumb"},"inLanguage":"fi","potentialAction":[{"@type":"ReadAction","target":["https:\/\/ozponcho.com.au\/contact-us\/"]}]},{"@type":"BreadcrumbList","@id":"https:\/\/ozponcho.com.au\/contact-us\/#breadcrumb","itemListElement":[{"@type":"ListItem","position":1,"name":"Home","item":"https:\/\/ozponcho.com.au\/"},{"@type":"ListItem","position":2,"name":"Contact us"}]},{"@type":"WebSite","@id":"https:\/\/ozponcho.com.au\/#website","url":"https:\/\/ozponcho.com.au\/","name":"OZ Poncho","description":"","potentialAction":[{"@type":"SearchAction","target":{"@type":"EntryPoint","urlTemplate":"https:\/\/ozponcho.com.au\/?s={search_term_string}"},"query-input":{"@type":"PropertyValueSpecification","valueRequired":true,"valueName":"search_term_string"}}],"inLanguage":"fi"}]}},"_links":{"self":[{"href":"https:\/\/ozponcho.com.au\/fi\/wp-json\/wp\/v2\/pages\/39","targetHints":{"allow":["GET"]}}],"collection":[{"href":"https:\/\/ozponcho.com.au\/fi\/wp-json\/wp\/v2\/pages"}],"about":[{"href":"https:\/\/ozponcho.com.au\/fi\/wp-json\/wp\/v2\/types\/page"}],"author":[{"embeddable":true,"href":"https:\/\/ozponcho.com.au\/fi\/wp-json\/wp\/v2\/users\/1"}],"replies":[{"embeddable":true,"href":"https:\/\/ozponcho.com.au\/fi\/wp-json\/wp\/v2\/comments?post=39"}],"version-history":[{"count":5,"href":"https:\/\/ozponcho.com.au\/fi\/wp-json\/wp\/v2\/pages\/39\/revisions"}],"predecessor-version":[{"id":19082,"href":"https:\/\/ozponcho.com.au\/fi\/wp-json\/wp\/v2\/pages\/39\/revisions\/19082"}],"wp:attachment":[{"href":"https:\/\/ozponcho.com.au\/fi\/wp-json\/wp\/v2\/media?parent=39"}],"curies":[{"name":"wp","href":"https:\/\/api.w.org\/{rel}","templated":true}]}}