{"id":32,"date":"2022-11-26T15:54:13","date_gmt":"2022-11-26T04:54:13","guid":{"rendered":"https:\/\/ozponcho.com.au\/?page_id=32"},"modified":"2024-03-08T14:21:44","modified_gmt":"2024-03-08T03:21:44","slug":"about-us","status":"publish","type":"page","link":"https:\/\/ozponcho.com.au\/fi\/meista\/","title":{"rendered":"Tietoa meist\u00e4"},"content":{"rendered":"<h2>Keit\u00e4 me olemme<\/h2>\n<p>Tervetuloa Oziin Poncho! Olemme suomalainen perheyritys, joka suhtautuu intohimoisesti ponchoihin ja kaikkeen niihin liittyv\u00e4\u00e4n.<\/p>\n<p>Vaatimattomasta alusta l\u00e4htien olemme sitoutuneet tarjoamaan korkealaatuisia ponchoja kohtuuhintaan asiakkaillemme ymp\u00e4ri maata. Tyylikk\u00e4iden mutta miellytt\u00e4vien kappaleiden mallistomme vaihtelee klassisista malleista rohkeisiin statement-lookkeihin - t\u00e4ydellisi\u00e4 jokaiseen tilaisuuteen ja vuodenaikaan. Halusitpa sitten jotain perinteist\u00e4, modernia tai ainutlaatuista; meilt\u00e4 l\u00f6ytyy!<\/p>\n<p>Ymm\u00e4rr\u00e4mme, kuinka t\u00e4rke\u00e4\u00e4 mukavuus voi olla, kun k\u00e4yt\u00e4t t\u00e4llaisia vaatekappaleita, joten jokainen kappale on suunniteltu sinun tarpeesi huomioon ottaen - ei ole mit\u00e4\u00e4n pahempaa kuin ep\u00e4mukava asu, joka pilaa p\u00e4iv\u00e4si! Siksi kaikki vaatteet on valmistettu huolellisesti valituista materiaaleista, kuten pehmeist\u00e4 villasekoitteista ja puuvillaneuleista, jotka pit\u00e4v\u00e4t sinut l\u00e4mpim\u00e4n\u00e4 tuntematta itse\u00e4si liian raskaaksi viilein\u00e4 p\u00e4ivin\u00e4. Lis\u00e4ksi ne ovat konepest\u00e4vi\u00e4, joten niit\u00e4 on helppo huoltaa ajan mittaan (\u00e4l\u00e4 vain unohda laittaa niit\u00e4 l\u00e4helle l\u00e4mp\u00f6\u00e4!).<\/p>\n<p>Oz Poncholla asiakaspalvelu on t\u00e4rkeint\u00e4: jokaisessa tilauksessa on ilmainen toimitus Suomen sis\u00e4ll\u00e4 sek\u00e4 henkil\u00f6kohtaista neuvontaa tarvittaessa, joten varmista, ett\u00e4 saat sen, mik\u00e4 sopii parhaiten vartalonmuotoasi ja tyyliasetuksiasi vastaavaksi ennen kuin kassaprosessi p\u00e4\u00e4ttyy \ud83d\ude09 Sill\u00e4 ei ole v\u00e4li\u00e4, kuka t\u00e4t\u00e4 vaatetta k\u00e4ytt\u00e4\u00e4, jokainen ansaitsee tuntea olonsa hyv\u00e4ksi omassa ihossaan, ja me autamme sinua tekem\u00e4\u00e4n sen mahdolliseksi.<\/p>\n<p>Tutustu siis ponchomallistoomme jo t\u00e4n\u00e4\u00e4n!<\/p>\n<h2>Keskeiset arvomme<\/h2>\n<p>Oz Ponchossa olemme sitoutuneet tarjoamaan laadukkaita vaatteita edulliseen hintaan. Tavoittelemme erinomaista asiakaspalvelua ja uskomme, ett\u00e4 jokaisen pit\u00e4isi voida tuntea olonsa hyv\u00e4ksi pukeutumisessaan rikkomatta pankkia. Siksi ydinarvojamme ovat mm:<\/p>\n<ul>\n<li>Laatu - Ponchomme on valmistettu huolellisesti valituista materiaaleista, kuten pehmeist\u00e4 villasekoitteista ja puuvillaneuleista, jotka pit\u00e4v\u00e4t sinut l\u00e4mpim\u00e4n\u00e4 tuntematta itse\u00e4si liian raskaaksi viilein\u00e4 p\u00e4ivin\u00e4. Lis\u00e4ksi ne ovat konepest\u00e4vi\u00e4, joten niit\u00e4 on helppo huoltaa ajan my\u00f6t\u00e4!<\/li>\n<li>Mukavuutta ja tyyli\u00e4 - Jokainen kappale on suunniteltu tarpeesi mukaan, joten halusitpa sitten jotain perinteist\u00e4, modernia tai uniikkia; meill\u00e4 on kaikki se t\u00e4\u00e4ll\u00e4 odottamassa sinua \ud83d\ude09.<\/li>\n<li>Edulliset hinnat - Kukaan ei halua kuluttaa omaisuuksia ostoksilla, mutta kukaan ei my\u00f6sk\u00e4\u00e4n halua halpoja tuotteita; siksi kaikki t\u00e4\u00e4ll\u00e4 on kohtuuhintaista, joten asiakkaat ymp\u00e4ri Suomea voivat saada upeita ulkon\u00e4k\u00f6j\u00e4 halvemmalla kuin koskaan ennen!<\/li>\n<li>Asiakaspalvelu on t\u00e4rkeint\u00e4 - Jokaisessa tilauksessa on ilmainen toimitus Suomen sis\u00e4ll\u00e4 sek\u00e4 tarvittaessa henkil\u00f6kohtaista neuvontaa, joka varmistaa, ett\u00e4 jokainen yksil\u00f6 saa juuri sen, mik\u00e4 sopii parhaiten heid\u00e4n vartalonmuodon ja tyylisuositustensa mukaan \ud83d\ude42 .<\/li>\n<\/ul>\n<p>Tule siis t\u00e4n\u00e4\u00e4n mukaan tutkimaan t\u00e4t\u00e4 j\u00e4nnitt\u00e4v\u00e4\u00e4 muodikkaiden mutta mukavien ponchojen maailmaa!<\/p>","protected":false},"excerpt":{"rendered":"<p>Who We Are Welcome to Oz Poncho! We are a family-owned business based in that is passionate about ponchos and all things related. Since our humble beginnings, we have been committed to providing high-quality ponchos at affordable prices for customers across the country. Our collection of stylish yet comfortable pieces range from classic designs to [&#8230;]","protected":false},"author":1,"featured_media":0,"parent":0,"menu_order":0,"comment_status":"closed","ping_status":"closed","template":"page-blank-title-center.php","meta":{"footnotes":""},"class_list":["post-32","page","type-page","status-publish","hentry"],"yoast_head":"<!-- This site is optimized with the Yoast SEO plugin v25.9 - https:\/\/yoast.com\/wordpress\/plugins\/seo\/ -->\n<title>About us | OZ Poncho<\/title>\n<meta name=\"robots\" content=\"index, follow, max-snippet:-1, max-image-preview:large, max-video-preview:-1\" \/>\n<link rel=\"canonical\" href=\"https:\/\/ozponcho.com.au\/fi\/meista\/\" \/>\n<meta property=\"og:locale\" content=\"fi_FI\" \/>\n<meta property=\"og:type\" content=\"article\" \/>\n<meta property=\"og:title\" content=\"About us | OZ Poncho\" \/>\n<meta property=\"og:description\" content=\"Who We Are Welcome to Oz Poncho! We are a family-owned business based in that is passionate about ponchos and all things related. Since our humble beginnings, we have been committed to providing high-quality ponchos at affordable prices for customers across the country. Our collection of stylish yet comfortable pieces range from classic designs to [...]\" \/>\n<meta property=\"og:url\" content=\"https:\/\/ozponcho.com.au\/fi\/meista\/\" \/>\n<meta property=\"og:site_name\" content=\"OZ Poncho\" \/>\n<meta property=\"article:modified_time\" content=\"2024-03-08T03:21:44+00:00\" \/>\n<meta name=\"twitter:card\" content=\"summary_large_image\" \/>\n<meta name=\"twitter:label1\" content=\"Arvioitu lukuaika\" \/>\n\t<meta name=\"twitter:data1\" content=\"2 minuuttia\" \/>\n<script type=\"application\/ld+json\" class=\"yoast-schema-graph\">{\"@context\":\"https:\/\/schema.org\",\"@graph\":[{\"@type\":\"WebPage\",\"@id\":\"https:\/\/ozponcho.com.au\/about-us\/\",\"url\":\"https:\/\/ozponcho.com.au\/about-us\/\",\"name\":\"About us | OZ Poncho\",\"isPartOf\":{\"@id\":\"https:\/\/ozponcho.com.au\/#website\"},\"datePublished\":\"2022-11-26T04:54:13+00:00\",\"dateModified\":\"2024-03-08T03:21:44+00:00\",\"breadcrumb\":{\"@id\":\"https:\/\/ozponcho.com.au\/about-us\/#breadcrumb\"},\"inLanguage\":\"fi\",\"potentialAction\":[{\"@type\":\"ReadAction\",\"target\":[\"https:\/\/ozponcho.com.au\/about-us\/\"]}]},{\"@type\":\"BreadcrumbList\",\"@id\":\"https:\/\/ozponcho.com.au\/about-us\/#breadcrumb\",\"itemListElement\":[{\"@type\":\"ListItem\",\"position\":1,\"name\":\"Home\",\"item\":\"https:\/\/ozponcho.com.au\/\"},{\"@type\":\"ListItem\",\"position\":2,\"name\":\"About us\"}]},{\"@type\":\"WebSite\",\"@id\":\"https:\/\/ozponcho.com.au\/#website\",\"url\":\"https:\/\/ozponcho.com.au\/\",\"name\":\"OZ Poncho\",\"description\":\"\",\"potentialAction\":[{\"@type\":\"SearchAction\",\"target\":{\"@type\":\"EntryPoint\",\"urlTemplate\":\"https:\/\/ozponcho.com.au\/?s={search_term_string}\"},\"query-input\":{\"@type\":\"PropertyValueSpecification\",\"valueRequired\":true,\"valueName\":\"search_term_string\"}}],\"inLanguage\":\"fi\"}]}<\/script>\n<!-- \/ Yoast SEO plugin. -->","yoast_head_json":{"title":"Tietoa meist\u00e4 | OZ Poncho","robots":{"index":"index","follow":"follow","max-snippet":"max-snippet:-1","max-image-preview":"max-image-preview:large","max-video-preview":"max-video-preview:-1"},"canonical":"https:\/\/ozponcho.com.au\/fi\/meista\/","og_locale":"fi_FI","og_type":"article","og_title":"About us | OZ Poncho","og_description":"Who We Are Welcome to Oz Poncho! We are a family-owned business based in that is passionate about ponchos and all things related. Since our humble beginnings, we have been committed to providing high-quality ponchos at affordable prices for customers across the country. Our collection of stylish yet comfortable pieces range from classic designs to [...]","og_url":"https:\/\/ozponcho.com.au\/fi\/meista\/","og_site_name":"OZ Poncho","article_modified_time":"2024-03-08T03:21:44+00:00","twitter_card":"summary_large_image","twitter_misc":{"Arvioitu lukuaika":"2 minuuttia"},"schema":{"@context":"https:\/\/schema.org","@graph":[{"@type":"WebPage","@id":"https:\/\/ozponcho.com.au\/about-us\/","url":"https:\/\/ozponcho.com.au\/about-us\/","name":"Tietoa meist\u00e4 | OZ Poncho","isPartOf":{"@id":"https:\/\/ozponcho.com.au\/#website"},"datePublished":"2022-11-26T04:54:13+00:00","dateModified":"2024-03-08T03:21:44+00:00","breadcrumb":{"@id":"https:\/\/ozponcho.com.au\/about-us\/#breadcrumb"},"inLanguage":"fi","potentialAction":[{"@type":"ReadAction","target":["https:\/\/ozponcho.com.au\/about-us\/"]}]},{"@type":"BreadcrumbList","@id":"https:\/\/ozponcho.com.au\/about-us\/#breadcrumb","itemListElement":[{"@type":"ListItem","position":1,"name":"Home","item":"https:\/\/ozponcho.com.au\/"},{"@type":"ListItem","position":2,"name":"About us"}]},{"@type":"WebSite","@id":"https:\/\/ozponcho.com.au\/#website","url":"https:\/\/ozponcho.com.au\/","name":"OZ Poncho","description":"","potentialAction":[{"@type":"SearchAction","target":{"@type":"EntryPoint","urlTemplate":"https:\/\/ozponcho.com.au\/?s={search_term_string}"},"query-input":{"@type":"PropertyValueSpecification","valueRequired":true,"valueName":"search_term_string"}}],"inLanguage":"fi"}]}},"_links":{"self":[{"href":"https:\/\/ozponcho.com.au\/fi\/wp-json\/wp\/v2\/pages\/32","targetHints":{"allow":["GET"]}}],"collection":[{"href":"https:\/\/ozponcho.com.au\/fi\/wp-json\/wp\/v2\/pages"}],"about":[{"href":"https:\/\/ozponcho.com.au\/fi\/wp-json\/wp\/v2\/types\/page"}],"author":[{"embeddable":true,"href":"https:\/\/ozponcho.com.au\/fi\/wp-json\/wp\/v2\/users\/1"}],"replies":[{"embeddable":true,"href":"https:\/\/ozponcho.com.au\/fi\/wp-json\/wp\/v2\/comments?post=32"}],"version-history":[{"count":0,"href":"https:\/\/ozponcho.com.au\/fi\/wp-json\/wp\/v2\/pages\/32\/revisions"}],"wp:attachment":[{"href":"https:\/\/ozponcho.com.au\/fi\/wp-json\/wp\/v2\/media?parent=32"}],"curies":[{"name":"wp","href":"https:\/\/api.w.org\/{rel}","templated":true}]}}