{"id":30,"date":"2022-11-26T15:53:28","date_gmt":"2022-11-26T04:53:28","guid":{"rendered":"https:\/\/ozponcho.com.au\/?page_id=30"},"modified":"2024-03-08T14:31:18","modified_gmt":"2024-03-08T03:31:18","slug":"promo-codes-discounts","status":"publish","type":"page","link":"https:\/\/ozponcho.com.au\/fi\/promo-koodit-alennukset\/","title":{"rendered":"Promo koodit &amp; alennukset"},"content":{"rendered":"<p>Tervetuloa tarjouskoodien &amp; alennusten maagiseen maailmaan!<\/p>\n<p>Jos etsit parhaita tarjouksia poncho-vaatteista, \u00e4l\u00e4 katso en\u00e4\u00e4 pidemm\u00e4lle! T\u00e4\u00e4ll\u00e4 [insert business name], me rakastamme palkita asiakkaitamme erikoistarjouksilla ja alennuksilla.<\/p>\n<p>Tied\u00e4mme, kuinka vaikeaa on l\u00f6yt\u00e4\u00e4 t\u00e4ydellinen poncho, joten jotta se olisi viel\u00e4 helpompaa, meill\u00e4 on myynninedist\u00e4miskoodeja ja alennuksia saatavilla. Olitpa ostoksilla itsellesi tai rakkaallesi, meill\u00e4 on laaja valikoima tarjouskoodeja ja alennuksia, joista voit valita.<\/p>\n<p>Miksi et aloittaisi poncho-ostosmatkaasi erityisell\u00e4 alennuskoodilla? Saat 10% alennuksen ensimm\u00e4isest\u00e4 ostoksestasi, kun kirjoitat koodin 'PONCHO10' kassalla.<\/p>\n<p>Meill\u00e4 on my\u00f6s alennuksia valituista poncho-tyyleist\u00e4 ja mallistoista. Etsitp\u00e4 sitten jotain klassista tai jotain hieman ainutlaatuisempaa, meill\u00e4 on jokaiselle jotakin.<\/p>\n<p>Muista tarkistaa t\u00e4m\u00e4 sivu s\u00e4\u00e4nn\u00f6llisesti uusimmat ja suurimmat tarjouskoodit ja alennukset. Kun tarjolla on niin paljon hyvi\u00e4 tarjouksia, l\u00f6yd\u00e4t varmasti juuri sinulle sopivan ponchon.<\/p>\n<p>Hyv\u00e4\u00e4 shoppailua!<\/p>","protected":false},"excerpt":{"rendered":"<p>Welcome to the magical world of promo codes &amp; discounts! If you&#8217;re looking for the best deals on poncho clothing, then look no further! Here at [insert business name], we love to reward our customers with special offers and discounts. We know how hard it is to find the perfect poncho, so to make it [&#8230;]","protected":false},"author":1,"featured_media":0,"parent":0,"menu_order":0,"comment_status":"closed","ping_status":"closed","template":"page-blank-title-center.php","meta":{"footnotes":""},"class_list":["post-30","page","type-page","status-publish","hentry"],"yoast_head":"<!-- This site is optimized with the Yoast SEO plugin v25.9 - https:\/\/yoast.com\/wordpress\/plugins\/seo\/ -->\n<title>OZ Poncho Promo Codes &amp; Discounts<\/title>\n<meta name=\"description\" content=\"Take advantage of a 10% discount on the entire OZ Poncho boutique today by applying the following promo code:\" \/>\n<meta name=\"robots\" content=\"index, follow, max-snippet:-1, max-image-preview:large, max-video-preview:-1\" \/>\n<link rel=\"canonical\" href=\"https:\/\/ozponcho.com.au\/fi\/promo-koodit-alennukset\/\" \/>\n<meta property=\"og:locale\" content=\"fi_FI\" \/>\n<meta property=\"og:type\" content=\"article\" \/>\n<meta property=\"og:title\" content=\"OZ Poncho Promo Codes &amp; Discounts\" \/>\n<meta property=\"og:description\" content=\"Take advantage of a 10% discount on the entire OZ Poncho boutique today by applying the following promo code:\" \/>\n<meta property=\"og:url\" content=\"https:\/\/ozponcho.com.au\/fi\/promo-koodit-alennukset\/\" \/>\n<meta property=\"og:site_name\" content=\"OZ Poncho\" \/>\n<meta property=\"article:modified_time\" content=\"2024-03-08T03:31:18+00:00\" \/>\n<meta name=\"twitter:card\" content=\"summary_large_image\" \/>\n<meta name=\"twitter:label1\" content=\"Arvioitu lukuaika\" \/>\n\t<meta name=\"twitter:data1\" content=\"1 minuutti\" \/>\n<script type=\"application\/ld+json\" class=\"yoast-schema-graph\">{\"@context\":\"https:\/\/schema.org\",\"@graph\":[{\"@type\":\"WebPage\",\"@id\":\"https:\/\/ozponcho.com.au\/promo-codes-discounts\/\",\"url\":\"https:\/\/ozponcho.com.au\/promo-codes-discounts\/\",\"name\":\"OZ Poncho Promo Codes & Discounts\",\"isPartOf\":{\"@id\":\"https:\/\/ozponcho.com.au\/#website\"},\"datePublished\":\"2022-11-26T04:53:28+00:00\",\"dateModified\":\"2024-03-08T03:31:18+00:00\",\"description\":\"Take advantage of a 10% discount on the entire OZ Poncho boutique today by applying the following promo code:\",\"breadcrumb\":{\"@id\":\"https:\/\/ozponcho.com.au\/promo-codes-discounts\/#breadcrumb\"},\"inLanguage\":\"fi\",\"potentialAction\":[{\"@type\":\"ReadAction\",\"target\":[\"https:\/\/ozponcho.com.au\/promo-codes-discounts\/\"]}]},{\"@type\":\"BreadcrumbList\",\"@id\":\"https:\/\/ozponcho.com.au\/promo-codes-discounts\/#breadcrumb\",\"itemListElement\":[{\"@type\":\"ListItem\",\"position\":1,\"name\":\"Home\",\"item\":\"https:\/\/ozponcho.com.au\/\"},{\"@type\":\"ListItem\",\"position\":2,\"name\":\"Promo codes &#038; discounts\"}]},{\"@type\":\"WebSite\",\"@id\":\"https:\/\/ozponcho.com.au\/#website\",\"url\":\"https:\/\/ozponcho.com.au\/\",\"name\":\"OZ Poncho\",\"description\":\"\",\"potentialAction\":[{\"@type\":\"SearchAction\",\"target\":{\"@type\":\"EntryPoint\",\"urlTemplate\":\"https:\/\/ozponcho.com.au\/?s={search_term_string}\"},\"query-input\":{\"@type\":\"PropertyValueSpecification\",\"valueRequired\":true,\"valueName\":\"search_term_string\"}}],\"inLanguage\":\"fi\"}]}<\/script>\n<!-- \/ Yoast SEO plugin. -->","yoast_head_json":{"title":"OZ Poncho Promo koodit &amp; alennukset","description":"Hy\u00f6dy 10% alennus koko OZ Poncho putiikki t\u00e4n\u00e4\u00e4n soveltamalla seuraavaa promo koodi:","robots":{"index":"index","follow":"follow","max-snippet":"max-snippet:-1","max-image-preview":"max-image-preview:large","max-video-preview":"max-video-preview:-1"},"canonical":"https:\/\/ozponcho.com.au\/fi\/promo-koodit-alennukset\/","og_locale":"fi_FI","og_type":"article","og_title":"OZ Poncho Promo Codes & Discounts","og_description":"Take advantage of a 10% discount on the entire OZ Poncho boutique today by applying the following promo code:","og_url":"https:\/\/ozponcho.com.au\/fi\/promo-koodit-alennukset\/","og_site_name":"OZ Poncho","article_modified_time":"2024-03-08T03:31:18+00:00","twitter_card":"summary_large_image","twitter_misc":{"Arvioitu lukuaika":"1 minuutti"},"schema":{"@context":"https:\/\/schema.org","@graph":[{"@type":"WebPage","@id":"https:\/\/ozponcho.com.au\/promo-codes-discounts\/","url":"https:\/\/ozponcho.com.au\/promo-codes-discounts\/","name":"OZ Poncho Promo koodit &amp; alennukset","isPartOf":{"@id":"https:\/\/ozponcho.com.au\/#website"},"datePublished":"2022-11-26T04:53:28+00:00","dateModified":"2024-03-08T03:31:18+00:00","description":"Hy\u00f6dy 10% alennus koko OZ Poncho putiikki t\u00e4n\u00e4\u00e4n soveltamalla seuraavaa promo koodi:","breadcrumb":{"@id":"https:\/\/ozponcho.com.au\/promo-codes-discounts\/#breadcrumb"},"inLanguage":"fi","potentialAction":[{"@type":"ReadAction","target":["https:\/\/ozponcho.com.au\/promo-codes-discounts\/"]}]},{"@type":"BreadcrumbList","@id":"https:\/\/ozponcho.com.au\/promo-codes-discounts\/#breadcrumb","itemListElement":[{"@type":"ListItem","position":1,"name":"Home","item":"https:\/\/ozponcho.com.au\/"},{"@type":"ListItem","position":2,"name":"Promo codes &#038; discounts"}]},{"@type":"WebSite","@id":"https:\/\/ozponcho.com.au\/#website","url":"https:\/\/ozponcho.com.au\/","name":"OZ Poncho","description":"","potentialAction":[{"@type":"SearchAction","target":{"@type":"EntryPoint","urlTemplate":"https:\/\/ozponcho.com.au\/?s={search_term_string}"},"query-input":{"@type":"PropertyValueSpecification","valueRequired":true,"valueName":"search_term_string"}}],"inLanguage":"fi"}]}},"_links":{"self":[{"href":"https:\/\/ozponcho.com.au\/fi\/wp-json\/wp\/v2\/pages\/30","targetHints":{"allow":["GET"]}}],"collection":[{"href":"https:\/\/ozponcho.com.au\/fi\/wp-json\/wp\/v2\/pages"}],"about":[{"href":"https:\/\/ozponcho.com.au\/fi\/wp-json\/wp\/v2\/types\/page"}],"author":[{"embeddable":true,"href":"https:\/\/ozponcho.com.au\/fi\/wp-json\/wp\/v2\/users\/1"}],"replies":[{"embeddable":true,"href":"https:\/\/ozponcho.com.au\/fi\/wp-json\/wp\/v2\/comments?post=30"}],"version-history":[{"count":0,"href":"https:\/\/ozponcho.com.au\/fi\/wp-json\/wp\/v2\/pages\/30\/revisions"}],"wp:attachment":[{"href":"https:\/\/ozponcho.com.au\/fi\/wp-json\/wp\/v2\/media?parent=30"}],"curies":[{"name":"wp","href":"https:\/\/api.w.org\/{rel}","templated":true}]}}