{"id":28,"date":"2022-11-26T15:52:19","date_gmt":"2022-11-26T04:52:19","guid":{"rendered":"https:\/\/ozponcho.com.au\/?page_id=28"},"modified":"2022-11-26T16:21:02","modified_gmt":"2022-11-26T05:21:02","slug":"refund-and-returns-policy","status":"publish","type":"page","link":"https:\/\/ozponcho.com.au\/fi\/hyvitys-ja-palautusehdot\/","title":{"rendered":"Palautus- ja palautusk\u00e4yt\u00e4nt\u00f6"},"content":{"rendered":"<h2>Haluaisin <strong>return<\/strong> tai <strong>vaihto*<\/strong> tuote, joka ei sovi minulle.<\/h2>\n<p><strong>Vaihe 1:<\/strong> Jos haluatte <strong>return<\/strong> tai <strong>vaihto<\/strong> Tuotteesi (saadaksesi eri koon tai v\u00e4rin), varmista, ett\u00e4 t\u00e4yt\u00e4t seuraavat ehdot:<\/p>\n<ul>\n<li>Sinulla on 14 p\u00e4iv\u00e4\u00e4 aikaa palauttaa pakettisi meille sen vastaanottamisen j\u00e4lkeen.<\/li>\n<li>Tarrat on kiinnitett\u00e4v\u00e4 tuotteeseen samalla tavalla kuin se on vastaanotettu.<\/li>\n<li>Tuotteen on oltava alkuper\u00e4isess\u00e4 pakkauksessaan.<\/li>\n<\/ul>\n<p><strong>Vaihe 2:<\/strong> Contact us by email at contact@ozponcho.com.au or directly via our contact.<\/p>\n<p>Varmista, ett\u00e4 s\u00e4hk\u00f6postiviestiss\u00e4si on seuraavat tiedot: sinun osoitteesi.\u00a0<strong>tilausnumero<\/strong>, <strong>palautettujen tuotteiden nimet<\/strong>sek\u00e4 <strong>mit\u00e4 haluatte saada palautuksesta<\/strong> (hyvitys, kuponki tai vaihto toiseen kokoon\/v\u00e4riin).<\/p>\n<p><strong>Vaihe 3:<\/strong>\u00a0Vastaamme sinulle 48 tunnin kuluessa ja ilmoitamme postiosoitteen, johon palautat tavarat.<\/p>\n<p>Ilmoitetaan, ett\u00e4\u00a0<strong>palautuksen toimituskulut j\u00e4\u00e4v\u00e4t sinun maksettavaksesi<\/strong>.<\/p>\n<p><em>Tuotteet on palautettava alkuper\u00e4isess\u00e4 kunnossa. Tuotteita, jotka on pesty tai k\u00e4ytetty (ilman etiketti\u00e4), ei voida palauttaa tai hyvitt\u00e4\u00e4.<\/em><\/p>\n<p><strong>Vaihe 4<\/strong>: Vahvista meille s\u00e4hk\u00f6postitse, ett\u00e4 tuotteesi on toimitettu ja anna meille seuraavat tiedot.\u00a0<strong>paketin l\u00e4hetysnumero<\/strong>.<\/p>\n<p>N\u00e4in voimme maksaa mahdolliset tullimaksut.\u00a0<strong>Jos meill\u00e4 ei ole n\u00e4it\u00e4 tietoja, emme voi maksaa tullimaksuja ja pakettisi palautetaan sinulle automaattisesti.<\/strong>.<\/p>\n<p><strong>Vaihe 5:<\/strong> Heti kun saamme kohteet, ne tarkastetaan ja pyynn\u00f6st\u00e4si me:<\/p>\n<ul>\n<li>Palauta tuotteesi: saat s\u00e4hk\u00f6postiviestin, jossa vahvistetaan tilauksesi palautus.<\/li>\n<li>Vaihda tuotteesi: Saat s\u00e4hk\u00f6postiviestin, jossa vahvistetaan vaihto sek\u00e4 uusi tilausnumero.<\/li>\n<\/ul>\nOZ Poncho reserves the right to refuse returns sent or communicated after the delay of return, or articles which are not in the same condition as when they were received. Once the return is approved, you will be refunded through the <strong>sama maksutapa, jota k\u00e4ytettiin ostoksen tekemiseen<\/strong>. Palautusviive on enint\u00e4\u00e4n 10 p\u00e4iv\u00e4\u00e4. Huomaa, ett\u00e4 pankkitilisi palautuksen viiv\u00e4styminen riippuu aina pankistasi.<\/p>","protected":false},"excerpt":{"rendered":"<p>I would like to return or exchange* an item that does not suit me. Step 1: If you would like to return or exchange your item (to get a different size or color), please make sure that you meet the following conditions: You have 14 days following the reception of your package to return it [&#8230;]","protected":false},"author":1,"featured_media":0,"parent":0,"menu_order":0,"comment_status":"closed","ping_status":"closed","template":"page-blank-title-center.php","meta":{"footnotes":""},"class_list":["post-28","page","type-page","status-publish","hentry"],"yoast_head":"<!-- This site is optimized with the Yoast SEO plugin v25.9 - https:\/\/yoast.com\/wordpress\/plugins\/seo\/ -->\n<title>Refund and Returns Policy | OZ Poncho<\/title>\n<meta name=\"robots\" content=\"noindex, follow\" \/>\n<meta property=\"og:locale\" content=\"fi_FI\" \/>\n<meta property=\"og:type\" content=\"article\" \/>\n<meta property=\"og:title\" content=\"Refund and Returns Policy | OZ Poncho\" \/>\n<meta property=\"og:description\" content=\"I would like to return or exchange* an item that does not suit me. Step 1: If you would like to return or exchange your item (to get a different size or color), please make sure that you meet the following conditions: You have 14 days following the reception of your package to return it [...]\" \/>\n<meta property=\"og:url\" content=\"https:\/\/ozponcho.com.au\/fi\/hyvitys-ja-palautusehdot\/\" \/>\n<meta property=\"og:site_name\" content=\"OZ Poncho\" \/>\n<meta property=\"article:modified_time\" content=\"2022-11-26T05:21:02+00:00\" \/>\n<meta name=\"twitter:card\" content=\"summary_large_image\" \/>\n<meta name=\"twitter:label1\" content=\"Arvioitu lukuaika\" \/>\n\t<meta name=\"twitter:data1\" content=\"2 minuuttia\" \/>\n<script type=\"application\/ld+json\" class=\"yoast-schema-graph\">{\"@context\":\"https:\/\/schema.org\",\"@graph\":[{\"@type\":\"WebPage\",\"@id\":\"https:\/\/ozponcho.com.au\/refund-and-returns-policy\/\",\"url\":\"https:\/\/ozponcho.com.au\/refund-and-returns-policy\/\",\"name\":\"Refund and Returns Policy | OZ Poncho\",\"isPartOf\":{\"@id\":\"https:\/\/ozponcho.com.au\/#website\"},\"datePublished\":\"2022-11-26T04:52:19+00:00\",\"dateModified\":\"2022-11-26T05:21:02+00:00\",\"breadcrumb\":{\"@id\":\"https:\/\/ozponcho.com.au\/refund-and-returns-policy\/#breadcrumb\"},\"inLanguage\":\"fi\",\"potentialAction\":[{\"@type\":\"ReadAction\",\"target\":[\"https:\/\/ozponcho.com.au\/refund-and-returns-policy\/\"]}]},{\"@type\":\"BreadcrumbList\",\"@id\":\"https:\/\/ozponcho.com.au\/refund-and-returns-policy\/#breadcrumb\",\"itemListElement\":[{\"@type\":\"ListItem\",\"position\":1,\"name\":\"Home\",\"item\":\"https:\/\/ozponcho.com.au\/\"},{\"@type\":\"ListItem\",\"position\":2,\"name\":\"Refund and Returns Policy\"}]},{\"@type\":\"WebSite\",\"@id\":\"https:\/\/ozponcho.com.au\/#website\",\"url\":\"https:\/\/ozponcho.com.au\/\",\"name\":\"OZ Poncho\",\"description\":\"\",\"potentialAction\":[{\"@type\":\"SearchAction\",\"target\":{\"@type\":\"EntryPoint\",\"urlTemplate\":\"https:\/\/ozponcho.com.au\/?s={search_term_string}\"},\"query-input\":{\"@type\":\"PropertyValueSpecification\",\"valueRequired\":true,\"valueName\":\"search_term_string\"}}],\"inLanguage\":\"fi\"}]}<\/script>\n<!-- \/ Yoast SEO plugin. -->","yoast_head_json":{"title":"Palautus- ja palautusehdot | OZ Poncho","robots":{"index":"noindex","follow":"follow"},"og_locale":"fi_FI","og_type":"article","og_title":"Refund and Returns Policy | OZ Poncho","og_description":"I would like to return or exchange* an item that does not suit me. Step 1: If you would like to return or exchange your item (to get a different size or color), please make sure that you meet the following conditions: You have 14 days following the reception of your package to return it [...]","og_url":"https:\/\/ozponcho.com.au\/fi\/hyvitys-ja-palautusehdot\/","og_site_name":"OZ Poncho","article_modified_time":"2022-11-26T05:21:02+00:00","twitter_card":"summary_large_image","twitter_misc":{"Arvioitu lukuaika":"2 minuuttia"},"schema":{"@context":"https:\/\/schema.org","@graph":[{"@type":"WebPage","@id":"https:\/\/ozponcho.com.au\/refund-and-returns-policy\/","url":"https:\/\/ozponcho.com.au\/refund-and-returns-policy\/","name":"Palautus- ja palautusehdot | OZ Poncho","isPartOf":{"@id":"https:\/\/ozponcho.com.au\/#website"},"datePublished":"2022-11-26T04:52:19+00:00","dateModified":"2022-11-26T05:21:02+00:00","breadcrumb":{"@id":"https:\/\/ozponcho.com.au\/refund-and-returns-policy\/#breadcrumb"},"inLanguage":"fi","potentialAction":[{"@type":"ReadAction","target":["https:\/\/ozponcho.com.au\/refund-and-returns-policy\/"]}]},{"@type":"BreadcrumbList","@id":"https:\/\/ozponcho.com.au\/refund-and-returns-policy\/#breadcrumb","itemListElement":[{"@type":"ListItem","position":1,"name":"Home","item":"https:\/\/ozponcho.com.au\/"},{"@type":"ListItem","position":2,"name":"Refund and Returns Policy"}]},{"@type":"WebSite","@id":"https:\/\/ozponcho.com.au\/#website","url":"https:\/\/ozponcho.com.au\/","name":"OZ Poncho","description":"","potentialAction":[{"@type":"SearchAction","target":{"@type":"EntryPoint","urlTemplate":"https:\/\/ozponcho.com.au\/?s={search_term_string}"},"query-input":{"@type":"PropertyValueSpecification","valueRequired":true,"valueName":"search_term_string"}}],"inLanguage":"fi"}]}},"_links":{"self":[{"href":"https:\/\/ozponcho.com.au\/fi\/wp-json\/wp\/v2\/pages\/28","targetHints":{"allow":["GET"]}}],"collection":[{"href":"https:\/\/ozponcho.com.au\/fi\/wp-json\/wp\/v2\/pages"}],"about":[{"href":"https:\/\/ozponcho.com.au\/fi\/wp-json\/wp\/v2\/types\/page"}],"author":[{"embeddable":true,"href":"https:\/\/ozponcho.com.au\/fi\/wp-json\/wp\/v2\/users\/1"}],"replies":[{"embeddable":true,"href":"https:\/\/ozponcho.com.au\/fi\/wp-json\/wp\/v2\/comments?post=28"}],"version-history":[{"count":0,"href":"https:\/\/ozponcho.com.au\/fi\/wp-json\/wp\/v2\/pages\/28\/revisions"}],"wp:attachment":[{"href":"https:\/\/ozponcho.com.au\/fi\/wp-json\/wp\/v2\/media?parent=28"}],"curies":[{"name":"wp","href":"https:\/\/api.w.org\/{rel}","templated":true}]}}