{"id":23,"date":"2022-11-26T15:51:17","date_gmt":"2022-11-26T04:51:17","guid":{"rendered":"https:\/\/ozponcho.com.au\/?page_id=23"},"modified":"2023-11-08T21:11:28","modified_gmt":"2023-11-08T10:11:28","slug":"privacy-policy","status":"publish","type":"page","link":"https:\/\/ozponcho.com.au\/fi\/tietosuojakaytanto\/","title":{"rendered":"Tietosuojak\u00e4yt\u00e4nt\u00f6"},"content":{"rendered":"<p>This Privacy Policy describes how your personal information is collected, used,and shared when you visit or make a purchase from ozponcho.com.au (the \u201cSite\u201d).<\/p>\n<h2>KER\u00c4\u00c4M\u00c4MME HENKIL\u00d6TIEDOT<\/h2>\n<p>Kun vierailet sivustolla, ker\u00e4\u00e4mme automaattisesti tiettyj\u00e4 tietoja laitteestasi, mukaan lukien tiedot verkkoselaimestasi, IP-osoitteestasi, aikavy\u00f6hykkeest\u00e4 ja joistakin laitteeseesi asennetuista ev\u00e4steist\u00e4. Lis\u00e4ksi, kun selaat Sivustoa, ker\u00e4\u00e4mme tietoja yksitt\u00e4isist\u00e4 verkkosivuista tai tuotteista, joita katselet, siit\u00e4, mitk\u00e4 verkkosivustot tai hakusanat ohjasivat sinut Sivustolle, ja tietoja siit\u00e4, miten olet vuorovaikutuksessa Sivuston kanssa. Viittaamme n\u00e4ihin automaattisesti ker\u00e4ttyihin tietoihin nimell\u00e4 \"laitetiedot\".<\/p>\n<p>Ker\u00e4\u00e4mme laitetietoja seuraavien tekniikoiden avulla:<\/p>\n<ul>\n<li>\"Ev\u00e4steet\" ovat datatiedostoja, jotka sijoitetaan laitteeseesi tai tietokoneeseesi ja jotka sis\u00e4lt\u00e4v\u00e4t usein anonyymin yksil\u00f6llisen tunnisteen. Lis\u00e4tietoja ev\u00e4steist\u00e4 ja ev\u00e4steiden poistamisesta k\u00e4yt\u00f6st\u00e4 saat osoitteesta http:\/\/www.allaboutcookies.org.<\/li>\n<li>\"Lokitiedostot\" seuraavat sivustolla tapahtuvia toimia ja ker\u00e4\u00e4v\u00e4t tietoja, kuten IP-osoitteen, selaimen tyypin, Internet-palveluntarjoajan, viittaavat\/poistuvat sivut sek\u00e4 p\u00e4iv\u00e4m\u00e4\u00e4r\u00e4-\/aikaleimat.<\/li>\n<li>\"Verkkomajakat\", \"tunnisteet\" ja \"pikselit\" ovat s\u00e4hk\u00f6isi\u00e4 tiedostoja, joita k\u00e4ytet\u00e4\u00e4n tallentamaan tietoja siit\u00e4, miten selaat sivustoa.<\/li>\n<\/ul>\n<p>Lis\u00e4ksi kun teet ostoksen tai yrit\u00e4t tehd\u00e4 ostoksen Sivuston kautta, ker\u00e4\u00e4mme sinulta tiettyj\u00e4 tietoja, kuten nimesi, laskutusosoitteesi, toimitusosoitteesi, maksutiedot (mukaan lukien luottokorttinumerot).\n<p>Kun puhumme t\u00e4ss\u00e4 tietosuojak\u00e4yt\u00e4nn\u00f6ss\u00e4 \"henkil\u00f6tiedoista\", tarkoitamme sek\u00e4 laitetietoja ett\u00e4 tilaustietoja.<\/p>\n<h2>MITEN K\u00c4YT\u00c4MME HENKIL\u00d6TIETOJASI?<\/h2>\n<p>K\u00e4yt\u00e4mme ker\u00e4\u00e4mi\u00e4mme tilaustietoja yleisesti Sivuston kautta tehtyjen tilausten t\u00e4ytt\u00e4miseen (mukaan lukien maksutietojen k\u00e4sittely, toimituksen j\u00e4rjest\u00e4minen ja laskujen ja\/tai tilausvahvistusten toimittaminen sinulle). Lis\u00e4ksi k\u00e4yt\u00e4mme n\u00e4it\u00e4 tilaustietoja seuraaviin tarkoituksiin:<\/p>\n<ul>\n<li>Kommunikoi kanssasi;<\/li>\n<li>seuloa tilauksemme mahdollisten riskien tai petosten varalta; ja<\/li>\n<li>tarjota sinulle tuotteisiimme tai palveluihimme liittyv\u00e4\u00e4 tietoa tai mainontaa, kun se on sopusoinnussa kanssamme jakamiesi mieltymysten kanssa.<\/li>\n<\/ul>\n<p>K\u00e4yt\u00e4mme ker\u00e4\u00e4mi\u00e4mme laitetietoja auttaaksemme meit\u00e4 seulomaan mahdollisia riskej\u00e4 ja petoksia (erityisesti IP-osoitettasi) ja yleisemmin parantaaksemme ja optimoidaksemme Sivustoamme (esimerkiksi tuottamalla analyysej\u00e4 siit\u00e4, miten asiakkaamme selaavat Sivustoa ja ovat vuorovaikutuksessa sen kanssa, ja arvioidaksemme markkinointi- ja mainoskampanjoidemme onnistumista).<\/p>\n<h2>HENKIL\u00d6TIETOJESI JAKAMINEN<\/h2>\n<p>Jaamme henkil\u00f6tietojasi kolmansille osapuolille, jotka auttavat meit\u00e4 k\u00e4ytt\u00e4m\u00e4\u00e4n henkil\u00f6tietojasi edell\u00e4 kuvatulla tavalla. K\u00e4yt\u00e4mme esimerkiksi Shopify-verkkokauppaamme - voit lukea lis\u00e4\u00e4 siit\u00e4, miten Shopify k\u00e4ytt\u00e4\u00e4 henkil\u00f6kohtaisia tietojasi t\u00e4\u00e4lt\u00e4: https:\/\/www.shopify.com\/legal\/privacy. K\u00e4yt\u00e4mme my\u00f6s Google Analytics -palvelua, joka auttaa meit\u00e4 ymm\u00e4rt\u00e4m\u00e4\u00e4n, miten asiakkaamme k\u00e4ytt\u00e4v\u00e4t Sivustoa - voit lukea lis\u00e4\u00e4 siit\u00e4, miten Google k\u00e4ytt\u00e4\u00e4 henkil\u00f6kohtaisia tietojasi t\u00e4\u00e4lt\u00e4: https:\/\/www.google.com\/intl\/en\/policies\/privacy\/. Voit my\u00f6s kielt\u00e4\u00e4 Google Analyticsin k\u00e4yt\u00f6n t\u00e4\u00e4ll\u00e4: https:\/\/tools.google.com\/dlpage\/gaoptout.<\/p>\n<p>Voimme my\u00f6s jakaa henkil\u00f6kohtaisia tietojasi noudattaaksemme sovellettavia lakeja ja m\u00e4\u00e4r\u00e4yksi\u00e4, vastataksemme haasteeseen, etsint\u00e4lupaan tai muuhun lailliseen tietopyynt\u00f6\u00f6n tai muutoin suojellaksemme oikeuksiamme.<\/p>\n<h2>K\u00c4YTT\u00c4YTYMISEEN PERUSTUVA MAINONTA<\/h2>\n<p>Kuten edell\u00e4 on kuvattu, k\u00e4yt\u00e4mme henkil\u00f6kohtaisia tietojasi tarjotaksemme sinulle kohdennettuja mainoksia tai markkinointiviestint\u00e4\u00e4, jonka uskomme kiinnostavan sinua. Lis\u00e4tietoja kohdennetun mainonnan toiminnasta saat Network Advertising Initiativen (\"NAI\") koulutussivulta osoitteessa http:\/\/www.networkadvertising.org\/understanding-online-advertising\/how-does-it-work.<\/p>\n<p>Lis\u00e4ksi voit kielt\u00e4yty\u00e4 joistakin n\u00e4ist\u00e4 palveluista vierailemalla Digital Advertising Alliancen opt-out-portaalissa osoitteessa: http:\/\/optout.aboutads.info\/.<\/p>\n<h2>\u00c4L\u00c4 SEURAA<\/h2>\n<p>Huomaa, ett\u00e4 emme muuta sivustomme tietojen ker\u00e4ys- ja k\u00e4ytt\u00f6k\u00e4yt\u00e4nt\u00f6j\u00e4, kun n\u00e4emme selaimestasi Do Not Track -signaalin.<\/p>\n<h2>SINUN OIKEUTESI<\/h2>\n<p>Jos olet Euroopassa asuva henkil\u00f6, sinulla on oikeus tutustua sinusta hallussamme oleviin henkil\u00f6tietoihin ja pyyt\u00e4\u00e4, ett\u00e4 henkil\u00f6tietosi korjataan, p\u00e4ivitet\u00e4\u00e4n tai poistetaan. Jos haluat k\u00e4ytt\u00e4\u00e4 t\u00e4t\u00e4 oikeutta, ota meihin yhteytt\u00e4 alla olevien yhteystietojen kautta.<\/p>\n<p>Lis\u00e4ksi, jos asut Euroopassa, toteamme, ett\u00e4 k\u00e4sittelemme tietojasi t\u00e4ytt\u00e4\u00e4kseen kanssasi mahdollisesti tekem\u00e4mme sopimukset (esimerkiksi jos teet tilauksen sivuston kautta) tai muutoin noudattaaksemme edell\u00e4 mainittuja oikeutettuja liiketoimintaetujamme. Huomaa lis\u00e4ksi, ett\u00e4 tietojasi siirret\u00e4\u00e4n Euroopan ulkopuolelle, my\u00f6s Kanadaan ja Yhdysvaltoihin.<\/p>\n<h2>TIETOJEN S\u00c4ILYTT\u00c4MINEN<\/h2>\n<p>Kun teet tilauksen Sivuston kautta, s\u00e4ilyt\u00e4mme tilaustietosi arkistossamme, ellet pyyd\u00e4 meit\u00e4 poistamaan n\u00e4it\u00e4 tietoja.<\/p>\n<h2>MUUTOKSET<\/h2>\n<p>Saatamme ajoittain p\u00e4ivitt\u00e4\u00e4 t\u00e4t\u00e4 tietosuojak\u00e4yt\u00e4nt\u00f6\u00e4 esimerkiksi k\u00e4yt\u00e4nt\u00f6jemme muutosten vuoksi tai muista toiminnallisista, oikeudellisista tai s\u00e4\u00e4ntelyyn liittyvist\u00e4 syist\u00e4.<\/p>\n<h2>OTA YHTEYTT\u00c4<\/h2>\n<p>For more information about our privacy practices, if you have questions, or if you would like to make a complaint, please contact us by e-mail at contact@ozponcho.com.au or by mail using the details provided below:<\/p>\nOZ Poncho\n36 Hurtle Square<br \/>\nAdelaide SA 5000<br \/>\nAustralia<\/p>","protected":false},"excerpt":{"rendered":"<p>This Privacy Policy describes how your personal information is collected, used,and shared when you visit or make a purchase from (the \u201cSite\u201d). PERSONAL INFORMATION WE COLLECT When you visit the Site, we automatically collect certain information about your device, including information about your web browser, IP address, time zone, and some of the cookies that [&#8230;]","protected":false},"author":1,"featured_media":0,"parent":0,"menu_order":0,"comment_status":"closed","ping_status":"closed","template":"page-blank-title-center.php","meta":{"footnotes":""},"class_list":["post-23","page","type-page","status-publish","hentry"],"yoast_head":"<!-- This site is optimized with the Yoast SEO plugin v25.9 - https:\/\/yoast.com\/wordpress\/plugins\/seo\/ -->\n<title>Privacy Policy | OZ Poncho<\/title>\n<meta name=\"robots\" content=\"noindex, follow\" \/>\n<meta property=\"og:locale\" content=\"fi_FI\" \/>\n<meta property=\"og:type\" content=\"article\" \/>\n<meta property=\"og:title\" content=\"Privacy Policy | OZ Poncho\" \/>\n<meta property=\"og:description\" content=\"This Privacy Policy describes how your personal information is collected, used,and shared when you visit or make a purchase from (the \u201cSite\u201d). PERSONAL INFORMATION WE COLLECT When you visit the Site, we automatically collect certain information about your device, including information about your web browser, IP address, time zone, and some of the cookies that [...]\" \/>\n<meta property=\"og:url\" content=\"https:\/\/ozponcho.com.au\/fi\/tietosuojakaytanto\/\" \/>\n<meta property=\"og:site_name\" content=\"OZ Poncho\" \/>\n<meta property=\"article:modified_time\" content=\"2023-11-08T10:11:28+00:00\" \/>\n<meta name=\"twitter:card\" content=\"summary_large_image\" \/>\n<meta name=\"twitter:label1\" content=\"Arvioitu lukuaika\" \/>\n\t<meta name=\"twitter:data1\" content=\"4 minuuttia\" \/>\n<script type=\"application\/ld+json\" class=\"yoast-schema-graph\">{\"@context\":\"https:\/\/schema.org\",\"@graph\":[{\"@type\":\"WebPage\",\"@id\":\"https:\/\/ozponcho.com.au\/privacy-policy\/\",\"url\":\"https:\/\/ozponcho.com.au\/privacy-policy\/\",\"name\":\"Privacy Policy | OZ Poncho\",\"isPartOf\":{\"@id\":\"https:\/\/ozponcho.com.au\/#website\"},\"datePublished\":\"2022-11-26T04:51:17+00:00\",\"dateModified\":\"2023-11-08T10:11:28+00:00\",\"breadcrumb\":{\"@id\":\"https:\/\/ozponcho.com.au\/privacy-policy\/#breadcrumb\"},\"inLanguage\":\"fi\",\"potentialAction\":[{\"@type\":\"ReadAction\",\"target\":[\"https:\/\/ozponcho.com.au\/privacy-policy\/\"]}]},{\"@type\":\"BreadcrumbList\",\"@id\":\"https:\/\/ozponcho.com.au\/privacy-policy\/#breadcrumb\",\"itemListElement\":[{\"@type\":\"ListItem\",\"position\":1,\"name\":\"Home\",\"item\":\"https:\/\/ozponcho.com.au\/\"},{\"@type\":\"ListItem\",\"position\":2,\"name\":\"Privacy Policy\"}]},{\"@type\":\"WebSite\",\"@id\":\"https:\/\/ozponcho.com.au\/#website\",\"url\":\"https:\/\/ozponcho.com.au\/\",\"name\":\"OZ Poncho\",\"description\":\"\",\"potentialAction\":[{\"@type\":\"SearchAction\",\"target\":{\"@type\":\"EntryPoint\",\"urlTemplate\":\"https:\/\/ozponcho.com.au\/?s={search_term_string}\"},\"query-input\":{\"@type\":\"PropertyValueSpecification\",\"valueRequired\":true,\"valueName\":\"search_term_string\"}}],\"inLanguage\":\"fi\"}]}<\/script>\n<!-- \/ Yoast SEO plugin. -->","yoast_head_json":{"title":"Tietosuojak\u00e4yt\u00e4nt\u00f6 | OZ Poncho","robots":{"index":"noindex","follow":"follow"},"og_locale":"fi_FI","og_type":"article","og_title":"Privacy Policy | OZ Poncho","og_description":"This Privacy Policy describes how your personal information is collected, used,and shared when you visit or make a purchase from (the \u201cSite\u201d). PERSONAL INFORMATION WE COLLECT When you visit the Site, we automatically collect certain information about your device, including information about your web browser, IP address, time zone, and some of the cookies that [...]","og_url":"https:\/\/ozponcho.com.au\/fi\/tietosuojakaytanto\/","og_site_name":"OZ Poncho","article_modified_time":"2023-11-08T10:11:28+00:00","twitter_card":"summary_large_image","twitter_misc":{"Arvioitu lukuaika":"4 minuuttia"},"schema":{"@context":"https:\/\/schema.org","@graph":[{"@type":"WebPage","@id":"https:\/\/ozponcho.com.au\/privacy-policy\/","url":"https:\/\/ozponcho.com.au\/privacy-policy\/","name":"Tietosuojak\u00e4yt\u00e4nt\u00f6 | OZ Poncho","isPartOf":{"@id":"https:\/\/ozponcho.com.au\/#website"},"datePublished":"2022-11-26T04:51:17+00:00","dateModified":"2023-11-08T10:11:28+00:00","breadcrumb":{"@id":"https:\/\/ozponcho.com.au\/privacy-policy\/#breadcrumb"},"inLanguage":"fi","potentialAction":[{"@type":"ReadAction","target":["https:\/\/ozponcho.com.au\/privacy-policy\/"]}]},{"@type":"BreadcrumbList","@id":"https:\/\/ozponcho.com.au\/privacy-policy\/#breadcrumb","itemListElement":[{"@type":"ListItem","position":1,"name":"Home","item":"https:\/\/ozponcho.com.au\/"},{"@type":"ListItem","position":2,"name":"Privacy Policy"}]},{"@type":"WebSite","@id":"https:\/\/ozponcho.com.au\/#website","url":"https:\/\/ozponcho.com.au\/","name":"OZ Poncho","description":"","potentialAction":[{"@type":"SearchAction","target":{"@type":"EntryPoint","urlTemplate":"https:\/\/ozponcho.com.au\/?s={search_term_string}"},"query-input":{"@type":"PropertyValueSpecification","valueRequired":true,"valueName":"search_term_string"}}],"inLanguage":"fi"}]}},"_links":{"self":[{"href":"https:\/\/ozponcho.com.au\/fi\/wp-json\/wp\/v2\/pages\/23","targetHints":{"allow":["GET"]}}],"collection":[{"href":"https:\/\/ozponcho.com.au\/fi\/wp-json\/wp\/v2\/pages"}],"about":[{"href":"https:\/\/ozponcho.com.au\/fi\/wp-json\/wp\/v2\/types\/page"}],"author":[{"embeddable":true,"href":"https:\/\/ozponcho.com.au\/fi\/wp-json\/wp\/v2\/users\/1"}],"replies":[{"embeddable":true,"href":"https:\/\/ozponcho.com.au\/fi\/wp-json\/wp\/v2\/comments?post=23"}],"version-history":[{"count":0,"href":"https:\/\/ozponcho.com.au\/fi\/wp-json\/wp\/v2\/pages\/23\/revisions"}],"wp:attachment":[{"href":"https:\/\/ozponcho.com.au\/fi\/wp-json\/wp\/v2\/media?parent=23"}],"curies":[{"name":"wp","href":"https:\/\/api.w.org\/{rel}","templated":true}]}}