{"id":21,"date":"2022-11-26T14:06:36","date_gmt":"2022-11-26T03:06:36","guid":{"rendered":"https:\/\/ozponcho.com.au\/?page_id=21"},"modified":"2023-01-29T03:41:47","modified_gmt":"2023-01-28T16:41:47","slug":"customer-reviews","status":"publish","type":"page","link":"https:\/\/ozponcho.com.au\/fi\/asiakasarvostelut\/","title":{"rendered":"Asiakkaiden arvostelut"},"content":{"rendered":"<p>Tervetuloa Oz Poncho Clothingin asiakasarvostelujen sivulle! T\u00e4\u00e4lt\u00e4 voit lukea, mit\u00e4 mahtavilla asiakkaillamme on sanottavaa ponchoistamme ja muista tuotteistamme.<\/p>\n<h2>Sitoutumisemme asiakastyytyv\u00e4isyyteen<\/h2>\n<p>Me Poncho Clothingilla pyrimme tarjoamaan asiakkaillemme parhaan mahdollisen kokemuksen, kun he tekev\u00e4t ostoksia kanssamme. Olemme ylpeit\u00e4 ponchoistamme ja muista tuotteistamme, ja haluamme, ett\u00e4 my\u00f6s asiakkaamme ovat ylpeit\u00e4 niist\u00e4. Siksi suhtaudumme asiakaspalveluun ja tyytyv\u00e4isyyteen vakavasti. Vastaamme nopeasti asiakkaiden tiedusteluihin, ja teemme aina mielell\u00e4mme yhteisty\u00f6t\u00e4 asiakkaiden kanssa varmistaaksemme, ett\u00e4 he ovat tyytyv\u00e4isi\u00e4 ostokseensa. Tarjoamme my\u00f6s 30 p\u00e4iv\u00e4n tyytyv\u00e4isyystakuun, joten asiakkaat voivat tehd\u00e4 ostoksia luottavaisin mielin tiet\u00e4en, ett\u00e4 he voivat palauttaa tuotteen, jos se ei vastaa heid\u00e4n odotuksiaan.<\/p>\n<h2>Uusimmat asiakkaiden arvostelut<\/h2>\n<p>Olemme ylpeit\u00e4 voidessamme jakaa upeita arvosteluja, joita olemme saaneet asiakkailtamme, jotka ovat ostaneet ponchojamme ja nauttineet niist\u00e4! Lue, miksi he rakastavat niit\u00e4 niin paljon.<\/p>\n<p>\"Rakastan Poncho Clothing -ponchojani. Se on niin mukava ja n\u00e4ytt\u00e4\u00e4 my\u00f6s hyv\u00e4lt\u00e4! Se on t\u00e4ydellinen yhdistelm\u00e4 tyyli\u00e4 ja k\u00e4yt\u00e4nn\u00f6llisyytt\u00e4.\" - Jane<\/p>\n<p>\"Ostin Poncho Clothing -ponchon tytt\u00e4relleni, ja h\u00e4n rakastaa sit\u00e4. Se sopii h\u00e4nelle t\u00e4ydellisesti ja h\u00e4n k\u00e4ytt\u00e4\u00e4 sit\u00e4 koko ajan. My\u00f6s materiaalin laatu on loistava.\" - Michael<\/p>\n<p>\"Rakastan Poncho Clothing -ponchojani! Se on niin mukava ja tyylik\u00e4s. Saan kohteliaisuuksia joka kerta, kun k\u00e4yt\u00e4n sit\u00e4. Suosittelen t\u00e4t\u00e4 tuotetta kaikille, jotka etsiv\u00e4t upeaa ponchoa.\" - Abigail, Texas<\/p>\n<p>Olemme innoissamme kuullessamme, ett\u00e4 asiakkaamme rakastavat Poncho Clothing -ponchojaan! Olemme niin kiitollisia heid\u00e4n tuestaan ja odotamme innolla, ett\u00e4 voimme jatkossakin tarjota heille markkinoiden parhaita ponchoja.<\/p>\n<p>Kiitos, ett\u00e4 vierailit Asiakasarvostelut-sivulla. Toivomme, ett\u00e4 olet nauttinut n\u00e4iden arvostelujen lukemisesta ja ett\u00e4 harkitset yhden ponchomme ostamista itsellesi. Olemme varmoja, ett\u00e4 pid\u00e4t siit\u00e4 yht\u00e4 paljon kuin asiakkaamme!<\/p>","protected":false},"excerpt":{"rendered":"<p>Welcome to the Customer Reviews page of Oz Poncho Clothing! Here, you can read what our amazing customers have to say about our ponchos and other products. Our commitment to customer satisfaction At Poncho Clothing, we strive to provide our customers with the best possible experience when shopping with us. We are proud of our [&#8230;]","protected":false},"author":1,"featured_media":0,"parent":0,"menu_order":0,"comment_status":"closed","ping_status":"closed","template":"page-blank-title-center.php","meta":{"footnotes":""},"class_list":["post-21","page","type-page","status-publish","hentry"],"yoast_head":"<!-- This site is optimized with the Yoast SEO plugin v25.9 - https:\/\/yoast.com\/wordpress\/plugins\/seo\/ -->\n<title>Customer Reviews | OZ Poncho<\/title>\n<meta name=\"robots\" content=\"index, follow, max-snippet:-1, max-image-preview:large, max-video-preview:-1\" \/>\n<link rel=\"canonical\" href=\"https:\/\/ozponcho.com.au\/fi\/asiakasarvostelut\/\" \/>\n<meta property=\"og:locale\" content=\"fi_FI\" \/>\n<meta property=\"og:type\" content=\"article\" \/>\n<meta property=\"og:title\" content=\"Customer Reviews | OZ Poncho\" \/>\n<meta property=\"og:description\" content=\"Welcome to the Customer Reviews page of Oz Poncho Clothing! Here, you can read what our amazing customers have to say about our ponchos and other products. Our commitment to customer satisfaction At Poncho Clothing, we strive to provide our customers with the best possible experience when shopping with us. We are proud of our [...]\" \/>\n<meta property=\"og:url\" content=\"https:\/\/ozponcho.com.au\/fi\/asiakasarvostelut\/\" \/>\n<meta property=\"og:site_name\" content=\"OZ Poncho\" \/>\n<meta property=\"article:modified_time\" content=\"2023-01-28T16:41:47+00:00\" \/>\n<meta name=\"twitter:card\" content=\"summary_large_image\" \/>\n<meta name=\"twitter:label1\" content=\"Arvioitu lukuaika\" \/>\n\t<meta name=\"twitter:data1\" content=\"2 minuuttia\" \/>\n<script type=\"application\/ld+json\" class=\"yoast-schema-graph\">{\"@context\":\"https:\/\/schema.org\",\"@graph\":[{\"@type\":\"WebPage\",\"@id\":\"https:\/\/ozponcho.com.au\/customer-reviews\/\",\"url\":\"https:\/\/ozponcho.com.au\/customer-reviews\/\",\"name\":\"Customer Reviews | OZ Poncho\",\"isPartOf\":{\"@id\":\"https:\/\/ozponcho.com.au\/#website\"},\"datePublished\":\"2022-11-26T03:06:36+00:00\",\"dateModified\":\"2023-01-28T16:41:47+00:00\",\"breadcrumb\":{\"@id\":\"https:\/\/ozponcho.com.au\/customer-reviews\/#breadcrumb\"},\"inLanguage\":\"fi\",\"potentialAction\":[{\"@type\":\"ReadAction\",\"target\":[\"https:\/\/ozponcho.com.au\/customer-reviews\/\"]}]},{\"@type\":\"BreadcrumbList\",\"@id\":\"https:\/\/ozponcho.com.au\/customer-reviews\/#breadcrumb\",\"itemListElement\":[{\"@type\":\"ListItem\",\"position\":1,\"name\":\"Home\",\"item\":\"https:\/\/ozponcho.com.au\/\"},{\"@type\":\"ListItem\",\"position\":2,\"name\":\"Customer Reviews\"}]},{\"@type\":\"WebSite\",\"@id\":\"https:\/\/ozponcho.com.au\/#website\",\"url\":\"https:\/\/ozponcho.com.au\/\",\"name\":\"OZ Poncho\",\"description\":\"\",\"potentialAction\":[{\"@type\":\"SearchAction\",\"target\":{\"@type\":\"EntryPoint\",\"urlTemplate\":\"https:\/\/ozponcho.com.au\/?s={search_term_string}\"},\"query-input\":{\"@type\":\"PropertyValueSpecification\",\"valueRequired\":true,\"valueName\":\"search_term_string\"}}],\"inLanguage\":\"fi\"}]}<\/script>\n<!-- \/ Yoast SEO plugin. -->","yoast_head_json":{"title":"Asiakkaiden arvostelut | OZ Poncho","robots":{"index":"index","follow":"follow","max-snippet":"max-snippet:-1","max-image-preview":"max-image-preview:large","max-video-preview":"max-video-preview:-1"},"canonical":"https:\/\/ozponcho.com.au\/fi\/asiakasarvostelut\/","og_locale":"fi_FI","og_type":"article","og_title":"Customer Reviews | OZ Poncho","og_description":"Welcome to the Customer Reviews page of Oz Poncho Clothing! Here, you can read what our amazing customers have to say about our ponchos and other products. Our commitment to customer satisfaction At Poncho Clothing, we strive to provide our customers with the best possible experience when shopping with us. We are proud of our [...]","og_url":"https:\/\/ozponcho.com.au\/fi\/asiakasarvostelut\/","og_site_name":"OZ Poncho","article_modified_time":"2023-01-28T16:41:47+00:00","twitter_card":"summary_large_image","twitter_misc":{"Arvioitu lukuaika":"2 minuuttia"},"schema":{"@context":"https:\/\/schema.org","@graph":[{"@type":"WebPage","@id":"https:\/\/ozponcho.com.au\/customer-reviews\/","url":"https:\/\/ozponcho.com.au\/customer-reviews\/","name":"Asiakkaiden arvostelut | OZ Poncho","isPartOf":{"@id":"https:\/\/ozponcho.com.au\/#website"},"datePublished":"2022-11-26T03:06:36+00:00","dateModified":"2023-01-28T16:41:47+00:00","breadcrumb":{"@id":"https:\/\/ozponcho.com.au\/customer-reviews\/#breadcrumb"},"inLanguage":"fi","potentialAction":[{"@type":"ReadAction","target":["https:\/\/ozponcho.com.au\/customer-reviews\/"]}]},{"@type":"BreadcrumbList","@id":"https:\/\/ozponcho.com.au\/customer-reviews\/#breadcrumb","itemListElement":[{"@type":"ListItem","position":1,"name":"Home","item":"https:\/\/ozponcho.com.au\/"},{"@type":"ListItem","position":2,"name":"Customer Reviews"}]},{"@type":"WebSite","@id":"https:\/\/ozponcho.com.au\/#website","url":"https:\/\/ozponcho.com.au\/","name":"OZ Poncho","description":"","potentialAction":[{"@type":"SearchAction","target":{"@type":"EntryPoint","urlTemplate":"https:\/\/ozponcho.com.au\/?s={search_term_string}"},"query-input":{"@type":"PropertyValueSpecification","valueRequired":true,"valueName":"search_term_string"}}],"inLanguage":"fi"}]}},"_links":{"self":[{"href":"https:\/\/ozponcho.com.au\/fi\/wp-json\/wp\/v2\/pages\/21","targetHints":{"allow":["GET"]}}],"collection":[{"href":"https:\/\/ozponcho.com.au\/fi\/wp-json\/wp\/v2\/pages"}],"about":[{"href":"https:\/\/ozponcho.com.au\/fi\/wp-json\/wp\/v2\/types\/page"}],"author":[{"embeddable":true,"href":"https:\/\/ozponcho.com.au\/fi\/wp-json\/wp\/v2\/users\/1"}],"replies":[{"embeddable":true,"href":"https:\/\/ozponcho.com.au\/fi\/wp-json\/wp\/v2\/comments?post=21"}],"version-history":[{"count":0,"href":"https:\/\/ozponcho.com.au\/fi\/wp-json\/wp\/v2\/pages\/21\/revisions"}],"wp:attachment":[{"href":"https:\/\/ozponcho.com.au\/fi\/wp-json\/wp\/v2\/media?parent=21"}],"curies":[{"name":"wp","href":"https:\/\/api.w.org\/{rel}","templated":true}]}}