{"id":18025,"date":"2024-02-27T07:29:17","date_gmt":"2024-02-26T20:29:17","guid":{"rendered":"https:\/\/ozponcho.com.au\/?post_type=product&#038;p=18025"},"modified":"2025-03-05T12:22:06","modified_gmt":"2025-03-05T01:22:06","slug":"plush-poncho-sweater-green","status":"publish","type":"product","link":"https:\/\/ozponcho.com.au\/de\/p\/plusch-poncho-pullover-grun\/","title":{"rendered":"Pl\u00fcsch-Poncho-Pullover Gr\u00fcn"},"content":{"rendered":"<h1>SPEZIFIKATIONEN<\/h1>\n<p>Gewicht: 400-800g<\/p>\n<p>Material: Pl\u00fcsch Flanell \/ Polyester<\/p>\n<p><img decoding=\"async\" src=\"https:\/\/ozponcho.com.au\/wp-content\/uploads\/2024\/03\/Hc2d2003349c344a7b04b882f7cae5ac0Z.webp\" \/><img decoding=\"async\" src=\"https:\/\/ozponcho.com.au\/wp-content\/uploads\/2024\/03\/H4be9f2bf602d493b89610e2aec65f740H.webp\" \/><img decoding=\"async\" src=\"https:\/\/ozponcho.com.au\/wp-content\/uploads\/2024\/03\/Hd153a6382b844ea7a57af6c8345a5705B.webp\" \/><\/p>\n<p>&nbsp;<\/p>\n<p>&nbsp;<\/p>\n<p>&nbsp;<\/p>\n<p>&nbsp;<\/p>","protected":false},"excerpt":{"rendered":"<p>SPECIFICATIONS Weight: 400-800g Material: Plush Flannel \/ Polyester &nbsp; &nbsp; &nbsp; &nbsp;<\/p>","protected":false},"featured_media":18024,"template":"","meta":[],"product_brand":[],"product_cat":[229,227,15],"product_tag":[],"class_list":{"0":"post-18025","1":"product","2":"type-product","3":"status-publish","4":"has-post-thumbnail","6":"product_cat-blanket-poncho","7":"product_cat-hooded-poncho","8":"product_cat-main-category","10":"first","11":"instock","12":"shipping-taxable","13":"purchasable","14":"product-type-variable"},"yoast_head":"<!-- This site is optimized with the Yoast SEO plugin v25.9 - https:\/\/yoast.com\/wordpress\/plugins\/seo\/ -->\n<title>Plush Poncho Sweater Green | Deutschland #1 Poncho Shop<\/title>\n<meta name=\"description\" content=\"Looking for a Plush Poncho Sweater Green ? You&#039;ve come to the right place \ud83d\ude04 We offers a wide selection of Plush Poncho Sweater Green, perfect for you.\" \/>\n<meta name=\"robots\" content=\"index, follow, max-snippet:-1, max-image-preview:large, max-video-preview:-1\" \/>\n<link rel=\"canonical\" href=\"https:\/\/ozponcho.com.au\/de\/p\/plusch-poncho-pullover-grun\/\" \/>\n<meta property=\"og:locale\" content=\"de_DE\" \/>\n<meta property=\"og:type\" content=\"article\" \/>\n<meta property=\"og:title\" content=\"Plush Poncho Sweater Green | Deutschland #1 Poncho Shop\" \/>\n<meta property=\"og:description\" content=\"Looking for a Plush Poncho Sweater Green ? You&#039;ve come to the right place \ud83d\ude04 We offers a wide selection of Plush Poncho Sweater Green, perfect for you.\" \/>\n<meta property=\"og:url\" content=\"https:\/\/ozponcho.com.au\/de\/p\/plusch-poncho-pullover-grun\/\" \/>\n<meta property=\"og:site_name\" content=\"OZ Poncho\" \/>\n<meta property=\"article:modified_time\" content=\"2025-03-05T01:22:06+00:00\" \/>\n<meta property=\"og:image\" content=\"https:\/\/ozponcho.com.au\/wp-content\/uploads\/2024\/02\/H729430a11e2a4f5aae75b591545c0ef2i-1.webp\" \/>\n\t<meta property=\"og:image:width\" content=\"1000\" \/>\n\t<meta property=\"og:image:height\" content=\"1000\" \/>\n\t<meta property=\"og:image:type\" content=\"image\/webp\" \/>\n<meta name=\"twitter:card\" content=\"summary_large_image\" \/>\n<meta name=\"twitter:label1\" content=\"Gesch\u00e4tzte Lesezeit\" \/>\n\t<meta name=\"twitter:data1\" content=\"1 Minute\" \/>\n<script type=\"application\/ld+json\" class=\"yoast-schema-graph\">{\"@context\":\"https:\/\/schema.org\",\"@graph\":[{\"@type\":\"WebPage\",\"@id\":\"https:\/\/ozponcho.com.au\/p\/plush-poncho-sweater-green\/\",\"url\":\"https:\/\/ozponcho.com.au\/p\/plush-poncho-sweater-green\/\",\"name\":\"Plush Poncho Sweater Green | Deutschland #1 Poncho Shop\",\"isPartOf\":{\"@id\":\"https:\/\/ozponcho.com.au\/#website\"},\"primaryImageOfPage\":{\"@id\":\"https:\/\/ozponcho.com.au\/p\/plush-poncho-sweater-green\/#primaryimage\"},\"image\":{\"@id\":\"https:\/\/ozponcho.com.au\/p\/plush-poncho-sweater-green\/#primaryimage\"},\"thumbnailUrl\":\"https:\/\/ozponcho.com.au\/wp-content\/uploads\/2024\/02\/H729430a11e2a4f5aae75b591545c0ef2i-1.webp\",\"datePublished\":\"2024-02-26T20:29:17+00:00\",\"dateModified\":\"2025-03-05T01:22:06+00:00\",\"description\":\"Looking for a Plush Poncho Sweater Green ? You've come to the right place \ud83d\ude04 We offers a wide selection of Plush Poncho Sweater Green, perfect for you.\",\"breadcrumb\":{\"@id\":\"https:\/\/ozponcho.com.au\/p\/plush-poncho-sweater-green\/#breadcrumb\"},\"inLanguage\":\"de-AT\",\"potentialAction\":[{\"@type\":\"ReadAction\",\"target\":[\"https:\/\/ozponcho.com.au\/p\/plush-poncho-sweater-green\/\"]}]},{\"@type\":\"ImageObject\",\"inLanguage\":\"de-AT\",\"@id\":\"https:\/\/ozponcho.com.au\/p\/plush-poncho-sweater-green\/#primaryimage\",\"url\":\"https:\/\/ozponcho.com.au\/wp-content\/uploads\/2024\/02\/H729430a11e2a4f5aae75b591545c0ef2i-1.webp\",\"contentUrl\":\"https:\/\/ozponcho.com.au\/wp-content\/uploads\/2024\/02\/H729430a11e2a4f5aae75b591545c0ef2i-1.webp\",\"width\":1000,\"height\":1000,\"caption\":\"Plush Poncho Sweater Green\"},{\"@type\":\"BreadcrumbList\",\"@id\":\"https:\/\/ozponcho.com.au\/p\/plush-poncho-sweater-green\/#breadcrumb\",\"itemListElement\":[{\"@type\":\"ListItem\",\"position\":1,\"name\":\"Home\",\"item\":\"https:\/\/ozponcho.com.au\/\"},{\"@type\":\"ListItem\",\"position\":2,\"name\":\"Shop\",\"item\":\"https:\/\/ozponcho.com.au\/shop\/\"},{\"@type\":\"ListItem\",\"position\":3,\"name\":\"Plush Poncho Sweater Green\"}]},{\"@type\":\"WebSite\",\"@id\":\"https:\/\/ozponcho.com.au\/#website\",\"url\":\"https:\/\/ozponcho.com.au\/\",\"name\":\"OZ Poncho\",\"description\":\"\",\"potentialAction\":[{\"@type\":\"SearchAction\",\"target\":{\"@type\":\"EntryPoint\",\"urlTemplate\":\"https:\/\/ozponcho.com.au\/?s={search_term_string}\"},\"query-input\":{\"@type\":\"PropertyValueSpecification\",\"valueRequired\":true,\"valueName\":\"search_term_string\"}}],\"inLanguage\":\"de-AT\"}]}<\/script>\n<!-- \/ Yoast SEO plugin. -->","yoast_head_json":{"title":"Pl\u00fcsch Poncho Pullover Gr\u00fcn | Deutschland #1 Poncho Shop","description":"Sie sind auf der Suche nach einem Pl\u00fcsch Poncho Pullover Gr\u00fcn? Dann sind Sie bei uns genau richtig \ud83d\ude04 Wir bieten Ihnen eine gro\u00dfe Auswahl an Pl\u00fcsch Poncho Pullover Gr\u00fcn, perfekt f\u00fcr Sie.","robots":{"index":"index","follow":"follow","max-snippet":"max-snippet:-1","max-image-preview":"max-image-preview:large","max-video-preview":"max-video-preview:-1"},"canonical":"https:\/\/ozponcho.com.au\/de\/p\/plusch-poncho-pullover-grun\/","og_locale":"de_DE","og_type":"article","og_title":"Plush Poncho Sweater Green | Deutschland #1 Poncho Shop","og_description":"Looking for a Plush Poncho Sweater Green ? You've come to the right place \ud83d\ude04 We offers a wide selection of Plush Poncho Sweater Green, perfect for you.","og_url":"https:\/\/ozponcho.com.au\/de\/p\/plusch-poncho-pullover-grun\/","og_site_name":"OZ Poncho","article_modified_time":"2025-03-05T01:22:06+00:00","og_image":[{"width":1000,"height":1000,"url":"https:\/\/ozponcho.com.au\/wp-content\/uploads\/2024\/02\/H729430a11e2a4f5aae75b591545c0ef2i-1.webp","type":"image\/webp"}],"twitter_card":"summary_large_image","twitter_misc":{"Gesch\u00e4tzte Lesezeit":"1 Minute"},"schema":{"@context":"https:\/\/schema.org","@graph":[{"@type":"WebPage","@id":"https:\/\/ozponcho.com.au\/p\/plush-poncho-sweater-green\/","url":"https:\/\/ozponcho.com.au\/p\/plush-poncho-sweater-green\/","name":"Pl\u00fcsch Poncho Pullover Gr\u00fcn | Deutschland #1 Poncho Shop","isPartOf":{"@id":"https:\/\/ozponcho.com.au\/#website"},"primaryImageOfPage":{"@id":"https:\/\/ozponcho.com.au\/p\/plush-poncho-sweater-green\/#primaryimage"},"image":{"@id":"https:\/\/ozponcho.com.au\/p\/plush-poncho-sweater-green\/#primaryimage"},"thumbnailUrl":"https:\/\/ozponcho.com.au\/wp-content\/uploads\/2024\/02\/H729430a11e2a4f5aae75b591545c0ef2i-1.webp","datePublished":"2024-02-26T20:29:17+00:00","dateModified":"2025-03-05T01:22:06+00:00","description":"Sie sind auf der Suche nach einem Pl\u00fcsch Poncho Pullover Gr\u00fcn? Dann sind Sie bei uns genau richtig \ud83d\ude04 Wir bieten Ihnen eine gro\u00dfe Auswahl an Pl\u00fcsch Poncho Pullover Gr\u00fcn, perfekt f\u00fcr Sie.","breadcrumb":{"@id":"https:\/\/ozponcho.com.au\/p\/plush-poncho-sweater-green\/#breadcrumb"},"inLanguage":"de-AT","potentialAction":[{"@type":"ReadAction","target":["https:\/\/ozponcho.com.au\/p\/plush-poncho-sweater-green\/"]}]},{"@type":"ImageObject","inLanguage":"de-AT","@id":"https:\/\/ozponcho.com.au\/p\/plush-poncho-sweater-green\/#primaryimage","url":"https:\/\/ozponcho.com.au\/wp-content\/uploads\/2024\/02\/H729430a11e2a4f5aae75b591545c0ef2i-1.webp","contentUrl":"https:\/\/ozponcho.com.au\/wp-content\/uploads\/2024\/02\/H729430a11e2a4f5aae75b591545c0ef2i-1.webp","width":1000,"height":1000,"caption":"Plush Poncho Sweater Green"},{"@type":"BreadcrumbList","@id":"https:\/\/ozponcho.com.au\/p\/plush-poncho-sweater-green\/#breadcrumb","itemListElement":[{"@type":"ListItem","position":1,"name":"Home","item":"https:\/\/ozponcho.com.au\/"},{"@type":"ListItem","position":2,"name":"Shop","item":"https:\/\/ozponcho.com.au\/shop\/"},{"@type":"ListItem","position":3,"name":"Plush Poncho Sweater Green"}]},{"@type":"WebSite","@id":"https:\/\/ozponcho.com.au\/#website","url":"https:\/\/ozponcho.com.au\/","name":"OZ Poncho","description":"","potentialAction":[{"@type":"SearchAction","target":{"@type":"EntryPoint","urlTemplate":"https:\/\/ozponcho.com.au\/?s={search_term_string}"},"query-input":{"@type":"PropertyValueSpecification","valueRequired":true,"valueName":"search_term_string"}}],"inLanguage":"de-AT"}]}},"_links":{"self":[{"href":"https:\/\/ozponcho.com.au\/de\/wp-json\/wp\/v2\/product\/18025","targetHints":{"allow":["GET"]}}],"collection":[{"href":"https:\/\/ozponcho.com.au\/de\/wp-json\/wp\/v2\/product"}],"about":[{"href":"https:\/\/ozponcho.com.au\/de\/wp-json\/wp\/v2\/types\/product"}],"wp:featuredmedia":[{"embeddable":true,"href":"https:\/\/ozponcho.com.au\/de\/wp-json\/wp\/v2\/media\/18024"}],"wp:attachment":[{"href":"https:\/\/ozponcho.com.au\/de\/wp-json\/wp\/v2\/media?parent=18025"}],"wp:term":[{"taxonomy":"product_brand","embeddable":true,"href":"https:\/\/ozponcho.com.au\/de\/wp-json\/wp\/v2\/product_brand?post=18025"},{"taxonomy":"product_cat","embeddable":true,"href":"https:\/\/ozponcho.com.au\/de\/wp-json\/wp\/v2\/product_cat?post=18025"},{"taxonomy":"product_tag","embeddable":true,"href":"https:\/\/ozponcho.com.au\/de\/wp-json\/wp\/v2\/product_tag?post=18025"}],"curies":[{"name":"wp","href":"https:\/\/api.w.org\/{rel}","templated":true}]}}