{"id":18013,"date":"2024-02-27T07:29:07","date_gmt":"2024-02-26T20:29:07","guid":{"rendered":"https:\/\/ozponcho.com.au\/?post_type=product&#038;p=18013"},"modified":"2025-03-04T14:48:33","modified_gmt":"2025-03-04T03:48:33","slug":"plush-poncho-sweater-pink","status":"publish","type":"product","link":"https:\/\/ozponcho.com.au\/de\/p\/plusch-poncho-pullover-rosa\/","title":{"rendered":"Pl\u00fcsch-Poncho-Pullover Rosa"},"content":{"rendered":"<h1>SPEZIFIKATIONEN<\/h1>\n<p>Gewicht: 400-800g<\/p>\n<p>Material: Pl\u00fcsch Flanell \/ Polyester<\/p>\n<p><img decoding=\"async\" src=\"https:\/\/ozponcho.com.au\/wp-content\/uploads\/2024\/03\/Hc2d2003349c344a7b04b882f7cae5ac0Z.webp\" \/><img decoding=\"async\" src=\"https:\/\/ozponcho.com.au\/wp-content\/uploads\/2024\/03\/H4be9f2bf602d493b89610e2aec65f740H.webp\" \/><img decoding=\"async\" src=\"https:\/\/ozponcho.com.au\/wp-content\/uploads\/2024\/03\/Hd153a6382b844ea7a57af6c8345a5705B.webp\" \/><\/p>\n<p>&nbsp;<\/p>\n<p>&nbsp;<\/p>\n<p>&nbsp;<\/p>\n<p>&nbsp;<\/p>","protected":false},"excerpt":{"rendered":"<p>SPECIFICATIONS Weight: 400-800g Material: Plush Flannel \/ Polyester &nbsp; &nbsp; &nbsp; &nbsp;<\/p>","protected":false},"featured_media":18012,"template":"","meta":[],"product_brand":[],"product_cat":[229,227,15],"product_tag":[],"class_list":{"0":"post-18013","1":"product","2":"type-product","3":"status-publish","4":"has-post-thumbnail","6":"product_cat-blanket-poncho","7":"product_cat-hooded-poncho","8":"product_cat-main-category","10":"first","11":"instock","12":"shipping-taxable","13":"purchasable","14":"product-type-variable"},"yoast_head":"<!-- This site is optimized with the Yoast SEO plugin v25.9 - https:\/\/yoast.com\/wordpress\/plugins\/seo\/ -->\n<title>Plush Poncho Sweater Pink | Deutschland #1 Poncho Shop<\/title>\n<meta name=\"description\" content=\"Looking for a Plush Poncho Sweater Pink ? You&#039;ve come to the right place \ud83d\ude04 We offers a wide selection of Plush Poncho Sweater Pink, perfect for you.\" \/>\n<meta name=\"robots\" content=\"index, follow, max-snippet:-1, max-image-preview:large, max-video-preview:-1\" \/>\n<link rel=\"canonical\" href=\"https:\/\/ozponcho.com.au\/de\/p\/plusch-poncho-pullover-rosa\/\" \/>\n<meta property=\"og:locale\" content=\"de_DE\" \/>\n<meta property=\"og:type\" content=\"article\" \/>\n<meta property=\"og:title\" content=\"Plush Poncho Sweater Pink | Deutschland #1 Poncho Shop\" \/>\n<meta property=\"og:description\" content=\"Looking for a Plush Poncho Sweater Pink ? You&#039;ve come to the right place \ud83d\ude04 We offers a wide selection of Plush Poncho Sweater Pink, perfect for you.\" \/>\n<meta property=\"og:url\" content=\"https:\/\/ozponcho.com.au\/de\/p\/plusch-poncho-pullover-rosa\/\" \/>\n<meta property=\"og:site_name\" content=\"OZ Poncho\" \/>\n<meta property=\"article:modified_time\" content=\"2025-03-04T03:48:33+00:00\" \/>\n<meta property=\"og:image\" content=\"https:\/\/ozponcho.com.au\/wp-content\/uploads\/2024\/02\/Hed8d12ede8364d2099298b96a765d6ddq.webp\" \/>\n\t<meta property=\"og:image:width\" content=\"1000\" \/>\n\t<meta property=\"og:image:height\" content=\"1000\" \/>\n\t<meta property=\"og:image:type\" content=\"image\/webp\" \/>\n<meta name=\"twitter:card\" content=\"summary_large_image\" \/>\n<meta name=\"twitter:label1\" content=\"Gesch\u00e4tzte Lesezeit\" \/>\n\t<meta name=\"twitter:data1\" content=\"1 Minute\" \/>\n<script type=\"application\/ld+json\" class=\"yoast-schema-graph\">{\"@context\":\"https:\/\/schema.org\",\"@graph\":[{\"@type\":\"WebPage\",\"@id\":\"https:\/\/ozponcho.com.au\/p\/plush-poncho-sweater-pink\/\",\"url\":\"https:\/\/ozponcho.com.au\/p\/plush-poncho-sweater-pink\/\",\"name\":\"Plush Poncho Sweater Pink | Deutschland #1 Poncho Shop\",\"isPartOf\":{\"@id\":\"https:\/\/ozponcho.com.au\/#website\"},\"primaryImageOfPage\":{\"@id\":\"https:\/\/ozponcho.com.au\/p\/plush-poncho-sweater-pink\/#primaryimage\"},\"image\":{\"@id\":\"https:\/\/ozponcho.com.au\/p\/plush-poncho-sweater-pink\/#primaryimage\"},\"thumbnailUrl\":\"https:\/\/ozponcho.com.au\/wp-content\/uploads\/2024\/02\/Hed8d12ede8364d2099298b96a765d6ddq.webp\",\"datePublished\":\"2024-02-26T20:29:07+00:00\",\"dateModified\":\"2025-03-04T03:48:33+00:00\",\"description\":\"Looking for a Plush Poncho Sweater Pink ? You've come to the right place \ud83d\ude04 We offers a wide selection of Plush Poncho Sweater Pink, perfect for you.\",\"breadcrumb\":{\"@id\":\"https:\/\/ozponcho.com.au\/p\/plush-poncho-sweater-pink\/#breadcrumb\"},\"inLanguage\":\"de-AT\",\"potentialAction\":[{\"@type\":\"ReadAction\",\"target\":[\"https:\/\/ozponcho.com.au\/p\/plush-poncho-sweater-pink\/\"]}]},{\"@type\":\"ImageObject\",\"inLanguage\":\"de-AT\",\"@id\":\"https:\/\/ozponcho.com.au\/p\/plush-poncho-sweater-pink\/#primaryimage\",\"url\":\"https:\/\/ozponcho.com.au\/wp-content\/uploads\/2024\/02\/Hed8d12ede8364d2099298b96a765d6ddq.webp\",\"contentUrl\":\"https:\/\/ozponcho.com.au\/wp-content\/uploads\/2024\/02\/Hed8d12ede8364d2099298b96a765d6ddq.webp\",\"width\":1000,\"height\":1000,\"caption\":\"Plush Poncho Sweater Pink\"},{\"@type\":\"BreadcrumbList\",\"@id\":\"https:\/\/ozponcho.com.au\/p\/plush-poncho-sweater-pink\/#breadcrumb\",\"itemListElement\":[{\"@type\":\"ListItem\",\"position\":1,\"name\":\"Home\",\"item\":\"https:\/\/ozponcho.com.au\/\"},{\"@type\":\"ListItem\",\"position\":2,\"name\":\"Shop\",\"item\":\"https:\/\/ozponcho.com.au\/shop\/\"},{\"@type\":\"ListItem\",\"position\":3,\"name\":\"Plush Poncho Sweater Pink\"}]},{\"@type\":\"WebSite\",\"@id\":\"https:\/\/ozponcho.com.au\/#website\",\"url\":\"https:\/\/ozponcho.com.au\/\",\"name\":\"OZ Poncho\",\"description\":\"\",\"potentialAction\":[{\"@type\":\"SearchAction\",\"target\":{\"@type\":\"EntryPoint\",\"urlTemplate\":\"https:\/\/ozponcho.com.au\/?s={search_term_string}\"},\"query-input\":{\"@type\":\"PropertyValueSpecification\",\"valueRequired\":true,\"valueName\":\"search_term_string\"}}],\"inLanguage\":\"de-AT\"}]}<\/script>\n<!-- \/ Yoast SEO plugin. -->","yoast_head_json":{"title":"Pl\u00fcsch Poncho Pullover Rosa | Deutschland #1 Poncho Shop","description":"Sie sind auf der Suche nach einem Pl\u00fcsch Poncho Pullover Rosa? Dann sind Sie bei uns genau richtig \ud83d\ude04 Wir bieten Ihnen eine gro\u00dfe Auswahl an Pl\u00fcsch Poncho Pullover Rosa, perfekt f\u00fcr Sie.","robots":{"index":"index","follow":"follow","max-snippet":"max-snippet:-1","max-image-preview":"max-image-preview:large","max-video-preview":"max-video-preview:-1"},"canonical":"https:\/\/ozponcho.com.au\/de\/p\/plusch-poncho-pullover-rosa\/","og_locale":"de_DE","og_type":"article","og_title":"Plush Poncho Sweater Pink | Deutschland #1 Poncho Shop","og_description":"Looking for a Plush Poncho Sweater Pink ? You've come to the right place \ud83d\ude04 We offers a wide selection of Plush Poncho Sweater Pink, perfect for you.","og_url":"https:\/\/ozponcho.com.au\/de\/p\/plusch-poncho-pullover-rosa\/","og_site_name":"OZ Poncho","article_modified_time":"2025-03-04T03:48:33+00:00","og_image":[{"width":1000,"height":1000,"url":"https:\/\/ozponcho.com.au\/wp-content\/uploads\/2024\/02\/Hed8d12ede8364d2099298b96a765d6ddq.webp","type":"image\/webp"}],"twitter_card":"summary_large_image","twitter_misc":{"Gesch\u00e4tzte Lesezeit":"1 Minute"},"schema":{"@context":"https:\/\/schema.org","@graph":[{"@type":"WebPage","@id":"https:\/\/ozponcho.com.au\/p\/plush-poncho-sweater-pink\/","url":"https:\/\/ozponcho.com.au\/p\/plush-poncho-sweater-pink\/","name":"Pl\u00fcsch Poncho Pullover Rosa | Deutschland #1 Poncho Shop","isPartOf":{"@id":"https:\/\/ozponcho.com.au\/#website"},"primaryImageOfPage":{"@id":"https:\/\/ozponcho.com.au\/p\/plush-poncho-sweater-pink\/#primaryimage"},"image":{"@id":"https:\/\/ozponcho.com.au\/p\/plush-poncho-sweater-pink\/#primaryimage"},"thumbnailUrl":"https:\/\/ozponcho.com.au\/wp-content\/uploads\/2024\/02\/Hed8d12ede8364d2099298b96a765d6ddq.webp","datePublished":"2024-02-26T20:29:07+00:00","dateModified":"2025-03-04T03:48:33+00:00","description":"Sie sind auf der Suche nach einem Pl\u00fcsch Poncho Pullover Rosa? Dann sind Sie bei uns genau richtig \ud83d\ude04 Wir bieten Ihnen eine gro\u00dfe Auswahl an Pl\u00fcsch Poncho Pullover Rosa, perfekt f\u00fcr Sie.","breadcrumb":{"@id":"https:\/\/ozponcho.com.au\/p\/plush-poncho-sweater-pink\/#breadcrumb"},"inLanguage":"de-AT","potentialAction":[{"@type":"ReadAction","target":["https:\/\/ozponcho.com.au\/p\/plush-poncho-sweater-pink\/"]}]},{"@type":"ImageObject","inLanguage":"de-AT","@id":"https:\/\/ozponcho.com.au\/p\/plush-poncho-sweater-pink\/#primaryimage","url":"https:\/\/ozponcho.com.au\/wp-content\/uploads\/2024\/02\/Hed8d12ede8364d2099298b96a765d6ddq.webp","contentUrl":"https:\/\/ozponcho.com.au\/wp-content\/uploads\/2024\/02\/Hed8d12ede8364d2099298b96a765d6ddq.webp","width":1000,"height":1000,"caption":"Plush Poncho Sweater Pink"},{"@type":"BreadcrumbList","@id":"https:\/\/ozponcho.com.au\/p\/plush-poncho-sweater-pink\/#breadcrumb","itemListElement":[{"@type":"ListItem","position":1,"name":"Home","item":"https:\/\/ozponcho.com.au\/"},{"@type":"ListItem","position":2,"name":"Shop","item":"https:\/\/ozponcho.com.au\/shop\/"},{"@type":"ListItem","position":3,"name":"Plush Poncho Sweater Pink"}]},{"@type":"WebSite","@id":"https:\/\/ozponcho.com.au\/#website","url":"https:\/\/ozponcho.com.au\/","name":"OZ Poncho","description":"","potentialAction":[{"@type":"SearchAction","target":{"@type":"EntryPoint","urlTemplate":"https:\/\/ozponcho.com.au\/?s={search_term_string}"},"query-input":{"@type":"PropertyValueSpecification","valueRequired":true,"valueName":"search_term_string"}}],"inLanguage":"de-AT"}]}},"_links":{"self":[{"href":"https:\/\/ozponcho.com.au\/de\/wp-json\/wp\/v2\/product\/18013","targetHints":{"allow":["GET"]}}],"collection":[{"href":"https:\/\/ozponcho.com.au\/de\/wp-json\/wp\/v2\/product"}],"about":[{"href":"https:\/\/ozponcho.com.au\/de\/wp-json\/wp\/v2\/types\/product"}],"wp:featuredmedia":[{"embeddable":true,"href":"https:\/\/ozponcho.com.au\/de\/wp-json\/wp\/v2\/media\/18012"}],"wp:attachment":[{"href":"https:\/\/ozponcho.com.au\/de\/wp-json\/wp\/v2\/media?parent=18013"}],"wp:term":[{"taxonomy":"product_brand","embeddable":true,"href":"https:\/\/ozponcho.com.au\/de\/wp-json\/wp\/v2\/product_brand?post=18013"},{"taxonomy":"product_cat","embeddable":true,"href":"https:\/\/ozponcho.com.au\/de\/wp-json\/wp\/v2\/product_cat?post=18013"},{"taxonomy":"product_tag","embeddable":true,"href":"https:\/\/ozponcho.com.au\/de\/wp-json\/wp\/v2\/product_tag?post=18013"}],"curies":[{"name":"wp","href":"https:\/\/api.w.org\/{rel}","templated":true}]}}