{"id":17740,"date":"2024-01-21T19:46:07","date_gmt":"2024-01-21T08:46:07","guid":{"rendered":"https:\/\/ozponcho.com.au\/?post_type=product&#038;p=17740"},"modified":"2025-04-22T19:54:50","modified_gmt":"2025-04-22T08:54:50","slug":"stylish-white-men-poncho","status":"publish","type":"product","link":"https:\/\/ozponcho.com.au\/de\/p\/modischer-weiser-manner-poncho\/","title":{"rendered":"Wei\u00dfer Poncho-Rollkragenpullover f\u00fcr M\u00e4nner"},"content":{"rendered":"<p>Verleihen Sie Ihrem Outfit einen Hauch von Eleganz mit dem Men's White Poncho Turtleneck, einer perfekten Mischung aus l\u00e4ssig und schick. Dieser minimalistische Poncho aus einem bequemen Polyester-Elasthan-Gemisch hat einen seidigen Glanz f\u00fcr einen gehobenen Look. Der hohe Kragen und das flie\u00dfende Design versprechen einen modernen Look, w\u00e4hrend das leichte Material den ganzen Tag \u00fcber f\u00fcr Komfort sorgt. Heben Sie sich mit m\u00fcheloser Raffinesse von der Masse ab; werten Sie Ihre Garderobe mit diesem stilvollen Statement-Piece auf, das sich f\u00fcr jeden Anlass eignet.<\/p>\n<h2>SPEZIFIKATIONEN<\/h2>\n<p>Stoff Material: 95%PPolyester &amp; 5%Spandex<\/p>\n<p><img decoding=\"async\" src=\"https:\/\/ozponcho.com.au\/wp-content\/uploads\/2024\/03\/Sdf6c1155ae184ff5afa84ec7fca0ed6f5.webp\" \/><\/p>\n<p><img decoding=\"async\" src=\"https:\/\/ozponcho.com.au\/wp-content\/uploads\/2024\/03\/S15738fe583894725ac57e6b3b0dcc079D.webp\" \/><\/p>\n<p><img decoding=\"async\" src=\"https:\/\/ozponcho.com.au\/wp-content\/uploads\/2024\/03\/S1388b073efcd419aaa7c901c6b8ac6714.webp\" \/><\/p>","protected":false},"excerpt":{"rendered":"<p>Unveil a touch of elegance with the Men&#8217;s White Poncho Turtleneck, a perfect blend of casual and chic. This minimalist poncho, crafted from a comfortable polyester-spandex mix, boasts a silky sheen for an upscale look. Its high collar and fluid design promise a contemporary edge, while the lightweight fabric ensures all-day comfort. Stand out with [&#8230;]","protected":false},"featured_media":17741,"template":"","meta":[],"product_brand":[],"product_cat":[15,211],"product_tag":[],"class_list":{"0":"post-17740","1":"product","2":"type-product","3":"status-publish","4":"has-post-thumbnail","6":"product_cat-main-category","7":"product_cat-poncho-men","9":"first","10":"instock","11":"shipping-taxable","12":"purchasable","13":"product-type-variable"},"yoast_head":"<!-- This site is optimized with the Yoast SEO plugin v25.9 - https:\/\/yoast.com\/wordpress\/plugins\/seo\/ -->\n<title>Men&#039;s White Poncho Turtleneck | Deutschland #1 Poncho Shop<\/title>\n<meta name=\"description\" content=\"Looking for a Men&#039;s White Poncho Turtleneck ? You&#039;ve come to the right place \ud83d\ude04 We offers a wide selection of Men&#039;s White Poncho Turtleneck, perfect for you.\" \/>\n<meta name=\"robots\" content=\"index, follow, max-snippet:-1, max-image-preview:large, max-video-preview:-1\" \/>\n<link rel=\"canonical\" href=\"https:\/\/ozponcho.com.au\/de\/p\/modischer-weiser-manner-poncho\/\" \/>\n<meta property=\"og:locale\" content=\"de_DE\" \/>\n<meta property=\"og:type\" content=\"article\" \/>\n<meta property=\"og:title\" content=\"Men&#039;s White Poncho Turtleneck | Deutschland #1 Poncho Shop\" \/>\n<meta property=\"og:description\" content=\"Looking for a Men&#039;s White Poncho Turtleneck ? You&#039;ve come to the right place \ud83d\ude04 We offers a wide selection of Men&#039;s White Poncho Turtleneck, perfect for you.\" \/>\n<meta property=\"og:url\" content=\"https:\/\/ozponcho.com.au\/de\/p\/modischer-weiser-manner-poncho\/\" \/>\n<meta property=\"og:site_name\" content=\"OZ Poncho\" \/>\n<meta property=\"article:modified_time\" content=\"2025-04-22T08:54:50+00:00\" \/>\n<meta property=\"og:image\" content=\"https:\/\/ozponcho.com.au\/wp-content\/uploads\/2024\/01\/Scc5aa56894144552af7ce0b56645792bO-2.webp\" \/>\n\t<meta property=\"og:image:width\" content=\"800\" \/>\n\t<meta property=\"og:image:height\" content=\"800\" \/>\n\t<meta property=\"og:image:type\" content=\"image\/webp\" \/>\n<meta name=\"twitter:card\" content=\"summary_large_image\" \/>\n<meta name=\"twitter:label1\" content=\"Gesch\u00e4tzte Lesezeit\" \/>\n\t<meta name=\"twitter:data1\" content=\"2 Minuten\" \/>\n<script type=\"application\/ld+json\" class=\"yoast-schema-graph\">{\"@context\":\"https:\/\/schema.org\",\"@graph\":[{\"@type\":\"WebPage\",\"@id\":\"https:\/\/ozponcho.com.au\/p\/stylish-white-men-poncho\/\",\"url\":\"https:\/\/ozponcho.com.au\/p\/stylish-white-men-poncho\/\",\"name\":\"Men's White Poncho Turtleneck | Deutschland #1 Poncho Shop\",\"isPartOf\":{\"@id\":\"https:\/\/ozponcho.com.au\/#website\"},\"primaryImageOfPage\":{\"@id\":\"https:\/\/ozponcho.com.au\/p\/stylish-white-men-poncho\/#primaryimage\"},\"image\":{\"@id\":\"https:\/\/ozponcho.com.au\/p\/stylish-white-men-poncho\/#primaryimage\"},\"thumbnailUrl\":\"https:\/\/ozponcho.com.au\/wp-content\/uploads\/2024\/01\/Scc5aa56894144552af7ce0b56645792bO-2.webp\",\"datePublished\":\"2024-01-21T08:46:07+00:00\",\"dateModified\":\"2025-04-22T08:54:50+00:00\",\"description\":\"Looking for a Men's White Poncho Turtleneck ? You've come to the right place \ud83d\ude04 We offers a wide selection of Men's White Poncho Turtleneck, perfect for you.\",\"breadcrumb\":{\"@id\":\"https:\/\/ozponcho.com.au\/p\/stylish-white-men-poncho\/#breadcrumb\"},\"inLanguage\":\"de-AT\",\"potentialAction\":[{\"@type\":\"ReadAction\",\"target\":[\"https:\/\/ozponcho.com.au\/p\/stylish-white-men-poncho\/\"]}]},{\"@type\":\"ImageObject\",\"inLanguage\":\"de-AT\",\"@id\":\"https:\/\/ozponcho.com.au\/p\/stylish-white-men-poncho\/#primaryimage\",\"url\":\"https:\/\/ozponcho.com.au\/wp-content\/uploads\/2024\/01\/Scc5aa56894144552af7ce0b56645792bO-2.webp\",\"contentUrl\":\"https:\/\/ozponcho.com.au\/wp-content\/uploads\/2024\/01\/Scc5aa56894144552af7ce0b56645792bO-2.webp\",\"width\":800,\"height\":800,\"caption\":\"Men's White Poncho Turtleneck\"},{\"@type\":\"BreadcrumbList\",\"@id\":\"https:\/\/ozponcho.com.au\/p\/stylish-white-men-poncho\/#breadcrumb\",\"itemListElement\":[{\"@type\":\"ListItem\",\"position\":1,\"name\":\"Home\",\"item\":\"https:\/\/ozponcho.com.au\/\"},{\"@type\":\"ListItem\",\"position\":2,\"name\":\"Shop\",\"item\":\"https:\/\/ozponcho.com.au\/shop\/\"},{\"@type\":\"ListItem\",\"position\":3,\"name\":\"Men&#8217;s White Poncho Turtleneck\"}]},{\"@type\":\"WebSite\",\"@id\":\"https:\/\/ozponcho.com.au\/#website\",\"url\":\"https:\/\/ozponcho.com.au\/\",\"name\":\"OZ Poncho\",\"description\":\"\",\"potentialAction\":[{\"@type\":\"SearchAction\",\"target\":{\"@type\":\"EntryPoint\",\"urlTemplate\":\"https:\/\/ozponcho.com.au\/?s={search_term_string}\"},\"query-input\":{\"@type\":\"PropertyValueSpecification\",\"valueRequired\":true,\"valueName\":\"search_term_string\"}}],\"inLanguage\":\"de-AT\"}]}<\/script>\n<!-- \/ Yoast SEO plugin. -->","yoast_head_json":{"title":"M\u00e4nner Wei\u00dfer Poncho Rollkragenpullover | Deutschland #1 Poncho Shop","description":"Sie suchen einen Wei\u00dfen Poncho Rollkragenpullover f\u00fcr Herren? Dann sind Sie bei uns genau richtig \ud83d\ude04 Wir bieten Ihnen eine gro\u00dfe Auswahl an Herren Wei\u00dfer Poncho Rollkragenpullover, perfekt f\u00fcr Sie.","robots":{"index":"index","follow":"follow","max-snippet":"max-snippet:-1","max-image-preview":"max-image-preview:large","max-video-preview":"max-video-preview:-1"},"canonical":"https:\/\/ozponcho.com.au\/de\/p\/modischer-weiser-manner-poncho\/","og_locale":"de_DE","og_type":"article","og_title":"Men's White Poncho Turtleneck | Deutschland #1 Poncho Shop","og_description":"Looking for a Men's White Poncho Turtleneck ? You've come to the right place \ud83d\ude04 We offers a wide selection of Men's White Poncho Turtleneck, perfect for you.","og_url":"https:\/\/ozponcho.com.au\/de\/p\/modischer-weiser-manner-poncho\/","og_site_name":"OZ Poncho","article_modified_time":"2025-04-22T08:54:50+00:00","og_image":[{"width":800,"height":800,"url":"https:\/\/ozponcho.com.au\/wp-content\/uploads\/2024\/01\/Scc5aa56894144552af7ce0b56645792bO-2.webp","type":"image\/webp"}],"twitter_card":"summary_large_image","twitter_misc":{"Gesch\u00e4tzte Lesezeit":"2 Minuten"},"schema":{"@context":"https:\/\/schema.org","@graph":[{"@type":"WebPage","@id":"https:\/\/ozponcho.com.au\/p\/stylish-white-men-poncho\/","url":"https:\/\/ozponcho.com.au\/p\/stylish-white-men-poncho\/","name":"M\u00e4nner Wei\u00dfer Poncho Rollkragenpullover | Deutschland #1 Poncho Shop","isPartOf":{"@id":"https:\/\/ozponcho.com.au\/#website"},"primaryImageOfPage":{"@id":"https:\/\/ozponcho.com.au\/p\/stylish-white-men-poncho\/#primaryimage"},"image":{"@id":"https:\/\/ozponcho.com.au\/p\/stylish-white-men-poncho\/#primaryimage"},"thumbnailUrl":"https:\/\/ozponcho.com.au\/wp-content\/uploads\/2024\/01\/Scc5aa56894144552af7ce0b56645792bO-2.webp","datePublished":"2024-01-21T08:46:07+00:00","dateModified":"2025-04-22T08:54:50+00:00","description":"Sie suchen einen Wei\u00dfen Poncho Rollkragenpullover f\u00fcr Herren? Dann sind Sie bei uns genau richtig \ud83d\ude04 Wir bieten Ihnen eine gro\u00dfe Auswahl an Herren Wei\u00dfer Poncho Rollkragenpullover, perfekt f\u00fcr Sie.","breadcrumb":{"@id":"https:\/\/ozponcho.com.au\/p\/stylish-white-men-poncho\/#breadcrumb"},"inLanguage":"de-AT","potentialAction":[{"@type":"ReadAction","target":["https:\/\/ozponcho.com.au\/p\/stylish-white-men-poncho\/"]}]},{"@type":"ImageObject","inLanguage":"de-AT","@id":"https:\/\/ozponcho.com.au\/p\/stylish-white-men-poncho\/#primaryimage","url":"https:\/\/ozponcho.com.au\/wp-content\/uploads\/2024\/01\/Scc5aa56894144552af7ce0b56645792bO-2.webp","contentUrl":"https:\/\/ozponcho.com.au\/wp-content\/uploads\/2024\/01\/Scc5aa56894144552af7ce0b56645792bO-2.webp","width":800,"height":800,"caption":"Men's White Poncho Turtleneck"},{"@type":"BreadcrumbList","@id":"https:\/\/ozponcho.com.au\/p\/stylish-white-men-poncho\/#breadcrumb","itemListElement":[{"@type":"ListItem","position":1,"name":"Home","item":"https:\/\/ozponcho.com.au\/"},{"@type":"ListItem","position":2,"name":"Shop","item":"https:\/\/ozponcho.com.au\/shop\/"},{"@type":"ListItem","position":3,"name":"Men&#8217;s White Poncho Turtleneck"}]},{"@type":"WebSite","@id":"https:\/\/ozponcho.com.au\/#website","url":"https:\/\/ozponcho.com.au\/","name":"OZ Poncho","description":"","potentialAction":[{"@type":"SearchAction","target":{"@type":"EntryPoint","urlTemplate":"https:\/\/ozponcho.com.au\/?s={search_term_string}"},"query-input":{"@type":"PropertyValueSpecification","valueRequired":true,"valueName":"search_term_string"}}],"inLanguage":"de-AT"}]}},"_links":{"self":[{"href":"https:\/\/ozponcho.com.au\/de\/wp-json\/wp\/v2\/product\/17740","targetHints":{"allow":["GET"]}}],"collection":[{"href":"https:\/\/ozponcho.com.au\/de\/wp-json\/wp\/v2\/product"}],"about":[{"href":"https:\/\/ozponcho.com.au\/de\/wp-json\/wp\/v2\/types\/product"}],"wp:featuredmedia":[{"embeddable":true,"href":"https:\/\/ozponcho.com.au\/de\/wp-json\/wp\/v2\/media\/17741"}],"wp:attachment":[{"href":"https:\/\/ozponcho.com.au\/de\/wp-json\/wp\/v2\/media?parent=17740"}],"wp:term":[{"taxonomy":"product_brand","embeddable":true,"href":"https:\/\/ozponcho.com.au\/de\/wp-json\/wp\/v2\/product_brand?post=17740"},{"taxonomy":"product_cat","embeddable":true,"href":"https:\/\/ozponcho.com.au\/de\/wp-json\/wp\/v2\/product_cat?post=17740"},{"taxonomy":"product_tag","embeddable":true,"href":"https:\/\/ozponcho.com.au\/de\/wp-json\/wp\/v2\/product_tag?post=17740"}],"curies":[{"name":"wp","href":"https:\/\/api.w.org\/{rel}","templated":true}]}}