{"id":17587,"date":"2024-01-21T19:44:37","date_gmt":"2024-01-21T08:44:37","guid":{"rendered":"https:\/\/ozponcho.com.au\/?post_type=product&#038;p=17587"},"modified":"2025-12-01T05:20:50","modified_gmt":"2025-11-30T18:20:50","slug":"men-tribal-hooded-poncho","status":"publish","type":"product","link":"https:\/\/ozponcho.com.au\/de\/p\/stammes-poncho-mit-kapuze-fur-manner\/","title":{"rendered":"Tribal Poncho Kapuzenumhang"},"content":{"rendered":"<p>H\u00fcllen Sie sich in den zeitlosen Stil und die W\u00e4rme unseres Ponchos mit Kapuze, der f\u00fcr den modernen Mann mit einer Anspielung auf die Stammes\u00e4sthetik entworfen wurde. Dieser Poncho ist aus einer hochwertigen Mischung aus Polyester und Acrylfasern gefertigt und bietet sowohl Komfort als auch Haltbarkeit. Sein auff\u00e4lliges schwarz-wei\u00dfes, geometrisches Muster verspr\u00fcht s\u00fcdwestlichen Charme und eignet sich perfekt f\u00fcr k\u00fchle Herbsttage oder k\u00fchle Fr\u00fchlingsn\u00e4chte. Mit einer Kapuze f\u00fcr zus\u00e4tzlichen Schutz und Bequemlichkeit sowie der M\u00f6glichkeit, ihn maschinell zu stricken, ist er ein Muss f\u00fcr Ihre Garderobe. In diesem vielseitigen Kleidungsst\u00fcck k\u00f6nnen Sie selbstbewusst und mit kulturellem Flair auftreten.<\/p>\n<h2>SPEZIFIKATIONEN<\/h2>\n<p>\u00c2<\/p>\n<p>Markenname: moringcute<\/p>\n<p>Material: Polyester<\/p>\n<p>Material: Acryl<\/p>\n<p>Die Dicke: STANDARD<\/p>\n<p>Stil: L\u00e4ssig<\/p>\n<p>Herkunft: CHINA<\/p>\n<p>CN: Guangdong<\/p>\n<p>Anwendbarer Schauplatz: T\u00e4glich<\/p>\n<p>Anwendbare Saison: Fr\u00fchling und Herbst<\/p>\n<p>Artikel Typ: Pullover<\/p>\n<p>Mit Kapuze: Ja<\/p>\n<p>Geschlecht: MEN<\/p>\n<p>Mustertyp: Druck<\/p>\n<p>Technik: Computer gestrickt<\/p>\n<p>\u00c2<\/p>\n<div>\n<div>\n<div>M\u00e4nner Kleidung 2022 Fr\u00fchling Herbst M\u00e4nner Poncho Schal Jacken Retro Nationale Muster gedruckt Stricken Kapuzenm\u00e4ntel Cape Outwear<br \/>\n1.die Qualit\u00e4t und der Service: die erste (die wichtigste)<br \/>\n2.der Preis: am besten<br \/>\n3.wholesale und Drop Shipping: willkommen<br \/>\n4. E-Mail: Willkommen bei uns<\/div>\n<\/div>\n<\/div>","protected":false},"excerpt":{"rendered":"<p>Wrap yourself in the timeless style and warmth of our hooded poncho, designed for the modern man with a nod to tribal aesthetics. Crafted from a rich blend of polyester and acrylic fibers, this poncho offers both comfort and durability. Its striking black and white geometric pattern exudes a Southwestern charm, perfect for those crisp [&#8230;]","protected":false},"featured_media":17590,"template":"","meta":[],"product_brand":[],"product_cat":[219,227,15,228,211],"product_tag":[],"class_list":{"0":"post-17587","1":"product","2":"type-product","3":"status-publish","4":"has-post-thumbnail","6":"product_cat-black-poncho","7":"product_cat-hooded-poncho","8":"product_cat-main-category","9":"product_cat-poncho-sweater","10":"product_cat-poncho-men","12":"first","13":"instock","14":"shipping-taxable","15":"purchasable","16":"product-type-variable"},"yoast_head":"<!-- This site is optimized with the Yoast SEO plugin v25.9 - https:\/\/yoast.com\/wordpress\/plugins\/seo\/ -->\n<title>Tribal Poncho Hooded Cape | Deutschland #1 Poncho Shop<\/title>\n<meta name=\"description\" content=\"Looking for a Tribal Poncho Hooded Cape ? You&#039;ve come to the right place \ud83d\ude04 We offers a wide selection of Tribal Poncho Hooded Cape, perfect for you.\" \/>\n<meta name=\"robots\" content=\"index, follow, max-snippet:-1, max-image-preview:large, max-video-preview:-1\" \/>\n<link rel=\"canonical\" href=\"https:\/\/ozponcho.com.au\/de\/p\/stammes-poncho-mit-kapuze-fur-manner\/\" \/>\n<meta property=\"og:locale\" content=\"de_DE\" \/>\n<meta property=\"og:type\" content=\"article\" \/>\n<meta property=\"og:title\" content=\"Tribal Poncho Hooded Cape | Deutschland #1 Poncho Shop\" \/>\n<meta property=\"og:description\" content=\"Looking for a Tribal Poncho Hooded Cape ? You&#039;ve come to the right place \ud83d\ude04 We offers a wide selection of Tribal Poncho Hooded Cape, perfect for you.\" \/>\n<meta property=\"og:url\" content=\"https:\/\/ozponcho.com.au\/de\/p\/stammes-poncho-mit-kapuze-fur-manner\/\" \/>\n<meta property=\"og:site_name\" content=\"OZ Poncho\" \/>\n<meta property=\"article:modified_time\" content=\"2025-11-30T18:20:50+00:00\" \/>\n<meta property=\"og:image\" content=\"https:\/\/ozponcho.com.au\/wp-content\/uploads\/2024\/01\/Sf9547fa8d970490e834b8aca704450c3S-3.webp\" \/>\n\t<meta property=\"og:image:width\" content=\"800\" \/>\n\t<meta property=\"og:image:height\" content=\"800\" \/>\n\t<meta property=\"og:image:type\" content=\"image\/webp\" \/>\n<meta name=\"twitter:card\" content=\"summary_large_image\" \/>\n<meta name=\"twitter:label1\" content=\"Gesch\u00e4tzte Lesezeit\" \/>\n\t<meta name=\"twitter:data1\" content=\"1 Minute\" \/>\n<script type=\"application\/ld+json\" class=\"yoast-schema-graph\">{\"@context\":\"https:\/\/schema.org\",\"@graph\":[{\"@type\":\"WebPage\",\"@id\":\"https:\/\/ozponcho.com.au\/p\/men-tribal-hooded-poncho\/\",\"url\":\"https:\/\/ozponcho.com.au\/p\/men-tribal-hooded-poncho\/\",\"name\":\"Tribal Poncho Hooded Cape | Deutschland #1 Poncho Shop\",\"isPartOf\":{\"@id\":\"https:\/\/ozponcho.com.au\/#website\"},\"primaryImageOfPage\":{\"@id\":\"https:\/\/ozponcho.com.au\/p\/men-tribal-hooded-poncho\/#primaryimage\"},\"image\":{\"@id\":\"https:\/\/ozponcho.com.au\/p\/men-tribal-hooded-poncho\/#primaryimage\"},\"thumbnailUrl\":\"https:\/\/ozponcho.com.au\/wp-content\/uploads\/2024\/01\/Sf9547fa8d970490e834b8aca704450c3S-3.webp\",\"datePublished\":\"2024-01-21T08:44:37+00:00\",\"dateModified\":\"2025-11-30T18:20:50+00:00\",\"description\":\"Looking for a Tribal Poncho Hooded Cape ? You've come to the right place \ud83d\ude04 We offers a wide selection of Tribal Poncho Hooded Cape, perfect for you.\",\"breadcrumb\":{\"@id\":\"https:\/\/ozponcho.com.au\/p\/men-tribal-hooded-poncho\/#breadcrumb\"},\"inLanguage\":\"de-AT\",\"potentialAction\":[{\"@type\":\"ReadAction\",\"target\":[\"https:\/\/ozponcho.com.au\/p\/men-tribal-hooded-poncho\/\"]}]},{\"@type\":\"ImageObject\",\"inLanguage\":\"de-AT\",\"@id\":\"https:\/\/ozponcho.com.au\/p\/men-tribal-hooded-poncho\/#primaryimage\",\"url\":\"https:\/\/ozponcho.com.au\/wp-content\/uploads\/2024\/01\/Sf9547fa8d970490e834b8aca704450c3S-3.webp\",\"contentUrl\":\"https:\/\/ozponcho.com.au\/wp-content\/uploads\/2024\/01\/Sf9547fa8d970490e834b8aca704450c3S-3.webp\",\"width\":800,\"height\":800,\"caption\":\"Tribal Poncho Hooded Cape\"},{\"@type\":\"BreadcrumbList\",\"@id\":\"https:\/\/ozponcho.com.au\/p\/men-tribal-hooded-poncho\/#breadcrumb\",\"itemListElement\":[{\"@type\":\"ListItem\",\"position\":1,\"name\":\"Home\",\"item\":\"https:\/\/ozponcho.com.au\/\"},{\"@type\":\"ListItem\",\"position\":2,\"name\":\"Shop\",\"item\":\"https:\/\/ozponcho.com.au\/shop\/\"},{\"@type\":\"ListItem\",\"position\":3,\"name\":\"Tribal Poncho Hooded Cape\"}]},{\"@type\":\"WebSite\",\"@id\":\"https:\/\/ozponcho.com.au\/#website\",\"url\":\"https:\/\/ozponcho.com.au\/\",\"name\":\"OZ Poncho\",\"description\":\"\",\"potentialAction\":[{\"@type\":\"SearchAction\",\"target\":{\"@type\":\"EntryPoint\",\"urlTemplate\":\"https:\/\/ozponcho.com.au\/?s={search_term_string}\"},\"query-input\":{\"@type\":\"PropertyValueSpecification\",\"valueRequired\":true,\"valueName\":\"search_term_string\"}}],\"inLanguage\":\"de-AT\"}]}<\/script>\n<!-- \/ Yoast SEO plugin. -->","yoast_head_json":{"title":"Tribal Poncho Kapuzenumhang | Deutschland #1 Poncho Shop","description":"Sie sind auf der Suche nach einem Tribal Poncho Kapuzenumhang? Dann sind Sie bei uns genau richtig \ud83d\ude04 Wir bieten Ihnen eine gro\u00dfe Auswahl an Tribal Poncho Hooded Cape, perfekt f\u00fcr Sie.","robots":{"index":"index","follow":"follow","max-snippet":"max-snippet:-1","max-image-preview":"max-image-preview:large","max-video-preview":"max-video-preview:-1"},"canonical":"https:\/\/ozponcho.com.au\/de\/p\/stammes-poncho-mit-kapuze-fur-manner\/","og_locale":"de_DE","og_type":"article","og_title":"Tribal Poncho Hooded Cape | Deutschland #1 Poncho Shop","og_description":"Looking for a Tribal Poncho Hooded Cape ? You've come to the right place \ud83d\ude04 We offers a wide selection of Tribal Poncho Hooded Cape, perfect for you.","og_url":"https:\/\/ozponcho.com.au\/de\/p\/stammes-poncho-mit-kapuze-fur-manner\/","og_site_name":"OZ Poncho","article_modified_time":"2025-11-30T18:20:50+00:00","og_image":[{"width":800,"height":800,"url":"https:\/\/ozponcho.com.au\/wp-content\/uploads\/2024\/01\/Sf9547fa8d970490e834b8aca704450c3S-3.webp","type":"image\/webp"}],"twitter_card":"summary_large_image","twitter_misc":{"Gesch\u00e4tzte Lesezeit":"1 Minute"},"schema":{"@context":"https:\/\/schema.org","@graph":[{"@type":"WebPage","@id":"https:\/\/ozponcho.com.au\/p\/men-tribal-hooded-poncho\/","url":"https:\/\/ozponcho.com.au\/p\/men-tribal-hooded-poncho\/","name":"Tribal Poncho Kapuzenumhang | Deutschland #1 Poncho Shop","isPartOf":{"@id":"https:\/\/ozponcho.com.au\/#website"},"primaryImageOfPage":{"@id":"https:\/\/ozponcho.com.au\/p\/men-tribal-hooded-poncho\/#primaryimage"},"image":{"@id":"https:\/\/ozponcho.com.au\/p\/men-tribal-hooded-poncho\/#primaryimage"},"thumbnailUrl":"https:\/\/ozponcho.com.au\/wp-content\/uploads\/2024\/01\/Sf9547fa8d970490e834b8aca704450c3S-3.webp","datePublished":"2024-01-21T08:44:37+00:00","dateModified":"2025-11-30T18:20:50+00:00","description":"Sie sind auf der Suche nach einem Tribal Poncho Kapuzenumhang? Dann sind Sie bei uns genau richtig \ud83d\ude04 Wir bieten Ihnen eine gro\u00dfe Auswahl an Tribal Poncho Hooded Cape, perfekt f\u00fcr Sie.","breadcrumb":{"@id":"https:\/\/ozponcho.com.au\/p\/men-tribal-hooded-poncho\/#breadcrumb"},"inLanguage":"de-AT","potentialAction":[{"@type":"ReadAction","target":["https:\/\/ozponcho.com.au\/p\/men-tribal-hooded-poncho\/"]}]},{"@type":"ImageObject","inLanguage":"de-AT","@id":"https:\/\/ozponcho.com.au\/p\/men-tribal-hooded-poncho\/#primaryimage","url":"https:\/\/ozponcho.com.au\/wp-content\/uploads\/2024\/01\/Sf9547fa8d970490e834b8aca704450c3S-3.webp","contentUrl":"https:\/\/ozponcho.com.au\/wp-content\/uploads\/2024\/01\/Sf9547fa8d970490e834b8aca704450c3S-3.webp","width":800,"height":800,"caption":"Tribal Poncho Hooded Cape"},{"@type":"BreadcrumbList","@id":"https:\/\/ozponcho.com.au\/p\/men-tribal-hooded-poncho\/#breadcrumb","itemListElement":[{"@type":"ListItem","position":1,"name":"Home","item":"https:\/\/ozponcho.com.au\/"},{"@type":"ListItem","position":2,"name":"Shop","item":"https:\/\/ozponcho.com.au\/shop\/"},{"@type":"ListItem","position":3,"name":"Tribal Poncho Hooded Cape"}]},{"@type":"WebSite","@id":"https:\/\/ozponcho.com.au\/#website","url":"https:\/\/ozponcho.com.au\/","name":"OZ Poncho","description":"","potentialAction":[{"@type":"SearchAction","target":{"@type":"EntryPoint","urlTemplate":"https:\/\/ozponcho.com.au\/?s={search_term_string}"},"query-input":{"@type":"PropertyValueSpecification","valueRequired":true,"valueName":"search_term_string"}}],"inLanguage":"de-AT"}]}},"_links":{"self":[{"href":"https:\/\/ozponcho.com.au\/de\/wp-json\/wp\/v2\/product\/17587","targetHints":{"allow":["GET"]}}],"collection":[{"href":"https:\/\/ozponcho.com.au\/de\/wp-json\/wp\/v2\/product"}],"about":[{"href":"https:\/\/ozponcho.com.au\/de\/wp-json\/wp\/v2\/types\/product"}],"wp:featuredmedia":[{"embeddable":true,"href":"https:\/\/ozponcho.com.au\/de\/wp-json\/wp\/v2\/media\/17590"}],"wp:attachment":[{"href":"https:\/\/ozponcho.com.au\/de\/wp-json\/wp\/v2\/media?parent=17587"}],"wp:term":[{"taxonomy":"product_brand","embeddable":true,"href":"https:\/\/ozponcho.com.au\/de\/wp-json\/wp\/v2\/product_brand?post=17587"},{"taxonomy":"product_cat","embeddable":true,"href":"https:\/\/ozponcho.com.au\/de\/wp-json\/wp\/v2\/product_cat?post=17587"},{"taxonomy":"product_tag","embeddable":true,"href":"https:\/\/ozponcho.com.au\/de\/wp-json\/wp\/v2\/product_tag?post=17587"}],"curies":[{"name":"wp","href":"https:\/\/api.w.org\/{rel}","templated":true}]}}