{"id":17055,"date":"2023-12-30T23:26:55","date_gmt":"2023-12-30T12:26:55","guid":{"rendered":"https:\/\/ozponcho.com.au\/?post_type=product&#038;p=17055"},"modified":"2024-03-08T16:25:51","modified_gmt":"2024-03-08T05:25:51","slug":"vibrant-print-beach-poncho","status":"publish","type":"product","link":"https:\/\/ozponcho.com.au\/de\/p\/lebendig-bedruckter-strandponcho\/","title":{"rendered":"Individueller Mikrofaser-Poncho mit Kapuze"},"content":{"rendered":"<p>Mit unserem atemberaubenden Mikrofaser-Poncho mit Kapuze, der perfekten Mischung aus Funktion und Mode, sind Sie stilvoll unterwegs. Schnell trocknend und extrem saugf\u00e4hig, sind diese Ponchos ideal f\u00fcr Strandbesucher, Schwimmer und Surfer, die ein Statement setzen wollen. Sie k\u00f6nnen aus einer Reihe von lebendigen 3D-Drucken w\u00e4hlen und so sicherstellen, dass sich Ihre Strandkleidung von der Masse abhebt. Dieses Kleidungsst\u00c3\u00bcck ist nicht nur bequem und mit einem Schuss Kreativit\u00c3\u00a4t versehen, es ist auch ein Gespr\u00c3\u00a4chsanlass. Verleihen Sie Ihren Outdoor-Abenteuern noch heute einen Hauch von Farbe und Muster!<\/p>\n<h2>SPEZIFIKATIONEN<\/h2>\n<p>Material: Mikrofaser-Gewebe<\/p>\n<p>Merkmal: Schnelltrocknend<\/p>","protected":false},"excerpt":{"rendered":"<p>Step out in style with our stunning hooded microfiber poncho, the perfect blend of function and fashion. Quick-drying and ultra-absorbent, these ponchos are ideal for beachgoers, swimmers, and surf enthusiasts looking to make a statement. With a personalized touch, you can choose from an array of vivid 3D prints, ensuring your beach attire stands out [&#8230;]","protected":false},"featured_media":17053,"template":"","meta":[],"product_brand":[],"product_cat":[219,15,208],"product_tag":[],"class_list":{"0":"post-17055","1":"product","2":"type-product","3":"status-publish","4":"has-post-thumbnail","6":"product_cat-black-poncho","7":"product_cat-main-category","8":"product_cat-surf-poncho","10":"first","11":"instock","12":"shipping-taxable","13":"purchasable","14":"product-type-variable"},"yoast_head":"<!-- This site is optimized with the Yoast SEO plugin v25.9 - https:\/\/yoast.com\/wordpress\/plugins\/seo\/ -->\n<title>Custom Hooded Microfiber Poncho | Deutschland #1 Poncho Shop<\/title>\n<meta name=\"description\" content=\"Looking for a Custom Hooded Microfiber Poncho ? You&#039;ve come to the right place \ud83d\ude04 We offers a wide selection of Custom Hooded Microfiber Poncho, perfect for you.\" \/>\n<meta name=\"robots\" content=\"index, follow, max-snippet:-1, max-image-preview:large, max-video-preview:-1\" \/>\n<link rel=\"canonical\" href=\"https:\/\/ozponcho.com.au\/de\/p\/lebendig-bedruckter-strandponcho\/\" \/>\n<meta property=\"og:locale\" content=\"de_DE\" \/>\n<meta property=\"og:type\" content=\"article\" \/>\n<meta property=\"og:title\" content=\"Custom Hooded Microfiber Poncho | Deutschland #1 Poncho Shop\" \/>\n<meta property=\"og:description\" content=\"Looking for a Custom Hooded Microfiber Poncho ? You&#039;ve come to the right place \ud83d\ude04 We offers a wide selection of Custom Hooded Microfiber Poncho, perfect for you.\" \/>\n<meta property=\"og:url\" content=\"https:\/\/ozponcho.com.au\/de\/p\/lebendig-bedruckter-strandponcho\/\" \/>\n<meta property=\"og:site_name\" content=\"OZ Poncho\" \/>\n<meta property=\"article:modified_time\" content=\"2024-03-08T05:25:51+00:00\" \/>\n<meta property=\"og:image\" content=\"https:\/\/ozponcho.com.au\/wp-content\/uploads\/2023\/12\/H4c3c3b15d81f47059b5a842b7a4784ddv-77.webp\" \/>\n\t<meta property=\"og:image:width\" content=\"1000\" \/>\n\t<meta property=\"og:image:height\" content=\"1000\" \/>\n\t<meta property=\"og:image:type\" content=\"image\/webp\" \/>\n<meta name=\"twitter:card\" content=\"summary_large_image\" \/>\n<meta name=\"twitter:label1\" content=\"Gesch\u00e4tzte Lesezeit\" \/>\n\t<meta name=\"twitter:data1\" content=\"1 Minute\" \/>\n<script type=\"application\/ld+json\" class=\"yoast-schema-graph\">{\"@context\":\"https:\/\/schema.org\",\"@graph\":[{\"@type\":\"WebPage\",\"@id\":\"https:\/\/ozponcho.com.au\/p\/vibrant-print-beach-poncho\/\",\"url\":\"https:\/\/ozponcho.com.au\/p\/vibrant-print-beach-poncho\/\",\"name\":\"Custom Hooded Microfiber Poncho | Deutschland #1 Poncho Shop\",\"isPartOf\":{\"@id\":\"https:\/\/ozponcho.com.au\/#website\"},\"primaryImageOfPage\":{\"@id\":\"https:\/\/ozponcho.com.au\/p\/vibrant-print-beach-poncho\/#primaryimage\"},\"image\":{\"@id\":\"https:\/\/ozponcho.com.au\/p\/vibrant-print-beach-poncho\/#primaryimage\"},\"thumbnailUrl\":\"https:\/\/ozponcho.com.au\/wp-content\/uploads\/2023\/12\/H4c3c3b15d81f47059b5a842b7a4784ddv-77.webp\",\"datePublished\":\"2023-12-30T12:26:55+00:00\",\"dateModified\":\"2024-03-08T05:25:51+00:00\",\"description\":\"Looking for a Custom Hooded Microfiber Poncho ? You've come to the right place \ud83d\ude04 We offers a wide selection of Custom Hooded Microfiber Poncho, perfect for you.\",\"breadcrumb\":{\"@id\":\"https:\/\/ozponcho.com.au\/p\/vibrant-print-beach-poncho\/#breadcrumb\"},\"inLanguage\":\"de-AT\",\"potentialAction\":[{\"@type\":\"ReadAction\",\"target\":[\"https:\/\/ozponcho.com.au\/p\/vibrant-print-beach-poncho\/\"]}]},{\"@type\":\"ImageObject\",\"inLanguage\":\"de-AT\",\"@id\":\"https:\/\/ozponcho.com.au\/p\/vibrant-print-beach-poncho\/#primaryimage\",\"url\":\"https:\/\/ozponcho.com.au\/wp-content\/uploads\/2023\/12\/H4c3c3b15d81f47059b5a842b7a4784ddv-77.webp\",\"contentUrl\":\"https:\/\/ozponcho.com.au\/wp-content\/uploads\/2023\/12\/H4c3c3b15d81f47059b5a842b7a4784ddv-77.webp\",\"width\":1000,\"height\":1000,\"caption\":\"Custom Hooded Microfiber Poncho\"},{\"@type\":\"BreadcrumbList\",\"@id\":\"https:\/\/ozponcho.com.au\/p\/vibrant-print-beach-poncho\/#breadcrumb\",\"itemListElement\":[{\"@type\":\"ListItem\",\"position\":1,\"name\":\"Home\",\"item\":\"https:\/\/ozponcho.com.au\/\"},{\"@type\":\"ListItem\",\"position\":2,\"name\":\"Shop\",\"item\":\"https:\/\/ozponcho.com.au\/shop\/\"},{\"@type\":\"ListItem\",\"position\":3,\"name\":\"Custom Hooded Microfiber Poncho\"}]},{\"@type\":\"WebSite\",\"@id\":\"https:\/\/ozponcho.com.au\/#website\",\"url\":\"https:\/\/ozponcho.com.au\/\",\"name\":\"OZ Poncho\",\"description\":\"\",\"potentialAction\":[{\"@type\":\"SearchAction\",\"target\":{\"@type\":\"EntryPoint\",\"urlTemplate\":\"https:\/\/ozponcho.com.au\/?s={search_term_string}\"},\"query-input\":{\"@type\":\"PropertyValueSpecification\",\"valueRequired\":true,\"valueName\":\"search_term_string\"}}],\"inLanguage\":\"de-AT\"}]}<\/script>\n<!-- \/ Yoast SEO plugin. -->","yoast_head_json":{"title":"Individueller Mikrofaser-Poncho mit Kapuze | Deutschland #1 Poncho Shop","description":"Sie sind auf der Suche nach einem Mikrofaser-Poncho mit Kapuze nach Ma\u00df? Dann sind Sie bei uns genau richtig \ud83d\ude04 Wir bieten Ihnen eine gro\u00dfe Auswahl an Mikrofaser-Ponchos mit Kapuze, die perfekt zu Ihnen passen.","robots":{"index":"index","follow":"follow","max-snippet":"max-snippet:-1","max-image-preview":"max-image-preview:large","max-video-preview":"max-video-preview:-1"},"canonical":"https:\/\/ozponcho.com.au\/de\/p\/lebendig-bedruckter-strandponcho\/","og_locale":"de_DE","og_type":"article","og_title":"Custom Hooded Microfiber Poncho | Deutschland #1 Poncho Shop","og_description":"Looking for a Custom Hooded Microfiber Poncho ? You've come to the right place \ud83d\ude04 We offers a wide selection of Custom Hooded Microfiber Poncho, perfect for you.","og_url":"https:\/\/ozponcho.com.au\/de\/p\/lebendig-bedruckter-strandponcho\/","og_site_name":"OZ Poncho","article_modified_time":"2024-03-08T05:25:51+00:00","og_image":[{"width":1000,"height":1000,"url":"https:\/\/ozponcho.com.au\/wp-content\/uploads\/2023\/12\/H4c3c3b15d81f47059b5a842b7a4784ddv-77.webp","type":"image\/webp"}],"twitter_card":"summary_large_image","twitter_misc":{"Gesch\u00e4tzte Lesezeit":"1 Minute"},"schema":{"@context":"https:\/\/schema.org","@graph":[{"@type":"WebPage","@id":"https:\/\/ozponcho.com.au\/p\/vibrant-print-beach-poncho\/","url":"https:\/\/ozponcho.com.au\/p\/vibrant-print-beach-poncho\/","name":"Individueller Mikrofaser-Poncho mit Kapuze | Deutschland #1 Poncho Shop","isPartOf":{"@id":"https:\/\/ozponcho.com.au\/#website"},"primaryImageOfPage":{"@id":"https:\/\/ozponcho.com.au\/p\/vibrant-print-beach-poncho\/#primaryimage"},"image":{"@id":"https:\/\/ozponcho.com.au\/p\/vibrant-print-beach-poncho\/#primaryimage"},"thumbnailUrl":"https:\/\/ozponcho.com.au\/wp-content\/uploads\/2023\/12\/H4c3c3b15d81f47059b5a842b7a4784ddv-77.webp","datePublished":"2023-12-30T12:26:55+00:00","dateModified":"2024-03-08T05:25:51+00:00","description":"Sie sind auf der Suche nach einem Mikrofaser-Poncho mit Kapuze nach Ma\u00df? Dann sind Sie bei uns genau richtig \ud83d\ude04 Wir bieten Ihnen eine gro\u00dfe Auswahl an Mikrofaser-Ponchos mit Kapuze, die perfekt zu Ihnen passen.","breadcrumb":{"@id":"https:\/\/ozponcho.com.au\/p\/vibrant-print-beach-poncho\/#breadcrumb"},"inLanguage":"de-AT","potentialAction":[{"@type":"ReadAction","target":["https:\/\/ozponcho.com.au\/p\/vibrant-print-beach-poncho\/"]}]},{"@type":"ImageObject","inLanguage":"de-AT","@id":"https:\/\/ozponcho.com.au\/p\/vibrant-print-beach-poncho\/#primaryimage","url":"https:\/\/ozponcho.com.au\/wp-content\/uploads\/2023\/12\/H4c3c3b15d81f47059b5a842b7a4784ddv-77.webp","contentUrl":"https:\/\/ozponcho.com.au\/wp-content\/uploads\/2023\/12\/H4c3c3b15d81f47059b5a842b7a4784ddv-77.webp","width":1000,"height":1000,"caption":"Custom Hooded Microfiber Poncho"},{"@type":"BreadcrumbList","@id":"https:\/\/ozponcho.com.au\/p\/vibrant-print-beach-poncho\/#breadcrumb","itemListElement":[{"@type":"ListItem","position":1,"name":"Home","item":"https:\/\/ozponcho.com.au\/"},{"@type":"ListItem","position":2,"name":"Shop","item":"https:\/\/ozponcho.com.au\/shop\/"},{"@type":"ListItem","position":3,"name":"Custom Hooded Microfiber Poncho"}]},{"@type":"WebSite","@id":"https:\/\/ozponcho.com.au\/#website","url":"https:\/\/ozponcho.com.au\/","name":"OZ Poncho","description":"","potentialAction":[{"@type":"SearchAction","target":{"@type":"EntryPoint","urlTemplate":"https:\/\/ozponcho.com.au\/?s={search_term_string}"},"query-input":{"@type":"PropertyValueSpecification","valueRequired":true,"valueName":"search_term_string"}}],"inLanguage":"de-AT"}]}},"_links":{"self":[{"href":"https:\/\/ozponcho.com.au\/de\/wp-json\/wp\/v2\/product\/17055","targetHints":{"allow":["GET"]}}],"collection":[{"href":"https:\/\/ozponcho.com.au\/de\/wp-json\/wp\/v2\/product"}],"about":[{"href":"https:\/\/ozponcho.com.au\/de\/wp-json\/wp\/v2\/types\/product"}],"wp:featuredmedia":[{"embeddable":true,"href":"https:\/\/ozponcho.com.au\/de\/wp-json\/wp\/v2\/media\/17053"}],"wp:attachment":[{"href":"https:\/\/ozponcho.com.au\/de\/wp-json\/wp\/v2\/media?parent=17055"}],"wp:term":[{"taxonomy":"product_brand","embeddable":true,"href":"https:\/\/ozponcho.com.au\/de\/wp-json\/wp\/v2\/product_brand?post=17055"},{"taxonomy":"product_cat","embeddable":true,"href":"https:\/\/ozponcho.com.au\/de\/wp-json\/wp\/v2\/product_cat?post=17055"},{"taxonomy":"product_tag","embeddable":true,"href":"https:\/\/ozponcho.com.au\/de\/wp-json\/wp\/v2\/product_tag?post=17055"}],"curies":[{"name":"wp","href":"https:\/\/api.w.org\/{rel}","templated":true}]}}