{"id":15593,"date":"2023-12-30T22:31:43","date_gmt":"2023-12-30T11:31:43","guid":{"rendered":"https:\/\/ozponcho.com.au\/?post_type=product&#038;p=15593"},"modified":"2025-03-05T12:21:15","modified_gmt":"2025-03-05T01:21:15","slug":"adult-rain-protection-cover","status":"publish","type":"product","link":"https:\/\/ozponcho.com.au\/de\/p\/regenschutzhulle-fur-erwachsene\/","title":{"rendered":"Notfall-Poncho-Paket (1-20 St\u00fcck)"},"content":{"rendered":"<p>Trotzen Sie dem Regen mit Leichtigkeit mit unserem wasserdichten Notfall-Poncho, Ihrem perfekten Begleiter f\u00fcr unerwartete Regeng\u00fcsse! Diese Ponchos sind aus leichtem Kunststoffmaterial gefertigt und bieten sofortigen Schutz vor Regen. Sie sind ideal f\u00fcr Outdoor-Veranstaltungen, Wanderungen oder jedes Reiseabenteuer und ein Muss, um trocken und komfortabel zu bleiben. Sie lassen sich kompakt zusammenfalten und im Handschuhfach des Autos oder in der Reisetasche verstauen. Lassen Sie sich vom Wetter nicht die Laune verderben \u00e2\u20ac\" schnappen Sie sich einen dieser unverzichtbaren Ponchos und trotzen Sie dem Regen!<\/p>","protected":false},"excerpt":{"rendered":"<p>Brave the rain with ease using our Emergency Waterproof Poncho, your perfect companion for unexpected downpours! These ponchos are made from lightweight, plastic material, offering instant shelter from the rain. Ideal for outdoor events, hikes, or any travel adventure, they&#8217;re a must-have for staying dry and comfortable. Their one-size-fits-all design folds compactly, making it simple [&#8230;]","protected":false},"featured_media":15586,"template":"","meta":[],"product_brand":[],"product_cat":[206,15,217,205,413],"product_tag":[],"class_list":{"0":"post-15593","1":"product","2":"type-product","3":"status-publish","4":"has-post-thumbnail","6":"product_cat-emergency-poncho","7":"product_cat-main-category","8":"product_cat-plastic-poncho","9":"product_cat-rain-poncho","10":"product_cat-hiking-poncho","12":"first","13":"instock","14":"shipping-taxable","15":"purchasable","16":"product-type-variable"},"yoast_head":"<!-- This site is optimized with the Yoast SEO plugin v25.9 - https:\/\/yoast.com\/wordpress\/plugins\/seo\/ -->\n<title>Emergency Poncho Pack (1-20 pcs) | Deutschland #1 Poncho Shop<\/title>\n<meta name=\"description\" content=\"Looking for a Emergency Poncho Pack (1-20 pcs) ? You&#039;ve come to the right place \ud83d\ude04 We offers a wide selection of Emergency Poncho Pack (1-20 pcs), perfect for you.\" \/>\n<meta name=\"robots\" content=\"index, follow, max-snippet:-1, max-image-preview:large, max-video-preview:-1\" \/>\n<link rel=\"canonical\" href=\"https:\/\/ozponcho.com.au\/de\/p\/regenschutzhulle-fur-erwachsene\/\" \/>\n<meta property=\"og:locale\" content=\"de_DE\" \/>\n<meta property=\"og:type\" content=\"article\" \/>\n<meta property=\"og:title\" content=\"Emergency Poncho Pack (1-20 pcs) | Deutschland #1 Poncho Shop\" \/>\n<meta property=\"og:description\" content=\"Looking for a Emergency Poncho Pack (1-20 pcs) ? You&#039;ve come to the right place \ud83d\ude04 We offers a wide selection of Emergency Poncho Pack (1-20 pcs), perfect for you.\" \/>\n<meta property=\"og:url\" content=\"https:\/\/ozponcho.com.au\/de\/p\/regenschutzhulle-fur-erwachsene\/\" \/>\n<meta property=\"og:site_name\" content=\"OZ Poncho\" \/>\n<meta property=\"article:modified_time\" content=\"2025-03-05T01:21:15+00:00\" \/>\n<meta property=\"og:image\" content=\"https:\/\/ozponcho.com.au\/wp-content\/uploads\/2023\/12\/H9d705b7d30e04a1fa7cd8c55f2d91f6at-1.webp\" \/>\n\t<meta property=\"og:image:width\" content=\"632\" \/>\n\t<meta property=\"og:image:height\" content=\"632\" \/>\n\t<meta property=\"og:image:type\" content=\"image\/webp\" \/>\n<meta name=\"twitter:card\" content=\"summary_large_image\" \/>\n<meta name=\"twitter:label1\" content=\"Gesch\u00e4tzte Lesezeit\" \/>\n\t<meta name=\"twitter:data1\" content=\"1 Minute\" \/>\n<script type=\"application\/ld+json\" class=\"yoast-schema-graph\">{\"@context\":\"https:\/\/schema.org\",\"@graph\":[{\"@type\":\"WebPage\",\"@id\":\"https:\/\/ozponcho.com.au\/p\/adult-rain-protection-cover\/\",\"url\":\"https:\/\/ozponcho.com.au\/p\/adult-rain-protection-cover\/\",\"name\":\"Emergency Poncho Pack (1-20 pcs) | Deutschland #1 Poncho Shop\",\"isPartOf\":{\"@id\":\"https:\/\/ozponcho.com.au\/#website\"},\"primaryImageOfPage\":{\"@id\":\"https:\/\/ozponcho.com.au\/p\/adult-rain-protection-cover\/#primaryimage\"},\"image\":{\"@id\":\"https:\/\/ozponcho.com.au\/p\/adult-rain-protection-cover\/#primaryimage\"},\"thumbnailUrl\":\"https:\/\/ozponcho.com.au\/wp-content\/uploads\/2023\/12\/H9d705b7d30e04a1fa7cd8c55f2d91f6at-1.webp\",\"datePublished\":\"2023-12-30T11:31:43+00:00\",\"dateModified\":\"2025-03-05T01:21:15+00:00\",\"description\":\"Looking for a Emergency Poncho Pack (1-20 pcs) ? You've come to the right place \ud83d\ude04 We offers a wide selection of Emergency Poncho Pack (1-20 pcs), perfect for you.\",\"breadcrumb\":{\"@id\":\"https:\/\/ozponcho.com.au\/p\/adult-rain-protection-cover\/#breadcrumb\"},\"inLanguage\":\"de-AT\",\"potentialAction\":[{\"@type\":\"ReadAction\",\"target\":[\"https:\/\/ozponcho.com.au\/p\/adult-rain-protection-cover\/\"]}]},{\"@type\":\"ImageObject\",\"inLanguage\":\"de-AT\",\"@id\":\"https:\/\/ozponcho.com.au\/p\/adult-rain-protection-cover\/#primaryimage\",\"url\":\"https:\/\/ozponcho.com.au\/wp-content\/uploads\/2023\/12\/H9d705b7d30e04a1fa7cd8c55f2d91f6at-1.webp\",\"contentUrl\":\"https:\/\/ozponcho.com.au\/wp-content\/uploads\/2023\/12\/H9d705b7d30e04a1fa7cd8c55f2d91f6at-1.webp\",\"width\":632,\"height\":632,\"caption\":\"Emergency Poncho Pack (1-20 pcs)\"},{\"@type\":\"BreadcrumbList\",\"@id\":\"https:\/\/ozponcho.com.au\/p\/adult-rain-protection-cover\/#breadcrumb\",\"itemListElement\":[{\"@type\":\"ListItem\",\"position\":1,\"name\":\"Home\",\"item\":\"https:\/\/ozponcho.com.au\/\"},{\"@type\":\"ListItem\",\"position\":2,\"name\":\"Shop\",\"item\":\"https:\/\/ozponcho.com.au\/shop\/\"},{\"@type\":\"ListItem\",\"position\":3,\"name\":\"Emergency Poncho Pack (1-20 pcs)\"}]},{\"@type\":\"WebSite\",\"@id\":\"https:\/\/ozponcho.com.au\/#website\",\"url\":\"https:\/\/ozponcho.com.au\/\",\"name\":\"OZ Poncho\",\"description\":\"\",\"potentialAction\":[{\"@type\":\"SearchAction\",\"target\":{\"@type\":\"EntryPoint\",\"urlTemplate\":\"https:\/\/ozponcho.com.au\/?s={search_term_string}\"},\"query-input\":{\"@type\":\"PropertyValueSpecification\",\"valueRequired\":true,\"valueName\":\"search_term_string\"}}],\"inLanguage\":\"de-AT\"}]}<\/script>\n<!-- \/ Yoast SEO plugin. -->","yoast_head_json":{"title":"Notfall Poncho Pack (1-20 St\u00fcck) | Deutschland #1 Poncho Shop","description":"Sie sind auf der Suche nach Emergency Poncho Pack (1-20 pcs) ? Dann sind Sie bei uns genau richtig \ud83d\ude04 Wir bieten Ihnen eine gro\u00dfe Auswahl an Emergency Poncho Pack (1-20 St\u00fcck), perfekt f\u00fcr Sie.","robots":{"index":"index","follow":"follow","max-snippet":"max-snippet:-1","max-image-preview":"max-image-preview:large","max-video-preview":"max-video-preview:-1"},"canonical":"https:\/\/ozponcho.com.au\/de\/p\/regenschutzhulle-fur-erwachsene\/","og_locale":"de_DE","og_type":"article","og_title":"Emergency Poncho Pack (1-20 pcs) | Deutschland #1 Poncho Shop","og_description":"Looking for a Emergency Poncho Pack (1-20 pcs) ? You've come to the right place \ud83d\ude04 We offers a wide selection of Emergency Poncho Pack (1-20 pcs), perfect for you.","og_url":"https:\/\/ozponcho.com.au\/de\/p\/regenschutzhulle-fur-erwachsene\/","og_site_name":"OZ Poncho","article_modified_time":"2025-03-05T01:21:15+00:00","og_image":[{"width":632,"height":632,"url":"https:\/\/ozponcho.com.au\/wp-content\/uploads\/2023\/12\/H9d705b7d30e04a1fa7cd8c55f2d91f6at-1.webp","type":"image\/webp"}],"twitter_card":"summary_large_image","twitter_misc":{"Gesch\u00e4tzte Lesezeit":"1 Minute"},"schema":{"@context":"https:\/\/schema.org","@graph":[{"@type":"WebPage","@id":"https:\/\/ozponcho.com.au\/p\/adult-rain-protection-cover\/","url":"https:\/\/ozponcho.com.au\/p\/adult-rain-protection-cover\/","name":"Notfall Poncho Pack (1-20 St\u00fcck) | Deutschland #1 Poncho Shop","isPartOf":{"@id":"https:\/\/ozponcho.com.au\/#website"},"primaryImageOfPage":{"@id":"https:\/\/ozponcho.com.au\/p\/adult-rain-protection-cover\/#primaryimage"},"image":{"@id":"https:\/\/ozponcho.com.au\/p\/adult-rain-protection-cover\/#primaryimage"},"thumbnailUrl":"https:\/\/ozponcho.com.au\/wp-content\/uploads\/2023\/12\/H9d705b7d30e04a1fa7cd8c55f2d91f6at-1.webp","datePublished":"2023-12-30T11:31:43+00:00","dateModified":"2025-03-05T01:21:15+00:00","description":"Sie sind auf der Suche nach Emergency Poncho Pack (1-20 pcs) ? Dann sind Sie bei uns genau richtig \ud83d\ude04 Wir bieten Ihnen eine gro\u00dfe Auswahl an Emergency Poncho Pack (1-20 St\u00fcck), perfekt f\u00fcr Sie.","breadcrumb":{"@id":"https:\/\/ozponcho.com.au\/p\/adult-rain-protection-cover\/#breadcrumb"},"inLanguage":"de-AT","potentialAction":[{"@type":"ReadAction","target":["https:\/\/ozponcho.com.au\/p\/adult-rain-protection-cover\/"]}]},{"@type":"ImageObject","inLanguage":"de-AT","@id":"https:\/\/ozponcho.com.au\/p\/adult-rain-protection-cover\/#primaryimage","url":"https:\/\/ozponcho.com.au\/wp-content\/uploads\/2023\/12\/H9d705b7d30e04a1fa7cd8c55f2d91f6at-1.webp","contentUrl":"https:\/\/ozponcho.com.au\/wp-content\/uploads\/2023\/12\/H9d705b7d30e04a1fa7cd8c55f2d91f6at-1.webp","width":632,"height":632,"caption":"Emergency Poncho Pack (1-20 pcs)"},{"@type":"BreadcrumbList","@id":"https:\/\/ozponcho.com.au\/p\/adult-rain-protection-cover\/#breadcrumb","itemListElement":[{"@type":"ListItem","position":1,"name":"Home","item":"https:\/\/ozponcho.com.au\/"},{"@type":"ListItem","position":2,"name":"Shop","item":"https:\/\/ozponcho.com.au\/shop\/"},{"@type":"ListItem","position":3,"name":"Emergency Poncho Pack (1-20 pcs)"}]},{"@type":"WebSite","@id":"https:\/\/ozponcho.com.au\/#website","url":"https:\/\/ozponcho.com.au\/","name":"OZ Poncho","description":"","potentialAction":[{"@type":"SearchAction","target":{"@type":"EntryPoint","urlTemplate":"https:\/\/ozponcho.com.au\/?s={search_term_string}"},"query-input":{"@type":"PropertyValueSpecification","valueRequired":true,"valueName":"search_term_string"}}],"inLanguage":"de-AT"}]}},"_links":{"self":[{"href":"https:\/\/ozponcho.com.au\/de\/wp-json\/wp\/v2\/product\/15593","targetHints":{"allow":["GET"]}}],"collection":[{"href":"https:\/\/ozponcho.com.au\/de\/wp-json\/wp\/v2\/product"}],"about":[{"href":"https:\/\/ozponcho.com.au\/de\/wp-json\/wp\/v2\/types\/product"}],"wp:featuredmedia":[{"embeddable":true,"href":"https:\/\/ozponcho.com.au\/de\/wp-json\/wp\/v2\/media\/15586"}],"wp:attachment":[{"href":"https:\/\/ozponcho.com.au\/de\/wp-json\/wp\/v2\/media?parent=15593"}],"wp:term":[{"taxonomy":"product_brand","embeddable":true,"href":"https:\/\/ozponcho.com.au\/de\/wp-json\/wp\/v2\/product_brand?post=15593"},{"taxonomy":"product_cat","embeddable":true,"href":"https:\/\/ozponcho.com.au\/de\/wp-json\/wp\/v2\/product_cat?post=15593"},{"taxonomy":"product_tag","embeddable":true,"href":"https:\/\/ozponcho.com.au\/de\/wp-json\/wp\/v2\/product_tag?post=15593"}],"curies":[{"name":"wp","href":"https:\/\/api.w.org\/{rel}","templated":true}]}}