{"id":14918,"date":"2023-12-30T22:17:53","date_gmt":"2023-12-30T11:17:53","guid":{"rendered":"https:\/\/ozponcho.com.au\/?post_type=product&#038;p=14918"},"modified":"2024-03-08T16:26:52","modified_gmt":"2024-03-08T05:26:52","slug":"children-beach-towel-cape-4","status":"publish","type":"product","link":"https:\/\/ozponcho.com.au\/de\/p\/kinder-strandtuch-umhang-4\/","title":{"rendered":"Cartoon-Poncho mit Kapuze f\u00fcr Kinder"},"content":{"rendered":"<p>Wickeln Sie Ihr Kind nach einem lustigen Tag am Strand oder einem kuscheligen Bad in den Komfort unseres Cartoon-Ponchos mit Kapuze f\u00fcr Kinder ein. Dieses Handtuch aus weichem Mikrofasergewebe dient gleichzeitig als Poncho und zeigt eine Reihe von entz\u00fcckenden Mustern von Dinosauriern bis zu Einh\u00f6rnern. Das schnell trocknende Material bietet W\u00e4rme und Gem\u00fctlichkeit, w\u00e4hrend die Kapuze zus\u00e4tzlichen Schutz vor der Sonne bietet. Unsere leicht zu tragenden Ponchos mit ihren lustigen Motiven machen Kinder und Eltern gleicherma\u00dfen gl\u00fccklich und sorgen daf\u00fcr, dass sie sich problemlos abtrocknen und das Abenteuer fortsetzen k\u00f6nnen.<\/p>\n<h2>SPEZIFIKATIONEN<\/h2>\n<p>Technik: Gek\u00e4mmte Baumwolle<\/p>\n<p>Herkunft: Festland China<\/p>","protected":false},"excerpt":{"rendered":"<p>Wrap your little one in the comfort of our Kids&#8217; Hooded Cartoon Poncho after a fun day at the beach or a cuddly bath time. Made with soft microfiber fabric, this towel doubles as a poncho, featuring an array of delightful patterns from dinosaurs to unicorns. Its quick-drying material offers warmth and coziness, while the [&#8230;]","protected":false},"featured_media":14917,"template":"","meta":[],"product_brand":[],"product_cat":[15,212,208],"product_tag":[],"class_list":{"0":"post-14918","1":"product","2":"type-product","3":"status-publish","4":"has-post-thumbnail","6":"product_cat-main-category","7":"product_cat-poncho-kid","8":"product_cat-surf-poncho","10":"first","11":"instock","12":"shipping-taxable","13":"purchasable","14":"product-type-variable"},"yoast_head":"<!-- This site is optimized with the Yoast SEO plugin v25.9 - https:\/\/yoast.com\/wordpress\/plugins\/seo\/ -->\n<title>Kids&#039; Hooded Cartoon Poncho | Deutschland #1 Poncho Shop<\/title>\n<meta name=\"description\" content=\"Looking for a Kids&#039; Hooded Cartoon Poncho ? You&#039;ve come to the right place \ud83d\ude04 We offers a wide selection of Kids&#039; Hooded Cartoon Poncho, perfect for you.\" \/>\n<meta name=\"robots\" content=\"index, follow, max-snippet:-1, max-image-preview:large, max-video-preview:-1\" \/>\n<link rel=\"canonical\" href=\"https:\/\/ozponcho.com.au\/de\/p\/kinder-strandtuch-umhang-4\/\" \/>\n<meta property=\"og:locale\" content=\"de_DE\" \/>\n<meta property=\"og:type\" content=\"article\" \/>\n<meta property=\"og:title\" content=\"Kids&#039; Hooded Cartoon Poncho | Deutschland #1 Poncho Shop\" \/>\n<meta property=\"og:description\" content=\"Looking for a Kids&#039; Hooded Cartoon Poncho ? You&#039;ve come to the right place \ud83d\ude04 We offers a wide selection of Kids&#039; Hooded Cartoon Poncho, perfect for you.\" \/>\n<meta property=\"og:url\" content=\"https:\/\/ozponcho.com.au\/de\/p\/kinder-strandtuch-umhang-4\/\" \/>\n<meta property=\"og:site_name\" content=\"OZ Poncho\" \/>\n<meta property=\"article:modified_time\" content=\"2024-03-08T05:26:52+00:00\" \/>\n<meta property=\"og:image\" content=\"https:\/\/ozponcho.com.au\/wp-content\/uploads\/2023\/12\/Sb0406afc310c4b30bbdbd45a7368ef85p.webp\" \/>\n\t<meta property=\"og:image:width\" content=\"800\" \/>\n\t<meta property=\"og:image:height\" content=\"800\" \/>\n\t<meta property=\"og:image:type\" content=\"image\/webp\" \/>\n<meta name=\"twitter:card\" content=\"summary_large_image\" \/>\n<meta name=\"twitter:label1\" content=\"Gesch\u00e4tzte Lesezeit\" \/>\n\t<meta name=\"twitter:data1\" content=\"1 Minute\" \/>\n<script type=\"application\/ld+json\" class=\"yoast-schema-graph\">{\"@context\":\"https:\/\/schema.org\",\"@graph\":[{\"@type\":\"WebPage\",\"@id\":\"https:\/\/ozponcho.com.au\/p\/children-beach-towel-cape-4\/\",\"url\":\"https:\/\/ozponcho.com.au\/p\/children-beach-towel-cape-4\/\",\"name\":\"Kids' Hooded Cartoon Poncho | Deutschland #1 Poncho Shop\",\"isPartOf\":{\"@id\":\"https:\/\/ozponcho.com.au\/#website\"},\"primaryImageOfPage\":{\"@id\":\"https:\/\/ozponcho.com.au\/p\/children-beach-towel-cape-4\/#primaryimage\"},\"image\":{\"@id\":\"https:\/\/ozponcho.com.au\/p\/children-beach-towel-cape-4\/#primaryimage\"},\"thumbnailUrl\":\"https:\/\/ozponcho.com.au\/wp-content\/uploads\/2023\/12\/Sb0406afc310c4b30bbdbd45a7368ef85p.webp\",\"datePublished\":\"2023-12-30T11:17:53+00:00\",\"dateModified\":\"2024-03-08T05:26:52+00:00\",\"description\":\"Looking for a Kids' Hooded Cartoon Poncho ? You've come to the right place \ud83d\ude04 We offers a wide selection of Kids' Hooded Cartoon Poncho, perfect for you.\",\"breadcrumb\":{\"@id\":\"https:\/\/ozponcho.com.au\/p\/children-beach-towel-cape-4\/#breadcrumb\"},\"inLanguage\":\"de-AT\",\"potentialAction\":[{\"@type\":\"ReadAction\",\"target\":[\"https:\/\/ozponcho.com.au\/p\/children-beach-towel-cape-4\/\"]}]},{\"@type\":\"ImageObject\",\"inLanguage\":\"de-AT\",\"@id\":\"https:\/\/ozponcho.com.au\/p\/children-beach-towel-cape-4\/#primaryimage\",\"url\":\"https:\/\/ozponcho.com.au\/wp-content\/uploads\/2023\/12\/Sb0406afc310c4b30bbdbd45a7368ef85p.webp\",\"contentUrl\":\"https:\/\/ozponcho.com.au\/wp-content\/uploads\/2023\/12\/Sb0406afc310c4b30bbdbd45a7368ef85p.webp\",\"width\":800,\"height\":800,\"caption\":\"Kids' Hooded Cartoon Poncho\"},{\"@type\":\"BreadcrumbList\",\"@id\":\"https:\/\/ozponcho.com.au\/p\/children-beach-towel-cape-4\/#breadcrumb\",\"itemListElement\":[{\"@type\":\"ListItem\",\"position\":1,\"name\":\"Home\",\"item\":\"https:\/\/ozponcho.com.au\/\"},{\"@type\":\"ListItem\",\"position\":2,\"name\":\"Shop\",\"item\":\"https:\/\/ozponcho.com.au\/shop\/\"},{\"@type\":\"ListItem\",\"position\":3,\"name\":\"Kids&#8217; Hooded Cartoon Poncho\"}]},{\"@type\":\"WebSite\",\"@id\":\"https:\/\/ozponcho.com.au\/#website\",\"url\":\"https:\/\/ozponcho.com.au\/\",\"name\":\"OZ Poncho\",\"description\":\"\",\"potentialAction\":[{\"@type\":\"SearchAction\",\"target\":{\"@type\":\"EntryPoint\",\"urlTemplate\":\"https:\/\/ozponcho.com.au\/?s={search_term_string}\"},\"query-input\":{\"@type\":\"PropertyValueSpecification\",\"valueRequired\":true,\"valueName\":\"search_term_string\"}}],\"inLanguage\":\"de-AT\"}]}<\/script>\n<!-- \/ Yoast SEO plugin. -->","yoast_head_json":{"title":"Kinder Cartoon Poncho mit Kapuze | Deutschland #1 Poncho Shop","description":"Sie sind auf der Suche nach einem Cartoon Poncho mit Kapuze f\u00fcr Kinder? Dann sind Sie bei uns genau richtig \ud83d\ude04 Wir bieten Ihnen eine gro\u00dfe Auswahl an Cartoon-Ponchos mit Kapuze f\u00fcr Kinder.","robots":{"index":"index","follow":"follow","max-snippet":"max-snippet:-1","max-image-preview":"max-image-preview:large","max-video-preview":"max-video-preview:-1"},"canonical":"https:\/\/ozponcho.com.au\/de\/p\/kinder-strandtuch-umhang-4\/","og_locale":"de_DE","og_type":"article","og_title":"Kids' Hooded Cartoon Poncho | Deutschland #1 Poncho Shop","og_description":"Looking for a Kids' Hooded Cartoon Poncho ? You've come to the right place \ud83d\ude04 We offers a wide selection of Kids' Hooded Cartoon Poncho, perfect for you.","og_url":"https:\/\/ozponcho.com.au\/de\/p\/kinder-strandtuch-umhang-4\/","og_site_name":"OZ Poncho","article_modified_time":"2024-03-08T05:26:52+00:00","og_image":[{"width":800,"height":800,"url":"https:\/\/ozponcho.com.au\/wp-content\/uploads\/2023\/12\/Sb0406afc310c4b30bbdbd45a7368ef85p.webp","type":"image\/webp"}],"twitter_card":"summary_large_image","twitter_misc":{"Gesch\u00e4tzte Lesezeit":"1 Minute"},"schema":{"@context":"https:\/\/schema.org","@graph":[{"@type":"WebPage","@id":"https:\/\/ozponcho.com.au\/p\/children-beach-towel-cape-4\/","url":"https:\/\/ozponcho.com.au\/p\/children-beach-towel-cape-4\/","name":"Kinder Cartoon Poncho mit Kapuze | Deutschland #1 Poncho Shop","isPartOf":{"@id":"https:\/\/ozponcho.com.au\/#website"},"primaryImageOfPage":{"@id":"https:\/\/ozponcho.com.au\/p\/children-beach-towel-cape-4\/#primaryimage"},"image":{"@id":"https:\/\/ozponcho.com.au\/p\/children-beach-towel-cape-4\/#primaryimage"},"thumbnailUrl":"https:\/\/ozponcho.com.au\/wp-content\/uploads\/2023\/12\/Sb0406afc310c4b30bbdbd45a7368ef85p.webp","datePublished":"2023-12-30T11:17:53+00:00","dateModified":"2024-03-08T05:26:52+00:00","description":"Sie sind auf der Suche nach einem Cartoon Poncho mit Kapuze f\u00fcr Kinder? Dann sind Sie bei uns genau richtig \ud83d\ude04 Wir bieten Ihnen eine gro\u00dfe Auswahl an Cartoon-Ponchos mit Kapuze f\u00fcr Kinder.","breadcrumb":{"@id":"https:\/\/ozponcho.com.au\/p\/children-beach-towel-cape-4\/#breadcrumb"},"inLanguage":"de-AT","potentialAction":[{"@type":"ReadAction","target":["https:\/\/ozponcho.com.au\/p\/children-beach-towel-cape-4\/"]}]},{"@type":"ImageObject","inLanguage":"de-AT","@id":"https:\/\/ozponcho.com.au\/p\/children-beach-towel-cape-4\/#primaryimage","url":"https:\/\/ozponcho.com.au\/wp-content\/uploads\/2023\/12\/Sb0406afc310c4b30bbdbd45a7368ef85p.webp","contentUrl":"https:\/\/ozponcho.com.au\/wp-content\/uploads\/2023\/12\/Sb0406afc310c4b30bbdbd45a7368ef85p.webp","width":800,"height":800,"caption":"Kids' Hooded Cartoon Poncho"},{"@type":"BreadcrumbList","@id":"https:\/\/ozponcho.com.au\/p\/children-beach-towel-cape-4\/#breadcrumb","itemListElement":[{"@type":"ListItem","position":1,"name":"Home","item":"https:\/\/ozponcho.com.au\/"},{"@type":"ListItem","position":2,"name":"Shop","item":"https:\/\/ozponcho.com.au\/shop\/"},{"@type":"ListItem","position":3,"name":"Kids&#8217; Hooded Cartoon Poncho"}]},{"@type":"WebSite","@id":"https:\/\/ozponcho.com.au\/#website","url":"https:\/\/ozponcho.com.au\/","name":"OZ Poncho","description":"","potentialAction":[{"@type":"SearchAction","target":{"@type":"EntryPoint","urlTemplate":"https:\/\/ozponcho.com.au\/?s={search_term_string}"},"query-input":{"@type":"PropertyValueSpecification","valueRequired":true,"valueName":"search_term_string"}}],"inLanguage":"de-AT"}]}},"_links":{"self":[{"href":"https:\/\/ozponcho.com.au\/de\/wp-json\/wp\/v2\/product\/14918","targetHints":{"allow":["GET"]}}],"collection":[{"href":"https:\/\/ozponcho.com.au\/de\/wp-json\/wp\/v2\/product"}],"about":[{"href":"https:\/\/ozponcho.com.au\/de\/wp-json\/wp\/v2\/types\/product"}],"wp:featuredmedia":[{"embeddable":true,"href":"https:\/\/ozponcho.com.au\/de\/wp-json\/wp\/v2\/media\/14917"}],"wp:attachment":[{"href":"https:\/\/ozponcho.com.au\/de\/wp-json\/wp\/v2\/media?parent=14918"}],"wp:term":[{"taxonomy":"product_brand","embeddable":true,"href":"https:\/\/ozponcho.com.au\/de\/wp-json\/wp\/v2\/product_brand?post=14918"},{"taxonomy":"product_cat","embeddable":true,"href":"https:\/\/ozponcho.com.au\/de\/wp-json\/wp\/v2\/product_cat?post=14918"},{"taxonomy":"product_tag","embeddable":true,"href":"https:\/\/ozponcho.com.au\/de\/wp-json\/wp\/v2\/product_tag?post=14918"}],"curies":[{"name":"wp","href":"https:\/\/api.w.org\/{rel}","templated":true}]}}