{"id":39,"date":"2022-11-26T15:59:02","date_gmt":"2022-11-26T04:59:02","guid":{"rendered":"https:\/\/ozponcho.com.au\/?page_id=39"},"modified":"2024-04-19T11:35:20","modified_gmt":"2024-04-19T00:35:20","slug":"contact-us","status":"publish","type":"page","link":"https:\/\/ozponcho.com.au\/de\/kontaktieren-sie-uns\/","title":{"rendered":"Kontakt"},"content":{"rendered":"<h2>Wie Sie uns kontaktieren k\u00f6nnen<\/h2>\n<p><strong>Per E-Mail<\/strong><\/p>\n<p>contact@ozponcho.com.au<\/p>\n<p><strong>Auf dem Postweg:<\/strong><\/p>\n<p>F\u00fcr die alten Hasen da drau\u00dfen (wir sind Fans!) k\u00f6nnen Sie sich unter der unten angegebenen Adresse mit uns in Verbindung setzen. Wir w\u00fcrden uns freuen, von Ihnen zu h\u00f6ren!<\/p>\n<p>OZ Poncho<br \/>\n36 Hurtle Square<br \/>\nAdelaide SA 5000<br \/>\nAustralien<\/p>\n<h2>Unser Engagement f\u00fcr einen hervorragenden Kundenservice<\/h2>\n<p>Bei OZ Poncho sind wir stolz darauf, Ihnen den bestm\u00f6glichen Service zu bieten. Alle unsere Produkte werden einer Qualit\u00e4tskontrolle unterzogen, bevor sie unser Lager verlassen. Sollten Sie aus irgendeinem Grund mit Ihrem Kauf nicht zufrieden sein, kontaktieren Sie uns einfach, um eine R\u00fcckgabe oder einen Umtausch zu vereinbaren. Wir tun alles, was wir k\u00f6nnen, um sicherzustellen, dass der Einkauf bei OZ Poncho einfach und angenehm ist!<\/p>\n<h2>Datenschutz<\/h2>\n<p>Wir nehmen den Schutz Ihrer Daten ernst und verwenden die von Ihnen zur Verf\u00fcgung gestellten Informationen ausschlie\u00dflich zur Beantwortung von Fragen zu unseren Produkten. Ihre Daten werden nicht an Dritte weitergegeben, es sei denn, dies ist f\u00fcr die Abwicklung von Zahlungen, die Lieferung von Waren, den Kundendienst usw. erforderlich. Gelegentlich versenden wir auch Werbe-E-Mails, die Sie aber jederzeit wieder abbestellen k\u00f6nnen!<\/p>","protected":false},"excerpt":{"rendered":"<p>Ways to contact us By email contact@ozponcho.com.au By post mail: For those old schoolers out there (we&#8217;re fans!), you can get in touch with us at the address below. We&#8217;d love to hear from your! OZ Poncho 36 Hurtle Square Adelaide SA 5000 Australia Our commitment to great customer service At OZ Poncho, we take [&#8230;]","protected":false},"author":1,"featured_media":0,"parent":0,"menu_order":0,"comment_status":"closed","ping_status":"closed","template":"page-blank-title-center.php","meta":{"footnotes":""},"class_list":["post-39","page","type-page","status-publish","hentry"],"yoast_head":"<!-- This site is optimized with the Yoast SEO plugin v25.9 - https:\/\/yoast.com\/wordpress\/plugins\/seo\/ -->\n<title>Contact Us | OZ Poncho<\/title>\n<meta name=\"description\" content=\"Contact us here by email or phone. 24\/7. response in 48h max.\" \/>\n<meta name=\"robots\" content=\"index, follow, max-snippet:-1, max-image-preview:large, max-video-preview:-1\" \/>\n<link rel=\"canonical\" href=\"https:\/\/ozponcho.com.au\/de\/kontaktieren-sie-uns\/\" \/>\n<meta property=\"og:locale\" content=\"de_DE\" \/>\n<meta property=\"og:type\" content=\"article\" \/>\n<meta property=\"og:title\" content=\"Contact Us | OZ Poncho\" \/>\n<meta property=\"og:description\" content=\"Contact us here by email or phone. 24\/7. response in 48h max.\" \/>\n<meta property=\"og:url\" content=\"https:\/\/ozponcho.com.au\/de\/kontaktieren-sie-uns\/\" \/>\n<meta property=\"og:site_name\" content=\"OZ Poncho\" \/>\n<meta property=\"article:modified_time\" content=\"2024-04-19T00:35:20+00:00\" \/>\n<meta name=\"twitter:card\" content=\"summary_large_image\" \/>\n<meta name=\"twitter:label1\" content=\"Gesch\u00e4tzte Lesezeit\" \/>\n\t<meta name=\"twitter:data1\" content=\"1 Minute\" \/>\n<script type=\"application\/ld+json\" class=\"yoast-schema-graph\">{\"@context\":\"https:\/\/schema.org\",\"@graph\":[{\"@type\":\"WebPage\",\"@id\":\"https:\/\/ozponcho.com.au\/contact-us\/\",\"url\":\"https:\/\/ozponcho.com.au\/contact-us\/\",\"name\":\"Contact Us | OZ Poncho\",\"isPartOf\":{\"@id\":\"https:\/\/ozponcho.com.au\/#website\"},\"datePublished\":\"2022-11-26T04:59:02+00:00\",\"dateModified\":\"2024-04-19T00:35:20+00:00\",\"description\":\"Contact us here by email or phone. 24\/7. response in 48h max.\",\"breadcrumb\":{\"@id\":\"https:\/\/ozponcho.com.au\/contact-us\/#breadcrumb\"},\"inLanguage\":\"de-AT\",\"potentialAction\":[{\"@type\":\"ReadAction\",\"target\":[\"https:\/\/ozponcho.com.au\/contact-us\/\"]}]},{\"@type\":\"BreadcrumbList\",\"@id\":\"https:\/\/ozponcho.com.au\/contact-us\/#breadcrumb\",\"itemListElement\":[{\"@type\":\"ListItem\",\"position\":1,\"name\":\"Home\",\"item\":\"https:\/\/ozponcho.com.au\/\"},{\"@type\":\"ListItem\",\"position\":2,\"name\":\"Contact us\"}]},{\"@type\":\"WebSite\",\"@id\":\"https:\/\/ozponcho.com.au\/#website\",\"url\":\"https:\/\/ozponcho.com.au\/\",\"name\":\"OZ Poncho\",\"description\":\"\",\"potentialAction\":[{\"@type\":\"SearchAction\",\"target\":{\"@type\":\"EntryPoint\",\"urlTemplate\":\"https:\/\/ozponcho.com.au\/?s={search_term_string}\"},\"query-input\":{\"@type\":\"PropertyValueSpecification\",\"valueRequired\":true,\"valueName\":\"search_term_string\"}}],\"inLanguage\":\"de-AT\"}]}<\/script>\n<!-- \/ Yoast SEO plugin. -->","yoast_head_json":{"title":"Kontakt | OZ Poncho","description":"Kontaktieren Sie uns hier per E-Mail oder Telefon. 24\/7. Antwort in maximal 48h.","robots":{"index":"index","follow":"follow","max-snippet":"max-snippet:-1","max-image-preview":"max-image-preview:large","max-video-preview":"max-video-preview:-1"},"canonical":"https:\/\/ozponcho.com.au\/de\/kontaktieren-sie-uns\/","og_locale":"de_DE","og_type":"article","og_title":"Contact Us | OZ Poncho","og_description":"Contact us here by email or phone. 24\/7. response in 48h max.","og_url":"https:\/\/ozponcho.com.au\/de\/kontaktieren-sie-uns\/","og_site_name":"OZ Poncho","article_modified_time":"2024-04-19T00:35:20+00:00","twitter_card":"summary_large_image","twitter_misc":{"Gesch\u00e4tzte Lesezeit":"1 Minute"},"schema":{"@context":"https:\/\/schema.org","@graph":[{"@type":"WebPage","@id":"https:\/\/ozponcho.com.au\/contact-us\/","url":"https:\/\/ozponcho.com.au\/contact-us\/","name":"Kontakt | OZ Poncho","isPartOf":{"@id":"https:\/\/ozponcho.com.au\/#website"},"datePublished":"2022-11-26T04:59:02+00:00","dateModified":"2024-04-19T00:35:20+00:00","description":"Kontaktieren Sie uns hier per E-Mail oder Telefon. 24\/7. Antwort in maximal 48h.","breadcrumb":{"@id":"https:\/\/ozponcho.com.au\/contact-us\/#breadcrumb"},"inLanguage":"de-AT","potentialAction":[{"@type":"ReadAction","target":["https:\/\/ozponcho.com.au\/contact-us\/"]}]},{"@type":"BreadcrumbList","@id":"https:\/\/ozponcho.com.au\/contact-us\/#breadcrumb","itemListElement":[{"@type":"ListItem","position":1,"name":"Home","item":"https:\/\/ozponcho.com.au\/"},{"@type":"ListItem","position":2,"name":"Contact us"}]},{"@type":"WebSite","@id":"https:\/\/ozponcho.com.au\/#website","url":"https:\/\/ozponcho.com.au\/","name":"OZ Poncho","description":"","potentialAction":[{"@type":"SearchAction","target":{"@type":"EntryPoint","urlTemplate":"https:\/\/ozponcho.com.au\/?s={search_term_string}"},"query-input":{"@type":"PropertyValueSpecification","valueRequired":true,"valueName":"search_term_string"}}],"inLanguage":"de-AT"}]}},"_links":{"self":[{"href":"https:\/\/ozponcho.com.au\/de\/wp-json\/wp\/v2\/pages\/39","targetHints":{"allow":["GET"]}}],"collection":[{"href":"https:\/\/ozponcho.com.au\/de\/wp-json\/wp\/v2\/pages"}],"about":[{"href":"https:\/\/ozponcho.com.au\/de\/wp-json\/wp\/v2\/types\/page"}],"author":[{"embeddable":true,"href":"https:\/\/ozponcho.com.au\/de\/wp-json\/wp\/v2\/users\/1"}],"replies":[{"embeddable":true,"href":"https:\/\/ozponcho.com.au\/de\/wp-json\/wp\/v2\/comments?post=39"}],"version-history":[{"count":5,"href":"https:\/\/ozponcho.com.au\/de\/wp-json\/wp\/v2\/pages\/39\/revisions"}],"predecessor-version":[{"id":19082,"href":"https:\/\/ozponcho.com.au\/de\/wp-json\/wp\/v2\/pages\/39\/revisions\/19082"}],"wp:attachment":[{"href":"https:\/\/ozponcho.com.au\/de\/wp-json\/wp\/v2\/media?parent=39"}],"curies":[{"name":"wp","href":"https:\/\/api.w.org\/{rel}","templated":true}]}}