{"id":28,"date":"2022-11-26T15:52:19","date_gmt":"2022-11-26T04:52:19","guid":{"rendered":"https:\/\/ozponcho.com.au\/?page_id=28"},"modified":"2022-11-26T16:21:02","modified_gmt":"2022-11-26T05:21:02","slug":"refund-and-returns-policy","status":"publish","type":"page","link":"https:\/\/ozponcho.com.au\/de\/erstattungs-und-ruckgabebestimmungen\/","title":{"rendered":"Erstattungs- und R\u00fcckgabebestimmungen"},"content":{"rendered":"<h2>Ich m\u00f6chte gerne <strong>return<\/strong> oder <strong>Austausch*<\/strong> einen Artikel, der nicht zu mir passt.<\/h2>\n<p><strong>Schritt 1:<\/strong> Wenn Sie Folgendes m\u00f6chten <strong>return<\/strong> oder <strong>Austausch<\/strong> Ihren Artikel (um eine andere Gr\u00f6\u00dfe oder Farbe zu erhalten), stellen Sie bitte sicher, dass Sie die folgenden Bedingungen erf\u00fcllen:<\/p>\n<ul>\n<li>Sie haben 14 Tage nach Erhalt Ihres Pakets Zeit, es an uns zur\u00fcckzusenden.<\/li>\n<li>Die Etiketten m\u00fcssen auf die gleiche Art und Weise an der Sendung angebracht werden, wie sie erhalten wurde.<\/li>\n<li>Der Artikel muss in der Originalverpackung sein.<\/li>\n<\/ul>\n<p><strong>Schritt 2:<\/strong> Contact us by email at contact@ozponcho.com.au or directly via our contact.<\/p>\n<p>Vergewissern Sie sich, dass die folgenden Informationen in Ihrer E-Mail enthalten sind: Ihr\u00a0<strong>Bestellnummer<\/strong>, <strong>Namen der zur\u00fcckgegebenen Artikel<\/strong>sowie <strong>was Sie mit der R\u00fcckgabe erreichen wollen<\/strong> (Erstattung, Gutschein oder Umtausch in eine andere Gr\u00f6\u00dfe\/Farbe).<\/p>\n<p><strong>Schritt 3:<\/strong>\u00a0Wir werden Ihnen innerhalb von 48 Stunden antworten und Ihnen die Postadresse mitteilen, an die Sie die Ware zur\u00fccksenden k\u00f6nnen.<\/p>\n<p>Seien Sie informiert, dass\u00a0<strong>Die Kosten f\u00fcr den R\u00fcckversand gehen zu Ihren Lasten.<\/strong>.<\/p>\n<p><em>Die Artikel m\u00fcssen in ihrem urspr\u00fcnglichen Zustand zur\u00fcckgegeben werden. Artikel, die gewaschen oder getragen wurden (ohne Etikett), k\u00f6nnen nicht zur\u00fcckgegeben oder erstattet werden.<\/em><\/p>\n<p><strong>Schritt 4<\/strong>: Best\u00e4tigen Sie uns per E-Mail, dass Ihr Produkt versandt wurde und teilen Sie uns die\u00a0<strong>die Versandnummer des Pakets<\/strong>.<\/p>\n<p>So k\u00f6nnen wir eventuelle Zollgeb\u00fchren bezahlen.\u00a0<strong>Wenn wir diese Informationen nicht haben, k\u00f6nnen wir die Zollgeb\u00fchren nicht bezahlen und Ihr Paket wird automatisch an Sie zur\u00fcckgeschickt.<\/strong>.<\/p>\n<p><strong>Schritt 5:<\/strong> Sobald die Ware bei uns eintrifft, wird sie von uns gepr\u00fcft und nach Ihren W\u00fcnschen bearbeitet:<\/p>\n<ul>\n<li>R\u00fcckerstattung Ihrer Artikel: Sie erhalten eine E-Mail zur Best\u00e4tigung der R\u00fcckerstattung Ihrer Bestellung.<\/li>\n<li>Umtausch Ihrer Artikel: Die Artikel werden von denjenigen umgetauscht, die auf Ihrem R\u00fccksendeformular angegeben sind. Sie erhalten eine E-Mail zur Best\u00e4tigung des Umtauschs sowie eine neue Bestellnummer.<\/li>\n<\/ul>\nOZ Poncho reserves the right to refuse returns sent or communicated after the delay of return, or articles which are not in the same condition as when they were received. Once the return is approved, you will be refunded through the <strong>dieselbe Zahlungsmethode, mit der der Kauf get\u00e4tigt wurde<\/strong>. Die maximale Erstattungsfrist betr\u00e4gt 10 Tage. Bitte beachten Sie, dass die Verz\u00f6gerung der Erstattung auf Ihrem Bankkonto immer von Ihrer Bank abh\u00e4ngt<\/p>","protected":false},"excerpt":{"rendered":"<p>I would like to return or exchange* an item that does not suit me. Step 1: If you would like to return or exchange your item (to get a different size or color), please make sure that you meet the following conditions: You have 14 days following the reception of your package to return it [&#8230;]","protected":false},"author":1,"featured_media":0,"parent":0,"menu_order":0,"comment_status":"closed","ping_status":"closed","template":"page-blank-title-center.php","meta":{"footnotes":""},"class_list":["post-28","page","type-page","status-publish","hentry"],"yoast_head":"<!-- This site is optimized with the Yoast SEO plugin v25.9 - https:\/\/yoast.com\/wordpress\/plugins\/seo\/ -->\n<title>Refund and Returns Policy | OZ Poncho<\/title>\n<meta name=\"robots\" content=\"noindex, follow\" \/>\n<meta property=\"og:locale\" content=\"de_DE\" \/>\n<meta property=\"og:type\" content=\"article\" \/>\n<meta property=\"og:title\" content=\"Refund and Returns Policy | OZ Poncho\" \/>\n<meta property=\"og:description\" content=\"I would like to return or exchange* an item that does not suit me. Step 1: If you would like to return or exchange your item (to get a different size or color), please make sure that you meet the following conditions: You have 14 days following the reception of your package to return it [...]\" \/>\n<meta property=\"og:url\" content=\"https:\/\/ozponcho.com.au\/de\/erstattungs-und-ruckgabebestimmungen\/\" \/>\n<meta property=\"og:site_name\" content=\"OZ Poncho\" \/>\n<meta property=\"article:modified_time\" content=\"2022-11-26T05:21:02+00:00\" \/>\n<meta name=\"twitter:card\" content=\"summary_large_image\" \/>\n<meta name=\"twitter:label1\" content=\"Gesch\u00e4tzte Lesezeit\" \/>\n\t<meta name=\"twitter:data1\" content=\"2 Minuten\" \/>\n<script type=\"application\/ld+json\" class=\"yoast-schema-graph\">{\"@context\":\"https:\/\/schema.org\",\"@graph\":[{\"@type\":\"WebPage\",\"@id\":\"https:\/\/ozponcho.com.au\/refund-and-returns-policy\/\",\"url\":\"https:\/\/ozponcho.com.au\/refund-and-returns-policy\/\",\"name\":\"Refund and Returns Policy | OZ Poncho\",\"isPartOf\":{\"@id\":\"https:\/\/ozponcho.com.au\/#website\"},\"datePublished\":\"2022-11-26T04:52:19+00:00\",\"dateModified\":\"2022-11-26T05:21:02+00:00\",\"breadcrumb\":{\"@id\":\"https:\/\/ozponcho.com.au\/refund-and-returns-policy\/#breadcrumb\"},\"inLanguage\":\"de-AT\",\"potentialAction\":[{\"@type\":\"ReadAction\",\"target\":[\"https:\/\/ozponcho.com.au\/refund-and-returns-policy\/\"]}]},{\"@type\":\"BreadcrumbList\",\"@id\":\"https:\/\/ozponcho.com.au\/refund-and-returns-policy\/#breadcrumb\",\"itemListElement\":[{\"@type\":\"ListItem\",\"position\":1,\"name\":\"Home\",\"item\":\"https:\/\/ozponcho.com.au\/\"},{\"@type\":\"ListItem\",\"position\":2,\"name\":\"Refund and Returns Policy\"}]},{\"@type\":\"WebSite\",\"@id\":\"https:\/\/ozponcho.com.au\/#website\",\"url\":\"https:\/\/ozponcho.com.au\/\",\"name\":\"OZ Poncho\",\"description\":\"\",\"potentialAction\":[{\"@type\":\"SearchAction\",\"target\":{\"@type\":\"EntryPoint\",\"urlTemplate\":\"https:\/\/ozponcho.com.au\/?s={search_term_string}\"},\"query-input\":{\"@type\":\"PropertyValueSpecification\",\"valueRequired\":true,\"valueName\":\"search_term_string\"}}],\"inLanguage\":\"de-AT\"}]}<\/script>\n<!-- \/ Yoast SEO plugin. -->","yoast_head_json":{"title":"Erstattungs- und R\u00fcckgabebedingungen | OZ Poncho","robots":{"index":"noindex","follow":"follow"},"og_locale":"de_DE","og_type":"article","og_title":"Refund and Returns Policy | OZ Poncho","og_description":"I would like to return or exchange* an item that does not suit me. Step 1: If you would like to return or exchange your item (to get a different size or color), please make sure that you meet the following conditions: You have 14 days following the reception of your package to return it [...]","og_url":"https:\/\/ozponcho.com.au\/de\/erstattungs-und-ruckgabebestimmungen\/","og_site_name":"OZ Poncho","article_modified_time":"2022-11-26T05:21:02+00:00","twitter_card":"summary_large_image","twitter_misc":{"Gesch\u00e4tzte Lesezeit":"2 Minuten"},"schema":{"@context":"https:\/\/schema.org","@graph":[{"@type":"WebPage","@id":"https:\/\/ozponcho.com.au\/refund-and-returns-policy\/","url":"https:\/\/ozponcho.com.au\/refund-and-returns-policy\/","name":"Erstattungs- und R\u00fcckgabebedingungen | OZ Poncho","isPartOf":{"@id":"https:\/\/ozponcho.com.au\/#website"},"datePublished":"2022-11-26T04:52:19+00:00","dateModified":"2022-11-26T05:21:02+00:00","breadcrumb":{"@id":"https:\/\/ozponcho.com.au\/refund-and-returns-policy\/#breadcrumb"},"inLanguage":"de-AT","potentialAction":[{"@type":"ReadAction","target":["https:\/\/ozponcho.com.au\/refund-and-returns-policy\/"]}]},{"@type":"BreadcrumbList","@id":"https:\/\/ozponcho.com.au\/refund-and-returns-policy\/#breadcrumb","itemListElement":[{"@type":"ListItem","position":1,"name":"Home","item":"https:\/\/ozponcho.com.au\/"},{"@type":"ListItem","position":2,"name":"Refund and Returns Policy"}]},{"@type":"WebSite","@id":"https:\/\/ozponcho.com.au\/#website","url":"https:\/\/ozponcho.com.au\/","name":"OZ Poncho","description":"","potentialAction":[{"@type":"SearchAction","target":{"@type":"EntryPoint","urlTemplate":"https:\/\/ozponcho.com.au\/?s={search_term_string}"},"query-input":{"@type":"PropertyValueSpecification","valueRequired":true,"valueName":"search_term_string"}}],"inLanguage":"de-AT"}]}},"_links":{"self":[{"href":"https:\/\/ozponcho.com.au\/de\/wp-json\/wp\/v2\/pages\/28","targetHints":{"allow":["GET"]}}],"collection":[{"href":"https:\/\/ozponcho.com.au\/de\/wp-json\/wp\/v2\/pages"}],"about":[{"href":"https:\/\/ozponcho.com.au\/de\/wp-json\/wp\/v2\/types\/page"}],"author":[{"embeddable":true,"href":"https:\/\/ozponcho.com.au\/de\/wp-json\/wp\/v2\/users\/1"}],"replies":[{"embeddable":true,"href":"https:\/\/ozponcho.com.au\/de\/wp-json\/wp\/v2\/comments?post=28"}],"version-history":[{"count":0,"href":"https:\/\/ozponcho.com.au\/de\/wp-json\/wp\/v2\/pages\/28\/revisions"}],"wp:attachment":[{"href":"https:\/\/ozponcho.com.au\/de\/wp-json\/wp\/v2\/media?parent=28"}],"curies":[{"name":"wp","href":"https:\/\/api.w.org\/{rel}","templated":true}]}}