{"id":21,"date":"2022-11-26T14:06:36","date_gmt":"2022-11-26T03:06:36","guid":{"rendered":"https:\/\/ozponcho.com.au\/?page_id=21"},"modified":"2023-01-29T03:41:47","modified_gmt":"2023-01-28T16:41:47","slug":"customer-reviews","status":"publish","type":"page","link":"https:\/\/ozponcho.com.au\/de\/kundenrezensionen\/","title":{"rendered":"Kundenrezensionen"},"content":{"rendered":"<p>Willkommen auf der Seite mit den Kundenrezensionen von Oz Poncho Clothing! Hier kannst du lesen, was unsere tollen Kunden \u00fcber unsere Ponchos und andere Produkte sagen.<\/p>\n<h2>Unser Engagement f\u00fcr Kundenzufriedenheit<\/h2>\n<p>Wir von Poncho Clothing sind bestrebt, unseren Kunden die bestm\u00f6gliche Erfahrung beim Einkaufen zu bieten. Wir sind stolz auf unsere Ponchos und andere Produkte, und wir m\u00f6chten, dass unsere Kunden auch stolz auf sie sind. Deshalb nehmen wir Kundenservice und Kundenzufriedenheit sehr ernst. Wir reagieren schnell auf Kundenanfragen und arbeiten immer gerne mit unseren Kunden zusammen, um sicherzustellen, dass sie mit ihrem Kauf zufrieden sind. Au\u00dferdem bieten wir eine 30-t\u00e4gige Zufriedenheitsgarantie, so dass unsere Kunden beruhigt einkaufen k\u00f6nnen, weil sie wissen, dass sie einen Artikel zur\u00fcckgeben k\u00f6nnen, wenn er nicht ihren Erwartungen entspricht.<\/p>\n<h2>Aktuelle Kundenrezensionen<\/h2>\n<p>Wir sind stolz darauf, die tollen Bewertungen unserer Kunden zu teilen, die unsere Ponchos gekauft und genossen haben! Lesen Sie weiter, um herauszufinden, warum sie sie so sehr lieben.<\/p>\n<p>\"Ich liebe meinen Poncho Clothing Poncho absolut. Er ist so bequem und sieht auch noch toll aus! Er ist die perfekte Kombination aus Stil und Zweckm\u00e4\u00dfigkeit.\" - Jane<\/p>\n<p>\"Ich habe den Poncho Clothing Poncho f\u00fcr meine Tochter gekauft und sie liebt ihn. Er passt ihr perfekt und sie tr\u00e4gt ihn st\u00e4ndig. Die Qualit\u00e4t des Materials ist auch toll.\" - Michael<\/p>\n<p>\"Ich liebe meinen Poncho Clothing Poncho! Er ist so gem\u00fctlich und stilvoll. Ich bekomme jedes Mal Komplimente, wenn ich ihn trage. Ich kann dieses Produkt jedem empfehlen, der einen tollen Poncho sucht.\" - Abigail, Texas<\/p>\n<p>Wir freuen uns sehr zu h\u00f6ren, dass unsere Kunden ihre Poncho Clothing Ponchos lieben! Wir sind so dankbar f\u00fcr ihre Unterst\u00fctzung und freuen uns darauf, ihnen weiterhin die besten Ponchos auf dem Markt zu bieten.<\/p>\n<p>Vielen Dank, dass Sie die Seite mit den Kundenrezensionen besuchen. Wir hoffen, dass Ihnen die Lekt\u00fcre dieser Bewertungen gefallen hat und dass Sie den Kauf eines unserer Ponchos in Erw\u00e4gung ziehen. Wir sind sicher, Sie werden ihn genauso lieben wie unsere Kunden!<\/p>","protected":false},"excerpt":{"rendered":"<p>Welcome to the Customer Reviews page of Oz Poncho Clothing! Here, you can read what our amazing customers have to say about our ponchos and other products. Our commitment to customer satisfaction At Poncho Clothing, we strive to provide our customers with the best possible experience when shopping with us. We are proud of our [&#8230;]","protected":false},"author":1,"featured_media":0,"parent":0,"menu_order":0,"comment_status":"closed","ping_status":"closed","template":"page-blank-title-center.php","meta":{"footnotes":""},"class_list":["post-21","page","type-page","status-publish","hentry"],"yoast_head":"<!-- This site is optimized with the Yoast SEO plugin v25.9 - https:\/\/yoast.com\/wordpress\/plugins\/seo\/ -->\n<title>Customer Reviews | OZ Poncho<\/title>\n<meta name=\"robots\" content=\"index, follow, max-snippet:-1, max-image-preview:large, max-video-preview:-1\" \/>\n<link rel=\"canonical\" href=\"https:\/\/ozponcho.com.au\/de\/kundenrezensionen\/\" \/>\n<meta property=\"og:locale\" content=\"de_DE\" \/>\n<meta property=\"og:type\" content=\"article\" \/>\n<meta property=\"og:title\" content=\"Customer Reviews | OZ Poncho\" \/>\n<meta property=\"og:description\" content=\"Welcome to the Customer Reviews page of Oz Poncho Clothing! Here, you can read what our amazing customers have to say about our ponchos and other products. Our commitment to customer satisfaction At Poncho Clothing, we strive to provide our customers with the best possible experience when shopping with us. We are proud of our [...]\" \/>\n<meta property=\"og:url\" content=\"https:\/\/ozponcho.com.au\/de\/kundenrezensionen\/\" \/>\n<meta property=\"og:site_name\" content=\"OZ Poncho\" \/>\n<meta property=\"article:modified_time\" content=\"2023-01-28T16:41:47+00:00\" \/>\n<meta name=\"twitter:card\" content=\"summary_large_image\" \/>\n<meta name=\"twitter:label1\" content=\"Gesch\u00e4tzte Lesezeit\" \/>\n\t<meta name=\"twitter:data1\" content=\"2 Minuten\" \/>\n<script type=\"application\/ld+json\" class=\"yoast-schema-graph\">{\"@context\":\"https:\/\/schema.org\",\"@graph\":[{\"@type\":\"WebPage\",\"@id\":\"https:\/\/ozponcho.com.au\/customer-reviews\/\",\"url\":\"https:\/\/ozponcho.com.au\/customer-reviews\/\",\"name\":\"Customer Reviews | OZ Poncho\",\"isPartOf\":{\"@id\":\"https:\/\/ozponcho.com.au\/#website\"},\"datePublished\":\"2022-11-26T03:06:36+00:00\",\"dateModified\":\"2023-01-28T16:41:47+00:00\",\"breadcrumb\":{\"@id\":\"https:\/\/ozponcho.com.au\/customer-reviews\/#breadcrumb\"},\"inLanguage\":\"de-AT\",\"potentialAction\":[{\"@type\":\"ReadAction\",\"target\":[\"https:\/\/ozponcho.com.au\/customer-reviews\/\"]}]},{\"@type\":\"BreadcrumbList\",\"@id\":\"https:\/\/ozponcho.com.au\/customer-reviews\/#breadcrumb\",\"itemListElement\":[{\"@type\":\"ListItem\",\"position\":1,\"name\":\"Home\",\"item\":\"https:\/\/ozponcho.com.au\/\"},{\"@type\":\"ListItem\",\"position\":2,\"name\":\"Customer Reviews\"}]},{\"@type\":\"WebSite\",\"@id\":\"https:\/\/ozponcho.com.au\/#website\",\"url\":\"https:\/\/ozponcho.com.au\/\",\"name\":\"OZ Poncho\",\"description\":\"\",\"potentialAction\":[{\"@type\":\"SearchAction\",\"target\":{\"@type\":\"EntryPoint\",\"urlTemplate\":\"https:\/\/ozponcho.com.au\/?s={search_term_string}\"},\"query-input\":{\"@type\":\"PropertyValueSpecification\",\"valueRequired\":true,\"valueName\":\"search_term_string\"}}],\"inLanguage\":\"de-AT\"}]}<\/script>\n<!-- \/ Yoast SEO plugin. -->","yoast_head_json":{"title":"Kundenrezensionen | OZ Poncho","robots":{"index":"index","follow":"follow","max-snippet":"max-snippet:-1","max-image-preview":"max-image-preview:large","max-video-preview":"max-video-preview:-1"},"canonical":"https:\/\/ozponcho.com.au\/de\/kundenrezensionen\/","og_locale":"de_DE","og_type":"article","og_title":"Customer Reviews | OZ Poncho","og_description":"Welcome to the Customer Reviews page of Oz Poncho Clothing! Here, you can read what our amazing customers have to say about our ponchos and other products. Our commitment to customer satisfaction At Poncho Clothing, we strive to provide our customers with the best possible experience when shopping with us. We are proud of our [...]","og_url":"https:\/\/ozponcho.com.au\/de\/kundenrezensionen\/","og_site_name":"OZ Poncho","article_modified_time":"2023-01-28T16:41:47+00:00","twitter_card":"summary_large_image","twitter_misc":{"Gesch\u00e4tzte Lesezeit":"2 Minuten"},"schema":{"@context":"https:\/\/schema.org","@graph":[{"@type":"WebPage","@id":"https:\/\/ozponcho.com.au\/customer-reviews\/","url":"https:\/\/ozponcho.com.au\/customer-reviews\/","name":"Kundenrezensionen | OZ Poncho","isPartOf":{"@id":"https:\/\/ozponcho.com.au\/#website"},"datePublished":"2022-11-26T03:06:36+00:00","dateModified":"2023-01-28T16:41:47+00:00","breadcrumb":{"@id":"https:\/\/ozponcho.com.au\/customer-reviews\/#breadcrumb"},"inLanguage":"de-AT","potentialAction":[{"@type":"ReadAction","target":["https:\/\/ozponcho.com.au\/customer-reviews\/"]}]},{"@type":"BreadcrumbList","@id":"https:\/\/ozponcho.com.au\/customer-reviews\/#breadcrumb","itemListElement":[{"@type":"ListItem","position":1,"name":"Home","item":"https:\/\/ozponcho.com.au\/"},{"@type":"ListItem","position":2,"name":"Customer Reviews"}]},{"@type":"WebSite","@id":"https:\/\/ozponcho.com.au\/#website","url":"https:\/\/ozponcho.com.au\/","name":"OZ Poncho","description":"","potentialAction":[{"@type":"SearchAction","target":{"@type":"EntryPoint","urlTemplate":"https:\/\/ozponcho.com.au\/?s={search_term_string}"},"query-input":{"@type":"PropertyValueSpecification","valueRequired":true,"valueName":"search_term_string"}}],"inLanguage":"de-AT"}]}},"_links":{"self":[{"href":"https:\/\/ozponcho.com.au\/de\/wp-json\/wp\/v2\/pages\/21","targetHints":{"allow":["GET"]}}],"collection":[{"href":"https:\/\/ozponcho.com.au\/de\/wp-json\/wp\/v2\/pages"}],"about":[{"href":"https:\/\/ozponcho.com.au\/de\/wp-json\/wp\/v2\/types\/page"}],"author":[{"embeddable":true,"href":"https:\/\/ozponcho.com.au\/de\/wp-json\/wp\/v2\/users\/1"}],"replies":[{"embeddable":true,"href":"https:\/\/ozponcho.com.au\/de\/wp-json\/wp\/v2\/comments?post=21"}],"version-history":[{"count":0,"href":"https:\/\/ozponcho.com.au\/de\/wp-json\/wp\/v2\/pages\/21\/revisions"}],"wp:attachment":[{"href":"https:\/\/ozponcho.com.au\/de\/wp-json\/wp\/v2\/media?parent=21"}],"curies":[{"name":"wp","href":"https:\/\/api.w.org\/{rel}","templated":true}]}}