{"id":16161,"date":"2023-12-30T22:39:23","date_gmt":"2023-12-30T11:39:23","guid":{"rendered":"https:\/\/ozponcho.com.au\/?post_type=product&#038;p=16161"},"modified":"2025-07-30T18:06:41","modified_gmt":"2025-07-30T07:06:41","slug":"tribal-style-womens-shawl","status":"publish","type":"product","link":"https:\/\/ozponcho.com.au\/da\/p\/sjal-til-kvinder-i-stammestil\/","title":{"rendered":"Poncho med b\u00f8hmiske frynser"},"content":{"rendered":"<p>Oplev det ultimative vintertilbeh\u00f8r med vores Bohemian Fringe Poncho, der er designet specielt til modebevidste kvinder. Den unikke blanding af polyester og akryl giver uovertruffen varme uden at g\u00e5 p\u00e5 kompromis med stilen. De levende stammem\u00f8nstre og frynsedetaljerne l\u00f8fter ethvert outfit og g\u00f8r denne poncho til en alsidig basis i din garderobe. Uanset om du er ude at shoppe eller nyder en aftentur, lover vores poncho, der er nem at b\u00e6re, at holde dig varm, mens du vender hoveder. G\u00f8r dig klar til at pakke dig ind i komfort og chik elegance med dette must-have s\u00e6sonplagg.<\/p>\n<h2>SPECIFIKATIONER<\/h2>\n<p>Brand Name: WINEBAMBOU<\/p>\n<p>Anvendelig s\u00e6son: Vinter<\/p>\n<p>Materiale: Akryl<\/p>\n<p>Materiale: Polyester<\/p>\n<p>K\u00f8n: KVINDER<\/p>\n<p>Funktion: Dekorere&nbsp;<\/p>\n<p>Afdelingens navn: Voksen<\/p>\n<p>Anvendelig scene: G\u00e5 p\u00e5 indk\u00f8b<\/p>\n<p>Stil: Mode<\/p>\n<p>M\u00f8nstertype: Geometrisk<\/p>\n<p>T\u00f8rkl\u00e6der L\u00e6ngde: 135cm-175cm<\/p>\n<p>Oprindelse: Det kinesiske fastland<\/p>\n<p>CN: Zhejiang<\/p>\n<p>Udgivelsesdato: Vinter 2022<\/p>\n<p>T\u00f8rkl\u00e6der Type: Pashmina<\/p>\n<p>Modelnummer: YG085<\/p>\n<p>Varetype: T\u00f8rkl\u00e6der<\/p>\n<p>Oprindelsessted: Kina (fastland)<\/p>\n<div>\n<div>\n<p>Til mine venner, der bes\u00f8ger min butik:<\/p>\n<p><strong>Stilnavn:&nbsp;<\/strong>Store t\u00f8rkl\u00e6der vintert\u00f8rkl\u00e6de kashmir poncho kvinder Boheme Sjaler Tribal Fringe H\u00e6ttetr\u00f8jer t\u00e6pper Cape sjal Ponchoer og kapper YG085<\/p>\n<p><strong>St\u00f8rrelse:&nbsp;<\/strong>130*150 cm (fejlomr\u00e5de 1-3 cm)<\/p>\n<p><strong>V\u00e6gt:<\/strong>&nbsp;ca. 500 g (v\u00e6gten er forskellig fra v\u00e6gten p\u00e5 markedet)<\/p>\n<p><strong>Materiale:&nbsp;<\/strong>50% polyester+50% acrlic<\/p>\n<p>H\u00e5ber du f\u00e5r en god tur<\/p>\n<p><img decoding=\"async\" src=\"https:\/\/ozponcho.com.au\/wp-content\/uploads\/2024\/03\/S516ded10f7904b1aa99eba335d916157m.webp\" \/><img decoding=\"async\" src=\"https:\/\/ozponcho.com.au\/wp-content\/uploads\/2024\/03\/S07efe052607b4dda82b38cf92dd87cc95.webp\" \/><img decoding=\"async\" src=\"https:\/\/ozponcho.com.au\/wp-content\/uploads\/2024\/03\/S653fe5329bdc44a980bc84cc2364e12f9.webp\" \/><img decoding=\"async\" src=\"https:\/\/ozponcho.com.au\/wp-content\/uploads\/2024\/03\/S1ff9e50b91214e7fa973cfbe7b4df6213.webp\" \/><img decoding=\"async\" src=\"https:\/\/ozponcho.com.au\/wp-content\/uploads\/2024\/03\/Sf2facdc4988a42289f2ce37832db9682V.webp\" \/><img decoding=\"async\" src=\"https:\/\/ozponcho.com.au\/wp-content\/uploads\/2024\/03\/S8922db4198e64db290235ec3861740a4c.webp\" \/><img decoding=\"async\" src=\"https:\/\/ozponcho.com.au\/wp-content\/uploads\/2024\/03\/Sc1ed1bf897404d2daba9378ba038ead7r.webp\" \/><img decoding=\"async\" src=\"https:\/\/ozponcho.com.au\/wp-content\/uploads\/2024\/03\/Sd4f897279ba94daba5c57ca9be544213J.webp\" \/><\/p>\n<\/p><\/div>\n<\/p><\/div>","protected":false},"excerpt":{"rendered":"<p>Discover the ultimate winter accessory with our Bohemian Fringe Poncho, designed especially for fashion-forward women. Its unique blend of polyester and acrylic provides unmatched warmth without sacrificing style. The vibrant tribal patterns and fringe detailing will elevate any outfit, making this poncho a versatile staple for your wardrobe. Whether you&#8217;re out shopping or enjoying an [&#8230;]","protected":false},"featured_media":16151,"template":"","meta":[],"product_brand":[],"product_cat":[219,229,226,15,210,215],"product_tag":[],"class_list":{"0":"post-16161","1":"product","2":"type-product","3":"status-publish","4":"has-post-thumbnail","6":"product_cat-black-poncho","7":"product_cat-blanket-poncho","8":"product_cat-brown-poncho","9":"product_cat-main-category","10":"product_cat-poncho-women","11":"product_cat-wool-poncho","13":"first","14":"instock","15":"shipping-taxable","16":"purchasable","17":"product-type-variable"},"yoast_head":"<!-- This site is optimized with the Yoast SEO plugin v25.9 - https:\/\/yoast.com\/wordpress\/plugins\/seo\/ -->\n<title>Bohemian Fringe Poncho | Danmark #1 Poncho Shop<\/title>\n<meta name=\"description\" content=\"Looking for a Bohemian Fringe Poncho ? You&#039;ve come to the right place \ud83d\ude04 We offers a wide selection of Bohemian Fringe Poncho, perfect for you.\" \/>\n<meta name=\"robots\" content=\"index, follow, max-snippet:-1, max-image-preview:large, max-video-preview:-1\" \/>\n<link rel=\"canonical\" href=\"https:\/\/ozponcho.com.au\/da\/p\/sjal-til-kvinder-i-stammestil\/\" \/>\n<meta property=\"og:locale\" content=\"da_DK\" \/>\n<meta property=\"og:type\" content=\"article\" \/>\n<meta property=\"og:title\" content=\"Bohemian Fringe Poncho | Danmark #1 Poncho Shop\" \/>\n<meta property=\"og:description\" content=\"Looking for a Bohemian Fringe Poncho ? You&#039;ve come to the right place \ud83d\ude04 We offers a wide selection of Bohemian Fringe Poncho, perfect for you.\" \/>\n<meta property=\"og:url\" content=\"https:\/\/ozponcho.com.au\/da\/p\/sjal-til-kvinder-i-stammestil\/\" \/>\n<meta property=\"og:site_name\" content=\"OZ Poncho\" \/>\n<meta property=\"article:modified_time\" content=\"2025-07-30T07:06:41+00:00\" \/>\n<meta property=\"og:image\" content=\"https:\/\/ozponcho.com.au\/wp-content\/uploads\/2023\/12\/HTB1NCXwQVXXXXXqXXXXq6xXFXXXs-1.webp\" \/>\n\t<meta property=\"og:image:width\" content=\"800\" \/>\n\t<meta property=\"og:image:height\" content=\"800\" \/>\n\t<meta property=\"og:image:type\" content=\"image\/webp\" \/>\n<meta name=\"twitter:card\" content=\"summary_large_image\" \/>\n<meta name=\"twitter:label1\" content=\"Estimeret l\u00e6setid\" \/>\n\t<meta name=\"twitter:data1\" content=\"1 minut\" \/>\n<script type=\"application\/ld+json\" class=\"yoast-schema-graph\">{\"@context\":\"https:\/\/schema.org\",\"@graph\":[{\"@type\":\"WebPage\",\"@id\":\"https:\/\/ozponcho.com.au\/p\/tribal-style-womens-shawl\/\",\"url\":\"https:\/\/ozponcho.com.au\/p\/tribal-style-womens-shawl\/\",\"name\":\"Bohemian Fringe Poncho | Danmark #1 Poncho Shop\",\"isPartOf\":{\"@id\":\"https:\/\/ozponcho.com.au\/#website\"},\"primaryImageOfPage\":{\"@id\":\"https:\/\/ozponcho.com.au\/p\/tribal-style-womens-shawl\/#primaryimage\"},\"image\":{\"@id\":\"https:\/\/ozponcho.com.au\/p\/tribal-style-womens-shawl\/#primaryimage\"},\"thumbnailUrl\":\"https:\/\/ozponcho.com.au\/wp-content\/uploads\/2023\/12\/HTB1NCXwQVXXXXXqXXXXq6xXFXXXs-1.webp\",\"datePublished\":\"2023-12-30T11:39:23+00:00\",\"dateModified\":\"2025-07-30T07:06:41+00:00\",\"description\":\"Looking for a Bohemian Fringe Poncho ? You've come to the right place \ud83d\ude04 We offers a wide selection of Bohemian Fringe Poncho, perfect for you.\",\"breadcrumb\":{\"@id\":\"https:\/\/ozponcho.com.au\/p\/tribal-style-womens-shawl\/#breadcrumb\"},\"inLanguage\":\"da-DK\",\"potentialAction\":[{\"@type\":\"ReadAction\",\"target\":[\"https:\/\/ozponcho.com.au\/p\/tribal-style-womens-shawl\/\"]}]},{\"@type\":\"ImageObject\",\"inLanguage\":\"da-DK\",\"@id\":\"https:\/\/ozponcho.com.au\/p\/tribal-style-womens-shawl\/#primaryimage\",\"url\":\"https:\/\/ozponcho.com.au\/wp-content\/uploads\/2023\/12\/HTB1NCXwQVXXXXXqXXXXq6xXFXXXs-1.webp\",\"contentUrl\":\"https:\/\/ozponcho.com.au\/wp-content\/uploads\/2023\/12\/HTB1NCXwQVXXXXXqXXXXq6xXFXXXs-1.webp\",\"width\":800,\"height\":800,\"caption\":\"Bohemian Fringe Poncho\"},{\"@type\":\"BreadcrumbList\",\"@id\":\"https:\/\/ozponcho.com.au\/p\/tribal-style-womens-shawl\/#breadcrumb\",\"itemListElement\":[{\"@type\":\"ListItem\",\"position\":1,\"name\":\"Home\",\"item\":\"https:\/\/ozponcho.com.au\/\"},{\"@type\":\"ListItem\",\"position\":2,\"name\":\"Shop\",\"item\":\"https:\/\/ozponcho.com.au\/shop\/\"},{\"@type\":\"ListItem\",\"position\":3,\"name\":\"Bohemian Fringe Poncho\"}]},{\"@type\":\"WebSite\",\"@id\":\"https:\/\/ozponcho.com.au\/#website\",\"url\":\"https:\/\/ozponcho.com.au\/\",\"name\":\"OZ Poncho\",\"description\":\"\",\"potentialAction\":[{\"@type\":\"SearchAction\",\"target\":{\"@type\":\"EntryPoint\",\"urlTemplate\":\"https:\/\/ozponcho.com.au\/?s={search_term_string}\"},\"query-input\":{\"@type\":\"PropertyValueSpecification\",\"valueRequired\":true,\"valueName\":\"search_term_string\"}}],\"inLanguage\":\"da-DK\"}]}<\/script>\n<!-- \/ Yoast SEO plugin. -->","yoast_head_json":{"title":"Bohemian Fringe Poncho | Danmark #1 Poncho Shop","description":"Leder du efter en Bohemian Fringe Poncho? Du er kommet til det rette sted \ud83d\ude04 Vi tilbyder et bredt udvalg af Bohemian Fringe Poncho, perfekt til dig.","robots":{"index":"index","follow":"follow","max-snippet":"max-snippet:-1","max-image-preview":"max-image-preview:large","max-video-preview":"max-video-preview:-1"},"canonical":"https:\/\/ozponcho.com.au\/da\/p\/sjal-til-kvinder-i-stammestil\/","og_locale":"da_DK","og_type":"article","og_title":"Bohemian Fringe Poncho | Danmark #1 Poncho Shop","og_description":"Looking for a Bohemian Fringe Poncho ? You've come to the right place \ud83d\ude04 We offers a wide selection of Bohemian Fringe Poncho, perfect for you.","og_url":"https:\/\/ozponcho.com.au\/da\/p\/sjal-til-kvinder-i-stammestil\/","og_site_name":"OZ Poncho","article_modified_time":"2025-07-30T07:06:41+00:00","og_image":[{"width":800,"height":800,"url":"https:\/\/ozponcho.com.au\/wp-content\/uploads\/2023\/12\/HTB1NCXwQVXXXXXqXXXXq6xXFXXXs-1.webp","type":"image\/webp"}],"twitter_card":"summary_large_image","twitter_misc":{"Estimeret l\u00e6setid":"1 minut"},"schema":{"@context":"https:\/\/schema.org","@graph":[{"@type":"WebPage","@id":"https:\/\/ozponcho.com.au\/p\/tribal-style-womens-shawl\/","url":"https:\/\/ozponcho.com.au\/p\/tribal-style-womens-shawl\/","name":"Bohemian Fringe Poncho | Danmark #1 Poncho Shop","isPartOf":{"@id":"https:\/\/ozponcho.com.au\/#website"},"primaryImageOfPage":{"@id":"https:\/\/ozponcho.com.au\/p\/tribal-style-womens-shawl\/#primaryimage"},"image":{"@id":"https:\/\/ozponcho.com.au\/p\/tribal-style-womens-shawl\/#primaryimage"},"thumbnailUrl":"https:\/\/ozponcho.com.au\/wp-content\/uploads\/2023\/12\/HTB1NCXwQVXXXXXqXXXXq6xXFXXXs-1.webp","datePublished":"2023-12-30T11:39:23+00:00","dateModified":"2025-07-30T07:06:41+00:00","description":"Leder du efter en Bohemian Fringe Poncho? Du er kommet til det rette sted \ud83d\ude04 Vi tilbyder et bredt udvalg af Bohemian Fringe Poncho, perfekt til dig.","breadcrumb":{"@id":"https:\/\/ozponcho.com.au\/p\/tribal-style-womens-shawl\/#breadcrumb"},"inLanguage":"da-DK","potentialAction":[{"@type":"ReadAction","target":["https:\/\/ozponcho.com.au\/p\/tribal-style-womens-shawl\/"]}]},{"@type":"ImageObject","inLanguage":"da-DK","@id":"https:\/\/ozponcho.com.au\/p\/tribal-style-womens-shawl\/#primaryimage","url":"https:\/\/ozponcho.com.au\/wp-content\/uploads\/2023\/12\/HTB1NCXwQVXXXXXqXXXXq6xXFXXXs-1.webp","contentUrl":"https:\/\/ozponcho.com.au\/wp-content\/uploads\/2023\/12\/HTB1NCXwQVXXXXXqXXXXq6xXFXXXs-1.webp","width":800,"height":800,"caption":"Bohemian Fringe Poncho"},{"@type":"BreadcrumbList","@id":"https:\/\/ozponcho.com.au\/p\/tribal-style-womens-shawl\/#breadcrumb","itemListElement":[{"@type":"ListItem","position":1,"name":"Home","item":"https:\/\/ozponcho.com.au\/"},{"@type":"ListItem","position":2,"name":"Shop","item":"https:\/\/ozponcho.com.au\/shop\/"},{"@type":"ListItem","position":3,"name":"Bohemian Fringe Poncho"}]},{"@type":"WebSite","@id":"https:\/\/ozponcho.com.au\/#website","url":"https:\/\/ozponcho.com.au\/","name":"OZ Poncho","description":"","potentialAction":[{"@type":"SearchAction","target":{"@type":"EntryPoint","urlTemplate":"https:\/\/ozponcho.com.au\/?s={search_term_string}"},"query-input":{"@type":"PropertyValueSpecification","valueRequired":true,"valueName":"search_term_string"}}],"inLanguage":"da-DK"}]}},"_links":{"self":[{"href":"https:\/\/ozponcho.com.au\/da\/wp-json\/wp\/v2\/product\/16161","targetHints":{"allow":["GET"]}}],"collection":[{"href":"https:\/\/ozponcho.com.au\/da\/wp-json\/wp\/v2\/product"}],"about":[{"href":"https:\/\/ozponcho.com.au\/da\/wp-json\/wp\/v2\/types\/product"}],"wp:featuredmedia":[{"embeddable":true,"href":"https:\/\/ozponcho.com.au\/da\/wp-json\/wp\/v2\/media\/16151"}],"wp:attachment":[{"href":"https:\/\/ozponcho.com.au\/da\/wp-json\/wp\/v2\/media?parent=16161"}],"wp:term":[{"taxonomy":"product_brand","embeddable":true,"href":"https:\/\/ozponcho.com.au\/da\/wp-json\/wp\/v2\/product_brand?post=16161"},{"taxonomy":"product_cat","embeddable":true,"href":"https:\/\/ozponcho.com.au\/da\/wp-json\/wp\/v2\/product_cat?post=16161"},{"taxonomy":"product_tag","embeddable":true,"href":"https:\/\/ozponcho.com.au\/da\/wp-json\/wp\/v2\/product_tag?post=16161"}],"curies":[{"name":"wp","href":"https:\/\/api.w.org\/{rel}","templated":true}]}}