{"id":14953,"date":"2023-12-30T22:18:24","date_gmt":"2023-12-30T11:18:24","guid":{"rendered":"https:\/\/ozponcho.com.au\/?post_type=product&#038;p=14953"},"modified":"2024-12-18T15:49:39","modified_gmt":"2024-12-18T04:49:39","slug":"toddler-fleece-cape-cozy","status":"publish","type":"product","link":"https:\/\/ozponcho.com.au\/da\/p\/fleece-kappe-til-smaborn\/","title":{"rendered":"Poncho med fleece og h\u00e6tte til baby"},"content":{"rendered":"<p>Giv dit barn varme og stil med denne Baby Fleece Hooded Poncho. Den er lavet af en sk\u00f8n blanding af bomuld og polyester og er designet til at give god komfort og holdbarhed p\u00e5 alle \u00e5rstider. De charmerende bj\u00f8rne\u00f8rer p\u00e5 h\u00e6tten tilf\u00f8jer et strejf af lunefuldhed, mens de praktiske knaplukninger sikrer nem p\u00e5kl\u00e6dning. Denne poncho er perfekt til udflugter med barnevognen eller hyggestunder og er et must-have for alle for\u00e6ldre, der \u00f8nsker en kombination af praktisk og yndig mode til deres baby. Giv komfort og nuttethed i gave - ideel til din baby eller som en bet\u00e6nksom gave.<\/p>\n<h2>SPECIFIKATIONER<\/h2>\n<p>Brandnavn: NoEnName_Null<\/p>\n<p>Stil: Mode<\/p>\n<p>Oprindelse: Det kinesiske fastland<\/p>\n<p>CN: Zhejiang<\/p>\n<p>Materiale: BOMULD<\/p>\n<p>Materiale: Polyester<\/p>\n<p>Aldersgruppe: 0-6m<\/p>\n<p>Aldersgruppe: 7-12m<\/p>\n<p>Aldersgruppe: 13-24m<\/p>\n<p>K\u00f8n: baby unisex<\/p>\n<p>Afdelingens navn: Baby<\/p>\n<p>Krave: H\u00e6tte<\/p>\n<p>\u00c6rmestil: Almindelig<\/p>\n<p>Model nummer: LC180<\/p>\n<p>Type stof: Fleece<\/p>\n<p>Materialesammens\u00e6tning: bomuld<\/p>\n<p>M\u00f8nstertype: Print<\/p>\n<p>\u00c6rmel\u00e6ngde (cm): Hel<\/p>\n<p>Pasform: Passer til st\u00f8rrelsen<\/p>","protected":false},"excerpt":{"rendered":"<p>Embrace warmth and style for your little one with this Baby Fleece Hooded Poncho. Made with a delightful blend of cotton and polyester, it&#8217;s designed for snug comfort and durability through all seasons. The charming bear ears on the hood add a touch of whimsy, while the convenient button closures ensure easy dressing. Perfect for [&#8230;]","protected":false},"featured_media":14945,"template":"","meta":[],"product_brand":[],"product_cat":[226,15,213],"product_tag":[],"class_list":{"0":"post-14953","1":"product","2":"type-product","3":"status-publish","4":"has-post-thumbnail","6":"product_cat-brown-poncho","7":"product_cat-main-category","8":"product_cat-poncho-baby","10":"first","11":"instock","12":"shipping-taxable","13":"purchasable","14":"product-type-variable"},"yoast_head":"<!-- This site is optimized with the Yoast SEO plugin v25.9 - https:\/\/yoast.com\/wordpress\/plugins\/seo\/ -->\n<title>Baby Fleece Hooded Poncho | Danmark #1 Poncho Shop<\/title>\n<meta name=\"description\" content=\"Looking for a Baby Fleece Hooded Poncho ? You&#039;ve come to the right place \ud83d\ude04 We offers a wide selection of Baby Fleece Hooded Poncho, perfect for you.\" \/>\n<meta name=\"robots\" content=\"index, follow, max-snippet:-1, max-image-preview:large, max-video-preview:-1\" \/>\n<link rel=\"canonical\" href=\"https:\/\/ozponcho.com.au\/da\/p\/fleece-kappe-til-smaborn\/\" \/>\n<meta property=\"og:locale\" content=\"da_DK\" \/>\n<meta property=\"og:type\" content=\"article\" \/>\n<meta property=\"og:title\" content=\"Baby Fleece Hooded Poncho | Danmark #1 Poncho Shop\" \/>\n<meta property=\"og:description\" content=\"Looking for a Baby Fleece Hooded Poncho ? You&#039;ve come to the right place \ud83d\ude04 We offers a wide selection of Baby Fleece Hooded Poncho, perfect for you.\" \/>\n<meta property=\"og:url\" content=\"https:\/\/ozponcho.com.au\/da\/p\/fleece-kappe-til-smaborn\/\" \/>\n<meta property=\"og:site_name\" content=\"OZ Poncho\" \/>\n<meta property=\"article:modified_time\" content=\"2024-12-18T04:49:39+00:00\" \/>\n<meta property=\"og:image\" content=\"https:\/\/ozponcho.com.au\/wp-content\/uploads\/2023\/12\/S0a643a48d6e7418b914b705af3966484u.webp\" \/>\n\t<meta property=\"og:image:width\" content=\"800\" \/>\n\t<meta property=\"og:image:height\" content=\"800\" \/>\n\t<meta property=\"og:image:type\" content=\"image\/webp\" \/>\n<meta name=\"twitter:card\" content=\"summary_large_image\" \/>\n<meta name=\"twitter:label1\" content=\"Estimeret l\u00e6setid\" \/>\n\t<meta name=\"twitter:data1\" content=\"1 minut\" \/>\n<script type=\"application\/ld+json\" class=\"yoast-schema-graph\">{\"@context\":\"https:\/\/schema.org\",\"@graph\":[{\"@type\":\"WebPage\",\"@id\":\"https:\/\/ozponcho.com.au\/p\/toddler-fleece-cape-cozy\/\",\"url\":\"https:\/\/ozponcho.com.au\/p\/toddler-fleece-cape-cozy\/\",\"name\":\"Baby Fleece Hooded Poncho | Danmark #1 Poncho Shop\",\"isPartOf\":{\"@id\":\"https:\/\/ozponcho.com.au\/#website\"},\"primaryImageOfPage\":{\"@id\":\"https:\/\/ozponcho.com.au\/p\/toddler-fleece-cape-cozy\/#primaryimage\"},\"image\":{\"@id\":\"https:\/\/ozponcho.com.au\/p\/toddler-fleece-cape-cozy\/#primaryimage\"},\"thumbnailUrl\":\"https:\/\/ozponcho.com.au\/wp-content\/uploads\/2023\/12\/S0a643a48d6e7418b914b705af3966484u.webp\",\"datePublished\":\"2023-12-30T11:18:24+00:00\",\"dateModified\":\"2024-12-18T04:49:39+00:00\",\"description\":\"Looking for a Baby Fleece Hooded Poncho ? You've come to the right place \ud83d\ude04 We offers a wide selection of Baby Fleece Hooded Poncho, perfect for you.\",\"breadcrumb\":{\"@id\":\"https:\/\/ozponcho.com.au\/p\/toddler-fleece-cape-cozy\/#breadcrumb\"},\"inLanguage\":\"da-DK\",\"potentialAction\":[{\"@type\":\"ReadAction\",\"target\":[\"https:\/\/ozponcho.com.au\/p\/toddler-fleece-cape-cozy\/\"]}]},{\"@type\":\"ImageObject\",\"inLanguage\":\"da-DK\",\"@id\":\"https:\/\/ozponcho.com.au\/p\/toddler-fleece-cape-cozy\/#primaryimage\",\"url\":\"https:\/\/ozponcho.com.au\/wp-content\/uploads\/2023\/12\/S0a643a48d6e7418b914b705af3966484u.webp\",\"contentUrl\":\"https:\/\/ozponcho.com.au\/wp-content\/uploads\/2023\/12\/S0a643a48d6e7418b914b705af3966484u.webp\",\"width\":800,\"height\":800,\"caption\":\"Baby Fleece Hooded Poncho\"},{\"@type\":\"BreadcrumbList\",\"@id\":\"https:\/\/ozponcho.com.au\/p\/toddler-fleece-cape-cozy\/#breadcrumb\",\"itemListElement\":[{\"@type\":\"ListItem\",\"position\":1,\"name\":\"Home\",\"item\":\"https:\/\/ozponcho.com.au\/\"},{\"@type\":\"ListItem\",\"position\":2,\"name\":\"Shop\",\"item\":\"https:\/\/ozponcho.com.au\/shop\/\"},{\"@type\":\"ListItem\",\"position\":3,\"name\":\"Baby Fleece Hooded Poncho\"}]},{\"@type\":\"WebSite\",\"@id\":\"https:\/\/ozponcho.com.au\/#website\",\"url\":\"https:\/\/ozponcho.com.au\/\",\"name\":\"OZ Poncho\",\"description\":\"\",\"potentialAction\":[{\"@type\":\"SearchAction\",\"target\":{\"@type\":\"EntryPoint\",\"urlTemplate\":\"https:\/\/ozponcho.com.au\/?s={search_term_string}\"},\"query-input\":{\"@type\":\"PropertyValueSpecification\",\"valueRequired\":true,\"valueName\":\"search_term_string\"}}],\"inLanguage\":\"da-DK\"}]}<\/script>\n<!-- \/ Yoast SEO plugin. -->","yoast_head_json":{"title":"Baby Fleece Poncho med h\u00e6tte | Danmark #1 Poncho Shop","description":"Leder du efter en Baby Fleece Poncho med h\u00e6tte? Du er kommet til det rette sted \ud83d\ude04 Vi tilbyder et bredt udvalg af Baby Fleece Hooded Poncho, perfekt til dig.","robots":{"index":"index","follow":"follow","max-snippet":"max-snippet:-1","max-image-preview":"max-image-preview:large","max-video-preview":"max-video-preview:-1"},"canonical":"https:\/\/ozponcho.com.au\/da\/p\/fleece-kappe-til-smaborn\/","og_locale":"da_DK","og_type":"article","og_title":"Baby Fleece Hooded Poncho | Danmark #1 Poncho Shop","og_description":"Looking for a Baby Fleece Hooded Poncho ? You've come to the right place \ud83d\ude04 We offers a wide selection of Baby Fleece Hooded Poncho, perfect for you.","og_url":"https:\/\/ozponcho.com.au\/da\/p\/fleece-kappe-til-smaborn\/","og_site_name":"OZ Poncho","article_modified_time":"2024-12-18T04:49:39+00:00","og_image":[{"width":800,"height":800,"url":"https:\/\/ozponcho.com.au\/wp-content\/uploads\/2023\/12\/S0a643a48d6e7418b914b705af3966484u.webp","type":"image\/webp"}],"twitter_card":"summary_large_image","twitter_misc":{"Estimeret l\u00e6setid":"1 minut"},"schema":{"@context":"https:\/\/schema.org","@graph":[{"@type":"WebPage","@id":"https:\/\/ozponcho.com.au\/p\/toddler-fleece-cape-cozy\/","url":"https:\/\/ozponcho.com.au\/p\/toddler-fleece-cape-cozy\/","name":"Baby Fleece Poncho med h\u00e6tte | Danmark #1 Poncho Shop","isPartOf":{"@id":"https:\/\/ozponcho.com.au\/#website"},"primaryImageOfPage":{"@id":"https:\/\/ozponcho.com.au\/p\/toddler-fleece-cape-cozy\/#primaryimage"},"image":{"@id":"https:\/\/ozponcho.com.au\/p\/toddler-fleece-cape-cozy\/#primaryimage"},"thumbnailUrl":"https:\/\/ozponcho.com.au\/wp-content\/uploads\/2023\/12\/S0a643a48d6e7418b914b705af3966484u.webp","datePublished":"2023-12-30T11:18:24+00:00","dateModified":"2024-12-18T04:49:39+00:00","description":"Leder du efter en Baby Fleece Poncho med h\u00e6tte? Du er kommet til det rette sted \ud83d\ude04 Vi tilbyder et bredt udvalg af Baby Fleece Hooded Poncho, perfekt til dig.","breadcrumb":{"@id":"https:\/\/ozponcho.com.au\/p\/toddler-fleece-cape-cozy\/#breadcrumb"},"inLanguage":"da-DK","potentialAction":[{"@type":"ReadAction","target":["https:\/\/ozponcho.com.au\/p\/toddler-fleece-cape-cozy\/"]}]},{"@type":"ImageObject","inLanguage":"da-DK","@id":"https:\/\/ozponcho.com.au\/p\/toddler-fleece-cape-cozy\/#primaryimage","url":"https:\/\/ozponcho.com.au\/wp-content\/uploads\/2023\/12\/S0a643a48d6e7418b914b705af3966484u.webp","contentUrl":"https:\/\/ozponcho.com.au\/wp-content\/uploads\/2023\/12\/S0a643a48d6e7418b914b705af3966484u.webp","width":800,"height":800,"caption":"Baby Fleece Hooded Poncho"},{"@type":"BreadcrumbList","@id":"https:\/\/ozponcho.com.au\/p\/toddler-fleece-cape-cozy\/#breadcrumb","itemListElement":[{"@type":"ListItem","position":1,"name":"Home","item":"https:\/\/ozponcho.com.au\/"},{"@type":"ListItem","position":2,"name":"Shop","item":"https:\/\/ozponcho.com.au\/shop\/"},{"@type":"ListItem","position":3,"name":"Baby Fleece Hooded Poncho"}]},{"@type":"WebSite","@id":"https:\/\/ozponcho.com.au\/#website","url":"https:\/\/ozponcho.com.au\/","name":"OZ Poncho","description":"","potentialAction":[{"@type":"SearchAction","target":{"@type":"EntryPoint","urlTemplate":"https:\/\/ozponcho.com.au\/?s={search_term_string}"},"query-input":{"@type":"PropertyValueSpecification","valueRequired":true,"valueName":"search_term_string"}}],"inLanguage":"da-DK"}]}},"_links":{"self":[{"href":"https:\/\/ozponcho.com.au\/da\/wp-json\/wp\/v2\/product\/14953","targetHints":{"allow":["GET"]}}],"collection":[{"href":"https:\/\/ozponcho.com.au\/da\/wp-json\/wp\/v2\/product"}],"about":[{"href":"https:\/\/ozponcho.com.au\/da\/wp-json\/wp\/v2\/types\/product"}],"wp:featuredmedia":[{"embeddable":true,"href":"https:\/\/ozponcho.com.au\/da\/wp-json\/wp\/v2\/media\/14945"}],"wp:attachment":[{"href":"https:\/\/ozponcho.com.au\/da\/wp-json\/wp\/v2\/media?parent=14953"}],"wp:term":[{"taxonomy":"product_brand","embeddable":true,"href":"https:\/\/ozponcho.com.au\/da\/wp-json\/wp\/v2\/product_brand?post=14953"},{"taxonomy":"product_cat","embeddable":true,"href":"https:\/\/ozponcho.com.au\/da\/wp-json\/wp\/v2\/product_cat?post=14953"},{"taxonomy":"product_tag","embeddable":true,"href":"https:\/\/ozponcho.com.au\/da\/wp-json\/wp\/v2\/product_tag?post=14953"}],"curies":[{"name":"wp","href":"https:\/\/api.w.org\/{rel}","templated":true}]}}