{"id":14300,"date":"2023-12-13T18:44:03","date_gmt":"2023-12-13T07:44:03","guid":{"rendered":"https:\/\/ozponcho.com.au\/p\/women-autumn-winter-knitwear-collar-pullover-hemp-pattern-sweater-coat\/"},"modified":"2024-04-19T19:22:13","modified_gmt":"2024-04-19T08:22:13","slug":"autumn-winter-cozy-poncho","status":"publish","type":"product","link":"https:\/\/ozponcho.com.au\/da\/p\/efterar-vinter-hyggelig-poncho\/","title":{"rendered":"Chic poncho-sweater i hamp"},"content":{"rendered":"<p>Omfavn elegance og varme i efter\u00e5rs- og vinters\u00e6sonen med vores smarte ponchosweater. Denne luksuri\u00f8st lange og l\u00f8stsiddende poncho er skabt til modebevidste kvinder og har en plysset, pelslignende kant, der udstr\u00e5ler raffinement. Den er fremstillet af bl\u00f8d akryl med hampem\u00f8nster og lover at holde dig varm, samtidig med at du laver et stilfuldt statement. Halsudsk\u00e6ringen og dolman-\u00e6rmerne giver komfort uden at g\u00e5 p\u00e5 kompromis med stilen. G\u00f8r din garderobe til det kolde vejr mere elegant, og skab opm\u00e6rksomhed, uanset hvor du g\u00e5r hen, med denne uds\u00f8gte abrikosfarvede poncho.<\/p>\n<div>Stil: Afslappet<\/div>\n<div>Pasform: L\u00f8s<\/div>\n<div>Stof: Jersey<\/div>\n<div>M\u00f8nster: Ensfarvet<\/div>\n<div>Element: Ikke<\/div>\n<div>L\u00e6ngde p\u00e5 top: Lang<\/div>\n<div>Halsudsk\u00e6ring: B\u00f8llehals<\/div>\n<div>\u00c6rmetype: Dolman-\u00e6rme<\/div>\n<div>\u00c6rmel\u00e6ngde: Lang\u00e6rmet<\/div>\n<div>Vigtigste sammens\u00e6tning: Akryl<\/div>\n<div>S\u00e6son: Efter\u00e5r\/vinter<\/div>\n<p><img decoding=\"async\" src=\"https:\/\/ozponcho.com.au\/wp-content\/uploads\/2024\/03\/1166746053362319360.png\" \/><img decoding=\"async\" src=\"https:\/\/ozponcho.com.au\/wp-content\/uploads\/2024\/03\/O1CN01zO0P6y1HIfy5ktME2_2331630735-0-cib.jpg\" \/><\/p>","protected":false},"excerpt":{"rendered":"<p>Embrace elegance and warmth this autumn-winter season with our chic poncho sweater. Curated for fashion-forward women, this luxuriously long and loose-fitting poncho boasts a plush, fur-like trim that exudes sophistication. Crafted from soft acrylic with a hemp pattern, it promises to keep you cozy while making a stylish statement. Its mock neck and dolman sleeve [&#8230;]","protected":false},"featured_media":14244,"template":"","meta":[],"product_brand":[],"product_cat":[226,218,15,228,214,210],"product_tag":[],"class_list":{"0":"post-14300","1":"product","2":"type-product","3":"status-publish","4":"has-post-thumbnail","6":"product_cat-brown-poncho","7":"product_cat-fur-poncho","8":"product_cat-main-category","9":"product_cat-poncho-sweater","10":"product_cat-knitted-crochet-poncho","11":"product_cat-poncho-women","13":"first","14":"outofstock","15":"shipping-taxable","16":"purchasable","17":"product-type-variable"},"yoast_head":"<!-- This site is optimized with the Yoast SEO plugin v25.9 - https:\/\/yoast.com\/wordpress\/plugins\/seo\/ -->\n<title>Chic Hemp Poncho Sweater | Danmark #1 Poncho Shop<\/title>\n<meta name=\"description\" content=\"Looking for a Chic Hemp Poncho Sweater ? You&#039;ve come to the right place \ud83d\ude04 We offers a wide selection of Chic Hemp Poncho Sweater s , perfect for you.\" \/>\n<meta name=\"robots\" content=\"index, follow, max-snippet:-1, max-image-preview:large, max-video-preview:-1\" \/>\n<link rel=\"canonical\" href=\"https:\/\/ozponcho.com.au\/da\/p\/efterar-vinter-hyggelig-poncho\/\" \/>\n<meta property=\"og:locale\" content=\"da_DK\" \/>\n<meta property=\"og:type\" content=\"article\" \/>\n<meta property=\"og:title\" content=\"Chic Hemp Poncho Sweater | Danmark #1 Poncho Shop\" \/>\n<meta property=\"og:description\" content=\"Looking for a Chic Hemp Poncho Sweater ? You&#039;ve come to the right place \ud83d\ude04 We offers a wide selection of Chic Hemp Poncho Sweater s , perfect for you.\" \/>\n<meta property=\"og:url\" content=\"https:\/\/ozponcho.com.au\/da\/p\/efterar-vinter-hyggelig-poncho\/\" \/>\n<meta property=\"og:site_name\" content=\"OZ Poncho\" \/>\n<meta property=\"article:modified_time\" content=\"2024-04-19T08:22:13+00:00\" \/>\n<meta property=\"og:image\" content=\"https:\/\/ozponcho.com.au\/wp-content\/uploads\/2023\/12\/O1CN01pGfxo51HIfyCWdZ8U_2331630735-0-cib.jpg\" \/>\n\t<meta property=\"og:image:width\" content=\"1200\" \/>\n\t<meta property=\"og:image:height\" content=\"1200\" \/>\n\t<meta property=\"og:image:type\" content=\"image\/jpeg\" \/>\n<meta name=\"twitter:card\" content=\"summary_large_image\" \/>\n<meta name=\"twitter:label1\" content=\"Estimeret l\u00e6setid\" \/>\n\t<meta name=\"twitter:data1\" content=\"2 minutter\" \/>\n<script type=\"application\/ld+json\" class=\"yoast-schema-graph\">{\"@context\":\"https:\/\/schema.org\",\"@graph\":[{\"@type\":\"WebPage\",\"@id\":\"https:\/\/ozponcho.com.au\/p\/autumn-winter-cozy-poncho\/\",\"url\":\"https:\/\/ozponcho.com.au\/p\/autumn-winter-cozy-poncho\/\",\"name\":\"Chic Hemp Poncho Sweater | Danmark #1 Poncho Shop\",\"isPartOf\":{\"@id\":\"https:\/\/ozponcho.com.au\/#website\"},\"primaryImageOfPage\":{\"@id\":\"https:\/\/ozponcho.com.au\/p\/autumn-winter-cozy-poncho\/#primaryimage\"},\"image\":{\"@id\":\"https:\/\/ozponcho.com.au\/p\/autumn-winter-cozy-poncho\/#primaryimage\"},\"thumbnailUrl\":\"https:\/\/ozponcho.com.au\/wp-content\/uploads\/2023\/12\/O1CN01pGfxo51HIfyCWdZ8U_2331630735-0-cib.jpg\",\"datePublished\":\"2023-12-13T07:44:03+00:00\",\"dateModified\":\"2024-04-19T08:22:13+00:00\",\"description\":\"Looking for a Chic Hemp Poncho Sweater ? You've come to the right place \ud83d\ude04 We offers a wide selection of Chic Hemp Poncho Sweater s , perfect for you.\",\"breadcrumb\":{\"@id\":\"https:\/\/ozponcho.com.au\/p\/autumn-winter-cozy-poncho\/#breadcrumb\"},\"inLanguage\":\"da-DK\",\"potentialAction\":[{\"@type\":\"ReadAction\",\"target\":[\"https:\/\/ozponcho.com.au\/p\/autumn-winter-cozy-poncho\/\"]}]},{\"@type\":\"ImageObject\",\"inLanguage\":\"da-DK\",\"@id\":\"https:\/\/ozponcho.com.au\/p\/autumn-winter-cozy-poncho\/#primaryimage\",\"url\":\"https:\/\/ozponcho.com.au\/wp-content\/uploads\/2023\/12\/O1CN01pGfxo51HIfyCWdZ8U_2331630735-0-cib.jpg\",\"contentUrl\":\"https:\/\/ozponcho.com.au\/wp-content\/uploads\/2023\/12\/O1CN01pGfxo51HIfyCWdZ8U_2331630735-0-cib.jpg\",\"width\":1200,\"height\":1200,\"caption\":\"Chic Hemp Poncho Sweater\"},{\"@type\":\"BreadcrumbList\",\"@id\":\"https:\/\/ozponcho.com.au\/p\/autumn-winter-cozy-poncho\/#breadcrumb\",\"itemListElement\":[{\"@type\":\"ListItem\",\"position\":1,\"name\":\"Home\",\"item\":\"https:\/\/ozponcho.com.au\/\"},{\"@type\":\"ListItem\",\"position\":2,\"name\":\"Shop\",\"item\":\"https:\/\/ozponcho.com.au\/shop\/\"},{\"@type\":\"ListItem\",\"position\":3,\"name\":\"Chic Hemp Poncho Sweater\"}]},{\"@type\":\"WebSite\",\"@id\":\"https:\/\/ozponcho.com.au\/#website\",\"url\":\"https:\/\/ozponcho.com.au\/\",\"name\":\"OZ Poncho\",\"description\":\"\",\"potentialAction\":[{\"@type\":\"SearchAction\",\"target\":{\"@type\":\"EntryPoint\",\"urlTemplate\":\"https:\/\/ozponcho.com.au\/?s={search_term_string}\"},\"query-input\":{\"@type\":\"PropertyValueSpecification\",\"valueRequired\":true,\"valueName\":\"search_term_string\"}}],\"inLanguage\":\"da-DK\"}]}<\/script>\n<!-- \/ Yoast SEO plugin. -->","yoast_head_json":{"title":"Chic Poncho-sweater af hamp | Danmark #1 Poncho Shop","description":"Leder du efter en Chic Hemp Poncho Sweater? Du er kommet til det rette sted \ud83d\ude04 Vi tilbyder et bredt udvalg af Chic Hemp Poncho Sweater s , perfekt til dig.","robots":{"index":"index","follow":"follow","max-snippet":"max-snippet:-1","max-image-preview":"max-image-preview:large","max-video-preview":"max-video-preview:-1"},"canonical":"https:\/\/ozponcho.com.au\/da\/p\/efterar-vinter-hyggelig-poncho\/","og_locale":"da_DK","og_type":"article","og_title":"Chic Hemp Poncho Sweater | Danmark #1 Poncho Shop","og_description":"Looking for a Chic Hemp Poncho Sweater ? You've come to the right place \ud83d\ude04 We offers a wide selection of Chic Hemp Poncho Sweater s , perfect for you.","og_url":"https:\/\/ozponcho.com.au\/da\/p\/efterar-vinter-hyggelig-poncho\/","og_site_name":"OZ Poncho","article_modified_time":"2024-04-19T08:22:13+00:00","og_image":[{"width":1200,"height":1200,"url":"https:\/\/ozponcho.com.au\/wp-content\/uploads\/2023\/12\/O1CN01pGfxo51HIfyCWdZ8U_2331630735-0-cib.jpg","type":"image\/jpeg"}],"twitter_card":"summary_large_image","twitter_misc":{"Estimeret l\u00e6setid":"2 minutter"},"schema":{"@context":"https:\/\/schema.org","@graph":[{"@type":"WebPage","@id":"https:\/\/ozponcho.com.au\/p\/autumn-winter-cozy-poncho\/","url":"https:\/\/ozponcho.com.au\/p\/autumn-winter-cozy-poncho\/","name":"Chic Poncho-sweater af hamp | Danmark #1 Poncho Shop","isPartOf":{"@id":"https:\/\/ozponcho.com.au\/#website"},"primaryImageOfPage":{"@id":"https:\/\/ozponcho.com.au\/p\/autumn-winter-cozy-poncho\/#primaryimage"},"image":{"@id":"https:\/\/ozponcho.com.au\/p\/autumn-winter-cozy-poncho\/#primaryimage"},"thumbnailUrl":"https:\/\/ozponcho.com.au\/wp-content\/uploads\/2023\/12\/O1CN01pGfxo51HIfyCWdZ8U_2331630735-0-cib.jpg","datePublished":"2023-12-13T07:44:03+00:00","dateModified":"2024-04-19T08:22:13+00:00","description":"Leder du efter en Chic Hemp Poncho Sweater? Du er kommet til det rette sted \ud83d\ude04 Vi tilbyder et bredt udvalg af Chic Hemp Poncho Sweater s , perfekt til dig.","breadcrumb":{"@id":"https:\/\/ozponcho.com.au\/p\/autumn-winter-cozy-poncho\/#breadcrumb"},"inLanguage":"da-DK","potentialAction":[{"@type":"ReadAction","target":["https:\/\/ozponcho.com.au\/p\/autumn-winter-cozy-poncho\/"]}]},{"@type":"ImageObject","inLanguage":"da-DK","@id":"https:\/\/ozponcho.com.au\/p\/autumn-winter-cozy-poncho\/#primaryimage","url":"https:\/\/ozponcho.com.au\/wp-content\/uploads\/2023\/12\/O1CN01pGfxo51HIfyCWdZ8U_2331630735-0-cib.jpg","contentUrl":"https:\/\/ozponcho.com.au\/wp-content\/uploads\/2023\/12\/O1CN01pGfxo51HIfyCWdZ8U_2331630735-0-cib.jpg","width":1200,"height":1200,"caption":"Chic Hemp Poncho Sweater"},{"@type":"BreadcrumbList","@id":"https:\/\/ozponcho.com.au\/p\/autumn-winter-cozy-poncho\/#breadcrumb","itemListElement":[{"@type":"ListItem","position":1,"name":"Home","item":"https:\/\/ozponcho.com.au\/"},{"@type":"ListItem","position":2,"name":"Shop","item":"https:\/\/ozponcho.com.au\/shop\/"},{"@type":"ListItem","position":3,"name":"Chic Hemp Poncho Sweater"}]},{"@type":"WebSite","@id":"https:\/\/ozponcho.com.au\/#website","url":"https:\/\/ozponcho.com.au\/","name":"OZ Poncho","description":"","potentialAction":[{"@type":"SearchAction","target":{"@type":"EntryPoint","urlTemplate":"https:\/\/ozponcho.com.au\/?s={search_term_string}"},"query-input":{"@type":"PropertyValueSpecification","valueRequired":true,"valueName":"search_term_string"}}],"inLanguage":"da-DK"}]}},"_links":{"self":[{"href":"https:\/\/ozponcho.com.au\/da\/wp-json\/wp\/v2\/product\/14300","targetHints":{"allow":["GET"]}}],"collection":[{"href":"https:\/\/ozponcho.com.au\/da\/wp-json\/wp\/v2\/product"}],"about":[{"href":"https:\/\/ozponcho.com.au\/da\/wp-json\/wp\/v2\/types\/product"}],"wp:featuredmedia":[{"embeddable":true,"href":"https:\/\/ozponcho.com.au\/da\/wp-json\/wp\/v2\/media\/14244"}],"wp:attachment":[{"href":"https:\/\/ozponcho.com.au\/da\/wp-json\/wp\/v2\/media?parent=14300"}],"wp:term":[{"taxonomy":"product_brand","embeddable":true,"href":"https:\/\/ozponcho.com.au\/da\/wp-json\/wp\/v2\/product_brand?post=14300"},{"taxonomy":"product_cat","embeddable":true,"href":"https:\/\/ozponcho.com.au\/da\/wp-json\/wp\/v2\/product_cat?post=14300"},{"taxonomy":"product_tag","embeddable":true,"href":"https:\/\/ozponcho.com.au\/da\/wp-json\/wp\/v2\/product_tag?post=14300"}],"curies":[{"name":"wp","href":"https:\/\/api.w.org\/{rel}","templated":true}]}}