{"id":14041,"date":"2023-12-13T18:42:54","date_gmt":"2023-12-13T07:42:54","guid":{"rendered":"https:\/\/ozponcho.com.au\/p\/autumn-winter-mid-length-irregular-asymmetric-ripped-pullover\/"},"modified":"2024-04-19T19:22:08","modified_gmt":"2024-04-19T08:22:08","slug":"casual-v-neck-knit-pullover","status":"publish","type":"product","link":"https:\/\/ozponcho.com.au\/da\/p\/afslappet-strikpullover-med-v-hals\/","title":{"rendered":"Sort asymmetrisk poncho-sweater"},"content":{"rendered":"<p>Omfavn de k\u00f8lige \u00e5rstider med stil i vores sorte asymmetriske poncho-sweater! Denne unikke pullover er lavet af bl\u00f8d bomuldsjersey og har en uregelm\u00e6ssig, rippet kant, der giver et strejf af rebelskhed til dine afslappede ensembler. Den l\u00f8se pasform giver komfort uden at g\u00e5 p\u00e5 kompromis med det smarte, mens V-udsk\u00e6ringen og de lange \u00e6rmer sikrer varme til efter\u00e5ret og vinteren. Denne poncho-sweater er perfekt til dem, der elsker at blande komfort med en kantet \u00e6stetik, og er et must-have i din garderobe. L\u00f8ft dit look i det k\u00f8lige vejr - oplev \u00e6gteskabet mellem afslappet elegance og vovet design nu!<\/p>\n<div>Stil: Afslappet<\/div>\n<div>Pasform: L\u00f8s<\/div>\n<div>Stof: Jersey<\/div>\n<div>M\u00f8nster: Ensfarvet<\/div>\n<div>Element: Ikke<\/div>\n<div>L\u00e6ngde p\u00e5 top: Lang<\/div>\n<div>Halsudsk\u00e6ring: V-hals<\/div>\n<div>\u00c6rmetype: Almindelig<\/div>\n<div>\u00c6rmel\u00e6ngde: Lang\u00e6rmet<\/div>\n<div>Vigtigste sammens\u00e6tning: Bomuld<\/div>\n<div>S\u00e6son: Efter\u00e5r\/vinter<\/div>\n<p><img decoding=\"async\" src=\"https:\/\/ozponcho.com.au\/wp-content\/uploads\/2024\/03\/1160227809499545600.png\" \/><img decoding=\"async\" src=\"https:\/\/ozponcho.com.au\/wp-content\/uploads\/2024\/03\/O1CN01HUYA5Z1HIfsa1JZsq_2331630735-0-cib.jpg\" \/><img decoding=\"async\" src=\"https:\/\/ozponcho.com.au\/wp-content\/uploads\/2024\/03\/O1CN01nvXGiN1HIfsWJjSqD_2331630735-0-cib.jpg\" \/><img decoding=\"async\" src=\"https:\/\/ozponcho.com.au\/wp-content\/uploads\/2024\/03\/O1CN01Ppr7Uc1HIfsXDwkdz_2331630735-0-cib.jpg\" \/><img decoding=\"async\" src=\"https:\/\/ozponcho.com.au\/wp-content\/uploads\/2024\/03\/O1CN011y2kz51HIfsc6kDur_2331630735-0-cib.jpg\" \/><img decoding=\"async\" src=\"https:\/\/ozponcho.com.au\/wp-content\/uploads\/2024\/03\/O1CN01JuqoHz1HIfsUWdCPk_2331630735-0-cib.jpg\" \/><img decoding=\"async\" src=\"https:\/\/ozponcho.com.au\/wp-content\/uploads\/2024\/03\/O1CN01gldo3j1HIfsJEADXX_2331630735-0-cib.jpg\" \/><\/p>","protected":false},"excerpt":{"rendered":"<p>Embrace the chilly seasons in style with our Black Asymmetric Poncho Sweater! Crafted from soft cotton jersey, this unique pullover features an irregular, ripped hem that adds a touch of rebellion to your casual ensembles. The loose fit caters to comfort without sacrificing chic, while the V-neck and long sleeves ensure warmth for the fall [&#8230;]","protected":false},"featured_media":14001,"template":"","meta":[],"product_brand":[],"product_cat":[219,15,228,210],"product_tag":[],"class_list":{"0":"post-14041","1":"product","2":"type-product","3":"status-publish","4":"has-post-thumbnail","6":"product_cat-black-poncho","7":"product_cat-main-category","8":"product_cat-poncho-sweater","9":"product_cat-poncho-women","11":"first","12":"outofstock","13":"shipping-taxable","14":"purchasable","15":"product-type-variable"},"yoast_head":"<!-- This site is optimized with the Yoast SEO plugin v25.9 - https:\/\/yoast.com\/wordpress\/plugins\/seo\/ -->\n<title>Black Asymmetric Poncho Sweater | Danmark #1 Poncho Shop<\/title>\n<meta name=\"description\" content=\"Looking for a Black Asymmetric Poncho Sweater ? You&#039;ve come to the right place \ud83d\ude04 We offers a wide selection of Black Asymmetric Poncho Sweater, perfect for you.\" \/>\n<meta name=\"robots\" content=\"index, follow, max-snippet:-1, max-image-preview:large, max-video-preview:-1\" \/>\n<link rel=\"canonical\" href=\"https:\/\/ozponcho.com.au\/da\/p\/afslappet-strikpullover-med-v-hals\/\" \/>\n<meta property=\"og:locale\" content=\"da_DK\" \/>\n<meta property=\"og:type\" content=\"article\" \/>\n<meta property=\"og:title\" content=\"Black Asymmetric Poncho Sweater | Danmark #1 Poncho Shop\" \/>\n<meta property=\"og:description\" content=\"Looking for a Black Asymmetric Poncho Sweater ? You&#039;ve come to the right place \ud83d\ude04 We offers a wide selection of Black Asymmetric Poncho Sweater, perfect for you.\" \/>\n<meta property=\"og:url\" content=\"https:\/\/ozponcho.com.au\/da\/p\/afslappet-strikpullover-med-v-hals\/\" \/>\n<meta property=\"og:site_name\" content=\"OZ Poncho\" \/>\n<meta property=\"article:modified_time\" content=\"2024-04-19T08:22:08+00:00\" \/>\n<meta property=\"og:image\" content=\"https:\/\/ozponcho.com.au\/wp-content\/uploads\/2023\/12\/O1CN01HcN69Y1HIfsa1U3Av_2331630735-0-cib.jpg\" \/>\n\t<meta property=\"og:image:width\" content=\"1200\" \/>\n\t<meta property=\"og:image:height\" content=\"1200\" \/>\n\t<meta property=\"og:image:type\" content=\"image\/jpeg\" \/>\n<meta name=\"twitter:card\" content=\"summary_large_image\" \/>\n<meta name=\"twitter:label1\" content=\"Estimeret l\u00e6setid\" \/>\n\t<meta name=\"twitter:data1\" content=\"1 minut\" \/>\n<script type=\"application\/ld+json\" class=\"yoast-schema-graph\">{\"@context\":\"https:\/\/schema.org\",\"@graph\":[{\"@type\":\"WebPage\",\"@id\":\"https:\/\/ozponcho.com.au\/p\/casual-v-neck-knit-pullover\/\",\"url\":\"https:\/\/ozponcho.com.au\/p\/casual-v-neck-knit-pullover\/\",\"name\":\"Black Asymmetric Poncho Sweater | Danmark #1 Poncho Shop\",\"isPartOf\":{\"@id\":\"https:\/\/ozponcho.com.au\/#website\"},\"primaryImageOfPage\":{\"@id\":\"https:\/\/ozponcho.com.au\/p\/casual-v-neck-knit-pullover\/#primaryimage\"},\"image\":{\"@id\":\"https:\/\/ozponcho.com.au\/p\/casual-v-neck-knit-pullover\/#primaryimage\"},\"thumbnailUrl\":\"https:\/\/ozponcho.com.au\/wp-content\/uploads\/2023\/12\/O1CN01HcN69Y1HIfsa1U3Av_2331630735-0-cib.jpg\",\"datePublished\":\"2023-12-13T07:42:54+00:00\",\"dateModified\":\"2024-04-19T08:22:08+00:00\",\"description\":\"Looking for a Black Asymmetric Poncho Sweater ? You've come to the right place \ud83d\ude04 We offers a wide selection of Black Asymmetric Poncho Sweater, perfect for you.\",\"breadcrumb\":{\"@id\":\"https:\/\/ozponcho.com.au\/p\/casual-v-neck-knit-pullover\/#breadcrumb\"},\"inLanguage\":\"da-DK\",\"potentialAction\":[{\"@type\":\"ReadAction\",\"target\":[\"https:\/\/ozponcho.com.au\/p\/casual-v-neck-knit-pullover\/\"]}]},{\"@type\":\"ImageObject\",\"inLanguage\":\"da-DK\",\"@id\":\"https:\/\/ozponcho.com.au\/p\/casual-v-neck-knit-pullover\/#primaryimage\",\"url\":\"https:\/\/ozponcho.com.au\/wp-content\/uploads\/2023\/12\/O1CN01HcN69Y1HIfsa1U3Av_2331630735-0-cib.jpg\",\"contentUrl\":\"https:\/\/ozponcho.com.au\/wp-content\/uploads\/2023\/12\/O1CN01HcN69Y1HIfsa1U3Av_2331630735-0-cib.jpg\",\"width\":1200,\"height\":1200,\"caption\":\"Black Asymmetric Poncho Sweater\"},{\"@type\":\"BreadcrumbList\",\"@id\":\"https:\/\/ozponcho.com.au\/p\/casual-v-neck-knit-pullover\/#breadcrumb\",\"itemListElement\":[{\"@type\":\"ListItem\",\"position\":1,\"name\":\"Home\",\"item\":\"https:\/\/ozponcho.com.au\/\"},{\"@type\":\"ListItem\",\"position\":2,\"name\":\"Shop\",\"item\":\"https:\/\/ozponcho.com.au\/shop\/\"},{\"@type\":\"ListItem\",\"position\":3,\"name\":\"Black Asymmetric Poncho Sweater\"}]},{\"@type\":\"WebSite\",\"@id\":\"https:\/\/ozponcho.com.au\/#website\",\"url\":\"https:\/\/ozponcho.com.au\/\",\"name\":\"OZ Poncho\",\"description\":\"\",\"potentialAction\":[{\"@type\":\"SearchAction\",\"target\":{\"@type\":\"EntryPoint\",\"urlTemplate\":\"https:\/\/ozponcho.com.au\/?s={search_term_string}\"},\"query-input\":{\"@type\":\"PropertyValueSpecification\",\"valueRequired\":true,\"valueName\":\"search_term_string\"}}],\"inLanguage\":\"da-DK\"}]}<\/script>\n<!-- \/ Yoast SEO plugin. -->","yoast_head_json":{"title":"Sort asymmetrisk poncho-sweater | Danmark #1 Poncho Shop","description":"Leder du efter en Sort Asymmetrisk Poncho Sweater? S\u00e5 er du kommet til det rette sted \ud83d\ude04 Vi har et bredt udvalg af sorte asymmetriske poncho-sweatre, der passer perfekt til dig.","robots":{"index":"index","follow":"follow","max-snippet":"max-snippet:-1","max-image-preview":"max-image-preview:large","max-video-preview":"max-video-preview:-1"},"canonical":"https:\/\/ozponcho.com.au\/da\/p\/afslappet-strikpullover-med-v-hals\/","og_locale":"da_DK","og_type":"article","og_title":"Black Asymmetric Poncho Sweater | Danmark #1 Poncho Shop","og_description":"Looking for a Black Asymmetric Poncho Sweater ? You've come to the right place \ud83d\ude04 We offers a wide selection of Black Asymmetric Poncho Sweater, perfect for you.","og_url":"https:\/\/ozponcho.com.au\/da\/p\/afslappet-strikpullover-med-v-hals\/","og_site_name":"OZ Poncho","article_modified_time":"2024-04-19T08:22:08+00:00","og_image":[{"width":1200,"height":1200,"url":"https:\/\/ozponcho.com.au\/wp-content\/uploads\/2023\/12\/O1CN01HcN69Y1HIfsa1U3Av_2331630735-0-cib.jpg","type":"image\/jpeg"}],"twitter_card":"summary_large_image","twitter_misc":{"Estimeret l\u00e6setid":"1 minut"},"schema":{"@context":"https:\/\/schema.org","@graph":[{"@type":"WebPage","@id":"https:\/\/ozponcho.com.au\/p\/casual-v-neck-knit-pullover\/","url":"https:\/\/ozponcho.com.au\/p\/casual-v-neck-knit-pullover\/","name":"Sort asymmetrisk poncho-sweater | Danmark #1 Poncho Shop","isPartOf":{"@id":"https:\/\/ozponcho.com.au\/#website"},"primaryImageOfPage":{"@id":"https:\/\/ozponcho.com.au\/p\/casual-v-neck-knit-pullover\/#primaryimage"},"image":{"@id":"https:\/\/ozponcho.com.au\/p\/casual-v-neck-knit-pullover\/#primaryimage"},"thumbnailUrl":"https:\/\/ozponcho.com.au\/wp-content\/uploads\/2023\/12\/O1CN01HcN69Y1HIfsa1U3Av_2331630735-0-cib.jpg","datePublished":"2023-12-13T07:42:54+00:00","dateModified":"2024-04-19T08:22:08+00:00","description":"Leder du efter en Sort Asymmetrisk Poncho Sweater? S\u00e5 er du kommet til det rette sted \ud83d\ude04 Vi har et bredt udvalg af sorte asymmetriske poncho-sweatre, der passer perfekt til dig.","breadcrumb":{"@id":"https:\/\/ozponcho.com.au\/p\/casual-v-neck-knit-pullover\/#breadcrumb"},"inLanguage":"da-DK","potentialAction":[{"@type":"ReadAction","target":["https:\/\/ozponcho.com.au\/p\/casual-v-neck-knit-pullover\/"]}]},{"@type":"ImageObject","inLanguage":"da-DK","@id":"https:\/\/ozponcho.com.au\/p\/casual-v-neck-knit-pullover\/#primaryimage","url":"https:\/\/ozponcho.com.au\/wp-content\/uploads\/2023\/12\/O1CN01HcN69Y1HIfsa1U3Av_2331630735-0-cib.jpg","contentUrl":"https:\/\/ozponcho.com.au\/wp-content\/uploads\/2023\/12\/O1CN01HcN69Y1HIfsa1U3Av_2331630735-0-cib.jpg","width":1200,"height":1200,"caption":"Black Asymmetric Poncho Sweater"},{"@type":"BreadcrumbList","@id":"https:\/\/ozponcho.com.au\/p\/casual-v-neck-knit-pullover\/#breadcrumb","itemListElement":[{"@type":"ListItem","position":1,"name":"Home","item":"https:\/\/ozponcho.com.au\/"},{"@type":"ListItem","position":2,"name":"Shop","item":"https:\/\/ozponcho.com.au\/shop\/"},{"@type":"ListItem","position":3,"name":"Black Asymmetric Poncho Sweater"}]},{"@type":"WebSite","@id":"https:\/\/ozponcho.com.au\/#website","url":"https:\/\/ozponcho.com.au\/","name":"OZ Poncho","description":"","potentialAction":[{"@type":"SearchAction","target":{"@type":"EntryPoint","urlTemplate":"https:\/\/ozponcho.com.au\/?s={search_term_string}"},"query-input":{"@type":"PropertyValueSpecification","valueRequired":true,"valueName":"search_term_string"}}],"inLanguage":"da-DK"}]}},"_links":{"self":[{"href":"https:\/\/ozponcho.com.au\/da\/wp-json\/wp\/v2\/product\/14041","targetHints":{"allow":["GET"]}}],"collection":[{"href":"https:\/\/ozponcho.com.au\/da\/wp-json\/wp\/v2\/product"}],"about":[{"href":"https:\/\/ozponcho.com.au\/da\/wp-json\/wp\/v2\/types\/product"}],"wp:featuredmedia":[{"embeddable":true,"href":"https:\/\/ozponcho.com.au\/da\/wp-json\/wp\/v2\/media\/14001"}],"wp:attachment":[{"href":"https:\/\/ozponcho.com.au\/da\/wp-json\/wp\/v2\/media?parent=14041"}],"wp:term":[{"taxonomy":"product_brand","embeddable":true,"href":"https:\/\/ozponcho.com.au\/da\/wp-json\/wp\/v2\/product_brand?post=14041"},{"taxonomy":"product_cat","embeddable":true,"href":"https:\/\/ozponcho.com.au\/da\/wp-json\/wp\/v2\/product_cat?post=14041"},{"taxonomy":"product_tag","embeddable":true,"href":"https:\/\/ozponcho.com.au\/da\/wp-json\/wp\/v2\/product_tag?post=14041"}],"curies":[{"name":"wp","href":"https:\/\/api.w.org\/{rel}","templated":true}]}}