{"id":13970,"date":"2023-12-13T18:42:21","date_gmt":"2023-12-13T07:42:21","guid":{"rendered":"https:\/\/ozponcho.com.au\/p\/autumn-winter-button-turtleneck-irregular-asymmetric-sweater-shawl-cape-women\/"},"modified":"2024-07-15T14:43:25","modified_gmt":"2024-07-15T03:43:25","slug":"asymmetric-knit-poncho-cape","status":"publish","type":"product","link":"https:\/\/ozponcho.com.au\/da\/p\/poncho-kappe-i-asymmetrisk-strik\/","title":{"rendered":"Chic poncho-sweater med rullekrave"},"content":{"rendered":"<p>Giv din efter\u00e5rs- og vintergarderobe et l\u00f8ft med denne sofistikerede Poncho-sweater med rullekrave. Den er omhyggeligt fremstillet af bl\u00f8d akryl og sikrer holdbarhed og komfort gennem hele s\u00e6sonen. Den uregelm\u00e6ssige, asymmetriske kant giver et kantet, men elegant look, der perfekt supplerer den stilfulde h\u00f8je hals og knapperne i siden. Den l\u00f8se pasform g\u00f8r det nemt at l\u00e6gge lag p\u00e5 lag over dit yndlingsoutfit. Uanset om du er p\u00e5 en afslappet udflugt eller leder efter en hyggelig tilf\u00f8jelse til dit outfit, er denne poncho det must-have, du har brug for, for at v\u00e6re p\u00e5 forkant med moden.<\/p>\n<div>Stil: Afslappet<\/div>\n<div>Pasform: L\u00f8s<\/div>\n<div>Stof: Jersey<\/div>\n<div>M\u00f8nster: Ensfarvet<\/div>\n<div>Element: Asymmetrisk<\/div>\n<div>L\u00e6ngde p\u00e5 top: Lang<\/div>\n<div>Halsudsk\u00e6ring: Skildpadde\/h\u00f8j hals<\/div>\n<div>\u00c6rmetype: Almindelig<\/div>\n<div>\u00c6rmel\u00e6ngde: Lang\u00e6rmet<\/div>\n<div>Vigtigste sammens\u00e6tning: Akryl<\/div>\n<div>S\u00e6son: Efter\u00e5r\/vinter<\/div>\n<p><img decoding=\"async\" src=\"https:\/\/ozponcho.com.au\/wp-content\/uploads\/2024\/03\/1011996038728253440.png\" \/><img decoding=\"async\" src=\"https:\/\/ozponcho.com.au\/wp-content\/uploads\/2024\/03\/O1CN010vsiNK1HIfsjJE6cQ_2331630735-0-cib.jpg\" \/><img decoding=\"async\" src=\"https:\/\/ozponcho.com.au\/wp-content\/uploads\/2024\/03\/O1CN01DUwR091HIfsjJGO0m_2331630735-0-cib.jpg\" \/><img decoding=\"async\" src=\"https:\/\/ozponcho.com.au\/wp-content\/uploads\/2024\/03\/O1CN01nWl7ok1HIfsr312kx_2331630735-0-cib.jpg\" \/><img decoding=\"async\" src=\"https:\/\/ozponcho.com.au\/wp-content\/uploads\/2024\/03\/O1CN01rOYkeM1HIfsnsTs8B_2331630735-0-cib.jpg\" \/><img decoding=\"async\" src=\"https:\/\/ozponcho.com.au\/wp-content\/uploads\/2024\/03\/O1CN01Kf2TLa1HIfsnsSw2S_2331630735-0-cib.jpg\" \/><img decoding=\"async\" src=\"https:\/\/ozponcho.com.au\/wp-content\/uploads\/2024\/03\/O1CN01TqjgQu1HIfsjJDlkA_2331630735-0-cib.jpg\" \/><img decoding=\"async\" src=\"https:\/\/ozponcho.com.au\/wp-content\/uploads\/2024\/03\/O1CN011uzqkU1HIfsm8LlGM_2331630735-0-cib.jpg\" \/><img decoding=\"async\" src=\"https:\/\/ozponcho.com.au\/wp-content\/uploads\/2024\/03\/O1CN01a0CJgj1HIfsp129So_2331630735-0-cib.jpg\" \/><img decoding=\"async\" src=\"https:\/\/ozponcho.com.au\/wp-content\/uploads\/2024\/03\/O1CN01eryyw51HIfsnsW1KH_2331630735-0-cib.jpg\" \/><img decoding=\"async\" src=\"https:\/\/ozponcho.com.au\/wp-content\/uploads\/2024\/03\/O1CN01x58vUd1HIfsZ8rCbX_2331630735-0-cib.jpg\" \/><img decoding=\"async\" src=\"https:\/\/ozponcho.com.au\/wp-content\/uploads\/2024\/03\/O1CN01k6z4Rn1HIfsgF2wvx_2331630735-0-cib.jpg\" \/><img decoding=\"async\" src=\"https:\/\/ozponcho.com.au\/wp-content\/uploads\/2024\/03\/O1CN01384WTs1HIfsicqKO9_2331630735-0-cib.jpg\" \/><img decoding=\"async\" src=\"https:\/\/ozponcho.com.au\/wp-content\/uploads\/2024\/03\/O1CN01nV2cit1HIfsfSYWzX_2331630735-0-cib.jpg\" \/><img decoding=\"async\" src=\"https:\/\/ozponcho.com.au\/wp-content\/uploads\/2024\/03\/O1CN01a2JNtG1HIfsjJJwdB_2331630735-0-cib.jpg\" \/><img decoding=\"async\" src=\"https:\/\/ozponcho.com.au\/wp-content\/uploads\/2024\/03\/O1CN01jIv8Q31HIfsrrtM0x_2331630735-0-cib.jpg\" \/><\/p>","protected":false},"excerpt":{"rendered":"<p>Elevate your autumn and winter wardrobe with this sophisticated Turtleneck Poncho Sweater. Crafted with care from soft acrylic, it ensures durability and comfort throughout the season. The irregular, asymmetric hem offers an edgy yet elegant look, perfectly complementing the stylish high neck and side buttons. Its loose fit allows for effortless layering over your favorite [&#8230;]","protected":false},"featured_media":13886,"template":"","meta":[],"product_brand":[],"product_cat":[226,216,15,230,228,214,210,221],"product_tag":[],"class_list":{"0":"post-13970","1":"product","2":"type-product","3":"status-publish","4":"has-post-thumbnail","6":"product_cat-brown-poncho","7":"product_cat-cashmere-poncho","8":"product_cat-main-category","9":"product_cat-poncho-dress","10":"product_cat-poncho-sweater","11":"product_cat-knitted-crochet-poncho","12":"product_cat-poncho-women","13":"product_cat-red-poncho","15":"first","16":"outofstock","17":"shipping-taxable","18":"purchasable","19":"product-type-variable"},"yoast_head":"<!-- This site is optimized with the Yoast SEO plugin v25.9 - https:\/\/yoast.com\/wordpress\/plugins\/seo\/ -->\n<title>Chic Turtleneck Poncho Sweater | Danmark #1 Poncho Shop<\/title>\n<meta name=\"description\" content=\"Looking for a Chic Turtleneck Poncho Sweater ? You&#039;ve come to the right place \ud83d\ude04 We offers a wide selection of Chic Turtleneck Poncho Sweater, perfect for you.\" \/>\n<meta name=\"robots\" content=\"index, follow, max-snippet:-1, max-image-preview:large, max-video-preview:-1\" \/>\n<link rel=\"canonical\" href=\"https:\/\/ozponcho.com.au\/da\/p\/poncho-kappe-i-asymmetrisk-strik\/\" \/>\n<meta property=\"og:locale\" content=\"da_DK\" \/>\n<meta property=\"og:type\" content=\"article\" \/>\n<meta property=\"og:title\" content=\"Chic Turtleneck Poncho Sweater | Danmark #1 Poncho Shop\" \/>\n<meta property=\"og:description\" content=\"Looking for a Chic Turtleneck Poncho Sweater ? You&#039;ve come to the right place \ud83d\ude04 We offers a wide selection of Chic Turtleneck Poncho Sweater, perfect for you.\" \/>\n<meta property=\"og:url\" content=\"https:\/\/ozponcho.com.au\/da\/p\/poncho-kappe-i-asymmetrisk-strik\/\" \/>\n<meta property=\"og:site_name\" content=\"OZ Poncho\" \/>\n<meta property=\"article:modified_time\" content=\"2024-07-15T03:43:25+00:00\" \/>\n<meta property=\"og:image\" content=\"https:\/\/ozponcho.com.au\/wp-content\/uploads\/2023\/12\/O1CN01JemIBO1HIfskLiQgL_2331630735-0-cib.jpg\" \/>\n\t<meta property=\"og:image:width\" content=\"1340\" \/>\n\t<meta property=\"og:image:height\" content=\"1785\" \/>\n\t<meta property=\"og:image:type\" content=\"image\/jpeg\" \/>\n<meta name=\"twitter:card\" content=\"summary_large_image\" \/>\n<meta name=\"twitter:label1\" content=\"Estimeret l\u00e6setid\" \/>\n\t<meta name=\"twitter:data1\" content=\"4 minutter\" \/>\n<script type=\"application\/ld+json\" class=\"yoast-schema-graph\">{\"@context\":\"https:\/\/schema.org\",\"@graph\":[{\"@type\":\"WebPage\",\"@id\":\"https:\/\/ozponcho.com.au\/p\/asymmetric-knit-poncho-cape\/\",\"url\":\"https:\/\/ozponcho.com.au\/p\/asymmetric-knit-poncho-cape\/\",\"name\":\"Chic Turtleneck Poncho Sweater | Danmark #1 Poncho Shop\",\"isPartOf\":{\"@id\":\"https:\/\/ozponcho.com.au\/#website\"},\"primaryImageOfPage\":{\"@id\":\"https:\/\/ozponcho.com.au\/p\/asymmetric-knit-poncho-cape\/#primaryimage\"},\"image\":{\"@id\":\"https:\/\/ozponcho.com.au\/p\/asymmetric-knit-poncho-cape\/#primaryimage\"},\"thumbnailUrl\":\"https:\/\/ozponcho.com.au\/wp-content\/uploads\/2023\/12\/O1CN01JemIBO1HIfskLiQgL_2331630735-0-cib.jpg\",\"datePublished\":\"2023-12-13T07:42:21+00:00\",\"dateModified\":\"2024-07-15T03:43:25+00:00\",\"description\":\"Looking for a Chic Turtleneck Poncho Sweater ? You've come to the right place \ud83d\ude04 We offers a wide selection of Chic Turtleneck Poncho Sweater, perfect for you.\",\"breadcrumb\":{\"@id\":\"https:\/\/ozponcho.com.au\/p\/asymmetric-knit-poncho-cape\/#breadcrumb\"},\"inLanguage\":\"da-DK\",\"potentialAction\":[{\"@type\":\"ReadAction\",\"target\":[\"https:\/\/ozponcho.com.au\/p\/asymmetric-knit-poncho-cape\/\"]}]},{\"@type\":\"ImageObject\",\"inLanguage\":\"da-DK\",\"@id\":\"https:\/\/ozponcho.com.au\/p\/asymmetric-knit-poncho-cape\/#primaryimage\",\"url\":\"https:\/\/ozponcho.com.au\/wp-content\/uploads\/2023\/12\/O1CN01JemIBO1HIfskLiQgL_2331630735-0-cib.jpg\",\"contentUrl\":\"https:\/\/ozponcho.com.au\/wp-content\/uploads\/2023\/12\/O1CN01JemIBO1HIfskLiQgL_2331630735-0-cib.jpg\",\"width\":1340,\"height\":1785,\"caption\":\"Chic Turtleneck Poncho Sweater\"},{\"@type\":\"BreadcrumbList\",\"@id\":\"https:\/\/ozponcho.com.au\/p\/asymmetric-knit-poncho-cape\/#breadcrumb\",\"itemListElement\":[{\"@type\":\"ListItem\",\"position\":1,\"name\":\"Home\",\"item\":\"https:\/\/ozponcho.com.au\/\"},{\"@type\":\"ListItem\",\"position\":2,\"name\":\"Shop\",\"item\":\"https:\/\/ozponcho.com.au\/shop\/\"},{\"@type\":\"ListItem\",\"position\":3,\"name\":\"Chic Turtleneck Poncho Sweater\"}]},{\"@type\":\"WebSite\",\"@id\":\"https:\/\/ozponcho.com.au\/#website\",\"url\":\"https:\/\/ozponcho.com.au\/\",\"name\":\"OZ Poncho\",\"description\":\"\",\"potentialAction\":[{\"@type\":\"SearchAction\",\"target\":{\"@type\":\"EntryPoint\",\"urlTemplate\":\"https:\/\/ozponcho.com.au\/?s={search_term_string}\"},\"query-input\":{\"@type\":\"PropertyValueSpecification\",\"valueRequired\":true,\"valueName\":\"search_term_string\"}}],\"inLanguage\":\"da-DK\"}]}<\/script>\n<!-- \/ Yoast SEO plugin. -->","yoast_head_json":{"title":"Chic rullekrave-poncho-sweater | Danmark #1 Poncho Shop","description":"Leder du efter en Chic Turtleneck Poncho Sweater? S\u00e5 er du kommet til det rette sted \ud83d\ude04 Vi tilbyder et bredt udvalg af Chic Turtleneck Poncho Sweater, perfekt til dig.","robots":{"index":"index","follow":"follow","max-snippet":"max-snippet:-1","max-image-preview":"max-image-preview:large","max-video-preview":"max-video-preview:-1"},"canonical":"https:\/\/ozponcho.com.au\/da\/p\/poncho-kappe-i-asymmetrisk-strik\/","og_locale":"da_DK","og_type":"article","og_title":"Chic Turtleneck Poncho Sweater | Danmark #1 Poncho Shop","og_description":"Looking for a Chic Turtleneck Poncho Sweater ? You've come to the right place \ud83d\ude04 We offers a wide selection of Chic Turtleneck Poncho Sweater, perfect for you.","og_url":"https:\/\/ozponcho.com.au\/da\/p\/poncho-kappe-i-asymmetrisk-strik\/","og_site_name":"OZ Poncho","article_modified_time":"2024-07-15T03:43:25+00:00","og_image":[{"width":1340,"height":1785,"url":"https:\/\/ozponcho.com.au\/wp-content\/uploads\/2023\/12\/O1CN01JemIBO1HIfskLiQgL_2331630735-0-cib.jpg","type":"image\/jpeg"}],"twitter_card":"summary_large_image","twitter_misc":{"Estimeret l\u00e6setid":"4 minutter"},"schema":{"@context":"https:\/\/schema.org","@graph":[{"@type":"WebPage","@id":"https:\/\/ozponcho.com.au\/p\/asymmetric-knit-poncho-cape\/","url":"https:\/\/ozponcho.com.au\/p\/asymmetric-knit-poncho-cape\/","name":"Chic rullekrave-poncho-sweater | Danmark #1 Poncho Shop","isPartOf":{"@id":"https:\/\/ozponcho.com.au\/#website"},"primaryImageOfPage":{"@id":"https:\/\/ozponcho.com.au\/p\/asymmetric-knit-poncho-cape\/#primaryimage"},"image":{"@id":"https:\/\/ozponcho.com.au\/p\/asymmetric-knit-poncho-cape\/#primaryimage"},"thumbnailUrl":"https:\/\/ozponcho.com.au\/wp-content\/uploads\/2023\/12\/O1CN01JemIBO1HIfskLiQgL_2331630735-0-cib.jpg","datePublished":"2023-12-13T07:42:21+00:00","dateModified":"2024-07-15T03:43:25+00:00","description":"Leder du efter en Chic Turtleneck Poncho Sweater? S\u00e5 er du kommet til det rette sted \ud83d\ude04 Vi tilbyder et bredt udvalg af Chic Turtleneck Poncho Sweater, perfekt til dig.","breadcrumb":{"@id":"https:\/\/ozponcho.com.au\/p\/asymmetric-knit-poncho-cape\/#breadcrumb"},"inLanguage":"da-DK","potentialAction":[{"@type":"ReadAction","target":["https:\/\/ozponcho.com.au\/p\/asymmetric-knit-poncho-cape\/"]}]},{"@type":"ImageObject","inLanguage":"da-DK","@id":"https:\/\/ozponcho.com.au\/p\/asymmetric-knit-poncho-cape\/#primaryimage","url":"https:\/\/ozponcho.com.au\/wp-content\/uploads\/2023\/12\/O1CN01JemIBO1HIfskLiQgL_2331630735-0-cib.jpg","contentUrl":"https:\/\/ozponcho.com.au\/wp-content\/uploads\/2023\/12\/O1CN01JemIBO1HIfskLiQgL_2331630735-0-cib.jpg","width":1340,"height":1785,"caption":"Chic Turtleneck Poncho Sweater"},{"@type":"BreadcrumbList","@id":"https:\/\/ozponcho.com.au\/p\/asymmetric-knit-poncho-cape\/#breadcrumb","itemListElement":[{"@type":"ListItem","position":1,"name":"Home","item":"https:\/\/ozponcho.com.au\/"},{"@type":"ListItem","position":2,"name":"Shop","item":"https:\/\/ozponcho.com.au\/shop\/"},{"@type":"ListItem","position":3,"name":"Chic Turtleneck Poncho Sweater"}]},{"@type":"WebSite","@id":"https:\/\/ozponcho.com.au\/#website","url":"https:\/\/ozponcho.com.au\/","name":"OZ Poncho","description":"","potentialAction":[{"@type":"SearchAction","target":{"@type":"EntryPoint","urlTemplate":"https:\/\/ozponcho.com.au\/?s={search_term_string}"},"query-input":{"@type":"PropertyValueSpecification","valueRequired":true,"valueName":"search_term_string"}}],"inLanguage":"da-DK"}]}},"_links":{"self":[{"href":"https:\/\/ozponcho.com.au\/da\/wp-json\/wp\/v2\/product\/13970","targetHints":{"allow":["GET"]}}],"collection":[{"href":"https:\/\/ozponcho.com.au\/da\/wp-json\/wp\/v2\/product"}],"about":[{"href":"https:\/\/ozponcho.com.au\/da\/wp-json\/wp\/v2\/types\/product"}],"wp:featuredmedia":[{"embeddable":true,"href":"https:\/\/ozponcho.com.au\/da\/wp-json\/wp\/v2\/media\/13886"}],"wp:attachment":[{"href":"https:\/\/ozponcho.com.au\/da\/wp-json\/wp\/v2\/media?parent=13970"}],"wp:term":[{"taxonomy":"product_brand","embeddable":true,"href":"https:\/\/ozponcho.com.au\/da\/wp-json\/wp\/v2\/product_brand?post=13970"},{"taxonomy":"product_cat","embeddable":true,"href":"https:\/\/ozponcho.com.au\/da\/wp-json\/wp\/v2\/product_cat?post=13970"},{"taxonomy":"product_tag","embeddable":true,"href":"https:\/\/ozponcho.com.au\/da\/wp-json\/wp\/v2\/product_tag?post=13970"}],"curies":[{"name":"wp","href":"https:\/\/api.w.org\/{rel}","templated":true}]}}