{"id":13798,"date":"2023-12-13T18:40:58","date_gmt":"2023-12-13T07:40:58","guid":{"rendered":"https:\/\/ozponcho.com.au\/p\/sweater-women-autumn-winter-strapless-lace-up-pullover-sweater\/"},"modified":"2024-04-19T18:39:36","modified_gmt":"2024-04-19T07:39:36","slug":"womens-casual-green-knitted-poncho","status":"publish","type":"product","link":"https:\/\/ozponcho.com.au\/da\/p\/womens-casual-green-knitted-poncho\/","title":{"rendered":"Gr\u00f8n poncho-sweater med sn\u00f8re"},"content":{"rendered":"<p>Embrace the perfect blend of comfort and style with this moss green poncho sweater, designed for the modern woman. The relaxed, strapless design offers an off-the-shoulder look that exudes effortless elegance. Featuring long sleeves and a unique lace-up back, this pullover provides a cozy yet chic element to your autumn and winter wardrobe. Crafted from soft jersey acrylic, it\u00e2\u20ac\u2122s an ideal choice for those seeking both warmth and a fashion-forward ensemble. Don\u00e2\u20ac\u2122t miss out on this essential piece that&#8217;s sure to be the highlight of your seasonal outfits.<\/p>\n<div>Stil: Afslappet<\/div>\n<div>Pasform: L\u00f8s<\/div>\n<div>Stof: Jersey<\/div>\n<div>M\u00f8nster: Ensfarvet<\/div>\n<div>Element: Lace up<\/div>\n<div>L\u00e6ngde p\u00e5 top: Almindelig<\/div>\n<div>Halsudsk\u00e6ring: Rund halsudsk\u00e6ring<\/div>\n<div>\u00c6rmetype: Almindelig<\/div>\n<div>\u00c6rmel\u00e6ngde: Lang\u00e6rmet<\/div>\n<div>Vigtigste sammens\u00e6tning: Akryl<\/div>\n<div>S\u00e6son: For\u00e5r\/efter\u00e5r<\/div>\n<p><img decoding=\"async\" src=\"https:\/\/ozponcho.com.au\/wp-content\/uploads\/2024\/03\/978399859713245184.png\" \/><img decoding=\"async\" src=\"https:\/\/ozponcho.com.au\/wp-content\/uploads\/2024\/03\/O1CN01gRC6uy1HIfnXDJGuw_2331630735-0-cib.jpg\" \/><img decoding=\"async\" src=\"https:\/\/ozponcho.com.au\/wp-content\/uploads\/2024\/03\/O1CN01N8oLQ01HIfnPpkWaS_2331630735-0-cib.jpg\" \/><img decoding=\"async\" src=\"https:\/\/ozponcho.com.au\/wp-content\/uploads\/2024\/03\/O1CN01CABqVR1HIfnWV3gcA_2331630735-0-cib.jpg\" \/><img decoding=\"async\" src=\"https:\/\/ozponcho.com.au\/wp-content\/uploads\/2024\/03\/O1CN01fLTTse1HIfnPmSlmj_2331630735-0-cib.jpg\" \/><img decoding=\"async\" src=\"https:\/\/ozponcho.com.au\/wp-content\/uploads\/2024\/03\/O1CN01Geo2341HIfnQK4pS6_2331630735-0-cib.jpg\" \/><img decoding=\"async\" src=\"https:\/\/ozponcho.com.au\/wp-content\/uploads\/2024\/03\/O1CN01y3B03g1HIfnH62zbQ_2331630735-0-cib.jpg\" \/><img decoding=\"async\" src=\"https:\/\/ozponcho.com.au\/wp-content\/uploads\/2024\/03\/O1CN01O5ChO21HIfnUy2uH7_2331630735-0-cib.jpg\" \/><img decoding=\"async\" src=\"https:\/\/ozponcho.com.au\/wp-content\/uploads\/2024\/03\/O1CN01pL3SJe1HIfnXDNhNh_2331630735-0-cib.jpg\" \/><\/p>","protected":false},"excerpt":{"rendered":"<p>Embrace the perfect blend of comfort and style with this moss green poncho sweater, designed for the modern woman. The relaxed, strapless design offers an off-the-shoulder look that exudes effortless elegance. Featuring long sleeves and a unique lace-up back, this pullover provides a cozy yet chic element to your autumn and winter wardrobe. Crafted from [&#8230;]","protected":false},"featured_media":13695,"template":"","meta":[],"product_brand":[],"product_cat":[220,15,228,214,210],"product_tag":[],"class_list":{"0":"post-13798","1":"product","2":"type-product","3":"status-publish","4":"has-post-thumbnail","6":"product_cat-green-poncho","7":"product_cat-main-category","8":"product_cat-poncho-sweater","9":"product_cat-knitted-crochet-poncho","10":"product_cat-poncho-women","12":"first","13":"outofstock","14":"shipping-taxable","15":"purchasable","16":"product-type-variable"},"yoast_head":"<!-- This site is optimized with the Yoast SEO plugin v25.9 - https:\/\/yoast.com\/wordpress\/plugins\/seo\/ -->\n<title>Green Poncho Lace-up Sweater | Danmark #1 Poncho Shop<\/title>\n<meta name=\"description\" content=\"Looking for a Green Poncho Lace-up Sweater ? You&#039;ve come to the right place \ud83d\ude04 We offers a wide selection of Green Poncho Lace-up Sweater, perfect for you.\" \/>\n<meta name=\"robots\" content=\"index, follow, max-snippet:-1, max-image-preview:large, max-video-preview:-1\" \/>\n<link rel=\"canonical\" href=\"https:\/\/ozponcho.com.au\/da\/p\/womens-casual-green-knitted-poncho\/\" \/>\n<meta property=\"og:locale\" content=\"da_DK\" \/>\n<meta property=\"og:type\" content=\"article\" \/>\n<meta property=\"og:title\" content=\"Green Poncho Lace-up Sweater | Danmark #1 Poncho Shop\" \/>\n<meta property=\"og:description\" content=\"Looking for a Green Poncho Lace-up Sweater ? You&#039;ve come to the right place \ud83d\ude04 We offers a wide selection of Green Poncho Lace-up Sweater, perfect for you.\" \/>\n<meta property=\"og:url\" content=\"https:\/\/ozponcho.com.au\/da\/p\/womens-casual-green-knitted-poncho\/\" \/>\n<meta property=\"og:site_name\" content=\"OZ Poncho\" \/>\n<meta property=\"article:modified_time\" content=\"2024-04-19T07:39:36+00:00\" \/>\n<meta property=\"og:image\" content=\"https:\/\/ozponcho.com.au\/wp-content\/uploads\/2023\/12\/O1CN014nEHcV1HIfnSYF3Fb_2331630735-0-cib.jpg\" \/>\n\t<meta property=\"og:image:width\" content=\"1200\" \/>\n\t<meta property=\"og:image:height\" content=\"1200\" \/>\n\t<meta property=\"og:image:type\" content=\"image\/jpeg\" \/>\n<meta name=\"twitter:card\" content=\"summary_large_image\" \/>\n<meta name=\"twitter:label1\" content=\"Estimeret l\u00e6setid\" \/>\n\t<meta name=\"twitter:data1\" content=\"3 minutter\" \/>\n<script type=\"application\/ld+json\" class=\"yoast-schema-graph\">{\"@context\":\"https:\/\/schema.org\",\"@graph\":[{\"@type\":\"WebPage\",\"@id\":\"https:\/\/ozponcho.com.au\/p\/womens-casual-green-knitted-poncho\/\",\"url\":\"https:\/\/ozponcho.com.au\/p\/womens-casual-green-knitted-poncho\/\",\"name\":\"Green Poncho Lace-up Sweater | Danmark #1 Poncho Shop\",\"isPartOf\":{\"@id\":\"https:\/\/ozponcho.com.au\/#website\"},\"primaryImageOfPage\":{\"@id\":\"https:\/\/ozponcho.com.au\/p\/womens-casual-green-knitted-poncho\/#primaryimage\"},\"image\":{\"@id\":\"https:\/\/ozponcho.com.au\/p\/womens-casual-green-knitted-poncho\/#primaryimage\"},\"thumbnailUrl\":\"https:\/\/ozponcho.com.au\/wp-content\/uploads\/2023\/12\/O1CN014nEHcV1HIfnSYF3Fb_2331630735-0-cib.jpg\",\"datePublished\":\"2023-12-13T07:40:58+00:00\",\"dateModified\":\"2024-04-19T07:39:36+00:00\",\"description\":\"Looking for a Green Poncho Lace-up Sweater ? You've come to the right place \ud83d\ude04 We offers a wide selection of Green Poncho Lace-up Sweater, perfect for you.\",\"breadcrumb\":{\"@id\":\"https:\/\/ozponcho.com.au\/p\/womens-casual-green-knitted-poncho\/#breadcrumb\"},\"inLanguage\":\"da-DK\",\"potentialAction\":[{\"@type\":\"ReadAction\",\"target\":[\"https:\/\/ozponcho.com.au\/p\/womens-casual-green-knitted-poncho\/\"]}]},{\"@type\":\"ImageObject\",\"inLanguage\":\"da-DK\",\"@id\":\"https:\/\/ozponcho.com.au\/p\/womens-casual-green-knitted-poncho\/#primaryimage\",\"url\":\"https:\/\/ozponcho.com.au\/wp-content\/uploads\/2023\/12\/O1CN014nEHcV1HIfnSYF3Fb_2331630735-0-cib.jpg\",\"contentUrl\":\"https:\/\/ozponcho.com.au\/wp-content\/uploads\/2023\/12\/O1CN014nEHcV1HIfnSYF3Fb_2331630735-0-cib.jpg\",\"width\":1200,\"height\":1200,\"caption\":\"Green Poncho Lace-up Sweater\"},{\"@type\":\"BreadcrumbList\",\"@id\":\"https:\/\/ozponcho.com.au\/p\/womens-casual-green-knitted-poncho\/#breadcrumb\",\"itemListElement\":[{\"@type\":\"ListItem\",\"position\":1,\"name\":\"Home\",\"item\":\"https:\/\/ozponcho.com.au\/\"},{\"@type\":\"ListItem\",\"position\":2,\"name\":\"Shop\",\"item\":\"https:\/\/ozponcho.com.au\/shop\/\"},{\"@type\":\"ListItem\",\"position\":3,\"name\":\"Green Poncho Lace-up Sweater\"}]},{\"@type\":\"WebSite\",\"@id\":\"https:\/\/ozponcho.com.au\/#website\",\"url\":\"https:\/\/ozponcho.com.au\/\",\"name\":\"OZ Poncho\",\"description\":\"\",\"potentialAction\":[{\"@type\":\"SearchAction\",\"target\":{\"@type\":\"EntryPoint\",\"urlTemplate\":\"https:\/\/ozponcho.com.au\/?s={search_term_string}\"},\"query-input\":{\"@type\":\"PropertyValueSpecification\",\"valueRequired\":true,\"valueName\":\"search_term_string\"}}],\"inLanguage\":\"da-DK\"}]}<\/script>\n<!-- \/ Yoast SEO plugin. -->","yoast_head_json":{"title":"Green Poncho Lace-up Sweater | Danmark #1 Poncho Shop","description":"Looking for a Green Poncho Lace-up Sweater ? You've come to the right place \ud83d\ude04 We offers a wide selection of Green Poncho Lace-up Sweater, perfect for you.","robots":{"index":"index","follow":"follow","max-snippet":"max-snippet:-1","max-image-preview":"max-image-preview:large","max-video-preview":"max-video-preview:-1"},"canonical":"https:\/\/ozponcho.com.au\/da\/p\/womens-casual-green-knitted-poncho\/","og_locale":"da_DK","og_type":"article","og_title":"Green Poncho Lace-up Sweater | Danmark #1 Poncho Shop","og_description":"Looking for a Green Poncho Lace-up Sweater ? You've come to the right place \ud83d\ude04 We offers a wide selection of Green Poncho Lace-up Sweater, perfect for you.","og_url":"https:\/\/ozponcho.com.au\/da\/p\/womens-casual-green-knitted-poncho\/","og_site_name":"OZ Poncho","article_modified_time":"2024-04-19T07:39:36+00:00","og_image":[{"width":1200,"height":1200,"url":"https:\/\/ozponcho.com.au\/wp-content\/uploads\/2023\/12\/O1CN014nEHcV1HIfnSYF3Fb_2331630735-0-cib.jpg","type":"image\/jpeg"}],"twitter_card":"summary_large_image","twitter_misc":{"Estimeret l\u00e6setid":"3 minutter"},"schema":{"@context":"https:\/\/schema.org","@graph":[{"@type":"WebPage","@id":"https:\/\/ozponcho.com.au\/p\/womens-casual-green-knitted-poncho\/","url":"https:\/\/ozponcho.com.au\/p\/womens-casual-green-knitted-poncho\/","name":"Green Poncho Lace-up Sweater | Danmark #1 Poncho Shop","isPartOf":{"@id":"https:\/\/ozponcho.com.au\/#website"},"primaryImageOfPage":{"@id":"https:\/\/ozponcho.com.au\/p\/womens-casual-green-knitted-poncho\/#primaryimage"},"image":{"@id":"https:\/\/ozponcho.com.au\/p\/womens-casual-green-knitted-poncho\/#primaryimage"},"thumbnailUrl":"https:\/\/ozponcho.com.au\/wp-content\/uploads\/2023\/12\/O1CN014nEHcV1HIfnSYF3Fb_2331630735-0-cib.jpg","datePublished":"2023-12-13T07:40:58+00:00","dateModified":"2024-04-19T07:39:36+00:00","description":"Looking for a Green Poncho Lace-up Sweater ? You've come to the right place \ud83d\ude04 We offers a wide selection of Green Poncho Lace-up Sweater, perfect for you.","breadcrumb":{"@id":"https:\/\/ozponcho.com.au\/p\/womens-casual-green-knitted-poncho\/#breadcrumb"},"inLanguage":"da-DK","potentialAction":[{"@type":"ReadAction","target":["https:\/\/ozponcho.com.au\/p\/womens-casual-green-knitted-poncho\/"]}]},{"@type":"ImageObject","inLanguage":"da-DK","@id":"https:\/\/ozponcho.com.au\/p\/womens-casual-green-knitted-poncho\/#primaryimage","url":"https:\/\/ozponcho.com.au\/wp-content\/uploads\/2023\/12\/O1CN014nEHcV1HIfnSYF3Fb_2331630735-0-cib.jpg","contentUrl":"https:\/\/ozponcho.com.au\/wp-content\/uploads\/2023\/12\/O1CN014nEHcV1HIfnSYF3Fb_2331630735-0-cib.jpg","width":1200,"height":1200,"caption":"Green Poncho Lace-up Sweater"},{"@type":"BreadcrumbList","@id":"https:\/\/ozponcho.com.au\/p\/womens-casual-green-knitted-poncho\/#breadcrumb","itemListElement":[{"@type":"ListItem","position":1,"name":"Home","item":"https:\/\/ozponcho.com.au\/"},{"@type":"ListItem","position":2,"name":"Shop","item":"https:\/\/ozponcho.com.au\/shop\/"},{"@type":"ListItem","position":3,"name":"Green Poncho Lace-up Sweater"}]},{"@type":"WebSite","@id":"https:\/\/ozponcho.com.au\/#website","url":"https:\/\/ozponcho.com.au\/","name":"OZ Poncho","description":"","potentialAction":[{"@type":"SearchAction","target":{"@type":"EntryPoint","urlTemplate":"https:\/\/ozponcho.com.au\/?s={search_term_string}"},"query-input":{"@type":"PropertyValueSpecification","valueRequired":true,"valueName":"search_term_string"}}],"inLanguage":"da-DK"}]}},"_links":{"self":[{"href":"https:\/\/ozponcho.com.au\/da\/wp-json\/wp\/v2\/product\/13798","targetHints":{"allow":["GET"]}}],"collection":[{"href":"https:\/\/ozponcho.com.au\/da\/wp-json\/wp\/v2\/product"}],"about":[{"href":"https:\/\/ozponcho.com.au\/da\/wp-json\/wp\/v2\/types\/product"}],"wp:featuredmedia":[{"embeddable":true,"href":"https:\/\/ozponcho.com.au\/da\/wp-json\/wp\/v2\/media\/13695"}],"wp:attachment":[{"href":"https:\/\/ozponcho.com.au\/da\/wp-json\/wp\/v2\/media?parent=13798"}],"wp:term":[{"taxonomy":"product_brand","embeddable":true,"href":"https:\/\/ozponcho.com.au\/da\/wp-json\/wp\/v2\/product_brand?post=13798"},{"taxonomy":"product_cat","embeddable":true,"href":"https:\/\/ozponcho.com.au\/da\/wp-json\/wp\/v2\/product_cat?post=13798"},{"taxonomy":"product_tag","embeddable":true,"href":"https:\/\/ozponcho.com.au\/da\/wp-json\/wp\/v2\/product_tag?post=13798"}],"curies":[{"name":"wp","href":"https:\/\/api.w.org\/{rel}","templated":true}]}}