{"id":13662,"date":"2023-12-13T18:40:24","date_gmt":"2023-12-13T07:40:24","guid":{"rendered":"https:\/\/ozponcho.com.au\/p\/autumn-winter-v-neck-advanced-simple-color-matching-tassel-cape-shawl-coat\/"},"modified":"2024-04-19T19:22:05","modified_gmt":"2024-04-19T08:22:05","slug":"tassel-shawl-autumn-cozy","status":"publish","type":"product","link":"https:\/\/ozponcho.com.au\/da\/p\/kvastsjal-efterarshygge\/","title":{"rendered":"Poncho-kappe med V-hals og frynser"},"content":{"rendered":"<p>G\u00e5 s\u00e6sonen i m\u00f8de med vores Autumn Winter V-Neck Poncho Cape - et fashion must-have, der lover b\u00e5de stil og komfort. Denne l\u00f8stsiddende, lang\u00e6rmede poncho er fremstillet af bl\u00f8dt jerseystof og falder ubesv\u00e6ret, s\u00e5 den kan bruges som et elegant lag til de k\u00f8ligere dage. De rige nacaratfarver og legesyge frynser tilf\u00f8jer et strejf af elegance til ethvert afslappet look. Uanset om du er ude at g\u00e5 en tur eller nyder en aften i byen, sikrer vores farveblokerede sjalfrakke, at du holder dig varm, mens du laver et modigt stilstatement. Pak dig ind i luksus, og lad dette statement-piece l\u00f8fte din efter\u00e5rs- og vintergarderobe.<\/p>\n<div>Stil: Afslappet<\/div>\n<div>Pasform: L\u00f8s<\/div>\n<div>Stof: Jersey<\/div>\n<div>M\u00f8nster: Farveblok<\/div>\n<div>Element: Frynser<\/div>\n<div>L\u00e6ngde p\u00e5 top: Lang<\/div>\n<div>Halsudsk\u00e6ring: V-hals<\/div>\n<div>\u00c6rmetype: Almindelig<\/div>\n<div>\u00c6rmel\u00e6ngde: Lang\u00e6rmet<\/div>\n<div>Vigtigste sammens\u00e6tning: Akryl<\/div>\n<div>S\u00e6son: Efter\u00e5r\/vinter<\/div>\n<p><img decoding=\"async\" src=\"https:\/\/ozponcho.com.au\/wp-content\/uploads\/2024\/03\/1148987930086211584.png\" \/><img decoding=\"async\" src=\"https:\/\/ozponcho.com.au\/wp-content\/uploads\/2024\/03\/O1CN01Acrnsr1HIfz0PzpgN_2331630735-0-cib.jpg\" \/><img decoding=\"async\" src=\"https:\/\/ozponcho.com.au\/wp-content\/uploads\/2024\/03\/O1CN01KwtOet1HIfys1IflX_2331630735-0-cib.jpg\" \/><img decoding=\"async\" src=\"https:\/\/ozponcho.com.au\/wp-content\/uploads\/2024\/03\/O1CN01SPAXcY1HIfyzXR3pK_2331630735-0-cib.jpg\" \/><img decoding=\"async\" src=\"https:\/\/ozponcho.com.au\/wp-content\/uploads\/2024\/03\/O1CN01qcCtWe1HIfyqpffWI_2331630735-0-cib.jpg\" \/><\/p>","protected":false},"excerpt":{"rendered":"<p>Step into the season with our Autumn Winter V-Neck Poncho Cape\u00e2\u20ac\u201da fashion must-have that promises both style and comfort. Crafted from soft jersey fabric, this loose-fit, long-sleeved poncho drapes effortlessly, offering a chic layering option for those cooler days. The rich nacarat hues and playful fringe add a touch of elegance to any casual look. [&#8230;]","protected":false},"featured_media":13622,"template":"","meta":[],"product_brand":[],"product_cat":[15,222,228,210,221],"product_tag":[],"class_list":{"0":"post-13662","1":"product","2":"type-product","3":"status-publish","4":"has-post-thumbnail","6":"product_cat-main-category","7":"product_cat-pink-poncho","8":"product_cat-poncho-sweater","9":"product_cat-poncho-women","10":"product_cat-red-poncho","12":"first","13":"outofstock","14":"shipping-taxable","15":"purchasable","16":"product-type-variable"},"yoast_head":"<!-- This site is optimized with the Yoast SEO plugin v25.9 - https:\/\/yoast.com\/wordpress\/plugins\/seo\/ -->\n<title>V-Neck Fringe Poncho Cape | Danmark #1 Poncho Shop<\/title>\n<meta name=\"description\" content=\"Looking for a V-Neck Fringe Poncho Cape ? You&#039;ve come to the right place \ud83d\ude04 We offers a wide selection of V-Neck Fringe Poncho Cape, perfect for you.\" \/>\n<meta name=\"robots\" content=\"index, follow, max-snippet:-1, max-image-preview:large, max-video-preview:-1\" \/>\n<link rel=\"canonical\" href=\"https:\/\/ozponcho.com.au\/da\/p\/kvastsjal-efterarshygge\/\" \/>\n<meta property=\"og:locale\" content=\"da_DK\" \/>\n<meta property=\"og:type\" content=\"article\" \/>\n<meta property=\"og:title\" content=\"V-Neck Fringe Poncho Cape | Danmark #1 Poncho Shop\" \/>\n<meta property=\"og:description\" content=\"Looking for a V-Neck Fringe Poncho Cape ? You&#039;ve come to the right place \ud83d\ude04 We offers a wide selection of V-Neck Fringe Poncho Cape, perfect for you.\" \/>\n<meta property=\"og:url\" content=\"https:\/\/ozponcho.com.au\/da\/p\/kvastsjal-efterarshygge\/\" \/>\n<meta property=\"og:site_name\" content=\"OZ Poncho\" \/>\n<meta property=\"article:modified_time\" content=\"2024-04-19T08:22:05+00:00\" \/>\n<meta property=\"og:image\" content=\"https:\/\/ozponcho.com.au\/wp-content\/uploads\/2023\/12\/O1CN01koYzGx1HIfyvos2wd_2331630735-0-cib.jpg\" \/>\n\t<meta property=\"og:image:width\" content=\"1340\" \/>\n\t<meta property=\"og:image:height\" content=\"1785\" \/>\n\t<meta property=\"og:image:type\" content=\"image\/jpeg\" \/>\n<meta name=\"twitter:card\" content=\"summary_large_image\" \/>\n<meta name=\"twitter:label1\" content=\"Estimeret l\u00e6setid\" \/>\n\t<meta name=\"twitter:data1\" content=\"2 minutter\" \/>\n<script type=\"application\/ld+json\" class=\"yoast-schema-graph\">{\"@context\":\"https:\/\/schema.org\",\"@graph\":[{\"@type\":\"WebPage\",\"@id\":\"https:\/\/ozponcho.com.au\/p\/tassel-shawl-autumn-cozy\/\",\"url\":\"https:\/\/ozponcho.com.au\/p\/tassel-shawl-autumn-cozy\/\",\"name\":\"V-Neck Fringe Poncho Cape | Danmark #1 Poncho Shop\",\"isPartOf\":{\"@id\":\"https:\/\/ozponcho.com.au\/#website\"},\"primaryImageOfPage\":{\"@id\":\"https:\/\/ozponcho.com.au\/p\/tassel-shawl-autumn-cozy\/#primaryimage\"},\"image\":{\"@id\":\"https:\/\/ozponcho.com.au\/p\/tassel-shawl-autumn-cozy\/#primaryimage\"},\"thumbnailUrl\":\"https:\/\/ozponcho.com.au\/wp-content\/uploads\/2023\/12\/O1CN01koYzGx1HIfyvos2wd_2331630735-0-cib.jpg\",\"datePublished\":\"2023-12-13T07:40:24+00:00\",\"dateModified\":\"2024-04-19T08:22:05+00:00\",\"description\":\"Looking for a V-Neck Fringe Poncho Cape ? You've come to the right place \ud83d\ude04 We offers a wide selection of V-Neck Fringe Poncho Cape, perfect for you.\",\"breadcrumb\":{\"@id\":\"https:\/\/ozponcho.com.au\/p\/tassel-shawl-autumn-cozy\/#breadcrumb\"},\"inLanguage\":\"da-DK\",\"potentialAction\":[{\"@type\":\"ReadAction\",\"target\":[\"https:\/\/ozponcho.com.au\/p\/tassel-shawl-autumn-cozy\/\"]}]},{\"@type\":\"ImageObject\",\"inLanguage\":\"da-DK\",\"@id\":\"https:\/\/ozponcho.com.au\/p\/tassel-shawl-autumn-cozy\/#primaryimage\",\"url\":\"https:\/\/ozponcho.com.au\/wp-content\/uploads\/2023\/12\/O1CN01koYzGx1HIfyvos2wd_2331630735-0-cib.jpg\",\"contentUrl\":\"https:\/\/ozponcho.com.au\/wp-content\/uploads\/2023\/12\/O1CN01koYzGx1HIfyvos2wd_2331630735-0-cib.jpg\",\"width\":1340,\"height\":1785,\"caption\":\"V-Neck Fringe Poncho Cape\"},{\"@type\":\"BreadcrumbList\",\"@id\":\"https:\/\/ozponcho.com.au\/p\/tassel-shawl-autumn-cozy\/#breadcrumb\",\"itemListElement\":[{\"@type\":\"ListItem\",\"position\":1,\"name\":\"Home\",\"item\":\"https:\/\/ozponcho.com.au\/\"},{\"@type\":\"ListItem\",\"position\":2,\"name\":\"Shop\",\"item\":\"https:\/\/ozponcho.com.au\/shop\/\"},{\"@type\":\"ListItem\",\"position\":3,\"name\":\"V-Neck Fringe Poncho Cape\"}]},{\"@type\":\"WebSite\",\"@id\":\"https:\/\/ozponcho.com.au\/#website\",\"url\":\"https:\/\/ozponcho.com.au\/\",\"name\":\"OZ Poncho\",\"description\":\"\",\"potentialAction\":[{\"@type\":\"SearchAction\",\"target\":{\"@type\":\"EntryPoint\",\"urlTemplate\":\"https:\/\/ozponcho.com.au\/?s={search_term_string}\"},\"query-input\":{\"@type\":\"PropertyValueSpecification\",\"valueRequired\":true,\"valueName\":\"search_term_string\"}}],\"inLanguage\":\"da-DK\"}]}<\/script>\n<!-- \/ Yoast SEO plugin. -->","yoast_head_json":{"title":"Poncho-kappe med V-hals og frynser | Danmark #1 Poncho Shop","description":"Leder du efter en V-Neck Fringe Poncho Cape? Du er kommet til det rette sted \ud83d\ude04 Vi tilbyder et bredt udvalg af V-Neck Fringe Poncho Cape, perfekt til dig.","robots":{"index":"index","follow":"follow","max-snippet":"max-snippet:-1","max-image-preview":"max-image-preview:large","max-video-preview":"max-video-preview:-1"},"canonical":"https:\/\/ozponcho.com.au\/da\/p\/kvastsjal-efterarshygge\/","og_locale":"da_DK","og_type":"article","og_title":"V-Neck Fringe Poncho Cape | Danmark #1 Poncho Shop","og_description":"Looking for a V-Neck Fringe Poncho Cape ? You've come to the right place \ud83d\ude04 We offers a wide selection of V-Neck Fringe Poncho Cape, perfect for you.","og_url":"https:\/\/ozponcho.com.au\/da\/p\/kvastsjal-efterarshygge\/","og_site_name":"OZ Poncho","article_modified_time":"2024-04-19T08:22:05+00:00","og_image":[{"width":1340,"height":1785,"url":"https:\/\/ozponcho.com.au\/wp-content\/uploads\/2023\/12\/O1CN01koYzGx1HIfyvos2wd_2331630735-0-cib.jpg","type":"image\/jpeg"}],"twitter_card":"summary_large_image","twitter_misc":{"Estimeret l\u00e6setid":"2 minutter"},"schema":{"@context":"https:\/\/schema.org","@graph":[{"@type":"WebPage","@id":"https:\/\/ozponcho.com.au\/p\/tassel-shawl-autumn-cozy\/","url":"https:\/\/ozponcho.com.au\/p\/tassel-shawl-autumn-cozy\/","name":"Poncho-kappe med V-hals og frynser | Danmark #1 Poncho Shop","isPartOf":{"@id":"https:\/\/ozponcho.com.au\/#website"},"primaryImageOfPage":{"@id":"https:\/\/ozponcho.com.au\/p\/tassel-shawl-autumn-cozy\/#primaryimage"},"image":{"@id":"https:\/\/ozponcho.com.au\/p\/tassel-shawl-autumn-cozy\/#primaryimage"},"thumbnailUrl":"https:\/\/ozponcho.com.au\/wp-content\/uploads\/2023\/12\/O1CN01koYzGx1HIfyvos2wd_2331630735-0-cib.jpg","datePublished":"2023-12-13T07:40:24+00:00","dateModified":"2024-04-19T08:22:05+00:00","description":"Leder du efter en V-Neck Fringe Poncho Cape? Du er kommet til det rette sted \ud83d\ude04 Vi tilbyder et bredt udvalg af V-Neck Fringe Poncho Cape, perfekt til dig.","breadcrumb":{"@id":"https:\/\/ozponcho.com.au\/p\/tassel-shawl-autumn-cozy\/#breadcrumb"},"inLanguage":"da-DK","potentialAction":[{"@type":"ReadAction","target":["https:\/\/ozponcho.com.au\/p\/tassel-shawl-autumn-cozy\/"]}]},{"@type":"ImageObject","inLanguage":"da-DK","@id":"https:\/\/ozponcho.com.au\/p\/tassel-shawl-autumn-cozy\/#primaryimage","url":"https:\/\/ozponcho.com.au\/wp-content\/uploads\/2023\/12\/O1CN01koYzGx1HIfyvos2wd_2331630735-0-cib.jpg","contentUrl":"https:\/\/ozponcho.com.au\/wp-content\/uploads\/2023\/12\/O1CN01koYzGx1HIfyvos2wd_2331630735-0-cib.jpg","width":1340,"height":1785,"caption":"V-Neck Fringe Poncho Cape"},{"@type":"BreadcrumbList","@id":"https:\/\/ozponcho.com.au\/p\/tassel-shawl-autumn-cozy\/#breadcrumb","itemListElement":[{"@type":"ListItem","position":1,"name":"Home","item":"https:\/\/ozponcho.com.au\/"},{"@type":"ListItem","position":2,"name":"Shop","item":"https:\/\/ozponcho.com.au\/shop\/"},{"@type":"ListItem","position":3,"name":"V-Neck Fringe Poncho Cape"}]},{"@type":"WebSite","@id":"https:\/\/ozponcho.com.au\/#website","url":"https:\/\/ozponcho.com.au\/","name":"OZ Poncho","description":"","potentialAction":[{"@type":"SearchAction","target":{"@type":"EntryPoint","urlTemplate":"https:\/\/ozponcho.com.au\/?s={search_term_string}"},"query-input":{"@type":"PropertyValueSpecification","valueRequired":true,"valueName":"search_term_string"}}],"inLanguage":"da-DK"}]}},"_links":{"self":[{"href":"https:\/\/ozponcho.com.au\/da\/wp-json\/wp\/v2\/product\/13662","targetHints":{"allow":["GET"]}}],"collection":[{"href":"https:\/\/ozponcho.com.au\/da\/wp-json\/wp\/v2\/product"}],"about":[{"href":"https:\/\/ozponcho.com.au\/da\/wp-json\/wp\/v2\/types\/product"}],"wp:featuredmedia":[{"embeddable":true,"href":"https:\/\/ozponcho.com.au\/da\/wp-json\/wp\/v2\/media\/13622"}],"wp:attachment":[{"href":"https:\/\/ozponcho.com.au\/da\/wp-json\/wp\/v2\/media?parent=13662"}],"wp:term":[{"taxonomy":"product_brand","embeddable":true,"href":"https:\/\/ozponcho.com.au\/da\/wp-json\/wp\/v2\/product_brand?post=13662"},{"taxonomy":"product_cat","embeddable":true,"href":"https:\/\/ozponcho.com.au\/da\/wp-json\/wp\/v2\/product_cat?post=13662"},{"taxonomy":"product_tag","embeddable":true,"href":"https:\/\/ozponcho.com.au\/da\/wp-json\/wp\/v2\/product_tag?post=13662"}],"curies":[{"name":"wp","href":"https:\/\/api.w.org\/{rel}","templated":true}]}}