{"id":13620,"date":"2023-12-13T18:40:11","date_gmt":"2023-12-13T07:40:11","guid":{"rendered":"https:\/\/ozponcho.com.au\/p\/spring-women-clothing-knitwear-pullover-round-neck-five-pointed-star-sweater-for-women\/"},"modified":"2026-01-06T20:15:41","modified_gmt":"2026-01-06T09:15:41","slug":"casual-grey-knit-graphic-women","status":"publish","type":"product","link":"https:\/\/ozponcho.com.au\/da\/p\/afslappet-gra-strik-til-kvinder\/","title":{"rendered":"Poncho-sweater med stjernem\u00f8nster"},"content":{"rendered":"<p>G\u00e5 de k\u00f8lige \u00e5rstider i m\u00f8de med stil i vores poncho-sweater med stjernem\u00f8nster til kvinder. Denne hyggelige strik er perfekt til de friske for\u00e5rsn\u00e6tter eller den k\u00f8lige overgang til efter\u00e5ret og kombinerer komfort med afslappet elegance. Det i\u00f8jnefaldende femtakkede stjernedesign og trompet\u00e6rmerne giver en unik flair, der adskiller den fra standardpullovere. Den er lavet af bl\u00f8d akryl og er let, men alligevel varm, s\u00e5 den bliver din favorit til ubesv\u00e6ret mode. S\u00e6t den sammen med dine yndlingsjeans for et afslappet look, eller dress den op til en aften i byen. Det er en vigtig tilf\u00f8jelse til din garderobe, som du ikke vil g\u00e5 glip af!<\/p>\n<div>Stil: Afslappet<\/div>\n<div>Pasform: L\u00f8s<\/div>\n<div>Stof: Jersey<\/div>\n<div>M\u00f8nster: Grafisk<\/div>\n<div>Element: Ikke<\/div>\n<div>L\u00e6ngde p\u00e5 top: Almindelig<\/div>\n<div>Halsudsk\u00e6ring: Rund halsudsk\u00e6ring<\/div>\n<div>\u00c6rmetype: Trompet\u00e6rme<\/div>\n<div>\u00c6rmel\u00e6ngde: Lang\u00e6rmet<\/div>\n<div>Vigtigste sammens\u00e6tning: Akryl<\/div>\n<div>S\u00e6son: Efter\u00e5r\/vinter<\/div>\n<p><img decoding=\"async\" src=\"https:\/\/ozponcho.com.au\/wp-content\/uploads\/2024\/03\/O1CN015m6EzW1QYY7ZjmRQF_2505411988-0-cib.jpg\" \/><img decoding=\"async\" src=\"https:\/\/ozponcho.com.au\/wp-content\/uploads\/2024\/03\/O1CN01LCelEH1QYY7et955C_2505411988-0-cib.jpg\" \/><img decoding=\"async\" src=\"https:\/\/ozponcho.com.au\/wp-content\/uploads\/2024\/03\/O1CN01QO5oee1QYY7gq2qPo_2505411988-0-cib.jpg\" \/><img decoding=\"async\" src=\"https:\/\/ozponcho.com.au\/wp-content\/uploads\/2024\/03\/O1CN01pDWCCf1QYY7Zjomys_2505411988-0-cib.jpg\" \/><img decoding=\"async\" src=\"https:\/\/ozponcho.com.au\/wp-content\/uploads\/2024\/03\/O1CN019mJzT01QYY7XX0Dz8_2505411988-0-cib.jpg\" \/><img decoding=\"async\" src=\"https:\/\/ozponcho.com.au\/wp-content\/uploads\/2024\/03\/O1CN01kF4eYy1QYY7WoiQQB_2505411988-0-cib.jpg\" \/><img decoding=\"async\" src=\"https:\/\/ozponcho.com.au\/wp-content\/uploads\/2024\/03\/O1CN01fPidGc1QYY7XWz1BD_2505411988-0-cib.jpg\" \/><img decoding=\"async\" src=\"https:\/\/ozponcho.com.au\/wp-content\/uploads\/2024\/03\/O1CN01HxpSsI1QYY7bVoux6_2505411988-0-cib.jpg\" \/><\/p>","protected":false},"excerpt":{"rendered":"<p>Embrace the chilly seasons in style with our Star Pattern Poncho Sweater for Women. Perfect for those brisk spring nights or the cool transition into fall, this cozy knitwear combines comfort with casual elegance. The eye-catching five-pointed star design and trumpet sleeves lend a unique flair that sets it apart from standard pullovers. Crafted from [&#8230;]","protected":false},"featured_media":13594,"template":"","meta":[],"product_brand":[],"product_cat":[216,225,15,228,214,210],"product_tag":[],"class_list":{"0":"post-13620","1":"product","2":"type-product","3":"status-publish","4":"has-post-thumbnail","6":"product_cat-cashmere-poncho","7":"product_cat-grey-poncho","8":"product_cat-main-category","9":"product_cat-poncho-sweater","10":"product_cat-knitted-crochet-poncho","11":"product_cat-poncho-women","13":"first","14":"instock","15":"shipping-taxable","16":"purchasable","17":"product-type-variable"},"yoast_head":"<!-- This site is optimized with the Yoast SEO plugin v25.9 - https:\/\/yoast.com\/wordpress\/plugins\/seo\/ -->\n<title>Star Pattern Poncho Sweater | Danmark #1 Poncho Shop<\/title>\n<meta name=\"description\" content=\"Looking for a Star Pattern Poncho Sweater ? You&#039;ve come to the right place \ud83d\ude04 We offers a wide selection of Star Pattern Poncho Sweater, perfect for you.\" \/>\n<meta name=\"robots\" content=\"index, follow, max-snippet:-1, max-image-preview:large, max-video-preview:-1\" \/>\n<link rel=\"canonical\" href=\"https:\/\/ozponcho.com.au\/da\/p\/afslappet-gra-strik-til-kvinder\/\" \/>\n<meta property=\"og:locale\" content=\"da_DK\" \/>\n<meta property=\"og:type\" content=\"article\" \/>\n<meta property=\"og:title\" content=\"Star Pattern Poncho Sweater | Danmark #1 Poncho Shop\" \/>\n<meta property=\"og:description\" content=\"Looking for a Star Pattern Poncho Sweater ? You&#039;ve come to the right place \ud83d\ude04 We offers a wide selection of Star Pattern Poncho Sweater, perfect for you.\" \/>\n<meta property=\"og:url\" content=\"https:\/\/ozponcho.com.au\/da\/p\/afslappet-gra-strik-til-kvinder\/\" \/>\n<meta property=\"og:site_name\" content=\"OZ Poncho\" \/>\n<meta property=\"article:modified_time\" content=\"2026-01-06T09:15:41+00:00\" \/>\n<meta property=\"og:image\" content=\"https:\/\/ozponcho.com.au\/wp-content\/uploads\/2023\/12\/O1CN01NpIP4I1QYY7hyH36R_2505411988-0-cib.jpg\" \/>\n\t<meta property=\"og:image:width\" content=\"800\" \/>\n\t<meta property=\"og:image:height\" content=\"800\" \/>\n\t<meta property=\"og:image:type\" content=\"image\/jpeg\" \/>\n<meta name=\"twitter:card\" content=\"summary_large_image\" \/>\n<meta name=\"twitter:label1\" content=\"Estimeret l\u00e6setid\" \/>\n\t<meta name=\"twitter:data1\" content=\"3 minutter\" \/>\n<script type=\"application\/ld+json\" class=\"yoast-schema-graph\">{\"@context\":\"https:\/\/schema.org\",\"@graph\":[{\"@type\":\"WebPage\",\"@id\":\"https:\/\/ozponcho.com.au\/p\/casual-grey-knit-graphic-women\/\",\"url\":\"https:\/\/ozponcho.com.au\/p\/casual-grey-knit-graphic-women\/\",\"name\":\"Star Pattern Poncho Sweater | Danmark #1 Poncho Shop\",\"isPartOf\":{\"@id\":\"https:\/\/ozponcho.com.au\/#website\"},\"primaryImageOfPage\":{\"@id\":\"https:\/\/ozponcho.com.au\/p\/casual-grey-knit-graphic-women\/#primaryimage\"},\"image\":{\"@id\":\"https:\/\/ozponcho.com.au\/p\/casual-grey-knit-graphic-women\/#primaryimage\"},\"thumbnailUrl\":\"https:\/\/ozponcho.com.au\/wp-content\/uploads\/2023\/12\/O1CN01NpIP4I1QYY7hyH36R_2505411988-0-cib.jpg\",\"datePublished\":\"2023-12-13T07:40:11+00:00\",\"dateModified\":\"2026-01-06T09:15:41+00:00\",\"description\":\"Looking for a Star Pattern Poncho Sweater ? You've come to the right place \ud83d\ude04 We offers a wide selection of Star Pattern Poncho Sweater, perfect for you.\",\"breadcrumb\":{\"@id\":\"https:\/\/ozponcho.com.au\/p\/casual-grey-knit-graphic-women\/#breadcrumb\"},\"inLanguage\":\"da-DK\",\"potentialAction\":[{\"@type\":\"ReadAction\",\"target\":[\"https:\/\/ozponcho.com.au\/p\/casual-grey-knit-graphic-women\/\"]}]},{\"@type\":\"ImageObject\",\"inLanguage\":\"da-DK\",\"@id\":\"https:\/\/ozponcho.com.au\/p\/casual-grey-knit-graphic-women\/#primaryimage\",\"url\":\"https:\/\/ozponcho.com.au\/wp-content\/uploads\/2023\/12\/O1CN01NpIP4I1QYY7hyH36R_2505411988-0-cib.jpg\",\"contentUrl\":\"https:\/\/ozponcho.com.au\/wp-content\/uploads\/2023\/12\/O1CN01NpIP4I1QYY7hyH36R_2505411988-0-cib.jpg\",\"width\":800,\"height\":800,\"caption\":\"Star Pattern Poncho Sweater\"},{\"@type\":\"BreadcrumbList\",\"@id\":\"https:\/\/ozponcho.com.au\/p\/casual-grey-knit-graphic-women\/#breadcrumb\",\"itemListElement\":[{\"@type\":\"ListItem\",\"position\":1,\"name\":\"Home\",\"item\":\"https:\/\/ozponcho.com.au\/\"},{\"@type\":\"ListItem\",\"position\":2,\"name\":\"Shop\",\"item\":\"https:\/\/ozponcho.com.au\/shop\/\"},{\"@type\":\"ListItem\",\"position\":3,\"name\":\"Star Pattern Poncho Sweater\"}]},{\"@type\":\"WebSite\",\"@id\":\"https:\/\/ozponcho.com.au\/#website\",\"url\":\"https:\/\/ozponcho.com.au\/\",\"name\":\"OZ Poncho\",\"description\":\"\",\"potentialAction\":[{\"@type\":\"SearchAction\",\"target\":{\"@type\":\"EntryPoint\",\"urlTemplate\":\"https:\/\/ozponcho.com.au\/?s={search_term_string}\"},\"query-input\":{\"@type\":\"PropertyValueSpecification\",\"valueRequired\":true,\"valueName\":\"search_term_string\"}}],\"inLanguage\":\"da-DK\"}]}<\/script>\n<!-- \/ Yoast SEO plugin. -->","yoast_head_json":{"title":"Poncho-sweater med stjernem\u00f8nster | Danmark #1 Poncho Shop","description":"Leder du efter en Star Pattern Poncho Sweater? Du er kommet til det rette sted \ud83d\ude04 Vi tilbyder et bredt udvalg af Star Pattern Poncho Sweater, perfekt til dig.","robots":{"index":"index","follow":"follow","max-snippet":"max-snippet:-1","max-image-preview":"max-image-preview:large","max-video-preview":"max-video-preview:-1"},"canonical":"https:\/\/ozponcho.com.au\/da\/p\/afslappet-gra-strik-til-kvinder\/","og_locale":"da_DK","og_type":"article","og_title":"Star Pattern Poncho Sweater | Danmark #1 Poncho Shop","og_description":"Looking for a Star Pattern Poncho Sweater ? You've come to the right place \ud83d\ude04 We offers a wide selection of Star Pattern Poncho Sweater, perfect for you.","og_url":"https:\/\/ozponcho.com.au\/da\/p\/afslappet-gra-strik-til-kvinder\/","og_site_name":"OZ Poncho","article_modified_time":"2026-01-06T09:15:41+00:00","og_image":[{"width":800,"height":800,"url":"https:\/\/ozponcho.com.au\/wp-content\/uploads\/2023\/12\/O1CN01NpIP4I1QYY7hyH36R_2505411988-0-cib.jpg","type":"image\/jpeg"}],"twitter_card":"summary_large_image","twitter_misc":{"Estimeret l\u00e6setid":"3 minutter"},"schema":{"@context":"https:\/\/schema.org","@graph":[{"@type":"WebPage","@id":"https:\/\/ozponcho.com.au\/p\/casual-grey-knit-graphic-women\/","url":"https:\/\/ozponcho.com.au\/p\/casual-grey-knit-graphic-women\/","name":"Poncho-sweater med stjernem\u00f8nster | Danmark #1 Poncho Shop","isPartOf":{"@id":"https:\/\/ozponcho.com.au\/#website"},"primaryImageOfPage":{"@id":"https:\/\/ozponcho.com.au\/p\/casual-grey-knit-graphic-women\/#primaryimage"},"image":{"@id":"https:\/\/ozponcho.com.au\/p\/casual-grey-knit-graphic-women\/#primaryimage"},"thumbnailUrl":"https:\/\/ozponcho.com.au\/wp-content\/uploads\/2023\/12\/O1CN01NpIP4I1QYY7hyH36R_2505411988-0-cib.jpg","datePublished":"2023-12-13T07:40:11+00:00","dateModified":"2026-01-06T09:15:41+00:00","description":"Leder du efter en Star Pattern Poncho Sweater? Du er kommet til det rette sted \ud83d\ude04 Vi tilbyder et bredt udvalg af Star Pattern Poncho Sweater, perfekt til dig.","breadcrumb":{"@id":"https:\/\/ozponcho.com.au\/p\/casual-grey-knit-graphic-women\/#breadcrumb"},"inLanguage":"da-DK","potentialAction":[{"@type":"ReadAction","target":["https:\/\/ozponcho.com.au\/p\/casual-grey-knit-graphic-women\/"]}]},{"@type":"ImageObject","inLanguage":"da-DK","@id":"https:\/\/ozponcho.com.au\/p\/casual-grey-knit-graphic-women\/#primaryimage","url":"https:\/\/ozponcho.com.au\/wp-content\/uploads\/2023\/12\/O1CN01NpIP4I1QYY7hyH36R_2505411988-0-cib.jpg","contentUrl":"https:\/\/ozponcho.com.au\/wp-content\/uploads\/2023\/12\/O1CN01NpIP4I1QYY7hyH36R_2505411988-0-cib.jpg","width":800,"height":800,"caption":"Star Pattern Poncho Sweater"},{"@type":"BreadcrumbList","@id":"https:\/\/ozponcho.com.au\/p\/casual-grey-knit-graphic-women\/#breadcrumb","itemListElement":[{"@type":"ListItem","position":1,"name":"Home","item":"https:\/\/ozponcho.com.au\/"},{"@type":"ListItem","position":2,"name":"Shop","item":"https:\/\/ozponcho.com.au\/shop\/"},{"@type":"ListItem","position":3,"name":"Star Pattern Poncho Sweater"}]},{"@type":"WebSite","@id":"https:\/\/ozponcho.com.au\/#website","url":"https:\/\/ozponcho.com.au\/","name":"OZ Poncho","description":"","potentialAction":[{"@type":"SearchAction","target":{"@type":"EntryPoint","urlTemplate":"https:\/\/ozponcho.com.au\/?s={search_term_string}"},"query-input":{"@type":"PropertyValueSpecification","valueRequired":true,"valueName":"search_term_string"}}],"inLanguage":"da-DK"}]}},"_links":{"self":[{"href":"https:\/\/ozponcho.com.au\/da\/wp-json\/wp\/v2\/product\/13620","targetHints":{"allow":["GET"]}}],"collection":[{"href":"https:\/\/ozponcho.com.au\/da\/wp-json\/wp\/v2\/product"}],"about":[{"href":"https:\/\/ozponcho.com.au\/da\/wp-json\/wp\/v2\/types\/product"}],"wp:featuredmedia":[{"embeddable":true,"href":"https:\/\/ozponcho.com.au\/da\/wp-json\/wp\/v2\/media\/13594"}],"wp:attachment":[{"href":"https:\/\/ozponcho.com.au\/da\/wp-json\/wp\/v2\/media?parent=13620"}],"wp:term":[{"taxonomy":"product_brand","embeddable":true,"href":"https:\/\/ozponcho.com.au\/da\/wp-json\/wp\/v2\/product_brand?post=13620"},{"taxonomy":"product_cat","embeddable":true,"href":"https:\/\/ozponcho.com.au\/da\/wp-json\/wp\/v2\/product_cat?post=13620"},{"taxonomy":"product_tag","embeddable":true,"href":"https:\/\/ozponcho.com.au\/da\/wp-json\/wp\/v2\/product_tag?post=13620"}],"curies":[{"name":"wp","href":"https:\/\/api.w.org\/{rel}","templated":true}]}}