{"id":13615,"date":"2023-12-13T18:40:09","date_gmt":"2023-12-13T07:40:09","guid":{"rendered":"https:\/\/ozponcho.com.au\/p\/autumn-winter-tassel-cape-shawl-sweater-contrast-color-knitwear-women\/"},"modified":"2024-07-26T12:28:30","modified_gmt":"2024-07-26T01:28:30","slug":"elegant-fringe-autumn-shawl","status":"publish","type":"product","link":"https:\/\/ozponcho.com.au\/da\/p\/elegant-fringe-autumn-shawl\/","title":{"rendered":"Chic ponchostrik med kvaster"},"content":{"rendered":"<p>Cozy up in style this fall and winter with our Chic Tassel Poncho Knitwear. Perfect for those who value elegance and comfort, this poncho features a tasteful ombre gradient that transitions from gray to cream, complementing any outfit. The mock neck design and fringe details add a touch of sophistication, while the loose fit ensures maximum comfort. Made with a high-quality acrylic blend, it\u00e2\u20ac\u2122s easy to care for and durable. Whether you&#8217;re enjoying a casual outing or dressing up for a special event, this versatile poncho is an ideal addition to your wardrobe.<\/p>\n<div>Stil: Elegant<\/div>\n<div>Pasform: L\u00f8s<\/div>\n<div>Stof: Jersey<\/div>\n<div>Pattern: Ombre<\/div>\n<div>Element: Frynser<\/div>\n<div>L\u00e6ngde p\u00e5 top: Almindelig<\/div>\n<div>Halsudsk\u00e6ring: B\u00f8llehals<\/div>\n<div>\u00c6rmetype: Andre<\/div>\n<div>\u00c6rmel\u00e6ngde: Lang\u00e6rmet<\/div>\n<div>Vigtigste sammens\u00e6tning: Akryl<\/div>\n<div>S\u00e6son: Efter\u00e5r\/vinter<\/div>\n<p><img decoding=\"async\" src=\"https:\/\/ozponcho.com.au\/wp-content\/uploads\/2024\/03\/1161291783502561280.png\" \/><img decoding=\"async\" src=\"https:\/\/ozponcho.com.au\/wp-content\/uploads\/2024\/03\/O1CN0188XXW31QYY4sPMHa7_2505411988-0-cib.jpg\" \/><img decoding=\"async\" src=\"https:\/\/ozponcho.com.au\/wp-content\/uploads\/2024\/03\/O1CN01Fe5IRM1QYY9o72Syk_2505411988-0-cib.jpg\" \/><img decoding=\"async\" src=\"https:\/\/ozponcho.com.au\/wp-content\/uploads\/2024\/03\/O1CN01wNuSsJ1QYY4kOcgZm_2505411988-0-cib.jpg\" \/><img decoding=\"async\" src=\"https:\/\/ozponcho.com.au\/wp-content\/uploads\/2024\/03\/O1CN01hqBU3A1QYY4rNRo1Q_2505411988-0-cib.jpg\" \/><img decoding=\"async\" src=\"https:\/\/ozponcho.com.au\/wp-content\/uploads\/2024\/03\/O1CN01TZFYVD1QYY4n6okNh_2505411988-0-cib.jpg\" \/><img decoding=\"async\" src=\"https:\/\/ozponcho.com.au\/wp-content\/uploads\/2024\/03\/O1CN01zAKSQA1QYY4ncGfV0_2505411988-0-cib.jpg\" \/><\/p>","protected":false},"excerpt":{"rendered":"<p>Cozy up in style this fall and winter with our Chic Tassel Poncho Knitwear. Perfect for those who value elegance and comfort, this poncho features a tasteful ombre gradient that transitions from gray to cream, complementing any outfit. The mock neck design and fringe details add a touch of sophistication, while the loose fit ensures [&#8230;]","protected":false},"featured_media":13592,"template":"","meta":[],"product_brand":[],"product_cat":[225,15,228,214,210,221],"product_tag":[],"class_list":{"0":"post-13615","1":"product","2":"type-product","3":"status-publish","4":"has-post-thumbnail","6":"product_cat-grey-poncho","7":"product_cat-main-category","8":"product_cat-poncho-sweater","9":"product_cat-knitted-crochet-poncho","10":"product_cat-poncho-women","11":"product_cat-red-poncho","13":"first","14":"outofstock","15":"shipping-taxable","16":"purchasable","17":"product-type-variable"},"yoast_head":"<!-- This site is optimized with the Yoast SEO plugin v25.9 - https:\/\/yoast.com\/wordpress\/plugins\/seo\/ -->\n<title>Chic Tassel Poncho Knitwear | Danmark #1 Poncho Shop<\/title>\n<meta name=\"description\" content=\"Looking for a Chic Tassel Poncho Knitwear ? You&#039;ve come to the right place \ud83d\ude04 We offers a wide selection of Chic Tassel Poncho Knitwear, perfect for you.\" \/>\n<meta name=\"robots\" content=\"index, follow, max-snippet:-1, max-image-preview:large, max-video-preview:-1\" \/>\n<link rel=\"canonical\" href=\"https:\/\/ozponcho.com.au\/da\/p\/elegant-fringe-autumn-shawl\/\" \/>\n<meta property=\"og:locale\" content=\"da_DK\" \/>\n<meta property=\"og:type\" content=\"article\" \/>\n<meta property=\"og:title\" content=\"Chic Tassel Poncho Knitwear | Danmark #1 Poncho Shop\" \/>\n<meta property=\"og:description\" content=\"Looking for a Chic Tassel Poncho Knitwear ? You&#039;ve come to the right place \ud83d\ude04 We offers a wide selection of Chic Tassel Poncho Knitwear, perfect for you.\" \/>\n<meta property=\"og:url\" content=\"https:\/\/ozponcho.com.au\/da\/p\/elegant-fringe-autumn-shawl\/\" \/>\n<meta property=\"og:site_name\" content=\"OZ Poncho\" \/>\n<meta property=\"article:modified_time\" content=\"2024-07-26T01:28:30+00:00\" \/>\n<meta property=\"og:image\" content=\"https:\/\/ozponcho.com.au\/wp-content\/uploads\/2023\/12\/O1CN01t220KR1QYY4tQuwh0_2505411988-0-cib.jpg\" \/>\n\t<meta property=\"og:image:width\" content=\"800\" \/>\n\t<meta property=\"og:image:height\" content=\"800\" \/>\n\t<meta property=\"og:image:type\" content=\"image\/jpeg\" \/>\n<meta name=\"twitter:card\" content=\"summary_large_image\" \/>\n<meta name=\"twitter:label1\" content=\"Estimeret l\u00e6setid\" \/>\n\t<meta name=\"twitter:data1\" content=\"1 minut\" \/>\n<script type=\"application\/ld+json\" class=\"yoast-schema-graph\">{\"@context\":\"https:\/\/schema.org\",\"@graph\":[{\"@type\":\"WebPage\",\"@id\":\"https:\/\/ozponcho.com.au\/p\/elegant-fringe-autumn-shawl\/\",\"url\":\"https:\/\/ozponcho.com.au\/p\/elegant-fringe-autumn-shawl\/\",\"name\":\"Chic Tassel Poncho Knitwear | Danmark #1 Poncho Shop\",\"isPartOf\":{\"@id\":\"https:\/\/ozponcho.com.au\/#website\"},\"primaryImageOfPage\":{\"@id\":\"https:\/\/ozponcho.com.au\/p\/elegant-fringe-autumn-shawl\/#primaryimage\"},\"image\":{\"@id\":\"https:\/\/ozponcho.com.au\/p\/elegant-fringe-autumn-shawl\/#primaryimage\"},\"thumbnailUrl\":\"https:\/\/ozponcho.com.au\/wp-content\/uploads\/2023\/12\/O1CN01t220KR1QYY4tQuwh0_2505411988-0-cib.jpg\",\"datePublished\":\"2023-12-13T07:40:09+00:00\",\"dateModified\":\"2024-07-26T01:28:30+00:00\",\"description\":\"Looking for a Chic Tassel Poncho Knitwear ? You've come to the right place \ud83d\ude04 We offers a wide selection of Chic Tassel Poncho Knitwear, perfect for you.\",\"breadcrumb\":{\"@id\":\"https:\/\/ozponcho.com.au\/p\/elegant-fringe-autumn-shawl\/#breadcrumb\"},\"inLanguage\":\"da-DK\",\"potentialAction\":[{\"@type\":\"ReadAction\",\"target\":[\"https:\/\/ozponcho.com.au\/p\/elegant-fringe-autumn-shawl\/\"]}]},{\"@type\":\"ImageObject\",\"inLanguage\":\"da-DK\",\"@id\":\"https:\/\/ozponcho.com.au\/p\/elegant-fringe-autumn-shawl\/#primaryimage\",\"url\":\"https:\/\/ozponcho.com.au\/wp-content\/uploads\/2023\/12\/O1CN01t220KR1QYY4tQuwh0_2505411988-0-cib.jpg\",\"contentUrl\":\"https:\/\/ozponcho.com.au\/wp-content\/uploads\/2023\/12\/O1CN01t220KR1QYY4tQuwh0_2505411988-0-cib.jpg\",\"width\":800,\"height\":800,\"caption\":\"Chic Tassel Poncho Knitwear\"},{\"@type\":\"BreadcrumbList\",\"@id\":\"https:\/\/ozponcho.com.au\/p\/elegant-fringe-autumn-shawl\/#breadcrumb\",\"itemListElement\":[{\"@type\":\"ListItem\",\"position\":1,\"name\":\"Home\",\"item\":\"https:\/\/ozponcho.com.au\/\"},{\"@type\":\"ListItem\",\"position\":2,\"name\":\"Shop\",\"item\":\"https:\/\/ozponcho.com.au\/shop\/\"},{\"@type\":\"ListItem\",\"position\":3,\"name\":\"Chic Tassel Poncho Knitwear\"}]},{\"@type\":\"WebSite\",\"@id\":\"https:\/\/ozponcho.com.au\/#website\",\"url\":\"https:\/\/ozponcho.com.au\/\",\"name\":\"OZ Poncho\",\"description\":\"\",\"potentialAction\":[{\"@type\":\"SearchAction\",\"target\":{\"@type\":\"EntryPoint\",\"urlTemplate\":\"https:\/\/ozponcho.com.au\/?s={search_term_string}\"},\"query-input\":{\"@type\":\"PropertyValueSpecification\",\"valueRequired\":true,\"valueName\":\"search_term_string\"}}],\"inLanguage\":\"da-DK\"}]}<\/script>\n<!-- \/ Yoast SEO plugin. -->","yoast_head_json":{"title":"Chic Tassel Poncho Knitwear | Danmark #1 Poncho Shop","description":"Looking for a Chic Tassel Poncho Knitwear ? You've come to the right place \ud83d\ude04 We offers a wide selection of Chic Tassel Poncho Knitwear, perfect for you.","robots":{"index":"index","follow":"follow","max-snippet":"max-snippet:-1","max-image-preview":"max-image-preview:large","max-video-preview":"max-video-preview:-1"},"canonical":"https:\/\/ozponcho.com.au\/da\/p\/elegant-fringe-autumn-shawl\/","og_locale":"da_DK","og_type":"article","og_title":"Chic Tassel Poncho Knitwear | Danmark #1 Poncho Shop","og_description":"Looking for a Chic Tassel Poncho Knitwear ? You've come to the right place \ud83d\ude04 We offers a wide selection of Chic Tassel Poncho Knitwear, perfect for you.","og_url":"https:\/\/ozponcho.com.au\/da\/p\/elegant-fringe-autumn-shawl\/","og_site_name":"OZ Poncho","article_modified_time":"2024-07-26T01:28:30+00:00","og_image":[{"width":800,"height":800,"url":"https:\/\/ozponcho.com.au\/wp-content\/uploads\/2023\/12\/O1CN01t220KR1QYY4tQuwh0_2505411988-0-cib.jpg","type":"image\/jpeg"}],"twitter_card":"summary_large_image","twitter_misc":{"Estimeret l\u00e6setid":"1 minut"},"schema":{"@context":"https:\/\/schema.org","@graph":[{"@type":"WebPage","@id":"https:\/\/ozponcho.com.au\/p\/elegant-fringe-autumn-shawl\/","url":"https:\/\/ozponcho.com.au\/p\/elegant-fringe-autumn-shawl\/","name":"Chic Tassel Poncho Knitwear | Danmark #1 Poncho Shop","isPartOf":{"@id":"https:\/\/ozponcho.com.au\/#website"},"primaryImageOfPage":{"@id":"https:\/\/ozponcho.com.au\/p\/elegant-fringe-autumn-shawl\/#primaryimage"},"image":{"@id":"https:\/\/ozponcho.com.au\/p\/elegant-fringe-autumn-shawl\/#primaryimage"},"thumbnailUrl":"https:\/\/ozponcho.com.au\/wp-content\/uploads\/2023\/12\/O1CN01t220KR1QYY4tQuwh0_2505411988-0-cib.jpg","datePublished":"2023-12-13T07:40:09+00:00","dateModified":"2024-07-26T01:28:30+00:00","description":"Looking for a Chic Tassel Poncho Knitwear ? You've come to the right place \ud83d\ude04 We offers a wide selection of Chic Tassel Poncho Knitwear, perfect for you.","breadcrumb":{"@id":"https:\/\/ozponcho.com.au\/p\/elegant-fringe-autumn-shawl\/#breadcrumb"},"inLanguage":"da-DK","potentialAction":[{"@type":"ReadAction","target":["https:\/\/ozponcho.com.au\/p\/elegant-fringe-autumn-shawl\/"]}]},{"@type":"ImageObject","inLanguage":"da-DK","@id":"https:\/\/ozponcho.com.au\/p\/elegant-fringe-autumn-shawl\/#primaryimage","url":"https:\/\/ozponcho.com.au\/wp-content\/uploads\/2023\/12\/O1CN01t220KR1QYY4tQuwh0_2505411988-0-cib.jpg","contentUrl":"https:\/\/ozponcho.com.au\/wp-content\/uploads\/2023\/12\/O1CN01t220KR1QYY4tQuwh0_2505411988-0-cib.jpg","width":800,"height":800,"caption":"Chic Tassel Poncho Knitwear"},{"@type":"BreadcrumbList","@id":"https:\/\/ozponcho.com.au\/p\/elegant-fringe-autumn-shawl\/#breadcrumb","itemListElement":[{"@type":"ListItem","position":1,"name":"Home","item":"https:\/\/ozponcho.com.au\/"},{"@type":"ListItem","position":2,"name":"Shop","item":"https:\/\/ozponcho.com.au\/shop\/"},{"@type":"ListItem","position":3,"name":"Chic Tassel Poncho Knitwear"}]},{"@type":"WebSite","@id":"https:\/\/ozponcho.com.au\/#website","url":"https:\/\/ozponcho.com.au\/","name":"OZ Poncho","description":"","potentialAction":[{"@type":"SearchAction","target":{"@type":"EntryPoint","urlTemplate":"https:\/\/ozponcho.com.au\/?s={search_term_string}"},"query-input":{"@type":"PropertyValueSpecification","valueRequired":true,"valueName":"search_term_string"}}],"inLanguage":"da-DK"}]}},"_links":{"self":[{"href":"https:\/\/ozponcho.com.au\/da\/wp-json\/wp\/v2\/product\/13615","targetHints":{"allow":["GET"]}}],"collection":[{"href":"https:\/\/ozponcho.com.au\/da\/wp-json\/wp\/v2\/product"}],"about":[{"href":"https:\/\/ozponcho.com.au\/da\/wp-json\/wp\/v2\/types\/product"}],"wp:featuredmedia":[{"embeddable":true,"href":"https:\/\/ozponcho.com.au\/da\/wp-json\/wp\/v2\/media\/13592"}],"wp:attachment":[{"href":"https:\/\/ozponcho.com.au\/da\/wp-json\/wp\/v2\/media?parent=13615"}],"wp:term":[{"taxonomy":"product_brand","embeddable":true,"href":"https:\/\/ozponcho.com.au\/da\/wp-json\/wp\/v2\/product_brand?post=13615"},{"taxonomy":"product_cat","embeddable":true,"href":"https:\/\/ozponcho.com.au\/da\/wp-json\/wp\/v2\/product_cat?post=13615"},{"taxonomy":"product_tag","embeddable":true,"href":"https:\/\/ozponcho.com.au\/da\/wp-json\/wp\/v2\/product_tag?post=13615"}],"curies":[{"name":"wp","href":"https:\/\/api.w.org\/{rel}","templated":true}]}}