{"id":13540,"date":"2023-12-13T18:39:48","date_gmt":"2023-12-13T07:39:48","guid":{"rendered":"https:\/\/ozponcho.com.au\/p\/contrast-color-fur-ball-tassel-knitted-women-autumn-winter-cape-sweater\/"},"modified":"2025-09-28T20:16:04","modified_gmt":"2025-09-28T09:16:04","slug":"stylish-fur-ball-cape","status":"publish","type":"product","link":"https:\/\/ozponcho.com.au\/da\/p\/stilfuld-pelskuglekappe\/","title":{"rendered":"Elegant poncho med kvaster og frynser"},"content":{"rendered":"<p>Omfavn elegance og komfort med denne overd\u00e5dige Autumn Winter Cape-sweater, der er perfekt til den sofistikerede kvinde. Denne l\u00f8stsiddende poncho med v-hals blander dejlige pink og lilla nuancer med smagfulde kvaster og pelsede pomponer, der tilf\u00f8jer et strejf af lunefuldhed til din garderobe. Den er lavet af bl\u00f8dt jerseystof og lover varme og stil i \u00e9n og samme bekl\u00e6dningsgenstand. De trekvartlange \u00e6rmer og legesyge frynseelementer g\u00f8r den til en alsidig og uundv\u00e6rlig tilf\u00f8jelse til enhver efter\u00e5rs- eller vinterkollektion. Vov at skille dig ud med et stykke t\u00f8j, der er lige s\u00e5 unikt som dig, og lad denne poncho v\u00e6re kronjuvelen i dine outfits til det k\u00f8lige vejr.<\/p>\n<div>Stil: Elegant<\/div>\n<div>Pasform: L\u00f8s<\/div>\n<div>Stof: Jersey<\/div>\n<div>M\u00f8nster: Trykt<\/div>\n<div>Element: Frynser<\/div>\n<div>L\u00e6ngde p\u00e5 top: Lang<\/div>\n<div>Halsudsk\u00e6ring: V-hals<\/div>\n<div>\u00c6rmetype: Andre<\/div>\n<div>\u00c6rmel\u00e6ngde: 3\/4 \u00e6rme<\/div>\n<div>Vigtigste sammens\u00e6tning: Polyester<\/div>\n<div>S\u00e6son: Efter\u00e5r\/vinter<\/div>\n<p><img decoding=\"async\" src=\"https:\/\/ozponcho.com.au\/wp-content\/uploads\/2024\/03\/1012415691627692032.png\" \/><img decoding=\"async\" src=\"https:\/\/ozponcho.com.au\/wp-content\/uploads\/2024\/03\/O1CN012yG6yg1QYY9fiEBYE_2505411988-0-cib.jpg\" \/><img decoding=\"async\" src=\"https:\/\/ozponcho.com.au\/wp-content\/uploads\/2024\/03\/O1CN01iS8bNF1QYY9cqIzXn_2505411988-0-cib.jpg\" \/><img decoding=\"async\" src=\"https:\/\/ozponcho.com.au\/wp-content\/uploads\/2024\/03\/O1CN01cHejDN1QYY9ZMNJ7F_2505411988-0-cib.jpg\" \/><img decoding=\"async\" src=\"https:\/\/ozponcho.com.au\/wp-content\/uploads\/2024\/03\/O1CN01Qh29Bh1QYY9a2ltBk_2505411988-0-cib.jpg\" \/><img decoding=\"async\" src=\"https:\/\/ozponcho.com.au\/wp-content\/uploads\/2024\/03\/O1CN01490VQ01QYY9fiDuw5_2505411988-0-cib.jpg\" \/><\/p>","protected":false},"excerpt":{"rendered":"<p>Embrace elegance and comfort with this sumptuous Autumn Winter Cape sweater, perfect for the sophisticated woman. This loosely-fitted, v-neck poncho blends delightful pink and purple shades with tasteful tassels and furry pompoms that add a dash of whimsy to your wardrobe. Made from soft jersey fabric, it promises warmth and style in a single garment. [&#8230;]","protected":false},"featured_media":13510,"template":"","meta":[],"product_brand":[],"product_cat":[229,15,222,230,228,214,210],"product_tag":[],"class_list":{"0":"post-13540","1":"product","2":"type-product","3":"status-publish","4":"has-post-thumbnail","6":"product_cat-blanket-poncho","7":"product_cat-main-category","8":"product_cat-pink-poncho","9":"product_cat-poncho-dress","10":"product_cat-poncho-sweater","11":"product_cat-knitted-crochet-poncho","12":"product_cat-poncho-women","14":"first","15":"outofstock","16":"shipping-taxable","17":"purchasable","18":"product-type-variable"},"yoast_head":"<!-- This site is optimized with the Yoast SEO plugin v25.9 - https:\/\/yoast.com\/wordpress\/plugins\/seo\/ -->\n<title>Elegant Tassel Fringe Poncho | Danmark #1 Poncho Shop<\/title>\n<meta name=\"description\" content=\"Looking for a Elegant Tassel Fringe Poncho ? You&#039;ve come to the right place \ud83d\ude04 We offers a wide selection of Elegant Tassel Fringe Poncho, perfect for you.\" \/>\n<meta name=\"robots\" content=\"index, follow, max-snippet:-1, max-image-preview:large, max-video-preview:-1\" \/>\n<link rel=\"canonical\" href=\"https:\/\/ozponcho.com.au\/da\/p\/stilfuld-pelskuglekappe\/\" \/>\n<meta property=\"og:locale\" content=\"da_DK\" \/>\n<meta property=\"og:type\" content=\"article\" \/>\n<meta property=\"og:title\" content=\"Elegant Tassel Fringe Poncho | Danmark #1 Poncho Shop\" \/>\n<meta property=\"og:description\" content=\"Looking for a Elegant Tassel Fringe Poncho ? You&#039;ve come to the right place \ud83d\ude04 We offers a wide selection of Elegant Tassel Fringe Poncho, perfect for you.\" \/>\n<meta property=\"og:url\" content=\"https:\/\/ozponcho.com.au\/da\/p\/stilfuld-pelskuglekappe\/\" \/>\n<meta property=\"og:site_name\" content=\"OZ Poncho\" \/>\n<meta property=\"article:modified_time\" content=\"2025-09-28T09:16:04+00:00\" \/>\n<meta property=\"og:image\" content=\"https:\/\/ozponcho.com.au\/wp-content\/uploads\/2023\/12\/O1CN01I1zuxJ1QYY9ZGIk7I_2505411988-0-cib.jpg\" \/>\n\t<meta property=\"og:image:width\" content=\"800\" \/>\n\t<meta property=\"og:image:height\" content=\"800\" \/>\n\t<meta property=\"og:image:type\" content=\"image\/jpeg\" \/>\n<meta name=\"twitter:card\" content=\"summary_large_image\" \/>\n<meta name=\"twitter:label1\" content=\"Estimeret l\u00e6setid\" \/>\n\t<meta name=\"twitter:data1\" content=\"1 minut\" \/>\n<script type=\"application\/ld+json\" class=\"yoast-schema-graph\">{\"@context\":\"https:\/\/schema.org\",\"@graph\":[{\"@type\":\"WebPage\",\"@id\":\"https:\/\/ozponcho.com.au\/p\/stylish-fur-ball-cape\/\",\"url\":\"https:\/\/ozponcho.com.au\/p\/stylish-fur-ball-cape\/\",\"name\":\"Elegant Tassel Fringe Poncho | Danmark #1 Poncho Shop\",\"isPartOf\":{\"@id\":\"https:\/\/ozponcho.com.au\/#website\"},\"primaryImageOfPage\":{\"@id\":\"https:\/\/ozponcho.com.au\/p\/stylish-fur-ball-cape\/#primaryimage\"},\"image\":{\"@id\":\"https:\/\/ozponcho.com.au\/p\/stylish-fur-ball-cape\/#primaryimage\"},\"thumbnailUrl\":\"https:\/\/ozponcho.com.au\/wp-content\/uploads\/2023\/12\/O1CN01I1zuxJ1QYY9ZGIk7I_2505411988-0-cib.jpg\",\"datePublished\":\"2023-12-13T07:39:48+00:00\",\"dateModified\":\"2025-09-28T09:16:04+00:00\",\"description\":\"Looking for a Elegant Tassel Fringe Poncho ? You've come to the right place \ud83d\ude04 We offers a wide selection of Elegant Tassel Fringe Poncho, perfect for you.\",\"breadcrumb\":{\"@id\":\"https:\/\/ozponcho.com.au\/p\/stylish-fur-ball-cape\/#breadcrumb\"},\"inLanguage\":\"da-DK\",\"potentialAction\":[{\"@type\":\"ReadAction\",\"target\":[\"https:\/\/ozponcho.com.au\/p\/stylish-fur-ball-cape\/\"]}]},{\"@type\":\"ImageObject\",\"inLanguage\":\"da-DK\",\"@id\":\"https:\/\/ozponcho.com.au\/p\/stylish-fur-ball-cape\/#primaryimage\",\"url\":\"https:\/\/ozponcho.com.au\/wp-content\/uploads\/2023\/12\/O1CN01I1zuxJ1QYY9ZGIk7I_2505411988-0-cib.jpg\",\"contentUrl\":\"https:\/\/ozponcho.com.au\/wp-content\/uploads\/2023\/12\/O1CN01I1zuxJ1QYY9ZGIk7I_2505411988-0-cib.jpg\",\"width\":800,\"height\":800,\"caption\":\"Elegant Tassel Fringe Poncho\"},{\"@type\":\"BreadcrumbList\",\"@id\":\"https:\/\/ozponcho.com.au\/p\/stylish-fur-ball-cape\/#breadcrumb\",\"itemListElement\":[{\"@type\":\"ListItem\",\"position\":1,\"name\":\"Home\",\"item\":\"https:\/\/ozponcho.com.au\/\"},{\"@type\":\"ListItem\",\"position\":2,\"name\":\"Shop\",\"item\":\"https:\/\/ozponcho.com.au\/shop\/\"},{\"@type\":\"ListItem\",\"position\":3,\"name\":\"Elegant Tassel Fringe Poncho\"}]},{\"@type\":\"WebSite\",\"@id\":\"https:\/\/ozponcho.com.au\/#website\",\"url\":\"https:\/\/ozponcho.com.au\/\",\"name\":\"OZ Poncho\",\"description\":\"\",\"potentialAction\":[{\"@type\":\"SearchAction\",\"target\":{\"@type\":\"EntryPoint\",\"urlTemplate\":\"https:\/\/ozponcho.com.au\/?s={search_term_string}\"},\"query-input\":{\"@type\":\"PropertyValueSpecification\",\"valueRequired\":true,\"valueName\":\"search_term_string\"}}],\"inLanguage\":\"da-DK\"}]}<\/script>\n<!-- \/ Yoast SEO plugin. -->","yoast_head_json":{"title":"Elegant Poncho med kvast og frynser | Danmark #1 Poncho Shop","description":"Leder du efter en Elegant Tassel Fringe Poncho? Du er kommet til det rette sted \ud83d\ude04 Vi tilbyder et bredt udvalg af Elegant Tassel Fringe Poncho, perfekt til dig.","robots":{"index":"index","follow":"follow","max-snippet":"max-snippet:-1","max-image-preview":"max-image-preview:large","max-video-preview":"max-video-preview:-1"},"canonical":"https:\/\/ozponcho.com.au\/da\/p\/stilfuld-pelskuglekappe\/","og_locale":"da_DK","og_type":"article","og_title":"Elegant Tassel Fringe Poncho | Danmark #1 Poncho Shop","og_description":"Looking for a Elegant Tassel Fringe Poncho ? You've come to the right place \ud83d\ude04 We offers a wide selection of Elegant Tassel Fringe Poncho, perfect for you.","og_url":"https:\/\/ozponcho.com.au\/da\/p\/stilfuld-pelskuglekappe\/","og_site_name":"OZ Poncho","article_modified_time":"2025-09-28T09:16:04+00:00","og_image":[{"width":800,"height":800,"url":"https:\/\/ozponcho.com.au\/wp-content\/uploads\/2023\/12\/O1CN01I1zuxJ1QYY9ZGIk7I_2505411988-0-cib.jpg","type":"image\/jpeg"}],"twitter_card":"summary_large_image","twitter_misc":{"Estimeret l\u00e6setid":"1 minut"},"schema":{"@context":"https:\/\/schema.org","@graph":[{"@type":"WebPage","@id":"https:\/\/ozponcho.com.au\/p\/stylish-fur-ball-cape\/","url":"https:\/\/ozponcho.com.au\/p\/stylish-fur-ball-cape\/","name":"Elegant Poncho med kvast og frynser | Danmark #1 Poncho Shop","isPartOf":{"@id":"https:\/\/ozponcho.com.au\/#website"},"primaryImageOfPage":{"@id":"https:\/\/ozponcho.com.au\/p\/stylish-fur-ball-cape\/#primaryimage"},"image":{"@id":"https:\/\/ozponcho.com.au\/p\/stylish-fur-ball-cape\/#primaryimage"},"thumbnailUrl":"https:\/\/ozponcho.com.au\/wp-content\/uploads\/2023\/12\/O1CN01I1zuxJ1QYY9ZGIk7I_2505411988-0-cib.jpg","datePublished":"2023-12-13T07:39:48+00:00","dateModified":"2025-09-28T09:16:04+00:00","description":"Leder du efter en Elegant Tassel Fringe Poncho? Du er kommet til det rette sted \ud83d\ude04 Vi tilbyder et bredt udvalg af Elegant Tassel Fringe Poncho, perfekt til dig.","breadcrumb":{"@id":"https:\/\/ozponcho.com.au\/p\/stylish-fur-ball-cape\/#breadcrumb"},"inLanguage":"da-DK","potentialAction":[{"@type":"ReadAction","target":["https:\/\/ozponcho.com.au\/p\/stylish-fur-ball-cape\/"]}]},{"@type":"ImageObject","inLanguage":"da-DK","@id":"https:\/\/ozponcho.com.au\/p\/stylish-fur-ball-cape\/#primaryimage","url":"https:\/\/ozponcho.com.au\/wp-content\/uploads\/2023\/12\/O1CN01I1zuxJ1QYY9ZGIk7I_2505411988-0-cib.jpg","contentUrl":"https:\/\/ozponcho.com.au\/wp-content\/uploads\/2023\/12\/O1CN01I1zuxJ1QYY9ZGIk7I_2505411988-0-cib.jpg","width":800,"height":800,"caption":"Elegant Tassel Fringe Poncho"},{"@type":"BreadcrumbList","@id":"https:\/\/ozponcho.com.au\/p\/stylish-fur-ball-cape\/#breadcrumb","itemListElement":[{"@type":"ListItem","position":1,"name":"Home","item":"https:\/\/ozponcho.com.au\/"},{"@type":"ListItem","position":2,"name":"Shop","item":"https:\/\/ozponcho.com.au\/shop\/"},{"@type":"ListItem","position":3,"name":"Elegant Tassel Fringe Poncho"}]},{"@type":"WebSite","@id":"https:\/\/ozponcho.com.au\/#website","url":"https:\/\/ozponcho.com.au\/","name":"OZ Poncho","description":"","potentialAction":[{"@type":"SearchAction","target":{"@type":"EntryPoint","urlTemplate":"https:\/\/ozponcho.com.au\/?s={search_term_string}"},"query-input":{"@type":"PropertyValueSpecification","valueRequired":true,"valueName":"search_term_string"}}],"inLanguage":"da-DK"}]}},"_links":{"self":[{"href":"https:\/\/ozponcho.com.au\/da\/wp-json\/wp\/v2\/product\/13540","targetHints":{"allow":["GET"]}}],"collection":[{"href":"https:\/\/ozponcho.com.au\/da\/wp-json\/wp\/v2\/product"}],"about":[{"href":"https:\/\/ozponcho.com.au\/da\/wp-json\/wp\/v2\/types\/product"}],"wp:featuredmedia":[{"embeddable":true,"href":"https:\/\/ozponcho.com.au\/da\/wp-json\/wp\/v2\/media\/13510"}],"wp:attachment":[{"href":"https:\/\/ozponcho.com.au\/da\/wp-json\/wp\/v2\/media?parent=13540"}],"wp:term":[{"taxonomy":"product_brand","embeddable":true,"href":"https:\/\/ozponcho.com.au\/da\/wp-json\/wp\/v2\/product_brand?post=13540"},{"taxonomy":"product_cat","embeddable":true,"href":"https:\/\/ozponcho.com.au\/da\/wp-json\/wp\/v2\/product_cat?post=13540"},{"taxonomy":"product_tag","embeddable":true,"href":"https:\/\/ozponcho.com.au\/da\/wp-json\/wp\/v2\/product_tag?post=13540"}],"curies":[{"name":"wp","href":"https:\/\/api.w.org\/{rel}","templated":true}]}}