{"id":13503,"date":"2023-12-13T18:39:38","date_gmt":"2023-12-13T07:39:38","guid":{"rendered":"https:\/\/ozponcho.com.au\/p\/autumn-winter-women-clothing-sweater-round-neck-pullover-multicolor-sweater-women-top\/"},"modified":"2024-03-23T20:33:43","modified_gmt":"2024-03-23T09:33:43","slug":"casual-stripe-oversized-sweater","status":"publish","type":"product","link":"https:\/\/ozponcho.com.au\/da\/p\/afslappet-stribet-oversized-sweater\/","title":{"rendered":"Stribet poncho-sweater til kvinder"},"content":{"rendered":"<p>Pak dig ind i varmen fra vores Autumn Winter Women's Striped Poncho Sweater, din perfekte allierede mod kulden. Det l\u00e6kre akrylstof giver en jerseylignende komfort, mens den l\u00f8se pasform og den runde hals g\u00f8r det nemt at kombinere stil med lethed. Med sine lange \u00e6rmer og f\u00e6ngslende stribem\u00f8nster giver denne top ikke kun en hyggelig omfavnelse, men fungerer ogs\u00e5 som en elegant tilf\u00f8jelse til dit fritidst\u00f8j. G\u00e5 ud med selvtillid og komfort i et stykke t\u00f8j, der er lige s\u00e5 alsidigt, som det er moderigtigt, og som er uundv\u00e6rligt i enhver efter\u00e5rs- eller vintergarderobe.<\/p>\n<div>Stil: Afslappet<\/div>\n<div>Pasform: L\u00f8s<\/div>\n<div>Stof: Jersey<\/div>\n<div>M\u00f8nster: Stribet<\/div>\n<div>Element: Ikke<\/div>\n<div>L\u00e6ngde p\u00e5 top: Lang<\/div>\n<div>Halsudsk\u00e6ring: Rund halsudsk\u00e6ring<\/div>\n<div>\u00c6rmetype: Almindelig<\/div>\n<div>\u00c6rmel\u00e6ngde: Lang\u00e6rmet<\/div>\n<div>Vigtigste sammens\u00e6tning: Akryl<\/div>\n<div>S\u00e6son: Efter\u00e5r\/vinter<\/div>\n<p><img decoding=\"async\" src=\"https:\/\/ozponcho.com.au\/wp-content\/uploads\/2024\/03\/997860581786517504.png\" \/><img decoding=\"async\" src=\"https:\/\/ozponcho.com.au\/wp-content\/uploads\/2024\/03\/O1CN01nD1PSI1QYY908XYxe_2505411988-0-cib.jpg\" \/><img decoding=\"async\" src=\"https:\/\/ozponcho.com.au\/wp-content\/uploads\/2024\/03\/O1CN012rLGTl1QYY92WUgW3_2505411988-0-cib.jpg\" \/><img decoding=\"async\" src=\"https:\/\/ozponcho.com.au\/wp-content\/uploads\/2024\/03\/O1CN01Cq1gpP1QYY94m476q_2505411988-0-cib.jpg\" \/><img decoding=\"async\" src=\"https:\/\/ozponcho.com.au\/wp-content\/uploads\/2024\/03\/O1CN01NU1LQN1QYY99hGcvD_2505411988-0-cib.jpg\" \/><\/p>","protected":false},"excerpt":{"rendered":"<p>Wrap yourself in the warmth of our Autumn Winter Women&#8217;s Striped Poncho Sweater, your perfect ally against the chill. The lush acrylic fabric provides a Jersey-like comfort, while the loose fit and crew neck design blend style with ease. With its long sleeves and captivating stripe pattern, this top not only offers a cozy embrace [&#8230;]","protected":false},"featured_media":13419,"template":"","meta":[],"product_brand":[],"product_cat":[220,15,228,214,210],"product_tag":[],"class_list":{"0":"post-13503","1":"product","2":"type-product","3":"status-publish","4":"has-post-thumbnail","6":"product_cat-green-poncho","7":"product_cat-main-category","8":"product_cat-poncho-sweater","9":"product_cat-knitted-crochet-poncho","10":"product_cat-poncho-women","12":"first","13":"outofstock","14":"shipping-taxable","15":"purchasable","16":"product-type-variable"},"yoast_head":"<!-- This site is optimized with the Yoast SEO plugin v25.9 - https:\/\/yoast.com\/wordpress\/plugins\/seo\/ -->\n<title>Women&#039;s Striped Poncho Sweater | Danmark #1 Poncho Shop<\/title>\n<meta name=\"description\" content=\"Looking for a Women&#039;s Striped Poncho Sweater ? You&#039;ve come to the right place \ud83d\ude04 We offers a wide selection of Women&#039;s Striped Poncho Sweater, perfect for you.\" \/>\n<meta name=\"robots\" content=\"index, follow, max-snippet:-1, max-image-preview:large, max-video-preview:-1\" \/>\n<link rel=\"canonical\" href=\"https:\/\/ozponcho.com.au\/da\/p\/afslappet-stribet-oversized-sweater\/\" \/>\n<meta property=\"og:locale\" content=\"da_DK\" \/>\n<meta property=\"og:type\" content=\"article\" \/>\n<meta property=\"og:title\" content=\"Women&#039;s Striped Poncho Sweater | Danmark #1 Poncho Shop\" \/>\n<meta property=\"og:description\" content=\"Looking for a Women&#039;s Striped Poncho Sweater ? You&#039;ve come to the right place \ud83d\ude04 We offers a wide selection of Women&#039;s Striped Poncho Sweater, perfect for you.\" \/>\n<meta property=\"og:url\" content=\"https:\/\/ozponcho.com.au\/da\/p\/afslappet-stribet-oversized-sweater\/\" \/>\n<meta property=\"og:site_name\" content=\"OZ Poncho\" \/>\n<meta property=\"article:modified_time\" content=\"2024-03-23T09:33:43+00:00\" \/>\n<meta property=\"og:image\" content=\"https:\/\/ozponcho.com.au\/wp-content\/uploads\/2023\/12\/O1CN01iTDiQJ1QYY96sliBi_2505411988-0-cib.jpg\" \/>\n\t<meta property=\"og:image:width\" content=\"800\" \/>\n\t<meta property=\"og:image:height\" content=\"800\" \/>\n\t<meta property=\"og:image:type\" content=\"image\/jpeg\" \/>\n<meta name=\"twitter:card\" content=\"summary_large_image\" \/>\n<meta name=\"twitter:label1\" content=\"Estimeret l\u00e6setid\" \/>\n\t<meta name=\"twitter:data1\" content=\"2 minutter\" \/>\n<script type=\"application\/ld+json\" class=\"yoast-schema-graph\">{\"@context\":\"https:\/\/schema.org\",\"@graph\":[{\"@type\":\"WebPage\",\"@id\":\"https:\/\/ozponcho.com.au\/p\/casual-stripe-oversized-sweater\/\",\"url\":\"https:\/\/ozponcho.com.au\/p\/casual-stripe-oversized-sweater\/\",\"name\":\"Women's Striped Poncho Sweater | Danmark #1 Poncho Shop\",\"isPartOf\":{\"@id\":\"https:\/\/ozponcho.com.au\/#website\"},\"primaryImageOfPage\":{\"@id\":\"https:\/\/ozponcho.com.au\/p\/casual-stripe-oversized-sweater\/#primaryimage\"},\"image\":{\"@id\":\"https:\/\/ozponcho.com.au\/p\/casual-stripe-oversized-sweater\/#primaryimage\"},\"thumbnailUrl\":\"https:\/\/ozponcho.com.au\/wp-content\/uploads\/2023\/12\/O1CN01iTDiQJ1QYY96sliBi_2505411988-0-cib.jpg\",\"datePublished\":\"2023-12-13T07:39:38+00:00\",\"dateModified\":\"2024-03-23T09:33:43+00:00\",\"description\":\"Looking for a Women's Striped Poncho Sweater ? You've come to the right place \ud83d\ude04 We offers a wide selection of Women's Striped Poncho Sweater, perfect for you.\",\"breadcrumb\":{\"@id\":\"https:\/\/ozponcho.com.au\/p\/casual-stripe-oversized-sweater\/#breadcrumb\"},\"inLanguage\":\"da-DK\",\"potentialAction\":[{\"@type\":\"ReadAction\",\"target\":[\"https:\/\/ozponcho.com.au\/p\/casual-stripe-oversized-sweater\/\"]}]},{\"@type\":\"ImageObject\",\"inLanguage\":\"da-DK\",\"@id\":\"https:\/\/ozponcho.com.au\/p\/casual-stripe-oversized-sweater\/#primaryimage\",\"url\":\"https:\/\/ozponcho.com.au\/wp-content\/uploads\/2023\/12\/O1CN01iTDiQJ1QYY96sliBi_2505411988-0-cib.jpg\",\"contentUrl\":\"https:\/\/ozponcho.com.au\/wp-content\/uploads\/2023\/12\/O1CN01iTDiQJ1QYY96sliBi_2505411988-0-cib.jpg\",\"width\":800,\"height\":800,\"caption\":\"Women's Striped Poncho Sweater\"},{\"@type\":\"BreadcrumbList\",\"@id\":\"https:\/\/ozponcho.com.au\/p\/casual-stripe-oversized-sweater\/#breadcrumb\",\"itemListElement\":[{\"@type\":\"ListItem\",\"position\":1,\"name\":\"Home\",\"item\":\"https:\/\/ozponcho.com.au\/\"},{\"@type\":\"ListItem\",\"position\":2,\"name\":\"Shop\",\"item\":\"https:\/\/ozponcho.com.au\/shop\/\"},{\"@type\":\"ListItem\",\"position\":3,\"name\":\"Women&#8217;s Striped Poncho Sweater\"}]},{\"@type\":\"WebSite\",\"@id\":\"https:\/\/ozponcho.com.au\/#website\",\"url\":\"https:\/\/ozponcho.com.au\/\",\"name\":\"OZ Poncho\",\"description\":\"\",\"potentialAction\":[{\"@type\":\"SearchAction\",\"target\":{\"@type\":\"EntryPoint\",\"urlTemplate\":\"https:\/\/ozponcho.com.au\/?s={search_term_string}\"},\"query-input\":{\"@type\":\"PropertyValueSpecification\",\"valueRequired\":true,\"valueName\":\"search_term_string\"}}],\"inLanguage\":\"da-DK\"}]}<\/script>\n<!-- \/ Yoast SEO plugin. -->","yoast_head_json":{"title":"Stribet poncho-sweater til kvinder | Danmark #1 Poncho Shop","description":"Leder du efter en stribet poncho-sweater til kvinder? Du er kommet til det rette sted \ud83d\ude04 Vi tilbyder et bredt udvalg af stribet poncho-sweater til kvinder, perfekt til dig.","robots":{"index":"index","follow":"follow","max-snippet":"max-snippet:-1","max-image-preview":"max-image-preview:large","max-video-preview":"max-video-preview:-1"},"canonical":"https:\/\/ozponcho.com.au\/da\/p\/afslappet-stribet-oversized-sweater\/","og_locale":"da_DK","og_type":"article","og_title":"Women's Striped Poncho Sweater | Danmark #1 Poncho Shop","og_description":"Looking for a Women's Striped Poncho Sweater ? You've come to the right place \ud83d\ude04 We offers a wide selection of Women's Striped Poncho Sweater, perfect for you.","og_url":"https:\/\/ozponcho.com.au\/da\/p\/afslappet-stribet-oversized-sweater\/","og_site_name":"OZ Poncho","article_modified_time":"2024-03-23T09:33:43+00:00","og_image":[{"width":800,"height":800,"url":"https:\/\/ozponcho.com.au\/wp-content\/uploads\/2023\/12\/O1CN01iTDiQJ1QYY96sliBi_2505411988-0-cib.jpg","type":"image\/jpeg"}],"twitter_card":"summary_large_image","twitter_misc":{"Estimeret l\u00e6setid":"2 minutter"},"schema":{"@context":"https:\/\/schema.org","@graph":[{"@type":"WebPage","@id":"https:\/\/ozponcho.com.au\/p\/casual-stripe-oversized-sweater\/","url":"https:\/\/ozponcho.com.au\/p\/casual-stripe-oversized-sweater\/","name":"Stribet poncho-sweater til kvinder | Danmark #1 Poncho Shop","isPartOf":{"@id":"https:\/\/ozponcho.com.au\/#website"},"primaryImageOfPage":{"@id":"https:\/\/ozponcho.com.au\/p\/casual-stripe-oversized-sweater\/#primaryimage"},"image":{"@id":"https:\/\/ozponcho.com.au\/p\/casual-stripe-oversized-sweater\/#primaryimage"},"thumbnailUrl":"https:\/\/ozponcho.com.au\/wp-content\/uploads\/2023\/12\/O1CN01iTDiQJ1QYY96sliBi_2505411988-0-cib.jpg","datePublished":"2023-12-13T07:39:38+00:00","dateModified":"2024-03-23T09:33:43+00:00","description":"Leder du efter en stribet poncho-sweater til kvinder? Du er kommet til det rette sted \ud83d\ude04 Vi tilbyder et bredt udvalg af stribet poncho-sweater til kvinder, perfekt til dig.","breadcrumb":{"@id":"https:\/\/ozponcho.com.au\/p\/casual-stripe-oversized-sweater\/#breadcrumb"},"inLanguage":"da-DK","potentialAction":[{"@type":"ReadAction","target":["https:\/\/ozponcho.com.au\/p\/casual-stripe-oversized-sweater\/"]}]},{"@type":"ImageObject","inLanguage":"da-DK","@id":"https:\/\/ozponcho.com.au\/p\/casual-stripe-oversized-sweater\/#primaryimage","url":"https:\/\/ozponcho.com.au\/wp-content\/uploads\/2023\/12\/O1CN01iTDiQJ1QYY96sliBi_2505411988-0-cib.jpg","contentUrl":"https:\/\/ozponcho.com.au\/wp-content\/uploads\/2023\/12\/O1CN01iTDiQJ1QYY96sliBi_2505411988-0-cib.jpg","width":800,"height":800,"caption":"Women's Striped Poncho Sweater"},{"@type":"BreadcrumbList","@id":"https:\/\/ozponcho.com.au\/p\/casual-stripe-oversized-sweater\/#breadcrumb","itemListElement":[{"@type":"ListItem","position":1,"name":"Home","item":"https:\/\/ozponcho.com.au\/"},{"@type":"ListItem","position":2,"name":"Shop","item":"https:\/\/ozponcho.com.au\/shop\/"},{"@type":"ListItem","position":3,"name":"Women&#8217;s Striped Poncho Sweater"}]},{"@type":"WebSite","@id":"https:\/\/ozponcho.com.au\/#website","url":"https:\/\/ozponcho.com.au\/","name":"OZ Poncho","description":"","potentialAction":[{"@type":"SearchAction","target":{"@type":"EntryPoint","urlTemplate":"https:\/\/ozponcho.com.au\/?s={search_term_string}"},"query-input":{"@type":"PropertyValueSpecification","valueRequired":true,"valueName":"search_term_string"}}],"inLanguage":"da-DK"}]}},"_links":{"self":[{"href":"https:\/\/ozponcho.com.au\/da\/wp-json\/wp\/v2\/product\/13503","targetHints":{"allow":["GET"]}}],"collection":[{"href":"https:\/\/ozponcho.com.au\/da\/wp-json\/wp\/v2\/product"}],"about":[{"href":"https:\/\/ozponcho.com.au\/da\/wp-json\/wp\/v2\/types\/product"}],"wp:featuredmedia":[{"embeddable":true,"href":"https:\/\/ozponcho.com.au\/da\/wp-json\/wp\/v2\/media\/13419"}],"wp:attachment":[{"href":"https:\/\/ozponcho.com.au\/da\/wp-json\/wp\/v2\/media?parent=13503"}],"wp:term":[{"taxonomy":"product_brand","embeddable":true,"href":"https:\/\/ozponcho.com.au\/da\/wp-json\/wp\/v2\/product_brand?post=13503"},{"taxonomy":"product_cat","embeddable":true,"href":"https:\/\/ozponcho.com.au\/da\/wp-json\/wp\/v2\/product_cat?post=13503"},{"taxonomy":"product_tag","embeddable":true,"href":"https:\/\/ozponcho.com.au\/da\/wp-json\/wp\/v2\/product_tag?post=13503"}],"curies":[{"name":"wp","href":"https:\/\/api.w.org\/{rel}","templated":true}]}}