{"id":13496,"date":"2023-12-13T18:39:37","date_gmt":"2023-12-13T07:39:37","guid":{"rendered":"https:\/\/ozponcho.com.au\/p\/hooded-striped-tassel-cape-shawl-women-autumn-winter-women-outer-scarf\/"},"modified":"2026-01-06T20:10:41","modified_gmt":"2026-01-06T09:10:41","slug":"hooded-tassel-cape-shawl","status":"publish","type":"product","link":"https:\/\/ozponcho.com.au\/da\/p\/kvast-kappesjal-med-haette\/","title":{"rendered":"Poncho med stribet h\u00e6tte og frynser"},"content":{"rendered":"<p>Giv din garderobe til det k\u00f8lige vejr et l\u00f8ft med denne smarte, stribede poncho med h\u00e6tte og kvaster. Denne kappe i jerseystof er indbegrebet af hyggelig elegance og falder ubesv\u00e6ret for et look, der er b\u00e5de sofistikeret og afslappet. De legesyge frynser tilf\u00f8jer bev\u00e6gelse, mens h\u00e6tten giver ekstra varme, hvilket g\u00f8r den til et perfekt efter\u00e5rs-\/vinterlag. Det stilfulde stribem\u00f8nster og den l\u00f8se pasform sikrer, at du ikke ofrer komforten for moden. Pak dig ind i dette alsidige sjal, og g\u00e5 ud med selvtillid!<\/p>\n<div>Stil: Afslappet<\/div>\n<div>Pasform: L\u00f8s<\/div>\n<div>Stof: Jersey<\/div>\n<div>M\u00f8nster: Stribet<\/div>\n<div>Element: Frynser<\/div>\n<div>L\u00e6ngde p\u00e5 top: Lang<\/div>\n<div>Halsudsk\u00e6ring: Med h\u00e6tte<\/div>\n<div>\u00c6rmetype: Andre<\/div>\n<div>\u00c6rmel\u00e6ngde: 3\/4 \u00e6rme<\/div>\n<div>Vigtigste sammens\u00e6tning: Polyester<\/div>\n<div>S\u00e6son: Efter\u00e5r\/vinter<\/div>\n<p><img decoding=\"async\" src=\"https:\/\/ozponcho.com.au\/wp-content\/uploads\/2024\/03\/1134443718221234176.png\" \/><img decoding=\"async\" src=\"https:\/\/ozponcho.com.au\/wp-content\/uploads\/2024\/03\/O1CN01qVbFc61QYYF8EREw2_2505411988-0-cib.jpg\" \/><img decoding=\"async\" src=\"https:\/\/ozponcho.com.au\/wp-content\/uploads\/2024\/03\/O1CN01vXhkOY1QYYF5zz1Uk_2505411988-0-cib.jpg\" \/><img decoding=\"async\" src=\"https:\/\/ozponcho.com.au\/wp-content\/uploads\/2024\/03\/O1CN01p4mfKi1QYYF2h2Pyc_2505411988-0-cib.jpg\" \/><img decoding=\"async\" src=\"https:\/\/ozponcho.com.au\/wp-content\/uploads\/2024\/03\/O1CN01LfbtIe1QYYF1LpKYo_2505411988-0-cib.jpg\" \/><img decoding=\"async\" src=\"https:\/\/ozponcho.com.au\/wp-content\/uploads\/2024\/03\/O1CN01MA6ZKm1QYYF2ZROry_2505411988-0-cib.jpg\" \/><\/p>","protected":false},"excerpt":{"rendered":"<p>Elevate your chilly weather wardrobe with this chic Hooded Striped Tassel Poncho. An epitome of cozy elegance, this jersey fabric cape drapes effortlessly for a look that&#8217;s both sophisticated and laid-back. The playful fringe adds movement, while the hood provides extra warmth, making it a perfect autumn\/winter layering piece. The stylish stripe pattern and its [&#8230;]","protected":false},"featured_media":13455,"template":"","meta":[],"product_brand":[],"product_cat":[226,15,230,228,210],"product_tag":[],"class_list":{"0":"post-13496","1":"product","2":"type-product","3":"status-publish","4":"has-post-thumbnail","6":"product_cat-brown-poncho","7":"product_cat-main-category","8":"product_cat-poncho-dress","9":"product_cat-poncho-sweater","10":"product_cat-poncho-women","12":"first","13":"instock","14":"shipping-taxable","15":"purchasable","16":"product-type-variable"},"yoast_head":"<!-- This site is optimized with the Yoast SEO plugin v25.9 - https:\/\/yoast.com\/wordpress\/plugins\/seo\/ -->\n<title>Striped Hooded Fringe Poncho | Danmark #1 Poncho Shop<\/title>\n<meta name=\"description\" content=\"Looking for a Striped Hooded Fringe Poncho ? You&#039;ve come to the right place \ud83d\ude04 We offers a wide selection of Striped Hooded Fringe Poncho, perfect for you.\" \/>\n<meta name=\"robots\" content=\"index, follow, max-snippet:-1, max-image-preview:large, max-video-preview:-1\" \/>\n<link rel=\"canonical\" href=\"https:\/\/ozponcho.com.au\/da\/p\/kvast-kappesjal-med-haette\/\" \/>\n<meta property=\"og:locale\" content=\"da_DK\" \/>\n<meta property=\"og:type\" content=\"article\" \/>\n<meta property=\"og:title\" content=\"Striped Hooded Fringe Poncho | Danmark #1 Poncho Shop\" \/>\n<meta property=\"og:description\" content=\"Looking for a Striped Hooded Fringe Poncho ? You&#039;ve come to the right place \ud83d\ude04 We offers a wide selection of Striped Hooded Fringe Poncho, perfect for you.\" \/>\n<meta property=\"og:url\" content=\"https:\/\/ozponcho.com.au\/da\/p\/kvast-kappesjal-med-haette\/\" \/>\n<meta property=\"og:site_name\" content=\"OZ Poncho\" \/>\n<meta property=\"article:modified_time\" content=\"2026-01-06T09:10:41+00:00\" \/>\n<meta property=\"og:image\" content=\"https:\/\/ozponcho.com.au\/wp-content\/uploads\/2023\/12\/O1CN01vbkKN61QYYF1LCzka_2505411988-0-cib.jpg\" \/>\n\t<meta property=\"og:image:width\" content=\"800\" \/>\n\t<meta property=\"og:image:height\" content=\"800\" \/>\n\t<meta property=\"og:image:type\" content=\"image\/jpeg\" \/>\n<meta name=\"twitter:card\" content=\"summary_large_image\" \/>\n<meta name=\"twitter:label1\" content=\"Estimeret l\u00e6setid\" \/>\n\t<meta name=\"twitter:data1\" content=\"2 minutter\" \/>\n<script type=\"application\/ld+json\" class=\"yoast-schema-graph\">{\"@context\":\"https:\/\/schema.org\",\"@graph\":[{\"@type\":\"WebPage\",\"@id\":\"https:\/\/ozponcho.com.au\/p\/hooded-tassel-cape-shawl\/\",\"url\":\"https:\/\/ozponcho.com.au\/p\/hooded-tassel-cape-shawl\/\",\"name\":\"Striped Hooded Fringe Poncho | Danmark #1 Poncho Shop\",\"isPartOf\":{\"@id\":\"https:\/\/ozponcho.com.au\/#website\"},\"primaryImageOfPage\":{\"@id\":\"https:\/\/ozponcho.com.au\/p\/hooded-tassel-cape-shawl\/#primaryimage\"},\"image\":{\"@id\":\"https:\/\/ozponcho.com.au\/p\/hooded-tassel-cape-shawl\/#primaryimage\"},\"thumbnailUrl\":\"https:\/\/ozponcho.com.au\/wp-content\/uploads\/2023\/12\/O1CN01vbkKN61QYYF1LCzka_2505411988-0-cib.jpg\",\"datePublished\":\"2023-12-13T07:39:37+00:00\",\"dateModified\":\"2026-01-06T09:10:41+00:00\",\"description\":\"Looking for a Striped Hooded Fringe Poncho ? You've come to the right place \ud83d\ude04 We offers a wide selection of Striped Hooded Fringe Poncho, perfect for you.\",\"breadcrumb\":{\"@id\":\"https:\/\/ozponcho.com.au\/p\/hooded-tassel-cape-shawl\/#breadcrumb\"},\"inLanguage\":\"da-DK\",\"potentialAction\":[{\"@type\":\"ReadAction\",\"target\":[\"https:\/\/ozponcho.com.au\/p\/hooded-tassel-cape-shawl\/\"]}]},{\"@type\":\"ImageObject\",\"inLanguage\":\"da-DK\",\"@id\":\"https:\/\/ozponcho.com.au\/p\/hooded-tassel-cape-shawl\/#primaryimage\",\"url\":\"https:\/\/ozponcho.com.au\/wp-content\/uploads\/2023\/12\/O1CN01vbkKN61QYYF1LCzka_2505411988-0-cib.jpg\",\"contentUrl\":\"https:\/\/ozponcho.com.au\/wp-content\/uploads\/2023\/12\/O1CN01vbkKN61QYYF1LCzka_2505411988-0-cib.jpg\",\"width\":800,\"height\":800,\"caption\":\"Striped Hooded Fringe Poncho\"},{\"@type\":\"BreadcrumbList\",\"@id\":\"https:\/\/ozponcho.com.au\/p\/hooded-tassel-cape-shawl\/#breadcrumb\",\"itemListElement\":[{\"@type\":\"ListItem\",\"position\":1,\"name\":\"Home\",\"item\":\"https:\/\/ozponcho.com.au\/\"},{\"@type\":\"ListItem\",\"position\":2,\"name\":\"Shop\",\"item\":\"https:\/\/ozponcho.com.au\/shop\/\"},{\"@type\":\"ListItem\",\"position\":3,\"name\":\"Striped Hooded Fringe Poncho\"}]},{\"@type\":\"WebSite\",\"@id\":\"https:\/\/ozponcho.com.au\/#website\",\"url\":\"https:\/\/ozponcho.com.au\/\",\"name\":\"OZ Poncho\",\"description\":\"\",\"potentialAction\":[{\"@type\":\"SearchAction\",\"target\":{\"@type\":\"EntryPoint\",\"urlTemplate\":\"https:\/\/ozponcho.com.au\/?s={search_term_string}\"},\"query-input\":{\"@type\":\"PropertyValueSpecification\",\"valueRequired\":true,\"valueName\":\"search_term_string\"}}],\"inLanguage\":\"da-DK\"}]}<\/script>\n<!-- \/ Yoast SEO plugin. -->","yoast_head_json":{"title":"Stribet Poncho med h\u00e6tte og frynser | Danmark #1 Poncho Shop","description":"Leder du efter en Poncho med stribet h\u00e6tte og frynser? Du er kommet til det rette sted \ud83d\ude04 Vi tilbyder et bredt udvalg af Striped Hooded Fringe Poncho, perfekt til dig.","robots":{"index":"index","follow":"follow","max-snippet":"max-snippet:-1","max-image-preview":"max-image-preview:large","max-video-preview":"max-video-preview:-1"},"canonical":"https:\/\/ozponcho.com.au\/da\/p\/kvast-kappesjal-med-haette\/","og_locale":"da_DK","og_type":"article","og_title":"Striped Hooded Fringe Poncho | Danmark #1 Poncho Shop","og_description":"Looking for a Striped Hooded Fringe Poncho ? You've come to the right place \ud83d\ude04 We offers a wide selection of Striped Hooded Fringe Poncho, perfect for you.","og_url":"https:\/\/ozponcho.com.au\/da\/p\/kvast-kappesjal-med-haette\/","og_site_name":"OZ Poncho","article_modified_time":"2026-01-06T09:10:41+00:00","og_image":[{"width":800,"height":800,"url":"https:\/\/ozponcho.com.au\/wp-content\/uploads\/2023\/12\/O1CN01vbkKN61QYYF1LCzka_2505411988-0-cib.jpg","type":"image\/jpeg"}],"twitter_card":"summary_large_image","twitter_misc":{"Estimeret l\u00e6setid":"2 minutter"},"schema":{"@context":"https:\/\/schema.org","@graph":[{"@type":"WebPage","@id":"https:\/\/ozponcho.com.au\/p\/hooded-tassel-cape-shawl\/","url":"https:\/\/ozponcho.com.au\/p\/hooded-tassel-cape-shawl\/","name":"Stribet Poncho med h\u00e6tte og frynser | Danmark #1 Poncho Shop","isPartOf":{"@id":"https:\/\/ozponcho.com.au\/#website"},"primaryImageOfPage":{"@id":"https:\/\/ozponcho.com.au\/p\/hooded-tassel-cape-shawl\/#primaryimage"},"image":{"@id":"https:\/\/ozponcho.com.au\/p\/hooded-tassel-cape-shawl\/#primaryimage"},"thumbnailUrl":"https:\/\/ozponcho.com.au\/wp-content\/uploads\/2023\/12\/O1CN01vbkKN61QYYF1LCzka_2505411988-0-cib.jpg","datePublished":"2023-12-13T07:39:37+00:00","dateModified":"2026-01-06T09:10:41+00:00","description":"Leder du efter en Poncho med stribet h\u00e6tte og frynser? Du er kommet til det rette sted \ud83d\ude04 Vi tilbyder et bredt udvalg af Striped Hooded Fringe Poncho, perfekt til dig.","breadcrumb":{"@id":"https:\/\/ozponcho.com.au\/p\/hooded-tassel-cape-shawl\/#breadcrumb"},"inLanguage":"da-DK","potentialAction":[{"@type":"ReadAction","target":["https:\/\/ozponcho.com.au\/p\/hooded-tassel-cape-shawl\/"]}]},{"@type":"ImageObject","inLanguage":"da-DK","@id":"https:\/\/ozponcho.com.au\/p\/hooded-tassel-cape-shawl\/#primaryimage","url":"https:\/\/ozponcho.com.au\/wp-content\/uploads\/2023\/12\/O1CN01vbkKN61QYYF1LCzka_2505411988-0-cib.jpg","contentUrl":"https:\/\/ozponcho.com.au\/wp-content\/uploads\/2023\/12\/O1CN01vbkKN61QYYF1LCzka_2505411988-0-cib.jpg","width":800,"height":800,"caption":"Striped Hooded Fringe Poncho"},{"@type":"BreadcrumbList","@id":"https:\/\/ozponcho.com.au\/p\/hooded-tassel-cape-shawl\/#breadcrumb","itemListElement":[{"@type":"ListItem","position":1,"name":"Home","item":"https:\/\/ozponcho.com.au\/"},{"@type":"ListItem","position":2,"name":"Shop","item":"https:\/\/ozponcho.com.au\/shop\/"},{"@type":"ListItem","position":3,"name":"Striped Hooded Fringe Poncho"}]},{"@type":"WebSite","@id":"https:\/\/ozponcho.com.au\/#website","url":"https:\/\/ozponcho.com.au\/","name":"OZ Poncho","description":"","potentialAction":[{"@type":"SearchAction","target":{"@type":"EntryPoint","urlTemplate":"https:\/\/ozponcho.com.au\/?s={search_term_string}"},"query-input":{"@type":"PropertyValueSpecification","valueRequired":true,"valueName":"search_term_string"}}],"inLanguage":"da-DK"}]}},"_links":{"self":[{"href":"https:\/\/ozponcho.com.au\/da\/wp-json\/wp\/v2\/product\/13496","targetHints":{"allow":["GET"]}}],"collection":[{"href":"https:\/\/ozponcho.com.au\/da\/wp-json\/wp\/v2\/product"}],"about":[{"href":"https:\/\/ozponcho.com.au\/da\/wp-json\/wp\/v2\/types\/product"}],"wp:featuredmedia":[{"embeddable":true,"href":"https:\/\/ozponcho.com.au\/da\/wp-json\/wp\/v2\/media\/13455"}],"wp:attachment":[{"href":"https:\/\/ozponcho.com.au\/da\/wp-json\/wp\/v2\/media?parent=13496"}],"wp:term":[{"taxonomy":"product_brand","embeddable":true,"href":"https:\/\/ozponcho.com.au\/da\/wp-json\/wp\/v2\/product_brand?post=13496"},{"taxonomy":"product_cat","embeddable":true,"href":"https:\/\/ozponcho.com.au\/da\/wp-json\/wp\/v2\/product_cat?post=13496"},{"taxonomy":"product_tag","embeddable":true,"href":"https:\/\/ozponcho.com.au\/da\/wp-json\/wp\/v2\/product_tag?post=13496"}],"curies":[{"name":"wp","href":"https:\/\/api.w.org\/{rel}","templated":true}]}}