{"id":13235,"date":"2023-12-13T18:38:57","date_gmt":"2023-12-13T07:38:57","guid":{"rendered":"https:\/\/ozponcho.com.au\/p\/women-clothing-casual-loose-v-neck-hooded-pullover-mid-length-sweater-waistcoat-cloak-jacket\/"},"modified":"2025-05-03T18:06:02","modified_gmt":"2025-05-03T07:06:02","slug":"womens-cozy-boho-poncho","status":"publish","type":"product","link":"https:\/\/ozponcho.com.au\/da\/p\/hyggelig-boho-poncho-til-kvinder\/","title":{"rendered":"Casual gr\u00e5 poncho med h\u00e6tte"},"content":{"rendered":"<p>Omfavn kulden, og tilf\u00f8r din stil vores afslappede gr\u00e5 poncho med h\u00e6tte. Denne poncho er skabt til at v\u00e6re din go-to efter\u00e5rs- og vinter-essential og udstr\u00e5ler en ubekymret boheme-stemning, der v\u00e6kker genklang hos b\u00e5de frie sj\u00e6le og modeentusiaster. Det behagelige jerseystof kombineret med en gener\u00f8s h\u00e6tte sikrer varme og alsidighed. De smarte frynsedetaljer og den elegante ensfarvede gr\u00e5 farve g\u00f8r den endnu mere stilfuld. Uanset om du l\u00f8ber \u00e6rinder eller nyder en afslappende dag ude, lover vores poncho at holde dig lun og moderigtig. L\u00f8ft din garderobe med dette uundv\u00e6rlige, hyggelige lag!<\/p>\n<div>Stil: Afslappet<\/div>\n<div>Pasform: L\u00f8s<\/div>\n<div>Stof: Jersey<\/div>\n<div>M\u00f8nster: Ensfarvet<\/div>\n<div>Element: Frynser<\/div>\n<div>L\u00e6ngde p\u00e5 top: Lang<\/div>\n<div>Halsudsk\u00e6ring: Med h\u00e6tte<\/div>\n<div>\u00c6rmetype: Almindelig<\/div>\n<div>\u00c6rmel\u00e6ngde: Lang\u00e6rmet<\/div>\n<div>Vigtigste sammens\u00e6tning: Polyester<\/div>\n<div>S\u00e6son: Efter\u00e5r\/vinter<\/div>\n<p><img decoding=\"async\" src=\"https:\/\/ozponcho.com.au\/wp-content\/uploads\/2024\/03\/1163781901685620736.png\" \/><img decoding=\"async\" src=\"https:\/\/ozponcho.com.au\/wp-content\/uploads\/2024\/03\/O1CN01arJrWf1wQMtH3aaje_2455536302-0-cib.jpg\" \/><img decoding=\"async\" src=\"https:\/\/ozponcho.com.au\/wp-content\/uploads\/2024\/03\/O1CN01uzS4Or1wQMtH3aFxG_2455536302-0-cib.jpg\" \/><img decoding=\"async\" src=\"https:\/\/ozponcho.com.au\/wp-content\/uploads\/2024\/03\/O1CN01Lqnnej1wQMtNhNy31_2455536302-0-cib.jpg\" \/><img decoding=\"async\" src=\"https:\/\/ozponcho.com.au\/wp-content\/uploads\/2024\/03\/O1CN01S9wk921wQMtPLavLe_2455536302-0-cib.jpg\" \/><img decoding=\"async\" src=\"https:\/\/ozponcho.com.au\/wp-content\/uploads\/2024\/03\/O1CN01KX22a91wQMtME5f0D_2455536302-0-cib.jpg\" \/><img decoding=\"async\" src=\"https:\/\/ozponcho.com.au\/wp-content\/uploads\/2024\/03\/O1CN01lXziVy1wQMtNIACep_2455536302-0-cib.jpg\" \/><img decoding=\"async\" src=\"https:\/\/ozponcho.com.au\/wp-content\/uploads\/2024\/03\/O1CN014yFoLJ1wQMtNJZPcD_2455536302-0-cib.jpg\" \/><img decoding=\"async\" src=\"https:\/\/ozponcho.com.au\/wp-content\/uploads\/2024\/03\/O1CN01McdoXt1wQMtLI9pXJ_2455536302-0-cib.jpg\" \/><img decoding=\"async\" src=\"https:\/\/ozponcho.com.au\/wp-content\/uploads\/2024\/03\/O1CN01Lel2XD1wQMtJ7pvqV_2455536302-0-cib.jpg\" \/><img decoding=\"async\" src=\"https:\/\/ozponcho.com.au\/wp-content\/uploads\/2024\/03\/O1CN01V0YT071wQMtOXwL32_2455536302-0-cib.jpg\" \/><img decoding=\"async\" src=\"https:\/\/ozponcho.com.au\/wp-content\/uploads\/2024\/03\/O1CN01rw1Y0P1wQMtJ2vTMN_2455536302-0-cib.jpg\" \/><img decoding=\"async\" src=\"https:\/\/ozponcho.com.au\/wp-content\/uploads\/2024\/03\/O1CN01Vi7J8r1wQMtQuWF6a_2455536302-0-cib.jpg\" \/><img decoding=\"async\" src=\"https:\/\/ozponcho.com.au\/wp-content\/uploads\/2024\/03\/O1CN01AWvfTQ1wQMtPqv2Or_2455536302-0-cib.jpg\" \/><\/p>","protected":false},"excerpt":{"rendered":"<p>Embrace the chill and infuse your style with our Casual Grey Hooded Poncho. Crafted to be your go-to fall and winter essential, this poncho exudes a carefree bohemian vibe that resonates with free spirits and fashion enthusiasts alike. Its comfortable jersey fabric, coupled with a generous hood, ensures warmth and versatility. The chic fringe detailing [&#8230;]","protected":false},"featured_media":13116,"template":"","meta":[],"product_brand":[],"product_cat":[229,220,225,15,230,228,210],"product_tag":[],"class_list":{"0":"post-13235","1":"product","2":"type-product","3":"status-publish","4":"has-post-thumbnail","6":"product_cat-blanket-poncho","7":"product_cat-green-poncho","8":"product_cat-grey-poncho","9":"product_cat-main-category","10":"product_cat-poncho-dress","11":"product_cat-poncho-sweater","12":"product_cat-poncho-women","14":"first","15":"instock","16":"shipping-taxable","17":"purchasable","18":"product-type-variable"},"yoast_head":"<!-- This site is optimized with the Yoast SEO plugin v25.9 - https:\/\/yoast.com\/wordpress\/plugins\/seo\/ -->\n<title>Casual Grey Hooded Poncho | Danmark #1 Poncho Shop<\/title>\n<meta name=\"description\" content=\"Looking for a Casual Grey Hooded Poncho ? You&#039;ve come to the right place \ud83d\ude04 We offers a wide selection of Casual Grey Hooded Poncho, perfect for you.\" \/>\n<meta name=\"robots\" content=\"index, follow, max-snippet:-1, max-image-preview:large, max-video-preview:-1\" \/>\n<link rel=\"canonical\" href=\"https:\/\/ozponcho.com.au\/da\/p\/hyggelig-boho-poncho-til-kvinder\/\" \/>\n<meta property=\"og:locale\" content=\"da_DK\" \/>\n<meta property=\"og:type\" content=\"article\" \/>\n<meta property=\"og:title\" content=\"Casual Grey Hooded Poncho | Danmark #1 Poncho Shop\" \/>\n<meta property=\"og:description\" content=\"Looking for a Casual Grey Hooded Poncho ? You&#039;ve come to the right place \ud83d\ude04 We offers a wide selection of Casual Grey Hooded Poncho, perfect for you.\" \/>\n<meta property=\"og:url\" content=\"https:\/\/ozponcho.com.au\/da\/p\/hyggelig-boho-poncho-til-kvinder\/\" \/>\n<meta property=\"og:site_name\" content=\"OZ Poncho\" \/>\n<meta property=\"article:modified_time\" content=\"2025-05-03T07:06:02+00:00\" \/>\n<meta property=\"og:image\" content=\"https:\/\/ozponcho.com.au\/wp-content\/uploads\/2023\/12\/O1CN01FgQknY1wQMtNIDctT_2455536302-0-cib.jpg\" \/>\n\t<meta property=\"og:image:width\" content=\"1800\" \/>\n\t<meta property=\"og:image:height\" content=\"1800\" \/>\n\t<meta property=\"og:image:type\" content=\"image\/jpeg\" \/>\n<meta name=\"twitter:card\" content=\"summary_large_image\" \/>\n<meta name=\"twitter:label1\" content=\"Estimeret l\u00e6setid\" \/>\n\t<meta name=\"twitter:data1\" content=\"4 minutter\" \/>\n<script type=\"application\/ld+json\" class=\"yoast-schema-graph\">{\"@context\":\"https:\/\/schema.org\",\"@graph\":[{\"@type\":\"WebPage\",\"@id\":\"https:\/\/ozponcho.com.au\/p\/womens-cozy-boho-poncho\/\",\"url\":\"https:\/\/ozponcho.com.au\/p\/womens-cozy-boho-poncho\/\",\"name\":\"Casual Grey Hooded Poncho | Danmark #1 Poncho Shop\",\"isPartOf\":{\"@id\":\"https:\/\/ozponcho.com.au\/#website\"},\"primaryImageOfPage\":{\"@id\":\"https:\/\/ozponcho.com.au\/p\/womens-cozy-boho-poncho\/#primaryimage\"},\"image\":{\"@id\":\"https:\/\/ozponcho.com.au\/p\/womens-cozy-boho-poncho\/#primaryimage\"},\"thumbnailUrl\":\"https:\/\/ozponcho.com.au\/wp-content\/uploads\/2023\/12\/O1CN01FgQknY1wQMtNIDctT_2455536302-0-cib.jpg\",\"datePublished\":\"2023-12-13T07:38:57+00:00\",\"dateModified\":\"2025-05-03T07:06:02+00:00\",\"description\":\"Looking for a Casual Grey Hooded Poncho ? You've come to the right place \ud83d\ude04 We offers a wide selection of Casual Grey Hooded Poncho, perfect for you.\",\"breadcrumb\":{\"@id\":\"https:\/\/ozponcho.com.au\/p\/womens-cozy-boho-poncho\/#breadcrumb\"},\"inLanguage\":\"da-DK\",\"potentialAction\":[{\"@type\":\"ReadAction\",\"target\":[\"https:\/\/ozponcho.com.au\/p\/womens-cozy-boho-poncho\/\"]}]},{\"@type\":\"ImageObject\",\"inLanguage\":\"da-DK\",\"@id\":\"https:\/\/ozponcho.com.au\/p\/womens-cozy-boho-poncho\/#primaryimage\",\"url\":\"https:\/\/ozponcho.com.au\/wp-content\/uploads\/2023\/12\/O1CN01FgQknY1wQMtNIDctT_2455536302-0-cib.jpg\",\"contentUrl\":\"https:\/\/ozponcho.com.au\/wp-content\/uploads\/2023\/12\/O1CN01FgQknY1wQMtNIDctT_2455536302-0-cib.jpg\",\"width\":1800,\"height\":1800,\"caption\":\"Casual Grey Hooded Poncho\"},{\"@type\":\"BreadcrumbList\",\"@id\":\"https:\/\/ozponcho.com.au\/p\/womens-cozy-boho-poncho\/#breadcrumb\",\"itemListElement\":[{\"@type\":\"ListItem\",\"position\":1,\"name\":\"Home\",\"item\":\"https:\/\/ozponcho.com.au\/\"},{\"@type\":\"ListItem\",\"position\":2,\"name\":\"Shop\",\"item\":\"https:\/\/ozponcho.com.au\/shop\/\"},{\"@type\":\"ListItem\",\"position\":3,\"name\":\"Casual Grey Hooded Poncho\"}]},{\"@type\":\"WebSite\",\"@id\":\"https:\/\/ozponcho.com.au\/#website\",\"url\":\"https:\/\/ozponcho.com.au\/\",\"name\":\"OZ Poncho\",\"description\":\"\",\"potentialAction\":[{\"@type\":\"SearchAction\",\"target\":{\"@type\":\"EntryPoint\",\"urlTemplate\":\"https:\/\/ozponcho.com.au\/?s={search_term_string}\"},\"query-input\":{\"@type\":\"PropertyValueSpecification\",\"valueRequired\":true,\"valueName\":\"search_term_string\"}}],\"inLanguage\":\"da-DK\"}]}<\/script>\n<!-- \/ Yoast SEO plugin. -->","yoast_head_json":{"title":"Casual gr\u00e5 poncho med h\u00e6tte | Danmark #1 Poncho Shop","description":"Leder du efter en Casual Grey Hooded Poncho? Du er kommet til det rette sted \ud83d\ude04 Vi tilbyder et bredt udvalg af Casual Grey Hooded Poncho, perfekt til dig.","robots":{"index":"index","follow":"follow","max-snippet":"max-snippet:-1","max-image-preview":"max-image-preview:large","max-video-preview":"max-video-preview:-1"},"canonical":"https:\/\/ozponcho.com.au\/da\/p\/hyggelig-boho-poncho-til-kvinder\/","og_locale":"da_DK","og_type":"article","og_title":"Casual Grey Hooded Poncho | Danmark #1 Poncho Shop","og_description":"Looking for a Casual Grey Hooded Poncho ? You've come to the right place \ud83d\ude04 We offers a wide selection of Casual Grey Hooded Poncho, perfect for you.","og_url":"https:\/\/ozponcho.com.au\/da\/p\/hyggelig-boho-poncho-til-kvinder\/","og_site_name":"OZ Poncho","article_modified_time":"2025-05-03T07:06:02+00:00","og_image":[{"width":1800,"height":1800,"url":"https:\/\/ozponcho.com.au\/wp-content\/uploads\/2023\/12\/O1CN01FgQknY1wQMtNIDctT_2455536302-0-cib.jpg","type":"image\/jpeg"}],"twitter_card":"summary_large_image","twitter_misc":{"Estimeret l\u00e6setid":"4 minutter"},"schema":{"@context":"https:\/\/schema.org","@graph":[{"@type":"WebPage","@id":"https:\/\/ozponcho.com.au\/p\/womens-cozy-boho-poncho\/","url":"https:\/\/ozponcho.com.au\/p\/womens-cozy-boho-poncho\/","name":"Casual gr\u00e5 poncho med h\u00e6tte | Danmark #1 Poncho Shop","isPartOf":{"@id":"https:\/\/ozponcho.com.au\/#website"},"primaryImageOfPage":{"@id":"https:\/\/ozponcho.com.au\/p\/womens-cozy-boho-poncho\/#primaryimage"},"image":{"@id":"https:\/\/ozponcho.com.au\/p\/womens-cozy-boho-poncho\/#primaryimage"},"thumbnailUrl":"https:\/\/ozponcho.com.au\/wp-content\/uploads\/2023\/12\/O1CN01FgQknY1wQMtNIDctT_2455536302-0-cib.jpg","datePublished":"2023-12-13T07:38:57+00:00","dateModified":"2025-05-03T07:06:02+00:00","description":"Leder du efter en Casual Grey Hooded Poncho? Du er kommet til det rette sted \ud83d\ude04 Vi tilbyder et bredt udvalg af Casual Grey Hooded Poncho, perfekt til dig.","breadcrumb":{"@id":"https:\/\/ozponcho.com.au\/p\/womens-cozy-boho-poncho\/#breadcrumb"},"inLanguage":"da-DK","potentialAction":[{"@type":"ReadAction","target":["https:\/\/ozponcho.com.au\/p\/womens-cozy-boho-poncho\/"]}]},{"@type":"ImageObject","inLanguage":"da-DK","@id":"https:\/\/ozponcho.com.au\/p\/womens-cozy-boho-poncho\/#primaryimage","url":"https:\/\/ozponcho.com.au\/wp-content\/uploads\/2023\/12\/O1CN01FgQknY1wQMtNIDctT_2455536302-0-cib.jpg","contentUrl":"https:\/\/ozponcho.com.au\/wp-content\/uploads\/2023\/12\/O1CN01FgQknY1wQMtNIDctT_2455536302-0-cib.jpg","width":1800,"height":1800,"caption":"Casual Grey Hooded Poncho"},{"@type":"BreadcrumbList","@id":"https:\/\/ozponcho.com.au\/p\/womens-cozy-boho-poncho\/#breadcrumb","itemListElement":[{"@type":"ListItem","position":1,"name":"Home","item":"https:\/\/ozponcho.com.au\/"},{"@type":"ListItem","position":2,"name":"Shop","item":"https:\/\/ozponcho.com.au\/shop\/"},{"@type":"ListItem","position":3,"name":"Casual Grey Hooded Poncho"}]},{"@type":"WebSite","@id":"https:\/\/ozponcho.com.au\/#website","url":"https:\/\/ozponcho.com.au\/","name":"OZ Poncho","description":"","potentialAction":[{"@type":"SearchAction","target":{"@type":"EntryPoint","urlTemplate":"https:\/\/ozponcho.com.au\/?s={search_term_string}"},"query-input":{"@type":"PropertyValueSpecification","valueRequired":true,"valueName":"search_term_string"}}],"inLanguage":"da-DK"}]}},"_links":{"self":[{"href":"https:\/\/ozponcho.com.au\/da\/wp-json\/wp\/v2\/product\/13235","targetHints":{"allow":["GET"]}}],"collection":[{"href":"https:\/\/ozponcho.com.au\/da\/wp-json\/wp\/v2\/product"}],"about":[{"href":"https:\/\/ozponcho.com.au\/da\/wp-json\/wp\/v2\/types\/product"}],"wp:featuredmedia":[{"embeddable":true,"href":"https:\/\/ozponcho.com.au\/da\/wp-json\/wp\/v2\/media\/13116"}],"wp:attachment":[{"href":"https:\/\/ozponcho.com.au\/da\/wp-json\/wp\/v2\/media?parent=13235"}],"wp:term":[{"taxonomy":"product_brand","embeddable":true,"href":"https:\/\/ozponcho.com.au\/da\/wp-json\/wp\/v2\/product_brand?post=13235"},{"taxonomy":"product_cat","embeddable":true,"href":"https:\/\/ozponcho.com.au\/da\/wp-json\/wp\/v2\/product_cat?post=13235"},{"taxonomy":"product_tag","embeddable":true,"href":"https:\/\/ozponcho.com.au\/da\/wp-json\/wp\/v2\/product_tag?post=13235"}],"curies":[{"name":"wp","href":"https:\/\/api.w.org\/{rel}","templated":true}]}}