{"id":13186,"date":"2023-12-13T18:38:44","date_gmt":"2023-12-13T07:38:44","guid":{"rendered":"https:\/\/ozponcho.com.au\/p\/autumn-winter-pullover-cloak-colored-plaid-thermal-knitting-shawl-women-coat\/"},"modified":"2025-09-26T12:56:06","modified_gmt":"2025-09-26T01:56:06","slug":"chic-thermal-knit-cloak","status":"publish","type":"product","link":"https:\/\/ozponcho.com.au\/da\/p\/smart-kappe-i-termostrik\/","title":{"rendered":"Elegant ternet poncho-sjal"},"content":{"rendered":"<p>Pak dig ind i elegance med vores Plaid Poncho Sjal til efter\u00e5r og vinter, som er perfekt til den moderne kvinde, der s\u00f8ger b\u00e5de stil og komfort. Denne luksuri\u00f8se kappe er omhyggeligt designet med et sofistikeret ternet m\u00f8nster, der forst\u00e6rkes af en plys pelskant, som lover at holde dig varm og stilfuld gennem de k\u00f8ligere \u00e5rstider. Den l\u00f8se pasform og de lange dolman-\u00e6rmer giver bev\u00e6gelsesfrihed, mens jerseystoffet f\u00f8les bl\u00f8dt mod huden. Denne poncho-kappe er en alsidig tilf\u00f8jelse til din garderobe og er ideel til at l\u00f8fte ethvert outfit, uanset om det er en afslappet sammenkomst eller en mere formel begivenhed.<\/p>\n<div>Stil: Elegant<\/div>\n<div>Pasform: L\u00f8s<\/div>\n<div>Stof: Jersey<\/div>\n<div>M\u00f8nster: Tern<\/div>\n<div>Element: Ikke<\/div>\n<div>L\u00e6ngde p\u00e5 top: Lang<\/div>\n<div>Halsudsk\u00e6ring: Rund halsudsk\u00e6ring<\/div>\n<div>\u00c6rmetype: Dolman-\u00e6rme<\/div>\n<div>\u00c6rmel\u00e6ngde: Lang\u00e6rmet<\/div>\n<div>Vigtigste sammens\u00e6tning: Polyester<\/div>\n<div>S\u00e6son: Efter\u00e5r\/vinter<\/div>\n<p><img decoding=\"async\" src=\"https:\/\/ozponcho.com.au\/wp-content\/uploads\/2024\/03\/1141322760736210944.png\" \/><img decoding=\"async\" src=\"https:\/\/ozponcho.com.au\/wp-content\/uploads\/2024\/03\/O1CN01pbwXz51QYYFQhVgwf_2505411988-0-cib.jpg\" \/><img decoding=\"async\" src=\"https:\/\/ozponcho.com.au\/wp-content\/uploads\/2024\/03\/O1CN01bB2kZN1QYYFDAxVbx_2505411988-0-cib.jpg\" \/><img decoding=\"async\" src=\"https:\/\/ozponcho.com.au\/wp-content\/uploads\/2024\/03\/O1CN01ht915l1QYYFQhqdmO_2505411988-0-cib.jpg\" \/><img decoding=\"async\" src=\"https:\/\/ozponcho.com.au\/wp-content\/uploads\/2024\/03\/O1CN01AGm4Lo1QYYFOoPERk_2505411988-0-cib.jpg\" \/><img decoding=\"async\" src=\"https:\/\/ozponcho.com.au\/wp-content\/uploads\/2024\/03\/O1CN01JBCBLd1QYYFSSyeHK_2505411988-0-cib.jpg\" \/><img decoding=\"async\" src=\"https:\/\/ozponcho.com.au\/wp-content\/uploads\/2024\/03\/O1CN018VwkBY1QYYFJfbERt_2505411988-0-cib.jpg\" \/><img decoding=\"async\" src=\"https:\/\/ozponcho.com.au\/wp-content\/uploads\/2024\/03\/O1CN01gmZPku1QYYFQhsFX8_2505411988-0-cib.jpg\" \/><\/p>","protected":false},"excerpt":{"rendered":"<p>Wrap yourself in elegance with our Autumn-Winter Plaid Poncho Shawl, perfect for the modern woman seeking both style and comfort. This luxurious cloak is meticulously designed with a sophisticated plaid pattern, enhanced by a plush fur trim that promises to keep you warm and stylish through the cooler seasons. The loose fit and long dolman [&#8230;]","protected":false},"featured_media":13153,"template":"","meta":[],"product_brand":[],"product_cat":[219,229,218,15,228,210,221],"product_tag":[],"class_list":{"0":"post-13186","1":"product","2":"type-product","3":"status-publish","4":"has-post-thumbnail","6":"product_cat-black-poncho","7":"product_cat-blanket-poncho","8":"product_cat-fur-poncho","9":"product_cat-main-category","10":"product_cat-poncho-sweater","11":"product_cat-poncho-women","12":"product_cat-red-poncho","14":"first","15":"outofstock","16":"shipping-taxable","17":"purchasable","18":"product-type-variable"},"yoast_head":"<!-- This site is optimized with the Yoast SEO plugin v25.9 - https:\/\/yoast.com\/wordpress\/plugins\/seo\/ -->\n<title>Elegant Plaid Poncho Shawl | Danmark #1 Poncho Shop<\/title>\n<meta name=\"description\" content=\"Looking for a Elegant Plaid Poncho Shawl ? You&#039;ve come to the right place \ud83d\ude04 We offers a wide selection of Elegant Plaid Poncho Shawl, perfect for you.\" \/>\n<meta name=\"robots\" content=\"index, follow, max-snippet:-1, max-image-preview:large, max-video-preview:-1\" \/>\n<link rel=\"canonical\" href=\"https:\/\/ozponcho.com.au\/da\/p\/smart-kappe-i-termostrik\/\" \/>\n<meta property=\"og:locale\" content=\"da_DK\" \/>\n<meta property=\"og:type\" content=\"article\" \/>\n<meta property=\"og:title\" content=\"Elegant Plaid Poncho Shawl | Danmark #1 Poncho Shop\" \/>\n<meta property=\"og:description\" content=\"Looking for a Elegant Plaid Poncho Shawl ? You&#039;ve come to the right place \ud83d\ude04 We offers a wide selection of Elegant Plaid Poncho Shawl, perfect for you.\" \/>\n<meta property=\"og:url\" content=\"https:\/\/ozponcho.com.au\/da\/p\/smart-kappe-i-termostrik\/\" \/>\n<meta property=\"og:site_name\" content=\"OZ Poncho\" \/>\n<meta property=\"article:modified_time\" content=\"2025-09-26T01:56:06+00:00\" \/>\n<meta property=\"og:image\" content=\"https:\/\/ozponcho.com.au\/wp-content\/uploads\/2023\/12\/O1CN01T5EbwI1QYYFRe85L1_2505411988-0-cib.jpg\" \/>\n\t<meta property=\"og:image:width\" content=\"800\" \/>\n\t<meta property=\"og:image:height\" content=\"800\" \/>\n\t<meta property=\"og:image:type\" content=\"image\/jpeg\" \/>\n<meta name=\"twitter:card\" content=\"summary_large_image\" \/>\n<meta name=\"twitter:label1\" content=\"Estimeret l\u00e6setid\" \/>\n\t<meta name=\"twitter:data1\" content=\"3 minutter\" \/>\n<script type=\"application\/ld+json\" class=\"yoast-schema-graph\">{\"@context\":\"https:\/\/schema.org\",\"@graph\":[{\"@type\":\"WebPage\",\"@id\":\"https:\/\/ozponcho.com.au\/p\/chic-thermal-knit-cloak\/\",\"url\":\"https:\/\/ozponcho.com.au\/p\/chic-thermal-knit-cloak\/\",\"name\":\"Elegant Plaid Poncho Shawl | Danmark #1 Poncho Shop\",\"isPartOf\":{\"@id\":\"https:\/\/ozponcho.com.au\/#website\"},\"primaryImageOfPage\":{\"@id\":\"https:\/\/ozponcho.com.au\/p\/chic-thermal-knit-cloak\/#primaryimage\"},\"image\":{\"@id\":\"https:\/\/ozponcho.com.au\/p\/chic-thermal-knit-cloak\/#primaryimage\"},\"thumbnailUrl\":\"https:\/\/ozponcho.com.au\/wp-content\/uploads\/2023\/12\/O1CN01T5EbwI1QYYFRe85L1_2505411988-0-cib.jpg\",\"datePublished\":\"2023-12-13T07:38:44+00:00\",\"dateModified\":\"2025-09-26T01:56:06+00:00\",\"description\":\"Looking for a Elegant Plaid Poncho Shawl ? You've come to the right place \ud83d\ude04 We offers a wide selection of Elegant Plaid Poncho Shawl, perfect for you.\",\"breadcrumb\":{\"@id\":\"https:\/\/ozponcho.com.au\/p\/chic-thermal-knit-cloak\/#breadcrumb\"},\"inLanguage\":\"da-DK\",\"potentialAction\":[{\"@type\":\"ReadAction\",\"target\":[\"https:\/\/ozponcho.com.au\/p\/chic-thermal-knit-cloak\/\"]}]},{\"@type\":\"ImageObject\",\"inLanguage\":\"da-DK\",\"@id\":\"https:\/\/ozponcho.com.au\/p\/chic-thermal-knit-cloak\/#primaryimage\",\"url\":\"https:\/\/ozponcho.com.au\/wp-content\/uploads\/2023\/12\/O1CN01T5EbwI1QYYFRe85L1_2505411988-0-cib.jpg\",\"contentUrl\":\"https:\/\/ozponcho.com.au\/wp-content\/uploads\/2023\/12\/O1CN01T5EbwI1QYYFRe85L1_2505411988-0-cib.jpg\",\"width\":800,\"height\":800,\"caption\":\"Elegant Plaid Poncho Shawl\"},{\"@type\":\"BreadcrumbList\",\"@id\":\"https:\/\/ozponcho.com.au\/p\/chic-thermal-knit-cloak\/#breadcrumb\",\"itemListElement\":[{\"@type\":\"ListItem\",\"position\":1,\"name\":\"Home\",\"item\":\"https:\/\/ozponcho.com.au\/\"},{\"@type\":\"ListItem\",\"position\":2,\"name\":\"Shop\",\"item\":\"https:\/\/ozponcho.com.au\/shop\/\"},{\"@type\":\"ListItem\",\"position\":3,\"name\":\"Elegant Plaid Poncho Shawl\"}]},{\"@type\":\"WebSite\",\"@id\":\"https:\/\/ozponcho.com.au\/#website\",\"url\":\"https:\/\/ozponcho.com.au\/\",\"name\":\"OZ Poncho\",\"description\":\"\",\"potentialAction\":[{\"@type\":\"SearchAction\",\"target\":{\"@type\":\"EntryPoint\",\"urlTemplate\":\"https:\/\/ozponcho.com.au\/?s={search_term_string}\"},\"query-input\":{\"@type\":\"PropertyValueSpecification\",\"valueRequired\":true,\"valueName\":\"search_term_string\"}}],\"inLanguage\":\"da-DK\"}]}<\/script>\n<!-- \/ Yoast SEO plugin. -->","yoast_head_json":{"title":"Elegant ternet poncho sjal | Danmark #1 Poncho Shop","description":"Leder du efter en Elegant Plaid Poncho Shawl? Du er kommet til det rette sted \ud83d\ude04 Vi tilbyder et bredt udvalg af Elegant Plaid Poncho Shawl, perfekt til dig.","robots":{"index":"index","follow":"follow","max-snippet":"max-snippet:-1","max-image-preview":"max-image-preview:large","max-video-preview":"max-video-preview:-1"},"canonical":"https:\/\/ozponcho.com.au\/da\/p\/smart-kappe-i-termostrik\/","og_locale":"da_DK","og_type":"article","og_title":"Elegant Plaid Poncho Shawl | Danmark #1 Poncho Shop","og_description":"Looking for a Elegant Plaid Poncho Shawl ? You've come to the right place \ud83d\ude04 We offers a wide selection of Elegant Plaid Poncho Shawl, perfect for you.","og_url":"https:\/\/ozponcho.com.au\/da\/p\/smart-kappe-i-termostrik\/","og_site_name":"OZ Poncho","article_modified_time":"2025-09-26T01:56:06+00:00","og_image":[{"width":800,"height":800,"url":"https:\/\/ozponcho.com.au\/wp-content\/uploads\/2023\/12\/O1CN01T5EbwI1QYYFRe85L1_2505411988-0-cib.jpg","type":"image\/jpeg"}],"twitter_card":"summary_large_image","twitter_misc":{"Estimeret l\u00e6setid":"3 minutter"},"schema":{"@context":"https:\/\/schema.org","@graph":[{"@type":"WebPage","@id":"https:\/\/ozponcho.com.au\/p\/chic-thermal-knit-cloak\/","url":"https:\/\/ozponcho.com.au\/p\/chic-thermal-knit-cloak\/","name":"Elegant ternet poncho sjal | Danmark #1 Poncho Shop","isPartOf":{"@id":"https:\/\/ozponcho.com.au\/#website"},"primaryImageOfPage":{"@id":"https:\/\/ozponcho.com.au\/p\/chic-thermal-knit-cloak\/#primaryimage"},"image":{"@id":"https:\/\/ozponcho.com.au\/p\/chic-thermal-knit-cloak\/#primaryimage"},"thumbnailUrl":"https:\/\/ozponcho.com.au\/wp-content\/uploads\/2023\/12\/O1CN01T5EbwI1QYYFRe85L1_2505411988-0-cib.jpg","datePublished":"2023-12-13T07:38:44+00:00","dateModified":"2025-09-26T01:56:06+00:00","description":"Leder du efter en Elegant Plaid Poncho Shawl? Du er kommet til det rette sted \ud83d\ude04 Vi tilbyder et bredt udvalg af Elegant Plaid Poncho Shawl, perfekt til dig.","breadcrumb":{"@id":"https:\/\/ozponcho.com.au\/p\/chic-thermal-knit-cloak\/#breadcrumb"},"inLanguage":"da-DK","potentialAction":[{"@type":"ReadAction","target":["https:\/\/ozponcho.com.au\/p\/chic-thermal-knit-cloak\/"]}]},{"@type":"ImageObject","inLanguage":"da-DK","@id":"https:\/\/ozponcho.com.au\/p\/chic-thermal-knit-cloak\/#primaryimage","url":"https:\/\/ozponcho.com.au\/wp-content\/uploads\/2023\/12\/O1CN01T5EbwI1QYYFRe85L1_2505411988-0-cib.jpg","contentUrl":"https:\/\/ozponcho.com.au\/wp-content\/uploads\/2023\/12\/O1CN01T5EbwI1QYYFRe85L1_2505411988-0-cib.jpg","width":800,"height":800,"caption":"Elegant Plaid Poncho Shawl"},{"@type":"BreadcrumbList","@id":"https:\/\/ozponcho.com.au\/p\/chic-thermal-knit-cloak\/#breadcrumb","itemListElement":[{"@type":"ListItem","position":1,"name":"Home","item":"https:\/\/ozponcho.com.au\/"},{"@type":"ListItem","position":2,"name":"Shop","item":"https:\/\/ozponcho.com.au\/shop\/"},{"@type":"ListItem","position":3,"name":"Elegant Plaid Poncho Shawl"}]},{"@type":"WebSite","@id":"https:\/\/ozponcho.com.au\/#website","url":"https:\/\/ozponcho.com.au\/","name":"OZ Poncho","description":"","potentialAction":[{"@type":"SearchAction","target":{"@type":"EntryPoint","urlTemplate":"https:\/\/ozponcho.com.au\/?s={search_term_string}"},"query-input":{"@type":"PropertyValueSpecification","valueRequired":true,"valueName":"search_term_string"}}],"inLanguage":"da-DK"}]}},"_links":{"self":[{"href":"https:\/\/ozponcho.com.au\/da\/wp-json\/wp\/v2\/product\/13186","targetHints":{"allow":["GET"]}}],"collection":[{"href":"https:\/\/ozponcho.com.au\/da\/wp-json\/wp\/v2\/product"}],"about":[{"href":"https:\/\/ozponcho.com.au\/da\/wp-json\/wp\/v2\/types\/product"}],"wp:featuredmedia":[{"embeddable":true,"href":"https:\/\/ozponcho.com.au\/da\/wp-json\/wp\/v2\/media\/13153"}],"wp:attachment":[{"href":"https:\/\/ozponcho.com.au\/da\/wp-json\/wp\/v2\/media?parent=13186"}],"wp:term":[{"taxonomy":"product_brand","embeddable":true,"href":"https:\/\/ozponcho.com.au\/da\/wp-json\/wp\/v2\/product_brand?post=13186"},{"taxonomy":"product_cat","embeddable":true,"href":"https:\/\/ozponcho.com.au\/da\/wp-json\/wp\/v2\/product_cat?post=13186"},{"taxonomy":"product_tag","embeddable":true,"href":"https:\/\/ozponcho.com.au\/da\/wp-json\/wp\/v2\/product_tag?post=13186"}],"curies":[{"name":"wp","href":"https:\/\/api.w.org\/{rel}","templated":true}]}}