{"id":13177,"date":"2023-12-13T18:38:40","date_gmt":"2023-12-13T07:38:40","guid":{"rendered":"https:\/\/ozponcho.com.au\/p\/fur-collar-pullover-tassel-knitted-cape-for-women-autumn-winter-stripe-warm-shawl\/"},"modified":"2025-09-26T12:56:09","modified_gmt":"2025-09-26T01:56:09","slug":"elegant-women-fur-trim-cape","status":"publish","type":"product","link":"https:\/\/ozponcho.com.au\/da\/p\/elegant-kappe-med-pelskant-til-kvinder\/","title":{"rendered":"Bourgognefarvet poncho med frynser"},"content":{"rendered":"<p>Indhyl dig i luksus med vores burgunderfarvede poncho med frynser. Denne elegante poncho i kappestil er designet til den modebevidste kvinde og udstr\u00e5ler raffinement. Den rige bordeaux nuance er prydet med m\u00f8rke pink striber, hvilket g\u00f8r den til en levende tilf\u00f8jelse til enhver efter\u00e5rs- eller vintergarderobe. Den er fremstillet af bl\u00f8dt jerseystof, der f\u00f8les dejligt mod huden. Kraven i imiteret pels tilf\u00f8jer et strejf af glamour, mens kvastfrynserne giver en legende bev\u00e6gelse. Denne poncho er perfekt til de k\u00f8ligere dage og lover varme uden at g\u00e5 p\u00e5 kompromis med stilen. Det er et uds\u00f8gt statement piece, der forener mode og komfort p\u00e5 perfekt vis.<\/p>\n<div>Stil: Elegant<\/div>\n<div>Pasform: L\u00f8s<\/div>\n<div>Stof: Jersey<\/div>\n<div>M\u00f8nster: Stribet<\/div>\n<div>Element: Frynser<\/div>\n<div>L\u00e6ngde p\u00e5 top: Lang<\/div>\n<div>Halsudsk\u00e6ring: Rund halsudsk\u00e6ring<\/div>\n<div>\u00c6rmetype: Dolman-\u00e6rme<\/div>\n<div>\u00c6rmel\u00e6ngde: Lang\u00e6rmet<\/div>\n<div>Vigtigste sammens\u00e6tning: Polyester<\/div>\n<div>S\u00e6son: Efter\u00e5r\/vinter<\/div>\n<p><img decoding=\"async\" src=\"https:\/\/ozponcho.com.au\/wp-content\/uploads\/2024\/03\/1131168835802497024.png\" \/><img decoding=\"async\" src=\"https:\/\/ozponcho.com.au\/wp-content\/uploads\/2024\/03\/O1CN01WgxhTd1QYYEj25Thh_2505411988-0-cib.jpg\" \/><img decoding=\"async\" src=\"https:\/\/ozponcho.com.au\/wp-content\/uploads\/2024\/03\/O1CN01GjeIZ71QYYExnJSBA_2505411988-0-cib.jpg\" \/><img decoding=\"async\" src=\"https:\/\/ozponcho.com.au\/wp-content\/uploads\/2024\/03\/O1CN01rlZm1k1QYYEunzOLj_2505411988-0-cib.jpg\" \/><img decoding=\"async\" src=\"https:\/\/ozponcho.com.au\/wp-content\/uploads\/2024\/03\/O1CN01mV4WBc1QYYEt1diWW_2505411988-0-cib.jpg\" \/><img decoding=\"async\" src=\"https:\/\/ozponcho.com.au\/wp-content\/uploads\/2024\/03\/O1CN01gMUiSd1QYYErdKM6V_2505411988-0-cib.jpg\" \/><img decoding=\"async\" src=\"https:\/\/ozponcho.com.au\/wp-content\/uploads\/2024\/03\/O1CN01GMAYpS1QYYEniGYVS_2505411988-0-cib.jpg\" \/><img decoding=\"async\" src=\"https:\/\/ozponcho.com.au\/wp-content\/uploads\/2024\/03\/O1CN01Gmo0X01QYYErcG1hB_2505411988-0-cib.jpg\" \/><\/p>","protected":false},"excerpt":{"rendered":"<p>Envelop yourself in luxury with our Burgundy Fringed Poncho. Designed for the fashion-forward woman, this elegant cape-style poncho exudes sophistication. The rich burgundy shade is adorned with dark pink stripes, making for a vibrant addition to any autumn or winter wardrobe. It\u00e2\u20ac\u2122s crafted with a soft jersey fabric that feels delightful against the skin. The [&#8230;]","protected":false},"featured_media":13147,"template":"","meta":[],"product_brand":[],"product_cat":[229,218,15,222,228,214,210,221],"product_tag":[],"class_list":{"0":"post-13177","1":"product","2":"type-product","3":"status-publish","4":"has-post-thumbnail","6":"product_cat-blanket-poncho","7":"product_cat-fur-poncho","8":"product_cat-main-category","9":"product_cat-pink-poncho","10":"product_cat-poncho-sweater","11":"product_cat-knitted-crochet-poncho","12":"product_cat-poncho-women","13":"product_cat-red-poncho","15":"first","16":"outofstock","17":"shipping-taxable","18":"purchasable","19":"product-type-variable"},"yoast_head":"<!-- This site is optimized with the Yoast SEO plugin v25.9 - https:\/\/yoast.com\/wordpress\/plugins\/seo\/ -->\n<title>Burgundy Fringed Poncho | Danmark #1 Poncho Shop<\/title>\n<meta name=\"description\" content=\"Looking for a Burgundy Fringed Poncho ? You&#039;ve come to the right place \ud83d\ude04 We offers a wide selection of Burgundy Fringed Poncho, perfect for you.\" \/>\n<meta name=\"robots\" content=\"index, follow, max-snippet:-1, max-image-preview:large, max-video-preview:-1\" \/>\n<link rel=\"canonical\" href=\"https:\/\/ozponcho.com.au\/da\/p\/elegant-kappe-med-pelskant-til-kvinder\/\" \/>\n<meta property=\"og:locale\" content=\"da_DK\" \/>\n<meta property=\"og:type\" content=\"article\" \/>\n<meta property=\"og:title\" content=\"Burgundy Fringed Poncho | Danmark #1 Poncho Shop\" \/>\n<meta property=\"og:description\" content=\"Looking for a Burgundy Fringed Poncho ? You&#039;ve come to the right place \ud83d\ude04 We offers a wide selection of Burgundy Fringed Poncho, perfect for you.\" \/>\n<meta property=\"og:url\" content=\"https:\/\/ozponcho.com.au\/da\/p\/elegant-kappe-med-pelskant-til-kvinder\/\" \/>\n<meta property=\"og:site_name\" content=\"OZ Poncho\" \/>\n<meta property=\"article:modified_time\" content=\"2025-09-26T01:56:09+00:00\" \/>\n<meta property=\"og:image\" content=\"https:\/\/ozponcho.com.au\/wp-content\/uploads\/2023\/12\/O1CN01WQMJX41QYYEspn3t6_2505411988-0-cib.jpg\" \/>\n\t<meta property=\"og:image:width\" content=\"800\" \/>\n\t<meta property=\"og:image:height\" content=\"800\" \/>\n\t<meta property=\"og:image:type\" content=\"image\/jpeg\" \/>\n<meta name=\"twitter:card\" content=\"summary_large_image\" \/>\n<meta name=\"twitter:label1\" content=\"Estimeret l\u00e6setid\" \/>\n\t<meta name=\"twitter:data1\" content=\"3 minutter\" \/>\n<script type=\"application\/ld+json\" class=\"yoast-schema-graph\">{\"@context\":\"https:\/\/schema.org\",\"@graph\":[{\"@type\":\"WebPage\",\"@id\":\"https:\/\/ozponcho.com.au\/p\/elegant-women-fur-trim-cape\/\",\"url\":\"https:\/\/ozponcho.com.au\/p\/elegant-women-fur-trim-cape\/\",\"name\":\"Burgundy Fringed Poncho | Danmark #1 Poncho Shop\",\"isPartOf\":{\"@id\":\"https:\/\/ozponcho.com.au\/#website\"},\"primaryImageOfPage\":{\"@id\":\"https:\/\/ozponcho.com.au\/p\/elegant-women-fur-trim-cape\/#primaryimage\"},\"image\":{\"@id\":\"https:\/\/ozponcho.com.au\/p\/elegant-women-fur-trim-cape\/#primaryimage\"},\"thumbnailUrl\":\"https:\/\/ozponcho.com.au\/wp-content\/uploads\/2023\/12\/O1CN01WQMJX41QYYEspn3t6_2505411988-0-cib.jpg\",\"datePublished\":\"2023-12-13T07:38:40+00:00\",\"dateModified\":\"2025-09-26T01:56:09+00:00\",\"description\":\"Looking for a Burgundy Fringed Poncho ? You've come to the right place \ud83d\ude04 We offers a wide selection of Burgundy Fringed Poncho, perfect for you.\",\"breadcrumb\":{\"@id\":\"https:\/\/ozponcho.com.au\/p\/elegant-women-fur-trim-cape\/#breadcrumb\"},\"inLanguage\":\"da-DK\",\"potentialAction\":[{\"@type\":\"ReadAction\",\"target\":[\"https:\/\/ozponcho.com.au\/p\/elegant-women-fur-trim-cape\/\"]}]},{\"@type\":\"ImageObject\",\"inLanguage\":\"da-DK\",\"@id\":\"https:\/\/ozponcho.com.au\/p\/elegant-women-fur-trim-cape\/#primaryimage\",\"url\":\"https:\/\/ozponcho.com.au\/wp-content\/uploads\/2023\/12\/O1CN01WQMJX41QYYEspn3t6_2505411988-0-cib.jpg\",\"contentUrl\":\"https:\/\/ozponcho.com.au\/wp-content\/uploads\/2023\/12\/O1CN01WQMJX41QYYEspn3t6_2505411988-0-cib.jpg\",\"width\":800,\"height\":800,\"caption\":\"Burgundy Fringed Poncho\"},{\"@type\":\"BreadcrumbList\",\"@id\":\"https:\/\/ozponcho.com.au\/p\/elegant-women-fur-trim-cape\/#breadcrumb\",\"itemListElement\":[{\"@type\":\"ListItem\",\"position\":1,\"name\":\"Home\",\"item\":\"https:\/\/ozponcho.com.au\/\"},{\"@type\":\"ListItem\",\"position\":2,\"name\":\"Shop\",\"item\":\"https:\/\/ozponcho.com.au\/shop\/\"},{\"@type\":\"ListItem\",\"position\":3,\"name\":\"Burgundy Fringed Poncho\"}]},{\"@type\":\"WebSite\",\"@id\":\"https:\/\/ozponcho.com.au\/#website\",\"url\":\"https:\/\/ozponcho.com.au\/\",\"name\":\"OZ Poncho\",\"description\":\"\",\"potentialAction\":[{\"@type\":\"SearchAction\",\"target\":{\"@type\":\"EntryPoint\",\"urlTemplate\":\"https:\/\/ozponcho.com.au\/?s={search_term_string}\"},\"query-input\":{\"@type\":\"PropertyValueSpecification\",\"valueRequired\":true,\"valueName\":\"search_term_string\"}}],\"inLanguage\":\"da-DK\"}]}<\/script>\n<!-- \/ Yoast SEO plugin. -->","yoast_head_json":{"title":"Bourgogne Poncho med frynser | Danmark #1 Poncho Shop","description":"Leder du efter en Burgundy Fringed Poncho? S\u00e5 er du kommet til det rette sted \ud83d\ude04 Vi tilbyder et bredt udvalg af Burgundy Fringed Poncho, perfekt til dig.","robots":{"index":"index","follow":"follow","max-snippet":"max-snippet:-1","max-image-preview":"max-image-preview:large","max-video-preview":"max-video-preview:-1"},"canonical":"https:\/\/ozponcho.com.au\/da\/p\/elegant-kappe-med-pelskant-til-kvinder\/","og_locale":"da_DK","og_type":"article","og_title":"Burgundy Fringed Poncho | Danmark #1 Poncho Shop","og_description":"Looking for a Burgundy Fringed Poncho ? You've come to the right place \ud83d\ude04 We offers a wide selection of Burgundy Fringed Poncho, perfect for you.","og_url":"https:\/\/ozponcho.com.au\/da\/p\/elegant-kappe-med-pelskant-til-kvinder\/","og_site_name":"OZ Poncho","article_modified_time":"2025-09-26T01:56:09+00:00","og_image":[{"width":800,"height":800,"url":"https:\/\/ozponcho.com.au\/wp-content\/uploads\/2023\/12\/O1CN01WQMJX41QYYEspn3t6_2505411988-0-cib.jpg","type":"image\/jpeg"}],"twitter_card":"summary_large_image","twitter_misc":{"Estimeret l\u00e6setid":"3 minutter"},"schema":{"@context":"https:\/\/schema.org","@graph":[{"@type":"WebPage","@id":"https:\/\/ozponcho.com.au\/p\/elegant-women-fur-trim-cape\/","url":"https:\/\/ozponcho.com.au\/p\/elegant-women-fur-trim-cape\/","name":"Bourgogne Poncho med frynser | Danmark #1 Poncho Shop","isPartOf":{"@id":"https:\/\/ozponcho.com.au\/#website"},"primaryImageOfPage":{"@id":"https:\/\/ozponcho.com.au\/p\/elegant-women-fur-trim-cape\/#primaryimage"},"image":{"@id":"https:\/\/ozponcho.com.au\/p\/elegant-women-fur-trim-cape\/#primaryimage"},"thumbnailUrl":"https:\/\/ozponcho.com.au\/wp-content\/uploads\/2023\/12\/O1CN01WQMJX41QYYEspn3t6_2505411988-0-cib.jpg","datePublished":"2023-12-13T07:38:40+00:00","dateModified":"2025-09-26T01:56:09+00:00","description":"Leder du efter en Burgundy Fringed Poncho? S\u00e5 er du kommet til det rette sted \ud83d\ude04 Vi tilbyder et bredt udvalg af Burgundy Fringed Poncho, perfekt til dig.","breadcrumb":{"@id":"https:\/\/ozponcho.com.au\/p\/elegant-women-fur-trim-cape\/#breadcrumb"},"inLanguage":"da-DK","potentialAction":[{"@type":"ReadAction","target":["https:\/\/ozponcho.com.au\/p\/elegant-women-fur-trim-cape\/"]}]},{"@type":"ImageObject","inLanguage":"da-DK","@id":"https:\/\/ozponcho.com.au\/p\/elegant-women-fur-trim-cape\/#primaryimage","url":"https:\/\/ozponcho.com.au\/wp-content\/uploads\/2023\/12\/O1CN01WQMJX41QYYEspn3t6_2505411988-0-cib.jpg","contentUrl":"https:\/\/ozponcho.com.au\/wp-content\/uploads\/2023\/12\/O1CN01WQMJX41QYYEspn3t6_2505411988-0-cib.jpg","width":800,"height":800,"caption":"Burgundy Fringed Poncho"},{"@type":"BreadcrumbList","@id":"https:\/\/ozponcho.com.au\/p\/elegant-women-fur-trim-cape\/#breadcrumb","itemListElement":[{"@type":"ListItem","position":1,"name":"Home","item":"https:\/\/ozponcho.com.au\/"},{"@type":"ListItem","position":2,"name":"Shop","item":"https:\/\/ozponcho.com.au\/shop\/"},{"@type":"ListItem","position":3,"name":"Burgundy Fringed Poncho"}]},{"@type":"WebSite","@id":"https:\/\/ozponcho.com.au\/#website","url":"https:\/\/ozponcho.com.au\/","name":"OZ Poncho","description":"","potentialAction":[{"@type":"SearchAction","target":{"@type":"EntryPoint","urlTemplate":"https:\/\/ozponcho.com.au\/?s={search_term_string}"},"query-input":{"@type":"PropertyValueSpecification","valueRequired":true,"valueName":"search_term_string"}}],"inLanguage":"da-DK"}]}},"_links":{"self":[{"href":"https:\/\/ozponcho.com.au\/da\/wp-json\/wp\/v2\/product\/13177","targetHints":{"allow":["GET"]}}],"collection":[{"href":"https:\/\/ozponcho.com.au\/da\/wp-json\/wp\/v2\/product"}],"about":[{"href":"https:\/\/ozponcho.com.au\/da\/wp-json\/wp\/v2\/types\/product"}],"wp:featuredmedia":[{"embeddable":true,"href":"https:\/\/ozponcho.com.au\/da\/wp-json\/wp\/v2\/media\/13147"}],"wp:attachment":[{"href":"https:\/\/ozponcho.com.au\/da\/wp-json\/wp\/v2\/media?parent=13177"}],"wp:term":[{"taxonomy":"product_brand","embeddable":true,"href":"https:\/\/ozponcho.com.au\/da\/wp-json\/wp\/v2\/product_brand?post=13177"},{"taxonomy":"product_cat","embeddable":true,"href":"https:\/\/ozponcho.com.au\/da\/wp-json\/wp\/v2\/product_cat?post=13177"},{"taxonomy":"product_tag","embeddable":true,"href":"https:\/\/ozponcho.com.au\/da\/wp-json\/wp\/v2\/product_tag?post=13177"}],"curies":[{"name":"wp","href":"https:\/\/api.w.org\/{rel}","templated":true}]}}