{"id":13129,"date":"2023-12-13T18:38:21","date_gmt":"2023-12-13T07:38:21","guid":{"rendered":"https:\/\/ozponcho.com.au\/p\/fall-winter-loose-pullover-sexy-tassel-long-sleeve-knitted-women\/"},"modified":"2024-12-28T17:58:07","modified_gmt":"2024-12-28T06:58:07","slug":"casual-tassel-knit-poncho","status":"publish","type":"product","link":"https:\/\/ozponcho.com.au\/da\/p\/casual-tassel-knit-poncho\/","title":{"rendered":"Poncho-sweater med gr\u00f8nne frynser"},"content":{"rendered":"<p>Wrap yourself in style with our Green Fringe Poncho Sweater! This cozy knit piece is the ideal accompaniment for those chill fall\/winter days. Designed with a casual, loose fit and adorned with playful fringe details, it combines comfort with a dash of bohemian flair. The sage green hue complements a variety of outfits, making it a versatile addition to your wardrobe. Whether you&#8217;re enjoying a relaxed day out or cozying up at home, our long sleeve, fleece textile poncho is sure to become your new go-to for both fashion and warmth.<\/p>\n<div>Stil: Afslappet<\/div>\n<div>Pasform: L\u00f8s<\/div>\n<div>Fabric: Fleece<\/div>\n<div>M\u00f8nster: Ensfarvet<\/div>\n<div>Element: Frynser<\/div>\n<div>L\u00e6ngde p\u00e5 top: Almindelig<\/div>\n<div>Halsudsk\u00e6ring: Rund halsudsk\u00e6ring<\/div>\n<div>\u00c6rmetype: Almindelig<\/div>\n<div>\u00c6rmel\u00e6ngde: Lang\u00e6rmet<\/div>\n<div>Vigtigste sammens\u00e6tning: Polyester<\/div>\n<div>S\u00e6son: Efter\u00e5r\/vinter<\/div>\n<p><img decoding=\"async\" src=\"https:\/\/ozponcho.com.au\/wp-content\/uploads\/2024\/03\/881986120210972672.png\" \/><img decoding=\"async\" src=\"https:\/\/ozponcho.com.au\/wp-content\/uploads\/2024\/03\/12356237636_1556201987.jpg\" \/><img decoding=\"async\" src=\"https:\/\/ozponcho.com.au\/wp-content\/uploads\/2024\/03\/12320509079_1556201987.jpg\" \/><img decoding=\"async\" src=\"https:\/\/ozponcho.com.au\/wp-content\/uploads\/2024\/03\/12356231762_1556201987.jpg\" \/><img decoding=\"async\" src=\"https:\/\/ozponcho.com.au\/wp-content\/uploads\/2024\/03\/12356246261_1556201987.jpg\" \/><img decoding=\"async\" src=\"https:\/\/ozponcho.com.au\/wp-content\/uploads\/2024\/03\/12283179550_1556201987.jpg\" \/><img decoding=\"async\" src=\"https:\/\/ozponcho.com.au\/wp-content\/uploads\/2024\/03\/12320482911_1556201987.jpg\" \/><img decoding=\"async\" src=\"https:\/\/ozponcho.com.au\/wp-content\/uploads\/2024\/03\/12283197077_1556201987.jpg\" \/><img decoding=\"async\" src=\"https:\/\/ozponcho.com.au\/wp-content\/uploads\/2024\/03\/12283197076_1556201987.jpg\" \/><img decoding=\"async\" src=\"https:\/\/ozponcho.com.au\/wp-content\/uploads\/2024\/03\/12356237633_1556201987.jpg\" \/><img decoding=\"async\" src=\"https:\/\/ozponcho.com.au\/wp-content\/uploads\/2024\/03\/12356231763_1556201987.jpg\" \/><\/p>","protected":false},"excerpt":{"rendered":"<p>Wrap yourself in style with our Green Fringe Poncho Sweater! This cozy knit piece is the ideal accompaniment for those chill fall\/winter days. Designed with a casual, loose fit and adorned with playful fringe details, it combines comfort with a dash of bohemian flair. The sage green hue complements a variety of outfits, making it [&#8230;]","protected":false},"featured_media":13088,"template":"","meta":[],"product_brand":[],"product_cat":[216,220,15,228,214,210],"product_tag":[],"class_list":{"0":"post-13129","1":"product","2":"type-product","3":"status-publish","4":"has-post-thumbnail","6":"product_cat-cashmere-poncho","7":"product_cat-green-poncho","8":"product_cat-main-category","9":"product_cat-poncho-sweater","10":"product_cat-knitted-crochet-poncho","11":"product_cat-poncho-women","13":"first","14":"instock","15":"shipping-taxable","16":"purchasable","17":"product-type-variable"},"yoast_head":"<!-- This site is optimized with the Yoast SEO plugin v25.9 - https:\/\/yoast.com\/wordpress\/plugins\/seo\/ -->\n<title>Green Fringe Poncho Sweater | Danmark #1 Poncho Shop<\/title>\n<meta name=\"description\" content=\"Looking for a Green Fringe Poncho Sweater ? You&#039;ve come to the right place \ud83d\ude04 We offers a wide selection of Green Fringe Poncho Sweater, perfect for you.\" \/>\n<meta name=\"robots\" content=\"index, follow, max-snippet:-1, max-image-preview:large, max-video-preview:-1\" \/>\n<link rel=\"canonical\" href=\"https:\/\/ozponcho.com.au\/da\/p\/casual-tassel-knit-poncho\/\" \/>\n<meta property=\"og:locale\" content=\"da_DK\" \/>\n<meta property=\"og:type\" content=\"article\" \/>\n<meta property=\"og:title\" content=\"Green Fringe Poncho Sweater | Danmark #1 Poncho Shop\" \/>\n<meta property=\"og:description\" content=\"Looking for a Green Fringe Poncho Sweater ? You&#039;ve come to the right place \ud83d\ude04 We offers a wide selection of Green Fringe Poncho Sweater, perfect for you.\" \/>\n<meta property=\"og:url\" content=\"https:\/\/ozponcho.com.au\/da\/p\/casual-tassel-knit-poncho\/\" \/>\n<meta property=\"og:site_name\" content=\"OZ Poncho\" \/>\n<meta property=\"article:modified_time\" content=\"2024-12-28T06:58:07+00:00\" \/>\n<meta property=\"og:image\" content=\"https:\/\/ozponcho.com.au\/wp-content\/uploads\/2023\/12\/12356234734_1556201987.jpg\" \/>\n\t<meta property=\"og:image:width\" content=\"750\" \/>\n\t<meta property=\"og:image:height\" content=\"750\" \/>\n\t<meta property=\"og:image:type\" content=\"image\/jpeg\" \/>\n<meta name=\"twitter:card\" content=\"summary_large_image\" \/>\n<meta name=\"twitter:label1\" content=\"Estimeret l\u00e6setid\" \/>\n\t<meta name=\"twitter:data1\" content=\"3 minutter\" \/>\n<script type=\"application\/ld+json\" class=\"yoast-schema-graph\">{\"@context\":\"https:\/\/schema.org\",\"@graph\":[{\"@type\":\"WebPage\",\"@id\":\"https:\/\/ozponcho.com.au\/p\/casual-tassel-knit-poncho\/\",\"url\":\"https:\/\/ozponcho.com.au\/p\/casual-tassel-knit-poncho\/\",\"name\":\"Green Fringe Poncho Sweater | Danmark #1 Poncho Shop\",\"isPartOf\":{\"@id\":\"https:\/\/ozponcho.com.au\/#website\"},\"primaryImageOfPage\":{\"@id\":\"https:\/\/ozponcho.com.au\/p\/casual-tassel-knit-poncho\/#primaryimage\"},\"image\":{\"@id\":\"https:\/\/ozponcho.com.au\/p\/casual-tassel-knit-poncho\/#primaryimage\"},\"thumbnailUrl\":\"https:\/\/ozponcho.com.au\/wp-content\/uploads\/2023\/12\/12356234734_1556201987.jpg\",\"datePublished\":\"2023-12-13T07:38:21+00:00\",\"dateModified\":\"2024-12-28T06:58:07+00:00\",\"description\":\"Looking for a Green Fringe Poncho Sweater ? You've come to the right place \ud83d\ude04 We offers a wide selection of Green Fringe Poncho Sweater, perfect for you.\",\"breadcrumb\":{\"@id\":\"https:\/\/ozponcho.com.au\/p\/casual-tassel-knit-poncho\/#breadcrumb\"},\"inLanguage\":\"da-DK\",\"potentialAction\":[{\"@type\":\"ReadAction\",\"target\":[\"https:\/\/ozponcho.com.au\/p\/casual-tassel-knit-poncho\/\"]}]},{\"@type\":\"ImageObject\",\"inLanguage\":\"da-DK\",\"@id\":\"https:\/\/ozponcho.com.au\/p\/casual-tassel-knit-poncho\/#primaryimage\",\"url\":\"https:\/\/ozponcho.com.au\/wp-content\/uploads\/2023\/12\/12356234734_1556201987.jpg\",\"contentUrl\":\"https:\/\/ozponcho.com.au\/wp-content\/uploads\/2023\/12\/12356234734_1556201987.jpg\",\"width\":750,\"height\":750,\"caption\":\"Green Fringe Poncho Sweater\"},{\"@type\":\"BreadcrumbList\",\"@id\":\"https:\/\/ozponcho.com.au\/p\/casual-tassel-knit-poncho\/#breadcrumb\",\"itemListElement\":[{\"@type\":\"ListItem\",\"position\":1,\"name\":\"Home\",\"item\":\"https:\/\/ozponcho.com.au\/\"},{\"@type\":\"ListItem\",\"position\":2,\"name\":\"Shop\",\"item\":\"https:\/\/ozponcho.com.au\/shop\/\"},{\"@type\":\"ListItem\",\"position\":3,\"name\":\"Green Fringe Poncho Sweater\"}]},{\"@type\":\"WebSite\",\"@id\":\"https:\/\/ozponcho.com.au\/#website\",\"url\":\"https:\/\/ozponcho.com.au\/\",\"name\":\"OZ Poncho\",\"description\":\"\",\"potentialAction\":[{\"@type\":\"SearchAction\",\"target\":{\"@type\":\"EntryPoint\",\"urlTemplate\":\"https:\/\/ozponcho.com.au\/?s={search_term_string}\"},\"query-input\":{\"@type\":\"PropertyValueSpecification\",\"valueRequired\":true,\"valueName\":\"search_term_string\"}}],\"inLanguage\":\"da-DK\"}]}<\/script>\n<!-- \/ Yoast SEO plugin. -->","yoast_head_json":{"title":"Green Fringe Poncho Sweater | Danmark #1 Poncho Shop","description":"Looking for a Green Fringe Poncho Sweater ? You've come to the right place \ud83d\ude04 We offers a wide selection of Green Fringe Poncho Sweater, perfect for you.","robots":{"index":"index","follow":"follow","max-snippet":"max-snippet:-1","max-image-preview":"max-image-preview:large","max-video-preview":"max-video-preview:-1"},"canonical":"https:\/\/ozponcho.com.au\/da\/p\/casual-tassel-knit-poncho\/","og_locale":"da_DK","og_type":"article","og_title":"Green Fringe Poncho Sweater | Danmark #1 Poncho Shop","og_description":"Looking for a Green Fringe Poncho Sweater ? You've come to the right place \ud83d\ude04 We offers a wide selection of Green Fringe Poncho Sweater, perfect for you.","og_url":"https:\/\/ozponcho.com.au\/da\/p\/casual-tassel-knit-poncho\/","og_site_name":"OZ Poncho","article_modified_time":"2024-12-28T06:58:07+00:00","og_image":[{"width":750,"height":750,"url":"https:\/\/ozponcho.com.au\/wp-content\/uploads\/2023\/12\/12356234734_1556201987.jpg","type":"image\/jpeg"}],"twitter_card":"summary_large_image","twitter_misc":{"Estimeret l\u00e6setid":"3 minutter"},"schema":{"@context":"https:\/\/schema.org","@graph":[{"@type":"WebPage","@id":"https:\/\/ozponcho.com.au\/p\/casual-tassel-knit-poncho\/","url":"https:\/\/ozponcho.com.au\/p\/casual-tassel-knit-poncho\/","name":"Green Fringe Poncho Sweater | Danmark #1 Poncho Shop","isPartOf":{"@id":"https:\/\/ozponcho.com.au\/#website"},"primaryImageOfPage":{"@id":"https:\/\/ozponcho.com.au\/p\/casual-tassel-knit-poncho\/#primaryimage"},"image":{"@id":"https:\/\/ozponcho.com.au\/p\/casual-tassel-knit-poncho\/#primaryimage"},"thumbnailUrl":"https:\/\/ozponcho.com.au\/wp-content\/uploads\/2023\/12\/12356234734_1556201987.jpg","datePublished":"2023-12-13T07:38:21+00:00","dateModified":"2024-12-28T06:58:07+00:00","description":"Looking for a Green Fringe Poncho Sweater ? You've come to the right place \ud83d\ude04 We offers a wide selection of Green Fringe Poncho Sweater, perfect for you.","breadcrumb":{"@id":"https:\/\/ozponcho.com.au\/p\/casual-tassel-knit-poncho\/#breadcrumb"},"inLanguage":"da-DK","potentialAction":[{"@type":"ReadAction","target":["https:\/\/ozponcho.com.au\/p\/casual-tassel-knit-poncho\/"]}]},{"@type":"ImageObject","inLanguage":"da-DK","@id":"https:\/\/ozponcho.com.au\/p\/casual-tassel-knit-poncho\/#primaryimage","url":"https:\/\/ozponcho.com.au\/wp-content\/uploads\/2023\/12\/12356234734_1556201987.jpg","contentUrl":"https:\/\/ozponcho.com.au\/wp-content\/uploads\/2023\/12\/12356234734_1556201987.jpg","width":750,"height":750,"caption":"Green Fringe Poncho Sweater"},{"@type":"BreadcrumbList","@id":"https:\/\/ozponcho.com.au\/p\/casual-tassel-knit-poncho\/#breadcrumb","itemListElement":[{"@type":"ListItem","position":1,"name":"Home","item":"https:\/\/ozponcho.com.au\/"},{"@type":"ListItem","position":2,"name":"Shop","item":"https:\/\/ozponcho.com.au\/shop\/"},{"@type":"ListItem","position":3,"name":"Green Fringe Poncho Sweater"}]},{"@type":"WebSite","@id":"https:\/\/ozponcho.com.au\/#website","url":"https:\/\/ozponcho.com.au\/","name":"OZ Poncho","description":"","potentialAction":[{"@type":"SearchAction","target":{"@type":"EntryPoint","urlTemplate":"https:\/\/ozponcho.com.au\/?s={search_term_string}"},"query-input":{"@type":"PropertyValueSpecification","valueRequired":true,"valueName":"search_term_string"}}],"inLanguage":"da-DK"}]}},"_links":{"self":[{"href":"https:\/\/ozponcho.com.au\/da\/wp-json\/wp\/v2\/product\/13129","targetHints":{"allow":["GET"]}}],"collection":[{"href":"https:\/\/ozponcho.com.au\/da\/wp-json\/wp\/v2\/product"}],"about":[{"href":"https:\/\/ozponcho.com.au\/da\/wp-json\/wp\/v2\/types\/product"}],"wp:featuredmedia":[{"embeddable":true,"href":"https:\/\/ozponcho.com.au\/da\/wp-json\/wp\/v2\/media\/13088"}],"wp:attachment":[{"href":"https:\/\/ozponcho.com.au\/da\/wp-json\/wp\/v2\/media?parent=13129"}],"wp:term":[{"taxonomy":"product_brand","embeddable":true,"href":"https:\/\/ozponcho.com.au\/da\/wp-json\/wp\/v2\/product_brand?post=13129"},{"taxonomy":"product_cat","embeddable":true,"href":"https:\/\/ozponcho.com.au\/da\/wp-json\/wp\/v2\/product_cat?post=13129"},{"taxonomy":"product_tag","embeddable":true,"href":"https:\/\/ozponcho.com.au\/da\/wp-json\/wp\/v2\/product_tag?post=13129"}],"curies":[{"name":"wp","href":"https:\/\/api.w.org\/{rel}","templated":true}]}}