{"id":12791,"date":"2023-12-13T18:36:52","date_gmt":"2023-12-13T07:36:52","guid":{"rendered":"https:\/\/ozponcho.com.au\/p\/tassel-cape-shawl-women-autumn-winter-contrast-color-split-thermal-plaid-scarf\/"},"modified":"2025-09-26T12:56:12","modified_gmt":"2025-09-26T01:56:12","slug":"tassel-cape-shawl-plaid","status":"publish","type":"product","link":"https:\/\/ozponcho.com.au\/da\/p\/kvast-kappe-sjal-plaid\/","title":{"rendered":"Efter\u00e5rsplaid poncho sjal med kvaster"},"content":{"rendered":"<p>Giv din efter\u00e5rs- og vintergarderobe et l\u00f8ft med denne smarte Tassel Cape Shawl Poncho til kvinder. Ponchoen er designet til at give b\u00e5de varme og stil, og den har et f\u00e6ngslende ternet m\u00f8nster i kontrastfarver, som helt sikkert vil v\u00e6kke opsigt. Den behagelige l\u00f8se pasform, flankeret af legende frynsedetaljer, skaber en ubesv\u00e6ret elegant silhuet, mens jerseystoffet giver en hyggelig fornemmelse. Ideel til lag p\u00e5 lag over afslappet t\u00f8j eller til at tilf\u00f8je en stilfuld kant til formelt t\u00f8j - dette er det must-have tilbeh\u00f8r, du har brug for til de k\u00f8ligere \u00e5rstider.<\/p>\n<div>Stil: Afslappet<\/div>\n<div>Pasform: L\u00f8s<\/div>\n<div>Stof: Jersey<\/div>\n<div>M\u00f8nster: Tern<\/div>\n<div>Element: Frynser<\/div>\n<div>L\u00e6ngde p\u00e5 top: Lang<\/div>\n<div>\u00c6rmetype: Dolman-\u00e6rme<\/div>\n<div>\u00c6rmel\u00e6ngde: 3\/4 \u00e6rme<\/div>\n<div>Lukningstype: Andre<\/div>\n<div>Vigtigste sammens\u00e6tning: Akryl<\/div>\n<div>S\u00e6son: Efter\u00e5r\/vinter<\/div>\n<p><img decoding=\"async\" src=\"https:\/\/ozponcho.com.au\/wp-content\/uploads\/2024\/03\/1136967655840808960.png\" \/><img decoding=\"async\" src=\"https:\/\/ozponcho.com.au\/wp-content\/uploads\/2024\/03\/O1CN01oaDmlA1QYYF7mSNel_2505411988-0-cib.jpg\" \/><img decoding=\"async\" src=\"https:\/\/ozponcho.com.au\/wp-content\/uploads\/2024\/03\/O1CN01iimGIm1QYYFAtySFO_2505411988-0-cib.jpg\" \/><img decoding=\"async\" src=\"https:\/\/ozponcho.com.au\/wp-content\/uploads\/2024\/03\/O1CN01i8aF0p1QYYF7vaf6s_2505411988-0-cib.jpg\" \/><img decoding=\"async\" src=\"https:\/\/ozponcho.com.au\/wp-content\/uploads\/2024\/03\/O1CN01WQJWep1QYYFEe6Gr3_2505411988-0-cib.jpg\" \/><img decoding=\"async\" src=\"https:\/\/ozponcho.com.au\/wp-content\/uploads\/2024\/03\/O1CN01u3tGju1QYYF7vZiu5_2505411988-0-cib.jpg\" \/><img decoding=\"async\" src=\"https:\/\/ozponcho.com.au\/wp-content\/uploads\/2024\/03\/O1CN013fKWfM1QYYFBL2LRw_2505411988-0-cib.jpg\" \/><img decoding=\"async\" src=\"https:\/\/ozponcho.com.au\/wp-content\/uploads\/2024\/03\/O1CN01Uh4zcX1QYYFCqcmMu_2505411988-0-cib.jpg\" \/><\/p>","protected":false},"excerpt":{"rendered":"<p>Elevate your autumn and winter wardrobe with this chic Tassel Cape Shawl Poncho for women. Designed to provide both warmth and style, this poncho boasts a captivating contrast color plaid pattern that is sure to turn heads. The comfortable loose fit, flanked by playful fringe detailing, creates an effortlessly elegant silhouette, while the jersey fabric [&#8230;]","protected":false},"featured_media":12755,"template":"","meta":[],"product_brand":[],"product_cat":[219,229,226,15,228,210],"product_tag":[],"class_list":{"0":"post-12791","1":"product","2":"type-product","3":"status-publish","4":"has-post-thumbnail","6":"product_cat-black-poncho","7":"product_cat-blanket-poncho","8":"product_cat-brown-poncho","9":"product_cat-main-category","10":"product_cat-poncho-sweater","11":"product_cat-poncho-women","13":"first","14":"outofstock","15":"shipping-taxable","16":"purchasable","17":"product-type-variable"},"yoast_head":"<!-- This site is optimized with the Yoast SEO plugin v25.9 - https:\/\/yoast.com\/wordpress\/plugins\/seo\/ -->\n<title>Autumn Plaid Tassel Poncho Shawl | Danmark #1 Poncho Shop<\/title>\n<meta name=\"description\" content=\"Looking for a Autumn Plaid Tassel Poncho Shawl ? You&#039;ve come to the right place \ud83d\ude04 We offers a wide selection of Autumn Plaid Tassel Poncho Shawl, perfect for you.\" \/>\n<meta name=\"robots\" content=\"index, follow, max-snippet:-1, max-image-preview:large, max-video-preview:-1\" \/>\n<link rel=\"canonical\" href=\"https:\/\/ozponcho.com.au\/da\/p\/kvast-kappe-sjal-plaid\/\" \/>\n<meta property=\"og:locale\" content=\"da_DK\" \/>\n<meta property=\"og:type\" content=\"article\" \/>\n<meta property=\"og:title\" content=\"Autumn Plaid Tassel Poncho Shawl | Danmark #1 Poncho Shop\" \/>\n<meta property=\"og:description\" content=\"Looking for a Autumn Plaid Tassel Poncho Shawl ? You&#039;ve come to the right place \ud83d\ude04 We offers a wide selection of Autumn Plaid Tassel Poncho Shawl, perfect for you.\" \/>\n<meta property=\"og:url\" content=\"https:\/\/ozponcho.com.au\/da\/p\/kvast-kappe-sjal-plaid\/\" \/>\n<meta property=\"og:site_name\" content=\"OZ Poncho\" \/>\n<meta property=\"article:modified_time\" content=\"2025-09-26T01:56:12+00:00\" \/>\n<meta property=\"og:image\" content=\"https:\/\/ozponcho.com.au\/wp-content\/uploads\/2023\/12\/O1CN01vuLV2X1QYYF5hvO1v_2505411988-0-cib.jpg\" \/>\n\t<meta property=\"og:image:width\" content=\"800\" \/>\n\t<meta property=\"og:image:height\" content=\"800\" \/>\n\t<meta property=\"og:image:type\" content=\"image\/jpeg\" \/>\n<meta name=\"twitter:card\" content=\"summary_large_image\" \/>\n<meta name=\"twitter:label1\" content=\"Estimeret l\u00e6setid\" \/>\n\t<meta name=\"twitter:data1\" content=\"1 minut\" \/>\n<script type=\"application\/ld+json\" class=\"yoast-schema-graph\">{\"@context\":\"https:\/\/schema.org\",\"@graph\":[{\"@type\":\"WebPage\",\"@id\":\"https:\/\/ozponcho.com.au\/p\/tassel-cape-shawl-plaid\/\",\"url\":\"https:\/\/ozponcho.com.au\/p\/tassel-cape-shawl-plaid\/\",\"name\":\"Autumn Plaid Tassel Poncho Shawl | Danmark #1 Poncho Shop\",\"isPartOf\":{\"@id\":\"https:\/\/ozponcho.com.au\/#website\"},\"primaryImageOfPage\":{\"@id\":\"https:\/\/ozponcho.com.au\/p\/tassel-cape-shawl-plaid\/#primaryimage\"},\"image\":{\"@id\":\"https:\/\/ozponcho.com.au\/p\/tassel-cape-shawl-plaid\/#primaryimage\"},\"thumbnailUrl\":\"https:\/\/ozponcho.com.au\/wp-content\/uploads\/2023\/12\/O1CN01vuLV2X1QYYF5hvO1v_2505411988-0-cib.jpg\",\"datePublished\":\"2023-12-13T07:36:52+00:00\",\"dateModified\":\"2025-09-26T01:56:12+00:00\",\"description\":\"Looking for a Autumn Plaid Tassel Poncho Shawl ? You've come to the right place \ud83d\ude04 We offers a wide selection of Autumn Plaid Tassel Poncho Shawl, perfect for you.\",\"breadcrumb\":{\"@id\":\"https:\/\/ozponcho.com.au\/p\/tassel-cape-shawl-plaid\/#breadcrumb\"},\"inLanguage\":\"da-DK\",\"potentialAction\":[{\"@type\":\"ReadAction\",\"target\":[\"https:\/\/ozponcho.com.au\/p\/tassel-cape-shawl-plaid\/\"]}]},{\"@type\":\"ImageObject\",\"inLanguage\":\"da-DK\",\"@id\":\"https:\/\/ozponcho.com.au\/p\/tassel-cape-shawl-plaid\/#primaryimage\",\"url\":\"https:\/\/ozponcho.com.au\/wp-content\/uploads\/2023\/12\/O1CN01vuLV2X1QYYF5hvO1v_2505411988-0-cib.jpg\",\"contentUrl\":\"https:\/\/ozponcho.com.au\/wp-content\/uploads\/2023\/12\/O1CN01vuLV2X1QYYF5hvO1v_2505411988-0-cib.jpg\",\"width\":800,\"height\":800,\"caption\":\"Autumn Plaid Tassel Poncho Shawl\"},{\"@type\":\"BreadcrumbList\",\"@id\":\"https:\/\/ozponcho.com.au\/p\/tassel-cape-shawl-plaid\/#breadcrumb\",\"itemListElement\":[{\"@type\":\"ListItem\",\"position\":1,\"name\":\"Home\",\"item\":\"https:\/\/ozponcho.com.au\/\"},{\"@type\":\"ListItem\",\"position\":2,\"name\":\"Shop\",\"item\":\"https:\/\/ozponcho.com.au\/shop\/\"},{\"@type\":\"ListItem\",\"position\":3,\"name\":\"Autumn Plaid Tassel Poncho Shawl\"}]},{\"@type\":\"WebSite\",\"@id\":\"https:\/\/ozponcho.com.au\/#website\",\"url\":\"https:\/\/ozponcho.com.au\/\",\"name\":\"OZ Poncho\",\"description\":\"\",\"potentialAction\":[{\"@type\":\"SearchAction\",\"target\":{\"@type\":\"EntryPoint\",\"urlTemplate\":\"https:\/\/ozponcho.com.au\/?s={search_term_string}\"},\"query-input\":{\"@type\":\"PropertyValueSpecification\",\"valueRequired\":true,\"valueName\":\"search_term_string\"}}],\"inLanguage\":\"da-DK\"}]}<\/script>\n<!-- \/ Yoast SEO plugin. -->","yoast_head_json":{"title":"Efter\u00e5r Plaid Tassel Poncho Sjal | Danmark #1 Poncho Shop","description":"Leder du efter en Autumn Plaid Tassel Poncho Shawl? Du er kommet til det rette sted \ud83d\ude04 Vi tilbyder et bredt udvalg af Autumn Plaid Tassel Poncho Shawl, perfekt til dig.","robots":{"index":"index","follow":"follow","max-snippet":"max-snippet:-1","max-image-preview":"max-image-preview:large","max-video-preview":"max-video-preview:-1"},"canonical":"https:\/\/ozponcho.com.au\/da\/p\/kvast-kappe-sjal-plaid\/","og_locale":"da_DK","og_type":"article","og_title":"Autumn Plaid Tassel Poncho Shawl | Danmark #1 Poncho Shop","og_description":"Looking for a Autumn Plaid Tassel Poncho Shawl ? You've come to the right place \ud83d\ude04 We offers a wide selection of Autumn Plaid Tassel Poncho Shawl, perfect for you.","og_url":"https:\/\/ozponcho.com.au\/da\/p\/kvast-kappe-sjal-plaid\/","og_site_name":"OZ Poncho","article_modified_time":"2025-09-26T01:56:12+00:00","og_image":[{"width":800,"height":800,"url":"https:\/\/ozponcho.com.au\/wp-content\/uploads\/2023\/12\/O1CN01vuLV2X1QYYF5hvO1v_2505411988-0-cib.jpg","type":"image\/jpeg"}],"twitter_card":"summary_large_image","twitter_misc":{"Estimeret l\u00e6setid":"1 minut"},"schema":{"@context":"https:\/\/schema.org","@graph":[{"@type":"WebPage","@id":"https:\/\/ozponcho.com.au\/p\/tassel-cape-shawl-plaid\/","url":"https:\/\/ozponcho.com.au\/p\/tassel-cape-shawl-plaid\/","name":"Efter\u00e5r Plaid Tassel Poncho Sjal | Danmark #1 Poncho Shop","isPartOf":{"@id":"https:\/\/ozponcho.com.au\/#website"},"primaryImageOfPage":{"@id":"https:\/\/ozponcho.com.au\/p\/tassel-cape-shawl-plaid\/#primaryimage"},"image":{"@id":"https:\/\/ozponcho.com.au\/p\/tassel-cape-shawl-plaid\/#primaryimage"},"thumbnailUrl":"https:\/\/ozponcho.com.au\/wp-content\/uploads\/2023\/12\/O1CN01vuLV2X1QYYF5hvO1v_2505411988-0-cib.jpg","datePublished":"2023-12-13T07:36:52+00:00","dateModified":"2025-09-26T01:56:12+00:00","description":"Leder du efter en Autumn Plaid Tassel Poncho Shawl? Du er kommet til det rette sted \ud83d\ude04 Vi tilbyder et bredt udvalg af Autumn Plaid Tassel Poncho Shawl, perfekt til dig.","breadcrumb":{"@id":"https:\/\/ozponcho.com.au\/p\/tassel-cape-shawl-plaid\/#breadcrumb"},"inLanguage":"da-DK","potentialAction":[{"@type":"ReadAction","target":["https:\/\/ozponcho.com.au\/p\/tassel-cape-shawl-plaid\/"]}]},{"@type":"ImageObject","inLanguage":"da-DK","@id":"https:\/\/ozponcho.com.au\/p\/tassel-cape-shawl-plaid\/#primaryimage","url":"https:\/\/ozponcho.com.au\/wp-content\/uploads\/2023\/12\/O1CN01vuLV2X1QYYF5hvO1v_2505411988-0-cib.jpg","contentUrl":"https:\/\/ozponcho.com.au\/wp-content\/uploads\/2023\/12\/O1CN01vuLV2X1QYYF5hvO1v_2505411988-0-cib.jpg","width":800,"height":800,"caption":"Autumn Plaid Tassel Poncho Shawl"},{"@type":"BreadcrumbList","@id":"https:\/\/ozponcho.com.au\/p\/tassel-cape-shawl-plaid\/#breadcrumb","itemListElement":[{"@type":"ListItem","position":1,"name":"Home","item":"https:\/\/ozponcho.com.au\/"},{"@type":"ListItem","position":2,"name":"Shop","item":"https:\/\/ozponcho.com.au\/shop\/"},{"@type":"ListItem","position":3,"name":"Autumn Plaid Tassel Poncho Shawl"}]},{"@type":"WebSite","@id":"https:\/\/ozponcho.com.au\/#website","url":"https:\/\/ozponcho.com.au\/","name":"OZ Poncho","description":"","potentialAction":[{"@type":"SearchAction","target":{"@type":"EntryPoint","urlTemplate":"https:\/\/ozponcho.com.au\/?s={search_term_string}"},"query-input":{"@type":"PropertyValueSpecification","valueRequired":true,"valueName":"search_term_string"}}],"inLanguage":"da-DK"}]}},"_links":{"self":[{"href":"https:\/\/ozponcho.com.au\/da\/wp-json\/wp\/v2\/product\/12791","targetHints":{"allow":["GET"]}}],"collection":[{"href":"https:\/\/ozponcho.com.au\/da\/wp-json\/wp\/v2\/product"}],"about":[{"href":"https:\/\/ozponcho.com.au\/da\/wp-json\/wp\/v2\/types\/product"}],"wp:featuredmedia":[{"embeddable":true,"href":"https:\/\/ozponcho.com.au\/da\/wp-json\/wp\/v2\/media\/12755"}],"wp:attachment":[{"href":"https:\/\/ozponcho.com.au\/da\/wp-json\/wp\/v2\/media?parent=12791"}],"wp:term":[{"taxonomy":"product_brand","embeddable":true,"href":"https:\/\/ozponcho.com.au\/da\/wp-json\/wp\/v2\/product_brand?post=12791"},{"taxonomy":"product_cat","embeddable":true,"href":"https:\/\/ozponcho.com.au\/da\/wp-json\/wp\/v2\/product_cat?post=12791"},{"taxonomy":"product_tag","embeddable":true,"href":"https:\/\/ozponcho.com.au\/da\/wp-json\/wp\/v2\/product_tag?post=12791"}],"curies":[{"name":"wp","href":"https:\/\/api.w.org\/{rel}","templated":true}]}}