{"id":12789,"date":"2023-12-13T18:36:52","date_gmt":"2023-12-13T07:36:52","guid":{"rendered":"https:\/\/ozponcho.com.au\/p\/knitted-tassel-shawl-cape-women-autumn-winter-striped-hooded-women-scarf\/"},"modified":"2024-07-26T12:25:31","modified_gmt":"2024-07-26T01:25:31","slug":"autumn-winter-striped-cape","status":"publish","type":"product","link":"https:\/\/ozponcho.com.au\/da\/p\/efterar-vinter-stribet-cape\/","title":{"rendered":"Sjal med stribet kvast-poncho"},"content":{"rendered":"<p>Omfavn hygge og raffinement med vores Striped Tassel Poncho Shawl! Denne poncho i jerseystof er designet til efter\u00e5rs- og vinterbrug og giver din garderobe et afslappet, men elegant touch. Det er det perfekte tilbeh\u00f8r til at holde dig varm og stilfuld med sine frynsede kanter og h\u00e6tte. Den l\u00f8se pasform sikrer maksimal komfort, mens de korte \u00e6rmer og det lette materiale g\u00f8r den til et alsidigt stykke t\u00f8j til lag p\u00e5 lag. Uanset om du er ude p\u00e5 en aftentur eller til et afslappet m\u00f8de, vil denne poncho helt sikkert forbedre dit outfit og blive en af s\u00e6sonens favoritter.<\/p>\n<div>Stil: Afslappet<\/div>\n<div>Pasform: L\u00f8s<\/div>\n<div>Stof: Jersey<\/div>\n<div>M\u00f8nster: Stribet<\/div>\n<div>Element: Frynser<\/div>\n<div>L\u00e6ngde p\u00e5 top: Lang<\/div>\n<div>\u00c6rmetype: Andre<\/div>\n<div>\u00c6rmel\u00e6ngde: Kort \u00e6rme<\/div>\n<div>Lukningstype: Andre<\/div>\n<div>Vigtigste sammens\u00e6tning: Polyester<\/div>\n<div>S\u00e6son: Efter\u00e5r\/vinter<\/div>\n<p><img decoding=\"async\" src=\"https:\/\/ozponcho.com.au\/wp-content\/uploads\/2024\/03\/1134441006985379840.png\" \/><img decoding=\"async\" src=\"https:\/\/ozponcho.com.au\/wp-content\/uploads\/2024\/03\/O1CN01DvLSXy1QYYF45Bz8Y_2505411988-0-cib.jpg\" \/><img decoding=\"async\" src=\"https:\/\/ozponcho.com.au\/wp-content\/uploads\/2024\/03\/O1CN010FkuOD1QYYF45DnQ4_2505411988-0-cib.jpg\" \/><img decoding=\"async\" src=\"https:\/\/ozponcho.com.au\/wp-content\/uploads\/2024\/03\/O1CN01HlEqZF1QYYF45AVeu_2505411988-0-cib.jpg\" \/><img decoding=\"async\" src=\"https:\/\/ozponcho.com.au\/wp-content\/uploads\/2024\/03\/O1CN01jUp8EH1QYYF0CZUlS_2505411988-0-cib.jpg\" \/><img decoding=\"async\" src=\"https:\/\/ozponcho.com.au\/wp-content\/uploads\/2024\/03\/O1CN01DZuoiE1QYYF2ayD9b_2505411988-0-cib.jpg\" \/><\/p>","protected":false},"excerpt":{"rendered":"<p>Embrace coziness and sophistication with our Striped Tassel Poncho Shawl! Designed for autumn and winter wear, this jersey fabric poncho offers a casual yet elegant touch to your wardrobe. It&#8217;s the perfect accessory to keep you warm and stylish with its fringed edges and hooded design. The loose fit ensures maximum comfort, while the short [&#8230;]","protected":false},"featured_media":12766,"template":"","meta":[],"product_brand":[],"product_cat":[229,223,216,225,15,228,210],"product_tag":[],"class_list":{"0":"post-12789","1":"product","2":"type-product","3":"status-publish","4":"has-post-thumbnail","6":"product_cat-blanket-poncho","7":"product_cat-blue-poncho","8":"product_cat-cashmere-poncho","9":"product_cat-grey-poncho","10":"product_cat-main-category","11":"product_cat-poncho-sweater","12":"product_cat-poncho-women","14":"first","15":"outofstock","16":"shipping-taxable","17":"purchasable","18":"product-type-variable"},"yoast_head":"<!-- This site is optimized with the Yoast SEO plugin v25.9 - https:\/\/yoast.com\/wordpress\/plugins\/seo\/ -->\n<title>Striped Tassel Poncho Shawl | Danmark #1 Poncho Shop<\/title>\n<meta name=\"description\" content=\"Looking for a Striped Tassel Poncho Shawl ? You&#039;ve come to the right place \ud83d\ude04 We offers a wide selection of Striped Tassel Poncho Shawl, perfect for you.\" \/>\n<meta name=\"robots\" content=\"index, follow, max-snippet:-1, max-image-preview:large, max-video-preview:-1\" \/>\n<link rel=\"canonical\" href=\"https:\/\/ozponcho.com.au\/da\/p\/efterar-vinter-stribet-cape\/\" \/>\n<meta property=\"og:locale\" content=\"da_DK\" \/>\n<meta property=\"og:type\" content=\"article\" \/>\n<meta property=\"og:title\" content=\"Striped Tassel Poncho Shawl | Danmark #1 Poncho Shop\" \/>\n<meta property=\"og:description\" content=\"Looking for a Striped Tassel Poncho Shawl ? You&#039;ve come to the right place \ud83d\ude04 We offers a wide selection of Striped Tassel Poncho Shawl, perfect for you.\" \/>\n<meta property=\"og:url\" content=\"https:\/\/ozponcho.com.au\/da\/p\/efterar-vinter-stribet-cape\/\" \/>\n<meta property=\"og:site_name\" content=\"OZ Poncho\" \/>\n<meta property=\"article:modified_time\" content=\"2024-07-26T01:25:31+00:00\" \/>\n<meta property=\"og:image\" content=\"https:\/\/ozponcho.com.au\/wp-content\/uploads\/2023\/12\/O1CN01E3PyOG1QYYEyvlVcD_2505411988-0-cib.jpg\" \/>\n\t<meta property=\"og:image:width\" content=\"800\" \/>\n\t<meta property=\"og:image:height\" content=\"800\" \/>\n\t<meta property=\"og:image:type\" content=\"image\/jpeg\" \/>\n<meta name=\"twitter:card\" content=\"summary_large_image\" \/>\n<meta name=\"twitter:label1\" content=\"Estimeret l\u00e6setid\" \/>\n\t<meta name=\"twitter:data1\" content=\"2 minutter\" \/>\n<script type=\"application\/ld+json\" class=\"yoast-schema-graph\">{\"@context\":\"https:\/\/schema.org\",\"@graph\":[{\"@type\":\"WebPage\",\"@id\":\"https:\/\/ozponcho.com.au\/p\/autumn-winter-striped-cape\/\",\"url\":\"https:\/\/ozponcho.com.au\/p\/autumn-winter-striped-cape\/\",\"name\":\"Striped Tassel Poncho Shawl | Danmark #1 Poncho Shop\",\"isPartOf\":{\"@id\":\"https:\/\/ozponcho.com.au\/#website\"},\"primaryImageOfPage\":{\"@id\":\"https:\/\/ozponcho.com.au\/p\/autumn-winter-striped-cape\/#primaryimage\"},\"image\":{\"@id\":\"https:\/\/ozponcho.com.au\/p\/autumn-winter-striped-cape\/#primaryimage\"},\"thumbnailUrl\":\"https:\/\/ozponcho.com.au\/wp-content\/uploads\/2023\/12\/O1CN01E3PyOG1QYYEyvlVcD_2505411988-0-cib.jpg\",\"datePublished\":\"2023-12-13T07:36:52+00:00\",\"dateModified\":\"2024-07-26T01:25:31+00:00\",\"description\":\"Looking for a Striped Tassel Poncho Shawl ? You've come to the right place \ud83d\ude04 We offers a wide selection of Striped Tassel Poncho Shawl, perfect for you.\",\"breadcrumb\":{\"@id\":\"https:\/\/ozponcho.com.au\/p\/autumn-winter-striped-cape\/#breadcrumb\"},\"inLanguage\":\"da-DK\",\"potentialAction\":[{\"@type\":\"ReadAction\",\"target\":[\"https:\/\/ozponcho.com.au\/p\/autumn-winter-striped-cape\/\"]}]},{\"@type\":\"ImageObject\",\"inLanguage\":\"da-DK\",\"@id\":\"https:\/\/ozponcho.com.au\/p\/autumn-winter-striped-cape\/#primaryimage\",\"url\":\"https:\/\/ozponcho.com.au\/wp-content\/uploads\/2023\/12\/O1CN01E3PyOG1QYYEyvlVcD_2505411988-0-cib.jpg\",\"contentUrl\":\"https:\/\/ozponcho.com.au\/wp-content\/uploads\/2023\/12\/O1CN01E3PyOG1QYYEyvlVcD_2505411988-0-cib.jpg\",\"width\":800,\"height\":800,\"caption\":\"Striped Tassel Poncho Shawl\"},{\"@type\":\"BreadcrumbList\",\"@id\":\"https:\/\/ozponcho.com.au\/p\/autumn-winter-striped-cape\/#breadcrumb\",\"itemListElement\":[{\"@type\":\"ListItem\",\"position\":1,\"name\":\"Home\",\"item\":\"https:\/\/ozponcho.com.au\/\"},{\"@type\":\"ListItem\",\"position\":2,\"name\":\"Shop\",\"item\":\"https:\/\/ozponcho.com.au\/shop\/\"},{\"@type\":\"ListItem\",\"position\":3,\"name\":\"Striped Tassel Poncho Shawl\"}]},{\"@type\":\"WebSite\",\"@id\":\"https:\/\/ozponcho.com.au\/#website\",\"url\":\"https:\/\/ozponcho.com.au\/\",\"name\":\"OZ Poncho\",\"description\":\"\",\"potentialAction\":[{\"@type\":\"SearchAction\",\"target\":{\"@type\":\"EntryPoint\",\"urlTemplate\":\"https:\/\/ozponcho.com.au\/?s={search_term_string}\"},\"query-input\":{\"@type\":\"PropertyValueSpecification\",\"valueRequired\":true,\"valueName\":\"search_term_string\"}}],\"inLanguage\":\"da-DK\"}]}<\/script>\n<!-- \/ Yoast SEO plugin. -->","yoast_head_json":{"title":"Stribet kvastponcho Sjal | Danmark #1 Poncho Shop","description":"Leder du efter en Striped Tassel Poncho Shawl? Du er kommet til det rette sted \ud83d\ude04 Vi tilbyder et bredt udvalg af Striped Tassel Poncho Shawl, perfekt til dig.","robots":{"index":"index","follow":"follow","max-snippet":"max-snippet:-1","max-image-preview":"max-image-preview:large","max-video-preview":"max-video-preview:-1"},"canonical":"https:\/\/ozponcho.com.au\/da\/p\/efterar-vinter-stribet-cape\/","og_locale":"da_DK","og_type":"article","og_title":"Striped Tassel Poncho Shawl | Danmark #1 Poncho Shop","og_description":"Looking for a Striped Tassel Poncho Shawl ? You've come to the right place \ud83d\ude04 We offers a wide selection of Striped Tassel Poncho Shawl, perfect for you.","og_url":"https:\/\/ozponcho.com.au\/da\/p\/efterar-vinter-stribet-cape\/","og_site_name":"OZ Poncho","article_modified_time":"2024-07-26T01:25:31+00:00","og_image":[{"width":800,"height":800,"url":"https:\/\/ozponcho.com.au\/wp-content\/uploads\/2023\/12\/O1CN01E3PyOG1QYYEyvlVcD_2505411988-0-cib.jpg","type":"image\/jpeg"}],"twitter_card":"summary_large_image","twitter_misc":{"Estimeret l\u00e6setid":"2 minutter"},"schema":{"@context":"https:\/\/schema.org","@graph":[{"@type":"WebPage","@id":"https:\/\/ozponcho.com.au\/p\/autumn-winter-striped-cape\/","url":"https:\/\/ozponcho.com.au\/p\/autumn-winter-striped-cape\/","name":"Stribet kvastponcho Sjal | Danmark #1 Poncho Shop","isPartOf":{"@id":"https:\/\/ozponcho.com.au\/#website"},"primaryImageOfPage":{"@id":"https:\/\/ozponcho.com.au\/p\/autumn-winter-striped-cape\/#primaryimage"},"image":{"@id":"https:\/\/ozponcho.com.au\/p\/autumn-winter-striped-cape\/#primaryimage"},"thumbnailUrl":"https:\/\/ozponcho.com.au\/wp-content\/uploads\/2023\/12\/O1CN01E3PyOG1QYYEyvlVcD_2505411988-0-cib.jpg","datePublished":"2023-12-13T07:36:52+00:00","dateModified":"2024-07-26T01:25:31+00:00","description":"Leder du efter en Striped Tassel Poncho Shawl? Du er kommet til det rette sted \ud83d\ude04 Vi tilbyder et bredt udvalg af Striped Tassel Poncho Shawl, perfekt til dig.","breadcrumb":{"@id":"https:\/\/ozponcho.com.au\/p\/autumn-winter-striped-cape\/#breadcrumb"},"inLanguage":"da-DK","potentialAction":[{"@type":"ReadAction","target":["https:\/\/ozponcho.com.au\/p\/autumn-winter-striped-cape\/"]}]},{"@type":"ImageObject","inLanguage":"da-DK","@id":"https:\/\/ozponcho.com.au\/p\/autumn-winter-striped-cape\/#primaryimage","url":"https:\/\/ozponcho.com.au\/wp-content\/uploads\/2023\/12\/O1CN01E3PyOG1QYYEyvlVcD_2505411988-0-cib.jpg","contentUrl":"https:\/\/ozponcho.com.au\/wp-content\/uploads\/2023\/12\/O1CN01E3PyOG1QYYEyvlVcD_2505411988-0-cib.jpg","width":800,"height":800,"caption":"Striped Tassel Poncho Shawl"},{"@type":"BreadcrumbList","@id":"https:\/\/ozponcho.com.au\/p\/autumn-winter-striped-cape\/#breadcrumb","itemListElement":[{"@type":"ListItem","position":1,"name":"Home","item":"https:\/\/ozponcho.com.au\/"},{"@type":"ListItem","position":2,"name":"Shop","item":"https:\/\/ozponcho.com.au\/shop\/"},{"@type":"ListItem","position":3,"name":"Striped Tassel Poncho Shawl"}]},{"@type":"WebSite","@id":"https:\/\/ozponcho.com.au\/#website","url":"https:\/\/ozponcho.com.au\/","name":"OZ Poncho","description":"","potentialAction":[{"@type":"SearchAction","target":{"@type":"EntryPoint","urlTemplate":"https:\/\/ozponcho.com.au\/?s={search_term_string}"},"query-input":{"@type":"PropertyValueSpecification","valueRequired":true,"valueName":"search_term_string"}}],"inLanguage":"da-DK"}]}},"_links":{"self":[{"href":"https:\/\/ozponcho.com.au\/da\/wp-json\/wp\/v2\/product\/12789","targetHints":{"allow":["GET"]}}],"collection":[{"href":"https:\/\/ozponcho.com.au\/da\/wp-json\/wp\/v2\/product"}],"about":[{"href":"https:\/\/ozponcho.com.au\/da\/wp-json\/wp\/v2\/types\/product"}],"wp:featuredmedia":[{"embeddable":true,"href":"https:\/\/ozponcho.com.au\/da\/wp-json\/wp\/v2\/media\/12766"}],"wp:attachment":[{"href":"https:\/\/ozponcho.com.au\/da\/wp-json\/wp\/v2\/media?parent=12789"}],"wp:term":[{"taxonomy":"product_brand","embeddable":true,"href":"https:\/\/ozponcho.com.au\/da\/wp-json\/wp\/v2\/product_brand?post=12789"},{"taxonomy":"product_cat","embeddable":true,"href":"https:\/\/ozponcho.com.au\/da\/wp-json\/wp\/v2\/product_cat?post=12789"},{"taxonomy":"product_tag","embeddable":true,"href":"https:\/\/ozponcho.com.au\/da\/wp-json\/wp\/v2\/product_tag?post=12789"}],"curies":[{"name":"wp","href":"https:\/\/api.w.org\/{rel}","templated":true}]}}