{"id":12710,"date":"2023-12-13T18:36:26","date_gmt":"2023-12-13T07:36:26","guid":{"rendered":"https:\/\/ozponcho.com.au\/p\/colorful-striped-tassel-women-shawl-autumn-winter-knitted-cape-coat-women\/"},"modified":"2025-09-26T12:56:04","modified_gmt":"2025-09-26T01:56:04","slug":"colorful-knit-fringe-cape","status":"publish","type":"product","link":"https:\/\/ozponcho.com.au\/da\/p\/farverig-strikkappe-med-frynser\/","title":{"rendered":"Sjal med stribet kvast-poncho"},"content":{"rendered":"<p>Omfavn de k\u00f8ligere \u00e5rstider med stil og varme i vores farverige, stribede Poncho-sjal med kvaster! Dette moderigtige stykke t\u00f8j er perfekt til efter\u00e5r og vinter og giver b\u00e5de komfort og chic appeal. Dets jerseystof med dristige striber, kvastfrynser og afslappede dolman\u00e6rmer skaber et afslappet, men sofistikeret look. Den alsidige abrikosfarvede poncho kan ogs\u00e5 bruges som et hyggeligt sjal, hvilket g\u00f8r den til en ideel tilf\u00f8jelse til din garderobe. Vis denne lang\u00e6rmede, strikkede kappefrakke frem, og hold dig stilfuldt varm p\u00e5 k\u00f8lige dage.<\/p>\n<div>Stil: Afslappet<\/div>\n<div>Pasform: Almindelig<\/div>\n<div>Stof: Jersey<\/div>\n<div>M\u00f8nster: Stribet<\/div>\n<div>Element: Frynser<\/div>\n<div>L\u00e6ngde p\u00e5 top: Lang<\/div>\n<div>\u00c6rmetype: Dolman-\u00e6rme<\/div>\n<div>\u00c6rmel\u00e6ngde: Lang\u00e6rmet<\/div>\n<div>Lukningstype: Andre<\/div>\n<div>Vigtigste sammens\u00e6tning: Polyester<\/div>\n<div>S\u00e6son: Efter\u00e5r\/vinter<\/div>\n<p><img decoding=\"async\" src=\"https:\/\/ozponcho.com.au\/wp-content\/uploads\/2024\/03\/1131169340465348608.png\" \/><img decoding=\"async\" src=\"https:\/\/ozponcho.com.au\/wp-content\/uploads\/2024\/03\/O1CN0156rdM91QYYEtU40DE_2505411988-0-cib.jpg\" \/><img decoding=\"async\" src=\"https:\/\/ozponcho.com.au\/wp-content\/uploads\/2024\/03\/O1CN01wGCPE11QYYEqV51Az_2505411988-0-cib.jpg\" \/><img decoding=\"async\" src=\"https:\/\/ozponcho.com.au\/wp-content\/uploads\/2024\/03\/O1CN01OuhJ891QYYEv1tsD5_2505411988-0-cib.jpg\" \/><img decoding=\"async\" src=\"https:\/\/ozponcho.com.au\/wp-content\/uploads\/2024\/03\/O1CN01lOKQwD1QYYEmOQKwl_2505411988-0-cib.jpg\" \/><img decoding=\"async\" src=\"https:\/\/ozponcho.com.au\/wp-content\/uploads\/2024\/03\/O1CN011T2n6O1QYYEnaq5GG_2505411988-0-cib.jpg\" \/><img decoding=\"async\" src=\"https:\/\/ozponcho.com.au\/wp-content\/uploads\/2024\/03\/O1CN01M7gkJJ1QYYErYo55F_2505411988-0-cib.jpg\" \/><\/p>","protected":false},"excerpt":{"rendered":"<p>Embrace the cooler seasons with style and warmth in our Colorful Striped Tassel Poncho Shawl! This fashion-forward piece is perfect for autumn and winter, offering both comfort and chic appeal. Its jersey fabric with bold stripes, tassel fringe, and relaxed dolman sleeves create a casual yet sophisticated look. The versatile apricot-toned poncho doubles as a [&#8230;]","protected":false},"featured_media":12676,"template":"","meta":[],"product_brand":[],"product_cat":[15,222,228,214,210],"product_tag":[],"class_list":{"0":"post-12710","1":"product","2":"type-product","3":"status-publish","4":"has-post-thumbnail","6":"product_cat-main-category","7":"product_cat-pink-poncho","8":"product_cat-poncho-sweater","9":"product_cat-knitted-crochet-poncho","10":"product_cat-poncho-women","12":"first","13":"outofstock","14":"shipping-taxable","15":"purchasable","16":"product-type-variable"},"yoast_head":"<!-- This site is optimized with the Yoast SEO plugin v25.9 - https:\/\/yoast.com\/wordpress\/plugins\/seo\/ -->\n<title>Striped Tassel Poncho Shawl | Danmark #1 Poncho Shop<\/title>\n<meta name=\"description\" content=\"Looking for a Striped Tassel Poncho Shawl ? You&#039;ve come to the right place \ud83d\ude04 We offers a wide selection of Striped Tassel Poncho Shawl, perfect for you.\" \/>\n<meta name=\"robots\" content=\"index, follow, max-snippet:-1, max-image-preview:large, max-video-preview:-1\" \/>\n<link rel=\"canonical\" href=\"https:\/\/ozponcho.com.au\/da\/p\/farverig-strikkappe-med-frynser\/\" \/>\n<meta property=\"og:locale\" content=\"da_DK\" \/>\n<meta property=\"og:type\" content=\"article\" \/>\n<meta property=\"og:title\" content=\"Striped Tassel Poncho Shawl | Danmark #1 Poncho Shop\" \/>\n<meta property=\"og:description\" content=\"Looking for a Striped Tassel Poncho Shawl ? You&#039;ve come to the right place \ud83d\ude04 We offers a wide selection of Striped Tassel Poncho Shawl, perfect for you.\" \/>\n<meta property=\"og:url\" content=\"https:\/\/ozponcho.com.au\/da\/p\/farverig-strikkappe-med-frynser\/\" \/>\n<meta property=\"og:site_name\" content=\"OZ Poncho\" \/>\n<meta property=\"article:modified_time\" content=\"2025-09-26T01:56:04+00:00\" \/>\n<meta property=\"og:image\" content=\"https:\/\/ozponcho.com.au\/wp-content\/uploads\/2023\/12\/O1CN01GqaIwv1QYYEqHt78m_2505411988-0-cib.jpg\" \/>\n\t<meta property=\"og:image:width\" content=\"800\" \/>\n\t<meta property=\"og:image:height\" content=\"800\" \/>\n\t<meta property=\"og:image:type\" content=\"image\/jpeg\" \/>\n<meta name=\"twitter:card\" content=\"summary_large_image\" \/>\n<meta name=\"twitter:label1\" content=\"Estimeret l\u00e6setid\" \/>\n\t<meta name=\"twitter:data1\" content=\"3 minutter\" \/>\n<script type=\"application\/ld+json\" class=\"yoast-schema-graph\">{\"@context\":\"https:\/\/schema.org\",\"@graph\":[{\"@type\":\"WebPage\",\"@id\":\"https:\/\/ozponcho.com.au\/p\/colorful-knit-fringe-cape\/\",\"url\":\"https:\/\/ozponcho.com.au\/p\/colorful-knit-fringe-cape\/\",\"name\":\"Striped Tassel Poncho Shawl | Danmark #1 Poncho Shop\",\"isPartOf\":{\"@id\":\"https:\/\/ozponcho.com.au\/#website\"},\"primaryImageOfPage\":{\"@id\":\"https:\/\/ozponcho.com.au\/p\/colorful-knit-fringe-cape\/#primaryimage\"},\"image\":{\"@id\":\"https:\/\/ozponcho.com.au\/p\/colorful-knit-fringe-cape\/#primaryimage\"},\"thumbnailUrl\":\"https:\/\/ozponcho.com.au\/wp-content\/uploads\/2023\/12\/O1CN01GqaIwv1QYYEqHt78m_2505411988-0-cib.jpg\",\"datePublished\":\"2023-12-13T07:36:26+00:00\",\"dateModified\":\"2025-09-26T01:56:04+00:00\",\"description\":\"Looking for a Striped Tassel Poncho Shawl ? You've come to the right place \ud83d\ude04 We offers a wide selection of Striped Tassel Poncho Shawl, perfect for you.\",\"breadcrumb\":{\"@id\":\"https:\/\/ozponcho.com.au\/p\/colorful-knit-fringe-cape\/#breadcrumb\"},\"inLanguage\":\"da-DK\",\"potentialAction\":[{\"@type\":\"ReadAction\",\"target\":[\"https:\/\/ozponcho.com.au\/p\/colorful-knit-fringe-cape\/\"]}]},{\"@type\":\"ImageObject\",\"inLanguage\":\"da-DK\",\"@id\":\"https:\/\/ozponcho.com.au\/p\/colorful-knit-fringe-cape\/#primaryimage\",\"url\":\"https:\/\/ozponcho.com.au\/wp-content\/uploads\/2023\/12\/O1CN01GqaIwv1QYYEqHt78m_2505411988-0-cib.jpg\",\"contentUrl\":\"https:\/\/ozponcho.com.au\/wp-content\/uploads\/2023\/12\/O1CN01GqaIwv1QYYEqHt78m_2505411988-0-cib.jpg\",\"width\":800,\"height\":800,\"caption\":\"Striped Tassel Poncho Shawl\"},{\"@type\":\"BreadcrumbList\",\"@id\":\"https:\/\/ozponcho.com.au\/p\/colorful-knit-fringe-cape\/#breadcrumb\",\"itemListElement\":[{\"@type\":\"ListItem\",\"position\":1,\"name\":\"Home\",\"item\":\"https:\/\/ozponcho.com.au\/\"},{\"@type\":\"ListItem\",\"position\":2,\"name\":\"Shop\",\"item\":\"https:\/\/ozponcho.com.au\/shop\/\"},{\"@type\":\"ListItem\",\"position\":3,\"name\":\"Striped Tassel Poncho Shawl\"}]},{\"@type\":\"WebSite\",\"@id\":\"https:\/\/ozponcho.com.au\/#website\",\"url\":\"https:\/\/ozponcho.com.au\/\",\"name\":\"OZ Poncho\",\"description\":\"\",\"potentialAction\":[{\"@type\":\"SearchAction\",\"target\":{\"@type\":\"EntryPoint\",\"urlTemplate\":\"https:\/\/ozponcho.com.au\/?s={search_term_string}\"},\"query-input\":{\"@type\":\"PropertyValueSpecification\",\"valueRequired\":true,\"valueName\":\"search_term_string\"}}],\"inLanguage\":\"da-DK\"}]}<\/script>\n<!-- \/ Yoast SEO plugin. -->","yoast_head_json":{"title":"Stribet kvastponcho Sjal | Danmark #1 Poncho Shop","description":"Leder du efter en Striped Tassel Poncho Shawl? Du er kommet til det rette sted \ud83d\ude04 Vi tilbyder et bredt udvalg af Striped Tassel Poncho Shawl, perfekt til dig.","robots":{"index":"index","follow":"follow","max-snippet":"max-snippet:-1","max-image-preview":"max-image-preview:large","max-video-preview":"max-video-preview:-1"},"canonical":"https:\/\/ozponcho.com.au\/da\/p\/farverig-strikkappe-med-frynser\/","og_locale":"da_DK","og_type":"article","og_title":"Striped Tassel Poncho Shawl | Danmark #1 Poncho Shop","og_description":"Looking for a Striped Tassel Poncho Shawl ? You've come to the right place \ud83d\ude04 We offers a wide selection of Striped Tassel Poncho Shawl, perfect for you.","og_url":"https:\/\/ozponcho.com.au\/da\/p\/farverig-strikkappe-med-frynser\/","og_site_name":"OZ Poncho","article_modified_time":"2025-09-26T01:56:04+00:00","og_image":[{"width":800,"height":800,"url":"https:\/\/ozponcho.com.au\/wp-content\/uploads\/2023\/12\/O1CN01GqaIwv1QYYEqHt78m_2505411988-0-cib.jpg","type":"image\/jpeg"}],"twitter_card":"summary_large_image","twitter_misc":{"Estimeret l\u00e6setid":"3 minutter"},"schema":{"@context":"https:\/\/schema.org","@graph":[{"@type":"WebPage","@id":"https:\/\/ozponcho.com.au\/p\/colorful-knit-fringe-cape\/","url":"https:\/\/ozponcho.com.au\/p\/colorful-knit-fringe-cape\/","name":"Stribet kvastponcho Sjal | Danmark #1 Poncho Shop","isPartOf":{"@id":"https:\/\/ozponcho.com.au\/#website"},"primaryImageOfPage":{"@id":"https:\/\/ozponcho.com.au\/p\/colorful-knit-fringe-cape\/#primaryimage"},"image":{"@id":"https:\/\/ozponcho.com.au\/p\/colorful-knit-fringe-cape\/#primaryimage"},"thumbnailUrl":"https:\/\/ozponcho.com.au\/wp-content\/uploads\/2023\/12\/O1CN01GqaIwv1QYYEqHt78m_2505411988-0-cib.jpg","datePublished":"2023-12-13T07:36:26+00:00","dateModified":"2025-09-26T01:56:04+00:00","description":"Leder du efter en Striped Tassel Poncho Shawl? Du er kommet til det rette sted \ud83d\ude04 Vi tilbyder et bredt udvalg af Striped Tassel Poncho Shawl, perfekt til dig.","breadcrumb":{"@id":"https:\/\/ozponcho.com.au\/p\/colorful-knit-fringe-cape\/#breadcrumb"},"inLanguage":"da-DK","potentialAction":[{"@type":"ReadAction","target":["https:\/\/ozponcho.com.au\/p\/colorful-knit-fringe-cape\/"]}]},{"@type":"ImageObject","inLanguage":"da-DK","@id":"https:\/\/ozponcho.com.au\/p\/colorful-knit-fringe-cape\/#primaryimage","url":"https:\/\/ozponcho.com.au\/wp-content\/uploads\/2023\/12\/O1CN01GqaIwv1QYYEqHt78m_2505411988-0-cib.jpg","contentUrl":"https:\/\/ozponcho.com.au\/wp-content\/uploads\/2023\/12\/O1CN01GqaIwv1QYYEqHt78m_2505411988-0-cib.jpg","width":800,"height":800,"caption":"Striped Tassel Poncho Shawl"},{"@type":"BreadcrumbList","@id":"https:\/\/ozponcho.com.au\/p\/colorful-knit-fringe-cape\/#breadcrumb","itemListElement":[{"@type":"ListItem","position":1,"name":"Home","item":"https:\/\/ozponcho.com.au\/"},{"@type":"ListItem","position":2,"name":"Shop","item":"https:\/\/ozponcho.com.au\/shop\/"},{"@type":"ListItem","position":3,"name":"Striped Tassel Poncho Shawl"}]},{"@type":"WebSite","@id":"https:\/\/ozponcho.com.au\/#website","url":"https:\/\/ozponcho.com.au\/","name":"OZ Poncho","description":"","potentialAction":[{"@type":"SearchAction","target":{"@type":"EntryPoint","urlTemplate":"https:\/\/ozponcho.com.au\/?s={search_term_string}"},"query-input":{"@type":"PropertyValueSpecification","valueRequired":true,"valueName":"search_term_string"}}],"inLanguage":"da-DK"}]}},"_links":{"self":[{"href":"https:\/\/ozponcho.com.au\/da\/wp-json\/wp\/v2\/product\/12710","targetHints":{"allow":["GET"]}}],"collection":[{"href":"https:\/\/ozponcho.com.au\/da\/wp-json\/wp\/v2\/product"}],"about":[{"href":"https:\/\/ozponcho.com.au\/da\/wp-json\/wp\/v2\/types\/product"}],"wp:featuredmedia":[{"embeddable":true,"href":"https:\/\/ozponcho.com.au\/da\/wp-json\/wp\/v2\/media\/12676"}],"wp:attachment":[{"href":"https:\/\/ozponcho.com.au\/da\/wp-json\/wp\/v2\/media?parent=12710"}],"wp:term":[{"taxonomy":"product_brand","embeddable":true,"href":"https:\/\/ozponcho.com.au\/da\/wp-json\/wp\/v2\/product_brand?post=12710"},{"taxonomy":"product_cat","embeddable":true,"href":"https:\/\/ozponcho.com.au\/da\/wp-json\/wp\/v2\/product_cat?post=12710"},{"taxonomy":"product_tag","embeddable":true,"href":"https:\/\/ozponcho.com.au\/da\/wp-json\/wp\/v2\/product_tag?post=12710"}],"curies":[{"name":"wp","href":"https:\/\/api.w.org\/{rel}","templated":true}]}}