{"id":12407,"date":"2023-12-13T18:35:19","date_gmt":"2023-12-13T07:35:19","guid":{"rendered":"https:\/\/ozponcho.com.au\/p\/tassel-cape-shawl-women-autumn-winter-outerwear-striped-knitted-cape\/"},"modified":"2025-05-09T14:22:57","modified_gmt":"2025-05-09T03:22:57","slug":"casual-tassel-striped-cape","status":"publish","type":"product","link":"https:\/\/ozponcho.com.au\/da\/p\/afslappet-kvaststribet-kappe\/","title":{"rendered":"Stribet frynseponcho til kvinder"},"content":{"rendered":"<p>Indhyl dig i den hyggelige omfavnelse af vores Striped Fringe Women's Poncho, det perfekte efter\u00e5rs- og vintertilbeh\u00f8r. Denne smarte, afslappede kappe har en stilfuld rund hals og legesyge kvastfrynser, som giver et moderigtigt ydre lag, der kombinerer varme og elegance. Det bl\u00f8de pastelfarvede og levende stribede m\u00f8nster, der er fremstillet af jerseystof, giver et behageligt, men alligevel sl\u00e5ende statement. Uanset om du er p\u00e5 en frisk dag ude eller nyder en aften foran pejsen, sikrer denne alsidige poncho, at du er pakket ind i stil.<\/p>\n<div>Stil: Afslappet<\/div>\n<div>Pasform: L\u00f8s<\/div>\n<div>Stof: Jersey<\/div>\n<div>M\u00f8nster: Stribet<\/div>\n<div>Element: Frynser<\/div>\n<div>Top l\u00e6ngde: Kort<\/div>\n<div>Halsudsk\u00e6ring: Rund halsudsk\u00e6ring<\/div>\n<div>\u00c6rmetype: Andre<\/div>\n<div>\u00c6rmel\u00e6ngde: 1\/2 \u00e6rme<\/div>\n<div>Vigtigste sammens\u00e6tning: Polyester<\/div>\n<div>S\u00e6son: Efter\u00e5r\/vinter<\/div>\n<p><img decoding=\"async\" src=\"https:\/\/ozponcho.com.au\/wp-content\/uploads\/2024\/03\/1134444877946290176.png\" \/><img decoding=\"async\" src=\"https:\/\/ozponcho.com.au\/wp-content\/uploads\/2024\/03\/O1CN01aUcTht1QYYF2Be6j1_2505411988-0-cib.jpg\" \/><img decoding=\"async\" src=\"https:\/\/ozponcho.com.au\/wp-content\/uploads\/2024\/03\/O1CN01fiLH261QYYF6qyRhE_2505411988-0-cib.jpg\" \/><img decoding=\"async\" src=\"https:\/\/ozponcho.com.au\/wp-content\/uploads\/2024\/03\/O1CN01IvEN9u1QYYF2DZg5q_2505411988-0-cib.jpg\" \/><img decoding=\"async\" src=\"https:\/\/ozponcho.com.au\/wp-content\/uploads\/2024\/03\/O1CN015ssOGj1QYYF964Gwd_2505411988-0-cib.jpg\" \/><img decoding=\"async\" src=\"https:\/\/ozponcho.com.au\/wp-content\/uploads\/2024\/03\/O1CN01dgF7ks1QYYF8JZr0W_2505411988-0-cib.jpg\" \/><\/p>","protected":false},"excerpt":{"rendered":"<p>Envelop yourself in the cozy embrace of our Striped Fringe Women&#8217;s Poncho, the perfect autumn-winter accessory. This chic, casual cape features a stylish crew neck and playful tassel fringe, offering a fashionable outer layer that combines warmth and elegance. Its soft pastel and vibrant striped pattern, crafted from jersey fabric, makes for a comfortable, yet [&#8230;]","protected":false},"featured_media":12363,"template":"","meta":[],"product_brand":[],"product_cat":[223,225,15,228,214,210],"product_tag":[],"class_list":{"0":"post-12407","1":"product","2":"type-product","3":"status-publish","4":"has-post-thumbnail","6":"product_cat-blue-poncho","7":"product_cat-grey-poncho","8":"product_cat-main-category","9":"product_cat-poncho-sweater","10":"product_cat-knitted-crochet-poncho","11":"product_cat-poncho-women","13":"first","14":"instock","15":"shipping-taxable","16":"purchasable","17":"product-type-variable"},"yoast_head":"<!-- This site is optimized with the Yoast SEO plugin v25.9 - https:\/\/yoast.com\/wordpress\/plugins\/seo\/ -->\n<title>Striped Fringe Women&#039;s Poncho | Danmark #1 Poncho Shop<\/title>\n<meta name=\"description\" content=\"Looking for a Striped Fringe Women&#039;s Poncho ? You&#039;ve come to the right place \ud83d\ude04 We offers a wide selection of Striped Fringe Women&#039;s Poncho, perfect for you.\" \/>\n<meta name=\"robots\" content=\"index, follow, max-snippet:-1, max-image-preview:large, max-video-preview:-1\" \/>\n<link rel=\"canonical\" href=\"https:\/\/ozponcho.com.au\/da\/p\/afslappet-kvaststribet-kappe\/\" \/>\n<meta property=\"og:locale\" content=\"da_DK\" \/>\n<meta property=\"og:type\" content=\"article\" \/>\n<meta property=\"og:title\" content=\"Striped Fringe Women&#039;s Poncho | Danmark #1 Poncho Shop\" \/>\n<meta property=\"og:description\" content=\"Looking for a Striped Fringe Women&#039;s Poncho ? You&#039;ve come to the right place \ud83d\ude04 We offers a wide selection of Striped Fringe Women&#039;s Poncho, perfect for you.\" \/>\n<meta property=\"og:url\" content=\"https:\/\/ozponcho.com.au\/da\/p\/afslappet-kvaststribet-kappe\/\" \/>\n<meta property=\"og:site_name\" content=\"OZ Poncho\" \/>\n<meta property=\"article:modified_time\" content=\"2025-05-09T03:22:57+00:00\" \/>\n<meta property=\"og:image\" content=\"https:\/\/ozponcho.com.au\/wp-content\/uploads\/2023\/12\/O1CN01kk4V3e1QYYF7ID56v_2505411988-0-cib.jpg\" \/>\n\t<meta property=\"og:image:width\" content=\"800\" \/>\n\t<meta property=\"og:image:height\" content=\"800\" \/>\n\t<meta property=\"og:image:type\" content=\"image\/jpeg\" \/>\n<meta name=\"twitter:card\" content=\"summary_large_image\" \/>\n<meta name=\"twitter:label1\" content=\"Estimeret l\u00e6setid\" \/>\n\t<meta name=\"twitter:data1\" content=\"1 minut\" \/>\n<script type=\"application\/ld+json\" class=\"yoast-schema-graph\">{\"@context\":\"https:\/\/schema.org\",\"@graph\":[{\"@type\":\"WebPage\",\"@id\":\"https:\/\/ozponcho.com.au\/p\/casual-tassel-striped-cape\/\",\"url\":\"https:\/\/ozponcho.com.au\/p\/casual-tassel-striped-cape\/\",\"name\":\"Striped Fringe Women's Poncho | Danmark #1 Poncho Shop\",\"isPartOf\":{\"@id\":\"https:\/\/ozponcho.com.au\/#website\"},\"primaryImageOfPage\":{\"@id\":\"https:\/\/ozponcho.com.au\/p\/casual-tassel-striped-cape\/#primaryimage\"},\"image\":{\"@id\":\"https:\/\/ozponcho.com.au\/p\/casual-tassel-striped-cape\/#primaryimage\"},\"thumbnailUrl\":\"https:\/\/ozponcho.com.au\/wp-content\/uploads\/2023\/12\/O1CN01kk4V3e1QYYF7ID56v_2505411988-0-cib.jpg\",\"datePublished\":\"2023-12-13T07:35:19+00:00\",\"dateModified\":\"2025-05-09T03:22:57+00:00\",\"description\":\"Looking for a Striped Fringe Women's Poncho ? You've come to the right place \ud83d\ude04 We offers a wide selection of Striped Fringe Women's Poncho, perfect for you.\",\"breadcrumb\":{\"@id\":\"https:\/\/ozponcho.com.au\/p\/casual-tassel-striped-cape\/#breadcrumb\"},\"inLanguage\":\"da-DK\",\"potentialAction\":[{\"@type\":\"ReadAction\",\"target\":[\"https:\/\/ozponcho.com.au\/p\/casual-tassel-striped-cape\/\"]}]},{\"@type\":\"ImageObject\",\"inLanguage\":\"da-DK\",\"@id\":\"https:\/\/ozponcho.com.au\/p\/casual-tassel-striped-cape\/#primaryimage\",\"url\":\"https:\/\/ozponcho.com.au\/wp-content\/uploads\/2023\/12\/O1CN01kk4V3e1QYYF7ID56v_2505411988-0-cib.jpg\",\"contentUrl\":\"https:\/\/ozponcho.com.au\/wp-content\/uploads\/2023\/12\/O1CN01kk4V3e1QYYF7ID56v_2505411988-0-cib.jpg\",\"width\":800,\"height\":800,\"caption\":\"Striped Fringe Women's Poncho\"},{\"@type\":\"BreadcrumbList\",\"@id\":\"https:\/\/ozponcho.com.au\/p\/casual-tassel-striped-cape\/#breadcrumb\",\"itemListElement\":[{\"@type\":\"ListItem\",\"position\":1,\"name\":\"Home\",\"item\":\"https:\/\/ozponcho.com.au\/\"},{\"@type\":\"ListItem\",\"position\":2,\"name\":\"Shop\",\"item\":\"https:\/\/ozponcho.com.au\/shop\/\"},{\"@type\":\"ListItem\",\"position\":3,\"name\":\"Striped Fringe Women&#8217;s Poncho\"}]},{\"@type\":\"WebSite\",\"@id\":\"https:\/\/ozponcho.com.au\/#website\",\"url\":\"https:\/\/ozponcho.com.au\/\",\"name\":\"OZ Poncho\",\"description\":\"\",\"potentialAction\":[{\"@type\":\"SearchAction\",\"target\":{\"@type\":\"EntryPoint\",\"urlTemplate\":\"https:\/\/ozponcho.com.au\/?s={search_term_string}\"},\"query-input\":{\"@type\":\"PropertyValueSpecification\",\"valueRequired\":true,\"valueName\":\"search_term_string\"}}],\"inLanguage\":\"da-DK\"}]}<\/script>\n<!-- \/ Yoast SEO plugin. -->","yoast_head_json":{"title":"Stribet frynse Poncho til kvinder | Danmark #1 Poncho Shop","description":"Leder du efter en Striped Fringe Poncho til kvinder? Du er kommet til det rette sted \ud83d\ude04 Vi tilbyder et bredt udvalg af Striped Fringe Poncho til kvinder, perfekt til dig.","robots":{"index":"index","follow":"follow","max-snippet":"max-snippet:-1","max-image-preview":"max-image-preview:large","max-video-preview":"max-video-preview:-1"},"canonical":"https:\/\/ozponcho.com.au\/da\/p\/afslappet-kvaststribet-kappe\/","og_locale":"da_DK","og_type":"article","og_title":"Striped Fringe Women's Poncho | Danmark #1 Poncho Shop","og_description":"Looking for a Striped Fringe Women's Poncho ? You've come to the right place \ud83d\ude04 We offers a wide selection of Striped Fringe Women's Poncho, perfect for you.","og_url":"https:\/\/ozponcho.com.au\/da\/p\/afslappet-kvaststribet-kappe\/","og_site_name":"OZ Poncho","article_modified_time":"2025-05-09T03:22:57+00:00","og_image":[{"width":800,"height":800,"url":"https:\/\/ozponcho.com.au\/wp-content\/uploads\/2023\/12\/O1CN01kk4V3e1QYYF7ID56v_2505411988-0-cib.jpg","type":"image\/jpeg"}],"twitter_card":"summary_large_image","twitter_misc":{"Estimeret l\u00e6setid":"1 minut"},"schema":{"@context":"https:\/\/schema.org","@graph":[{"@type":"WebPage","@id":"https:\/\/ozponcho.com.au\/p\/casual-tassel-striped-cape\/","url":"https:\/\/ozponcho.com.au\/p\/casual-tassel-striped-cape\/","name":"Stribet frynse Poncho til kvinder | Danmark #1 Poncho Shop","isPartOf":{"@id":"https:\/\/ozponcho.com.au\/#website"},"primaryImageOfPage":{"@id":"https:\/\/ozponcho.com.au\/p\/casual-tassel-striped-cape\/#primaryimage"},"image":{"@id":"https:\/\/ozponcho.com.au\/p\/casual-tassel-striped-cape\/#primaryimage"},"thumbnailUrl":"https:\/\/ozponcho.com.au\/wp-content\/uploads\/2023\/12\/O1CN01kk4V3e1QYYF7ID56v_2505411988-0-cib.jpg","datePublished":"2023-12-13T07:35:19+00:00","dateModified":"2025-05-09T03:22:57+00:00","description":"Leder du efter en Striped Fringe Poncho til kvinder? Du er kommet til det rette sted \ud83d\ude04 Vi tilbyder et bredt udvalg af Striped Fringe Poncho til kvinder, perfekt til dig.","breadcrumb":{"@id":"https:\/\/ozponcho.com.au\/p\/casual-tassel-striped-cape\/#breadcrumb"},"inLanguage":"da-DK","potentialAction":[{"@type":"ReadAction","target":["https:\/\/ozponcho.com.au\/p\/casual-tassel-striped-cape\/"]}]},{"@type":"ImageObject","inLanguage":"da-DK","@id":"https:\/\/ozponcho.com.au\/p\/casual-tassel-striped-cape\/#primaryimage","url":"https:\/\/ozponcho.com.au\/wp-content\/uploads\/2023\/12\/O1CN01kk4V3e1QYYF7ID56v_2505411988-0-cib.jpg","contentUrl":"https:\/\/ozponcho.com.au\/wp-content\/uploads\/2023\/12\/O1CN01kk4V3e1QYYF7ID56v_2505411988-0-cib.jpg","width":800,"height":800,"caption":"Striped Fringe Women's Poncho"},{"@type":"BreadcrumbList","@id":"https:\/\/ozponcho.com.au\/p\/casual-tassel-striped-cape\/#breadcrumb","itemListElement":[{"@type":"ListItem","position":1,"name":"Home","item":"https:\/\/ozponcho.com.au\/"},{"@type":"ListItem","position":2,"name":"Shop","item":"https:\/\/ozponcho.com.au\/shop\/"},{"@type":"ListItem","position":3,"name":"Striped Fringe Women&#8217;s Poncho"}]},{"@type":"WebSite","@id":"https:\/\/ozponcho.com.au\/#website","url":"https:\/\/ozponcho.com.au\/","name":"OZ Poncho","description":"","potentialAction":[{"@type":"SearchAction","target":{"@type":"EntryPoint","urlTemplate":"https:\/\/ozponcho.com.au\/?s={search_term_string}"},"query-input":{"@type":"PropertyValueSpecification","valueRequired":true,"valueName":"search_term_string"}}],"inLanguage":"da-DK"}]}},"_links":{"self":[{"href":"https:\/\/ozponcho.com.au\/da\/wp-json\/wp\/v2\/product\/12407","targetHints":{"allow":["GET"]}}],"collection":[{"href":"https:\/\/ozponcho.com.au\/da\/wp-json\/wp\/v2\/product"}],"about":[{"href":"https:\/\/ozponcho.com.au\/da\/wp-json\/wp\/v2\/types\/product"}],"wp:featuredmedia":[{"embeddable":true,"href":"https:\/\/ozponcho.com.au\/da\/wp-json\/wp\/v2\/media\/12363"}],"wp:attachment":[{"href":"https:\/\/ozponcho.com.au\/da\/wp-json\/wp\/v2\/media?parent=12407"}],"wp:term":[{"taxonomy":"product_brand","embeddable":true,"href":"https:\/\/ozponcho.com.au\/da\/wp-json\/wp\/v2\/product_brand?post=12407"},{"taxonomy":"product_cat","embeddable":true,"href":"https:\/\/ozponcho.com.au\/da\/wp-json\/wp\/v2\/product_cat?post=12407"},{"taxonomy":"product_tag","embeddable":true,"href":"https:\/\/ozponcho.com.au\/da\/wp-json\/wp\/v2\/product_tag?post=12407"}],"curies":[{"name":"wp","href":"https:\/\/api.w.org\/{rel}","templated":true}]}}